{"id":956,"date":"2023-11-24T14:04:47","date_gmt":"2023-11-24T13:04:47","guid":{"rendered":"https:\/\/mmtest1.top\/?post_type=product&#038;p=956"},"modified":"2023-11-24T14:09:00","modified_gmt":"2023-11-24T13:09:00","slug":"muz-organicky-kremovy-deodorant","status":"publish","type":"product","link":"https:\/\/mmtest1.top\/?product=muz-organicky-kremovy-deodorant","title":{"rendered":"MU\u017d &#8211; ORGANICK\u00dd KR\u00c9MOV\u00dd DEODORANT"},"content":{"rendered":"<p>Potenie je d\u00f4le\u017eit\u00fdm, prirodzen\u00fdm a zdrav\u00fdm procesom \u013eudsk\u00e9ho tela. V\u010faka nemu sa z tela odplavuj\u00fa \u0161kodliv\u00e9 l\u00e1tky, \u010d\u00edm tie\u017e posil\u0148uje obranyschopnos\u0165 cel\u00e9ho organizmu. Potenie v\u0161ak m\u00f4\u017ee by\u0165 i obzvl\u00e1\u0161\u0165 nepr\u00edjemn\u00e9 a to nie len v\u010faka mokr\u00fdm f\u013eakom, ktor\u00e9 n\u00e1m vykres\u013euje na tri\u010dku, ale najm\u00e4 kv\u00f4li z\u00e1pachu, ktor\u00fd vznik\u00e1 reakciou n\u00e1\u0161ho potu s bakt\u00e9riami prirodzene sa vyskytuj\u00facimi na povrchu na\u0161ej poko\u017eky. Mno\u017estvo be\u017ene dostupn\u00fdch v\u00fdrobkov ur\u010den\u00fdch pre boj proti t\u00fdmto javom sprev\u00e1dzaj\u00facim potenie obsahuje l\u00e1tky ako s\u00fa hlin\u00edkov\u00e9 soli, alkohol, syntetick\u00e9 parf\u00e9my a mnoh\u00e9 \u010fal\u0161ie, ktor\u00e9 pre na\u0161e telo nie s\u00fa prirodzen\u00e9 a m\u00f4\u017eu by\u0165 pr\u00ed\u010dinou podr\u00e1\u017edenia, svrbenia \u010di z\u00e1palov citlivej poko\u017eky v podpazu\u0161\u00ed. Preto sme vyvinuli\u00a0<strong>veg\u00e1nsky organick\u00fd deodorant pre mu\u017eov bez hlin\u00edka, alkoholu a parf\u00e9mov, ktor\u00e9ho \u00fa\u010dinn\u00e1 recept\u00fara je zalo\u017een\u00e1 na \u010disto pr\u00edrodn\u00fdch ingredienci\u00e1ch.<\/strong><\/p>\n<p><strong>HLAVN\u00c9 ZLO\u017dKY<\/strong><br \/>\n&gt;\u00a0<strong>bentonitov\u00fd \u00edl<\/strong>\u00a0&#8211; vynik\u00e1 v\u00fdrazne absorb\u010dnou a h\u013abkovo \u010distiacou vlastnos\u0165ou, jemne detoxikuje a podie\u013ea sa na udr\u017eiavan\u00ed zdravej poko\u017eky<br \/>\n&gt;\u00a0<strong>oxid zino\u010dnat\u00fd (bez nano\u010dast\u00edc)<\/strong>\u00a0&#8211; m\u00e1 schopnos\u0165 absorbova\u0165 prebyto\u010dn\u00fa vlhkos\u0165 a pohlcova\u0165 pachy, v\u010faka \u010domu p\u00f4sob\u00ed mierne antiperspira\u010dne a pom\u00e1ha zabra\u0148ova\u0165 tvorbe nepr\u00edjemn\u00e9ho z\u00e1pachu<br \/>\n&gt;\u00a0<strong>\u010dajovn\u00edkov\u00fd olej<\/strong>\u00a0&#8211; vyzna\u010duje sa nezvy\u010dajne siln\u00fdmi antibakteri\u00e1lnymi, antimikrobi\u00e1lnymi a antifungic\u00eddnymi vlastnos\u0165ami a podporuje prirodzen\u00fa imunitu poko\u017eky<\/p>\n<p><strong>OBSAH<\/strong><br \/>\n50ml<\/p>\n<p><strong>N\u00c1\u0160 TIP<\/strong><br \/>\nNajlep\u0161\u00ed pr\u00edrodn\u00fd deodorant je tak\u00fd, ktor\u00fd neobsahuje \u0161kodliv\u00e9 syntetick\u00e9 l\u00e1tky, neovplyv\u0148uje prirodzen\u00e9 procesy n\u00e1\u0161ho tela a zabezpe\u010d\u00ed dlhotrvaj\u00facu v\u00f4\u0148u a pocit svie\u017eosti po cel\u00fd de\u0148. Aby v\u0161ak skuto\u010dne fungoval, potrebuje sa s va\u0161ou poko\u017ekou z\u017ei\u0165. Pri prechode z pou\u017e\u00edvania chemick\u00fdch alternat\u00edv na pr\u00edrodn\u00fd deodorant je pribli\u017en\u00e1 adapta\u010dn\u00e1 doba \u013eudsk\u00e9ho organizmu cca 1-2 t\u00fd\u017edne.<br \/>\nPr\u00edrodn\u00fd deodorant nekombinujte s chemick\u00fdmi alternat\u00edvami, nako\u013eko tieto by mohli jeho \u00fa\u010dinnos\u0165 nepriaznivo ovplyv\u0148ova\u0165. Aplikujte ho v minim\u00e1lnom mno\u017estve, jemn\u00e1 vrstva sa tak r\u00fdchlo vstrebe a nezanech\u00e1 f\u013eaky na oble\u010den\u00ed.<br \/>\nV pr\u00edpade potreby aplikujte v\u00fdrobok opakovane po\u010das d\u0148a, pou\u017eite i na nohy, dlane, chrb\u00e1t \u010di in\u00e9 \u010dasti tela, na ktor\u00fdch v\u00e1s tr\u00e1pi potenie.<br \/>\n100% pr\u00edrodn\u00fd deodorant je ide\u00e1lnou vo\u013ebou pre citliv\u00fa poko\u017eku, pre deti od 6 rokov \u010di v tehotenstve.<\/p>\n<p><strong>ODPOR\u00da\u010cAME KOMBINOVA\u0164<\/strong><br \/>\nV\u00fdrobok m\u00f4\u017eete doplni\u0165 v\u00fdrobkami toto\u017enej vonnej ed\u00edcie\u00a0<a href=\"https:\/\/www.soaphoria.sk\/sk\/52-zena-muz-soapgasm-limited\">Mu\u017e<\/a>\u00a0\u010di\u00a0<a href=\"https:\/\/www.soaphoria.sk\/sk\/244-charizma\">Charizma<\/a>.<\/p>\n<p><strong>ZISTITE VIAC<\/strong><br \/>\nDeodorant alebo antiperspirant?\u00a0<a href=\"https:\/\/www.soaphoria.sk\/sk\/blog\/deodorant-ci-antiperspirant-b338.html\">Zistite, ak\u00fd je medzi nimi rozdiel.<\/a><\/p>\n","protected":false},"excerpt":{"rendered":"<p>Organick\u00fd p\u00e1nsky deodorant\u00a0<strong>bez hlin\u00edkov\u00fdch sol\u00ed<\/strong>\u00a0eliminuje nepr\u00edjemn\u00fd z\u00e1pach potu, pri\u010dom\u00a0<strong>nebr\u00e1ni prirodzen\u00fdm funkci\u00e1m poko\u017eky a neupch\u00e1va p\u00f3ry<\/strong>. Nezabra\u0148uje poteniu, av\u0161ak\u00a0<strong>m\u00e1 mierne antiperspira\u010dn\u00e9 \u00fa\u010dinky<\/strong>\u00a0v\u010faka pridan\u00e9mu oxidu zino\u010dnat\u00e9mu (bez nano\u010dast\u00edc) a bentonitov\u00e9mu \u00edlu. Zlo\u017eenie\u00a0<strong>s obsahom jemn\u00fdch organick\u00fdch olejov<\/strong>\u00a0ako s\u00fa kokosov\u00fd a mand\u013eov\u00fd a\u00a0<strong>bambuck\u00e9ho a kakaov\u00e9ho masla predch\u00e1dza vysu\u0161ovaniu, zjem\u0148uje a chr\u00e1ni poko\u017eku pred podr\u00e1\u017eden\u00edm<\/strong>.<\/p>\n","protected":false},"featured_media":959,"comment_status":"open","ping_status":"closed","template":"","meta":{"site-sidebar-layout":"default","site-content-layout":"","ast-site-content-layout":"default","site-content-style":"default","site-sidebar-style":"default","ast-global-header-display":"","ast-banner-title-visibility":"","ast-main-header-display":"","ast-hfb-above-header-display":"","ast-hfb-below-header-display":"","ast-hfb-mobile-header-display":"","site-post-title":"","ast-breadcrumbs-content":"","ast-featured-img":"","footer-sml-layout":"","theme-transparent-header-meta":"default","adv-header-id-meta":"","stick-header-meta":"","header-above-stick-meta":"","header-main-stick-meta":"","header-below-stick-meta":"","astra-migrate-meta-layouts":"set","ast-page-background-enabled":"default","ast-page-background-meta":{"desktop":{"background-color":"var(--ast-global-color-4)","background-image":"","background-repeat":"repeat","background-position":"center center","background-size":"auto","background-attachment":"scroll","background-type":"","background-media":"","overlay-type":"","overlay-color":"","overlay-opacity":"","overlay-gradient":""},"tablet":{"background-color":"","background-image":"","background-repeat":"repeat","background-position":"center center","background-size":"auto","background-attachment":"scroll","background-type":"","background-media":"","overlay-type":"","overlay-color":"","overlay-opacity":"","overlay-gradient":""},"mobile":{"background-color":"","background-image":"","background-repeat":"repeat","background-position":"center center","background-size":"auto","background-attachment":"scroll","background-type":"","background-media":"","overlay-type":"","overlay-color":"","overlay-opacity":"","overlay-gradient":""}},"ast-content-background-meta":{"desktop":{"background-color":"var(--ast-global-color-5)","background-image":"","background-repeat":"repeat","background-position":"center center","background-size":"auto","background-attachment":"scroll","background-type":"","background-media":"","overlay-type":"","overlay-color":"","overlay-opacity":"","overlay-gradient":""},"tablet":{"background-color":"var(--ast-global-color-5)","background-image":"","background-repeat":"repeat","background-position":"center center","background-size":"auto","background-attachment":"scroll","background-type":"","background-media":"","overlay-type":"","overlay-color":"","overlay-opacity":"","overlay-gradient":""},"mobile":{"background-color":"var(--ast-global-color-5)","background-image":"","background-repeat":"repeat","background-position":"center center","background-size":"auto","background-attachment":"scroll","background-type":"","background-media":"","overlay-type":"","overlay-color":"","overlay-opacity":"","overlay-gradient":""}}},"product_cat":[42],"product_tag":[],"class_list":{"0":"post-956","1":"product","2":"type-product","3":"status-publish","4":"has-post-thumbnail","6":"product_cat-dezodoranty-a-antiperspiranty","7":"desktop-align-center","8":"tablet-align-center","9":"mobile-align-center","11":"first","12":"instock","13":"taxable","14":"shipping-taxable","15":"purchasable","16":"product-type-simple"},"_links":{"self":[{"href":"https:\/\/mmtest1.top\/index.php?rest_route=\/wp\/v2\/product\/956","targetHints":{"allow":["GET"]}}],"collection":[{"href":"https:\/\/mmtest1.top\/index.php?rest_route=\/wp\/v2\/product"}],"about":[{"href":"https:\/\/mmtest1.top\/index.php?rest_route=\/wp\/v2\/types\/product"}],"replies":[{"embeddable":true,"href":"https:\/\/mmtest1.top\/index.php?rest_route=%2Fwp%2Fv2%2Fcomments&post=956"}],"wp:featuredmedia":[{"embeddable":true,"href":"https:\/\/mmtest1.top\/index.php?rest_route=\/wp\/v2\/media\/959"}],"wp:attachment":[{"href":"https:\/\/mmtest1.top\/index.php?rest_route=%2Fwp%2Fv2%2Fmedia&parent=956"}],"wp:term":[{"taxonomy":"product_cat","embeddable":true,"href":"https:\/\/mmtest1.top\/index.php?rest_route=%2Fwp%2Fv2%2Fproduct_cat&post=956"},{"taxonomy":"product_tag","embeddable":true,"href":"https:\/\/mmtest1.top\/index.php?rest_route=%2Fwp%2Fv2%2Fproduct_tag&post=956"}],"curies":[{"name":"wp","href":"https:\/\/api.w.org\/{rel}","templated":true}]}}