{"id":953,"date":"2023-11-24T13:57:40","date_gmt":"2023-11-24T12:57:40","guid":{"rendered":"https:\/\/mmtest1.top\/?post_type=product&#038;p=953"},"modified":"2023-11-24T13:57:41","modified_gmt":"2023-11-24T12:57:41","slug":"nezny-nechtik-univerzalny-balzam","status":"publish","type":"product","link":"https:\/\/mmtest1.top\/?product=nezny-nechtik-univerzalny-balzam","title":{"rendered":"NE\u017dN\u00dd NECHT\u00cdK &#8211; UNIVERZ\u00c1LNY BALZAM"},"content":{"rendered":"<p>Aj poko\u017eka bez v\u00e4\u010d\u0161\u00edch problematick\u00fdch prejavov m\u00f4\u017ee ob\u010das prekvapi\u0165 a potr\u00e1pi\u0165. Ka\u017edodenne je toti\u017e vystavovan\u00e1 nesmiernemu mno\u017estvu faktorov, ktor\u00e9 ovplyv\u0148uj\u00fa jej kond\u00edciu. \u010ci u\u017e sa jedn\u00e1 o dlh\u0161\u00ed pobyt na slnie\u010dku, nevhodn\u00fd materi\u00e1l ob\u013e\u00fabenej ko\u0161ele, probl\u00e9my so such\u00fdmi a popraskan\u00fdmi p\u00e4tami, pr\u00edli\u0161 upracovan\u00e9 a vysu\u0161en\u00e9 ruky alebo nadmerne such\u00e1 poko\u017eka tv\u00e1re,\u00a0<strong>univerz\u00e1lny balzam je pripraven\u00fd postara\u0165 sa o v\u00e1s doslova od hlavy a\u017e po p\u00e4ty \ud83d\ude42<\/strong>\u00a0<strong>V\u00fd\u017eivn\u00fd telov\u00fd kr\u00e9m ocen\u00ed cel\u00e1 rodina, pom\u00f4\u017ee pri zaparenin\u00e1ch, odrenin\u00e1ch, ekz\u00e9moch \u010di dermatit\u00eddach a ka\u017ed\u00e9mu typu poko\u017eky navr\u00e1ti straten\u00fd jas a vitalitu.<\/strong><\/p>\n<p><strong>HLAVN\u00c9 ZLO\u017dKY<\/strong><br \/>\n&gt;\u00a0<strong>necht\u00edk lek\u00e1rsky &#8211;\u00a0<\/strong>zn\u00e1my najm\u00e4 pre svoje blahodarn\u00e9 regenera\u010dn\u00e9 \u00fa\u010dinky a schopnos\u0165 podpori\u0165 hojenie, upokojova\u0165 a zjem\u0148ova\u0165 aj ve\u013emi such\u00fa, popraskan\u00fa \u010di poranen\u00fa poko\u017eku<br \/>\n&gt;\u00a0<strong>mand\u013eov\u00fd olej<\/strong>\u00a0&#8211; zvl\u00e1\u010d\u0148uje, zjem\u0148uje a upokojuje podr\u00e1\u017eden\u00fa poko\u017eku, ktorej dod\u00e1va v\u00fd\u017eivu a vitalitu a podporuje jej elasticitu<br \/>\n&gt;\u00a0<strong>v\u010del\u00ed vosk<\/strong>\u00a0&#8211; predstavuje hotov\u00fd poklad v starostlivosti o poko\u017eku, pom\u00e1ha jej regener\u00e1cii a poskytuje jej h\u013abkov\u00fa v\u00fd\u017eivu<\/p>\n<p><strong>OBSAH<\/strong><br \/>\n125ml<\/p>\n<p><strong>N\u00c1\u0160 TIP<\/strong><br \/>\nUniverz\u00e1lny balzam je ide\u00e1lnym pomocn\u00edkom pre o\u0161etrenie cel\u00e9ho tela a tv\u00e1re.<br \/>\nV\u00fdborne sa postar\u00e1 o such\u00fa, podr\u00e1\u017eden\u00fa, po\u0161koden\u00fa poko\u017eku, ocen\u00ed ho i poko\u017eka postihnut\u00e1 ekz\u00e9mom \u010di dermatit\u00eddou.<br \/>\nPo nanesen\u00e9 na poko\u017eku sa men\u00ed na jemn\u00fd olej\u010dek &#8211; ako stvoren\u00fd pre uvo\u013e\u0148uj\u00facu mas\u00e1\u017e.<br \/>\nPorad\u00ed si aj s extr\u00e9mne vysu\u0161enou a\u017e drsnou a popraskanou poko\u017ekou.<\/p>\n<p><strong>ODPOR\u00da\u010cAME KOMBINOVA\u0164<\/strong><br \/>\nUniverz\u00e1lny balzam je ide\u00e1lne kombinova\u0165 s organick\u00fdmi hydrol\u00e1tmi. V\u010faka svojmu olejov\u00e9mu zlo\u017eeniu sa balzam do poko\u017eky vopred o\u0161etrenej hydrol\u00e1tom lep\u0161ie a r\u00fdchlej\u0161ie vstrebe a poskytne tak e\u0161te v\u00fdraznej\u0161\u00ed v\u00fd\u017eivn\u00fd a regenera\u010dn\u00fd \u00fa\u010dinok.<\/p>\n<p><strong>SPOZNAJ TAJOMSTVO UNIVERZ\u00c1LNEHO BALZAMU<br \/>\n<\/strong>Jednoducho naskenuj QR k\u00f3d, ktor\u00fd n\u00e1jde\u0161 priamo na obale v\u00fdrobku a zisti, ak\u00e9 je jeho tajomstvo a \u010d\u00edm je tento v\u00fdrobok unik\u00e1tny.<\/p>\n<p><strong>PR\u00cdRODN\u00c9 TELOV\u00c9 KR\u00c9MY A BALZAMY SOAPHORIA<\/strong><br \/>\nTo\u013eko r\u00f4znych n\u00e1zvov a konzistenci\u00ed a predsa maj\u00fa nie\u010do spolo\u010dn\u00e9 \ud83d\ude09 \u010co ich sp\u00e1ja, \u010d\u00edm s\u00fa v\u00fdnimo\u010dn\u00e9 a ako si vybra\u0165 ten spr\u00e1vny pod\u013ea svojich predst\u00e1v? Dozviete sa v\u00a0<a href=\"https:\/\/www.soaphoria.sk\/sk\/blog\/prirodne-telove-kremy-a-balzamy-soaphoria-b371.html\">preh\u013eadnom sprievodcovi \ud83d\ude42<\/a><\/p>\n<p><strong>PREDSTAVUJEME SOAPHORISTICK\u00da LAH\u00d4DKU<\/strong><br \/>\nSpoznaj soaphoristick\u00fa lah\u00f4dku v podobe univerz\u00e1lneho balzamu v\u010faka\u00a0<a href=\"https:\/\/www.youtube.com\/watch?v=BSHO1a18lek&amp;feature=youtu.be\">kratu\u010dk\u00e9mu video predstaveniu<\/a>\u00a0\ud83d\ude09<\/p>\n","protected":false},"excerpt":{"rendered":"<p><strong>V\u00fd\u017eivn\u00fd pr\u00edrodn\u00fd balzam<\/strong>\u00a0na cel\u00e9 telo pre ide\u00e1lnu<strong>\u00a0starostlivos\u0165 o ka\u017ed\u00fd typ poko\u017eky<\/strong>. V\u0161estrann\u00fd pomocn\u00edk v podobe univerz\u00e1lneho balzamu predstavuje\u00a0<strong>pr\u00edrodn\u00fd kr\u00e9m pre o\u0161etrenie poko\u017eky tela, ako i pleti, pier, such\u00fdch oblast\u00ed ako s\u00fa p\u00e4ty \u010di lakte<\/strong>.<\/p>\n","protected":false},"featured_media":954,"comment_status":"open","ping_status":"closed","template":"","meta":{"site-sidebar-layout":"default","site-content-layout":"","ast-site-content-layout":"default","site-content-style":"default","site-sidebar-style":"default","ast-global-header-display":"","ast-banner-title-visibility":"","ast-main-header-display":"","ast-hfb-above-header-display":"","ast-hfb-below-header-display":"","ast-hfb-mobile-header-display":"","site-post-title":"","ast-breadcrumbs-content":"","ast-featured-img":"","footer-sml-layout":"","theme-transparent-header-meta":"default","adv-header-id-meta":"","stick-header-meta":"","header-above-stick-meta":"","header-main-stick-meta":"","header-below-stick-meta":"","astra-migrate-meta-layouts":"set","ast-page-background-enabled":"default","ast-page-background-meta":{"desktop":{"background-color":"var(--ast-global-color-4)","background-image":"","background-repeat":"repeat","background-position":"center center","background-size":"auto","background-attachment":"scroll","background-type":"","background-media":"","overlay-type":"","overlay-color":"","overlay-opacity":"","overlay-gradient":""},"tablet":{"background-color":"","background-image":"","background-repeat":"repeat","background-position":"center center","background-size":"auto","background-attachment":"scroll","background-type":"","background-media":"","overlay-type":"","overlay-color":"","overlay-opacity":"","overlay-gradient":""},"mobile":{"background-color":"","background-image":"","background-repeat":"repeat","background-position":"center center","background-size":"auto","background-attachment":"scroll","background-type":"","background-media":"","overlay-type":"","overlay-color":"","overlay-opacity":"","overlay-gradient":""}},"ast-content-background-meta":{"desktop":{"background-color":"var(--ast-global-color-5)","background-image":"","background-repeat":"repeat","background-position":"center center","background-size":"auto","background-attachment":"scroll","background-type":"","background-media":"","overlay-type":"","overlay-color":"","overlay-opacity":"","overlay-gradient":""},"tablet":{"background-color":"var(--ast-global-color-5)","background-image":"","background-repeat":"repeat","background-position":"center center","background-size":"auto","background-attachment":"scroll","background-type":"","background-media":"","overlay-type":"","overlay-color":"","overlay-opacity":"","overlay-gradient":""},"mobile":{"background-color":"var(--ast-global-color-5)","background-image":"","background-repeat":"repeat","background-position":"center center","background-size":"auto","background-attachment":"scroll","background-type":"","background-media":"","overlay-type":"","overlay-color":"","overlay-opacity":"","overlay-gradient":""}}},"product_cat":[39],"product_tag":[],"class_list":{"0":"post-953","1":"product","2":"type-product","3":"status-publish","4":"has-post-thumbnail","6":"product_cat-telove-kremy-a-mlieka","7":"desktop-align-center","8":"tablet-align-center","9":"mobile-align-center","11":"first","12":"instock","13":"taxable","14":"shipping-taxable","15":"purchasable","16":"product-type-simple"},"_links":{"self":[{"href":"https:\/\/mmtest1.top\/index.php?rest_route=\/wp\/v2\/product\/953","targetHints":{"allow":["GET"]}}],"collection":[{"href":"https:\/\/mmtest1.top\/index.php?rest_route=\/wp\/v2\/product"}],"about":[{"href":"https:\/\/mmtest1.top\/index.php?rest_route=\/wp\/v2\/types\/product"}],"replies":[{"embeddable":true,"href":"https:\/\/mmtest1.top\/index.php?rest_route=%2Fwp%2Fv2%2Fcomments&post=953"}],"wp:featuredmedia":[{"embeddable":true,"href":"https:\/\/mmtest1.top\/index.php?rest_route=\/wp\/v2\/media\/954"}],"wp:attachment":[{"href":"https:\/\/mmtest1.top\/index.php?rest_route=%2Fwp%2Fv2%2Fmedia&parent=953"}],"wp:term":[{"taxonomy":"product_cat","embeddable":true,"href":"https:\/\/mmtest1.top\/index.php?rest_route=%2Fwp%2Fv2%2Fproduct_cat&post=953"},{"taxonomy":"product_tag","embeddable":true,"href":"https:\/\/mmtest1.top\/index.php?rest_route=%2Fwp%2Fv2%2Fproduct_tag&post=953"}],"curies":[{"name":"wp","href":"https:\/\/api.w.org\/{rel}","templated":true}]}}