{"id":766,"date":"2023-11-01T20:15:48","date_gmt":"2023-11-01T19:15:48","guid":{"rendered":"https:\/\/mmtest1.top\/?post_type=product&#038;p=766"},"modified":"2023-11-24T13:43:55","modified_gmt":"2023-11-24T12:43:55","slug":"upokojujuci-zvlacnujuci-krem-pre-panov-po-holeni","status":"publish","type":"product","link":"https:\/\/mmtest1.top\/?product=upokojujuci-zvlacnujuci-krem-pre-panov-po-holeni","title":{"rendered":"UPOKOJUJ\u00daCI &#038; ZVL\u00c1\u010c\u0147UJ\u00daCI KR\u00c9M PRE P\u00c1NOV PO HOLEN\u00cd"},"content":{"rendered":"<p><strong>Upokojuj\u00faci &amp; zvl\u00e1\u010d\u0148uj\u00faci ple\u0165ov\u00fd kr\u00e9m pre p\u00e1nov Majestic je t\u00e1 najlep\u0161ia vo\u013eba pre dodanie vlahy a v\u00fd\u017eivy pre:<br \/>\n<\/strong>&gt; krehk\u00fa a such\u00fa ple\u0165 n\u00e1chyln\u00fa k podr\u00e1\u017edeniu a za\u010dervenaniu,<br \/>\n&gt; norm\u00e1lnu, such\u00fa a dehydratovan\u00fa s tvorbou \u0161up\u00edn,<br \/>\n&gt; zrel\u00fa ple\u0165 pozna\u010den\u00fa zn\u00e1mkami starnutia s jemn\u00fdmi l\u00edniami,<br \/>\n&gt; nam\u00e1han\u00fa a po\u0161koden\u00fa ple\u0165 so stratou elasticity,<br \/>\n&gt; zhrubnut\u00fa a drsn\u00fa ple\u0165 pozna\u010den\u00fa poveternostn\u00fdmi vplyvmi.<\/p>\n<p>Obsahuje cenn\u00e9 l\u00e1tky ako:<br \/>\n&gt; hydrol\u00e1t z borievky oby\u010dajnej, ktor\u00fd stimuluje mikrocirkul\u00e1ciu, odb\u00farava tox\u00edny, h\u013abkovo \u010dist\u00ed, rejuvenizuje a obnovuje \u0161trukt\u00faru pleti;<br \/>\n&gt; silica z kadidlovn\u00edka prav\u00e9ho sa vyzna\u010duje upokojuj\u00facou a adstringentnou vlastnos\u0165ou a v\u00fdborne upravuje t\u00f3nus pleti;<br \/>\n&gt; frakcionovan\u00fd kokosov\u00fd a hroznov\u00fd olej h\u013abkovo via\u017eu vlhkos\u0165 do buniek poko\u017eky bez zanechania nepr\u00edjemn\u00e9ho pocitu mastnoty;<br \/>\n&gt; kyselina hyalur\u00f3nov\u00e1 prirodzene zvlh\u010duje a vyv\u00edja anti-aging a regenera\u010dn\u00fd \u00fa\u010dinok;<br \/>\n&gt; vitam\u00edn E ochra\u0148uje a umoc\u0148uje obranyschopnos\u0165 pleti.<strong><br \/>\n<\/strong><\/p>\n<p><strong>VLASTNOSTI<\/strong><br \/>\n&gt; bezlepkov\u00fd, veg\u00e1nsky, bezlakt\u00f3zov\u00fd<br \/>\nBez GMO, sulf\u00e1tov, glykolov, silik\u00f3nov, ropn\u00fdch deriv\u00e1tov, \u017eivo\u010d\u00ed\u0161nych tukov, parab\u00e9nov a konzerva\u010dn\u00fdch l\u00e1tok, syntetick\u00fdch farb\u00edv a parfum\u00e1cie.<\/p>\n<p><strong>OBSAH<\/strong><br \/>\n50ml<\/p>\n<p><strong>ODPOR\u00da\u010cAME KOMBINOVA\u0164<\/strong><br \/>\nPle\u0165ov\u00fd kr\u00e9m Majestic sa v\u00fdborne kombinuje s ostatn\u00fdmi v\u00fdrobkami navrhnut\u00fdmi na o\u0161etrenie pleti pod\u013ea jej typol\u00f3gie. Uprednostnite minim\u00e1lne trojkrokov\u00fd syst\u00e9m o\u0161etrenia pozost\u00e1vaj\u00faceho z \u010distenia, toniz\u00e1cie a hydrat\u00e1cie\/v\u00fd\u017eivy. Zvo\u013ete vhodn\u00fd \u010distiaci v\u00fdrobok, n\u00e1sledne hydrol\u00e1tom do\u010distite ple\u0165 a o\u0161etrite kr\u00e9mom. Kr\u00e9m sa vhodne kombinuje so s\u00e9rami Majestic, ktor\u00e9 predstavuj\u00fa posledn\u00fd krok skr\u00e1\u0161\u013euj\u00facej rutiny. Ako doplnkov\u00fa starostlivos\u0165 si doprajte ple\u0165ov\u00fd peeling a masku.<\/p>\n","protected":false},"excerpt":{"rendered":"<p>&gt; DENN\u00dd A NO\u010cN\u00dd KR\u00c9M NA PLE\u0164<br \/>\n&gt; UPOKOJENIE, V\u00dd\u017dIVA, REGENER\u00c1CIA<br \/>\n&gt; V\u0160ETKY TYPY PLETI<\/p>\n<p>50ml<\/p>\n","protected":false},"featured_media":768,"comment_status":"open","ping_status":"closed","template":"","meta":{"site-sidebar-layout":"default","site-content-layout":"","ast-site-content-layout":"default","site-content-style":"default","site-sidebar-style":"default","ast-global-header-display":"","ast-banner-title-visibility":"","ast-main-header-display":"","ast-hfb-above-header-display":"","ast-hfb-below-header-display":"","ast-hfb-mobile-header-display":"","site-post-title":"","ast-breadcrumbs-content":"","ast-featured-img":"","footer-sml-layout":"","theme-transparent-header-meta":"default","adv-header-id-meta":"","stick-header-meta":"","header-above-stick-meta":"","header-main-stick-meta":"","header-below-stick-meta":"","astra-migrate-meta-layouts":"set","ast-page-background-enabled":"default","ast-page-background-meta":{"desktop":{"background-color":"var(--ast-global-color-4)","background-image":"","background-repeat":"repeat","background-position":"center center","background-size":"auto","background-attachment":"scroll","background-type":"","background-media":"","overlay-type":"","overlay-color":"","overlay-opacity":"","overlay-gradient":""},"tablet":{"background-color":"","background-image":"","background-repeat":"repeat","background-position":"center center","background-size":"auto","background-attachment":"scroll","background-type":"","background-media":"","overlay-type":"","overlay-color":"","overlay-opacity":"","overlay-gradient":""},"mobile":{"background-color":"","background-image":"","background-repeat":"repeat","background-position":"center center","background-size":"auto","background-attachment":"scroll","background-type":"","background-media":"","overlay-type":"","overlay-color":"","overlay-opacity":"","overlay-gradient":""}},"ast-content-background-meta":{"desktop":{"background-color":"var(--ast-global-color-5)","background-image":"","background-repeat":"repeat","background-position":"center center","background-size":"auto","background-attachment":"scroll","background-type":"","background-media":"","overlay-type":"","overlay-color":"","overlay-opacity":"","overlay-gradient":""},"tablet":{"background-color":"var(--ast-global-color-5)","background-image":"","background-repeat":"repeat","background-position":"center center","background-size":"auto","background-attachment":"scroll","background-type":"","background-media":"","overlay-type":"","overlay-color":"","overlay-opacity":"","overlay-gradient":""},"mobile":{"background-color":"var(--ast-global-color-5)","background-image":"","background-repeat":"repeat","background-position":"center center","background-size":"auto","background-attachment":"scroll","background-type":"","background-media":"","overlay-type":"","overlay-color":"","overlay-opacity":"","overlay-gradient":""}}},"product_cat":[32],"product_tag":[],"class_list":{"0":"post-766","1":"product","2":"type-product","3":"status-publish","4":"has-post-thumbnail","6":"product_cat-pletove-kremy","7":"desktop-align-center","8":"tablet-align-center","9":"mobile-align-center","11":"first","12":"instock","13":"taxable","14":"shipping-taxable","15":"purchasable","16":"product-type-simple"},"_links":{"self":[{"href":"https:\/\/mmtest1.top\/index.php?rest_route=\/wp\/v2\/product\/766","targetHints":{"allow":["GET"]}}],"collection":[{"href":"https:\/\/mmtest1.top\/index.php?rest_route=\/wp\/v2\/product"}],"about":[{"href":"https:\/\/mmtest1.top\/index.php?rest_route=\/wp\/v2\/types\/product"}],"replies":[{"embeddable":true,"href":"https:\/\/mmtest1.top\/index.php?rest_route=%2Fwp%2Fv2%2Fcomments&post=766"}],"wp:featuredmedia":[{"embeddable":true,"href":"https:\/\/mmtest1.top\/index.php?rest_route=\/wp\/v2\/media\/768"}],"wp:attachment":[{"href":"https:\/\/mmtest1.top\/index.php?rest_route=%2Fwp%2Fv2%2Fmedia&parent=766"}],"wp:term":[{"taxonomy":"product_cat","embeddable":true,"href":"https:\/\/mmtest1.top\/index.php?rest_route=%2Fwp%2Fv2%2Fproduct_cat&post=766"},{"taxonomy":"product_tag","embeddable":true,"href":"https:\/\/mmtest1.top\/index.php?rest_route=%2Fwp%2Fv2%2Fproduct_tag&post=766"}],"curies":[{"name":"wp","href":"https:\/\/api.w.org\/{rel}","templated":true}]}}