{"id":757,"date":"2023-11-01T19:57:59","date_gmt":"2023-11-01T18:57:59","guid":{"rendered":"https:\/\/mmtest1.top\/?post_type=product&#038;p=757"},"modified":"2023-11-01T19:57:59","modified_gmt":"2023-11-01T18:57:59","slug":"zlcove-mydlo-na-pranie-odstranovac-skvrn-krabicka-140-g","status":"publish","type":"product","link":"https:\/\/mmtest1.top\/?product=zlcove-mydlo-na-pranie-odstranovac-skvrn-krabicka-140-g","title":{"rendered":"\u017dl\u010dov\u00e9 mydlo na pranie, odstra\u0148ova\u010d \u0161kv\u0155n (krabi\u010dka 140 g)"},"content":{"rendered":"<div class=\"content-block\">\n<h3>\u010co je to a ako to funguje<\/h3>\n<article class=\"description\" aria-label=\"article\">Pracie mydlo s\u00a0pr\u00eddavkom hov\u00e4dzej \u017el\u010de, ktor\u00e1 obsahuje r\u00f4zne druhy enz\u00fdmov rozkladaj\u00facich tuky a\u00a0bielkoviny.<\/p>\n<\/article>\n<\/div>\n<div class=\"content-block\">\n<h3>Na \u010do sa pou\u017e\u00edva<\/h3>\n<article class=\"description\" aria-label=\"article\">\n<ul>\n<li>Ve\u013emi \u00fa\u010dinn\u00e9 v\u00a0odstra\u0148ovan\u00ed \u0161kv\u0155n a\u00a0ne\u010dist\u00f4t (mastnota, krv, atrament, mazivo, tr\u00e1va, \u010derven\u00e9 v\u00edno, ovocn\u00e9 a\u00a0zeleninov\u00e9 \u0161\u0165avy, hlina, pot na\u00a0golieroch a\u00a0man\u017eet\u00e1ch ko\u0161ie\u013e a\u00a0pod.).<\/li>\n<li>Skvel\u00e9 na\u00a0odstr\u00e1nenie \u0161kv\u0155n z\u00a0prate\u013en\u00fdch l\u00e1tkov\u00fdch plienok a\u00a0<span data-href=\"https:\/\/eshop.tierraverde.cz\/gaia-pads-slipove-vlozky-4-ks\">l\u00e1tkov\u00fdch men\u0161trua\u010dn\u00fdch vlo\u017eiek<\/span>.<\/li>\n<li>Je vhodn\u00e9 na\u00a0pou\u017eitie na\u00a0biele a\u00a0st\u00e1lofarebn\u00e9 text\u00edlie z\u00a0pr\u00edrodn\u00fdch vl\u00e1kien i\u00a0zmesov\u00fdch tkan\u00edn.<\/li>\n<li>Na nam\u00e1\u010danie a\u00a0pranie celkovo silne zne\u010distenej a\u00a0mastnej bielizne odpor\u00fa\u010dame\u00a0<span data-href=\"https:\/\/eshop.tierraverde.sk\/vlocky-ze-zlucoveho-mydla\">Mydlov\u00e9 vlo\u010dky zo \u017el\u010dov\u00e9ho mydla<\/span>.<\/li>\n<li>Pon\u00fakame aj \u010disto rastlinn\u00fa alternat\u00edvu tohto prostriedku \u2013\u00a0<span data-href=\"https:\/\/eshop.tierraverde.sk\/olivove-mydlo-citron?bbResetZone=true\">Olivov\u00e9 mydlo s\u00a0citr\u00f3nov\u00fdm extraktom<\/span>.<\/li>\n<\/ul>\n<div class=\"content-block\">\n<h3>Ako sa pou\u017e\u00edva<\/h3>\n<article class=\"description\" aria-label=\"article\">Navlh\u010d\u00edme textil v\u00a0mieste \u0161kvrny, nanesieme mydlo a \u0161\u00fachan\u00edm vtierame do\u00a0bielizne. Aplik\u00e1ciu mydla je potrebn\u00e9 vykon\u00e1va\u0165 s\u00a0oh\u013eadom na\u00a0dan\u00fd materi\u00e1l, tzn. hodv\u00e1bna bl\u00fazka neznesie tak\u00e9 drhnutie ako znes\u00fa rifle :-). Nech\u00e1me cca 15 min\u00fat \u00fa\u010dinkova\u0165, potom miesto d\u00f4kladne opl\u00e1chneme alebo vyperieme cel\u00fd odev. Ak \u0161kvrna nezmizne cel\u00e1, proces opakujeme.<\/p>\n<\/article>\n<\/div>\n<div class=\"content-block\">\n<h3>Na \u010do si da\u0165 pozor<\/h3>\n<article class=\"description\" aria-label=\"article\">\u0160kvrny bielkovinov\u00e9ho typu (krv, mlie\u010dne produkty) je nutn\u00e9 pred pran\u00edm o\u0161etri\u0165 v studenej vode. Bielkoviny sa v teplej vode zrazia a nie je mo\u017en\u00e9 ich potom odstr\u00e1ni\u0165. Pri o\u0161etren\u00ed farebn\u00e9ho textilu je dobr\u00e9 pred pou\u017eit\u00edm vysk\u00fa\u0161a\u0165 jeho st\u00e1lofarebnos\u0165 aplik\u00e1ciou na\u00a0mieste, ktor\u00e9 nie je vidie\u0165.<\/p>\n<\/article>\n<\/div>\n<div class=\"content-block\">\n<h3>Mo\u017eno v\u00e1m v\u0155ta v hlave<\/h3>\n<article class=\"description\" aria-label=\"article\">\n<h4>Na mydle je biely povlak, nie je pokazen\u00e9?<\/h4>\n<p>Pr\u00edpadn\u00fd biely pr\u00e1\u0161kov\u00fd povlak na\u00a0povrchu mydla nie je na\u00a0z\u00e1vadu \u2013 ide o\u00a0vyzr\u00e1\u017ean\u00fd chlorid sodn\u00fd (so\u013e).<\/p>\n<h2 class=\"with-toggler\" data-toggle=\"collapse\" data-target=\"#ingredients-content\">Zlo\u017eenie<\/h2>\n<div id=\"ingredients-content\" class=\"collapse collapse-box\">\n<div class=\"content-block\">\n<article class=\"description\" aria-label=\"article\">&gt; 30 % mydlo (sodn\u00e9 soli mastn\u00fdch kysel\u00edn &#8211; bez palmov\u00e9ho oleja), &lt; 5 % glycer\u00edn, \u017el\u010dov\u00e9 enz\u00fdmy.<\/article>\n<\/div>\n<\/div>\n<\/article>\n<\/div>\n<\/article>\n<\/div>\n","protected":false},"excerpt":{"rendered":"<p>Toto mydlo si zamilujete &#8211; je absol\u00fatny majster v\u00a0likvid\u00e1cii \u0161kv\u0155n od\u00a0mastnoty, potu, tr\u00e1vy, krvi, hliny, ale aj od\u00a0ovocn\u00fdch a\u00a0zeleninov\u00fdch \u0161tiav. Odstr\u00e1ni ich z\u00a0oble\u010denia aj \u010fal\u0161ieho textilu.<\/p>\n","protected":false},"featured_media":761,"comment_status":"open","ping_status":"closed","template":"","meta":{"site-sidebar-layout":"default","site-content-layout":"","ast-site-content-layout":"default","site-content-style":"default","site-sidebar-style":"default","ast-global-header-display":"","ast-banner-title-visibility":"","ast-main-header-display":"","ast-hfb-above-header-display":"","ast-hfb-below-header-display":"","ast-hfb-mobile-header-display":"","site-post-title":"","ast-breadcrumbs-content":"","ast-featured-img":"","footer-sml-layout":"","theme-transparent-header-meta":"default","adv-header-id-meta":"","stick-header-meta":"","header-above-stick-meta":"","header-main-stick-meta":"","header-below-stick-meta":"","astra-migrate-meta-layouts":"set","ast-page-background-enabled":"default","ast-page-background-meta":{"desktop":{"background-color":"var(--ast-global-color-4)","background-image":"","background-repeat":"repeat","background-position":"center center","background-size":"auto","background-attachment":"scroll","background-type":"","background-media":"","overlay-type":"","overlay-color":"","overlay-opacity":"","overlay-gradient":""},"tablet":{"background-color":"","background-image":"","background-repeat":"repeat","background-position":"center center","background-size":"auto","background-attachment":"scroll","background-type":"","background-media":"","overlay-type":"","overlay-color":"","overlay-opacity":"","overlay-gradient":""},"mobile":{"background-color":"","background-image":"","background-repeat":"repeat","background-position":"center center","background-size":"auto","background-attachment":"scroll","background-type":"","background-media":"","overlay-type":"","overlay-color":"","overlay-opacity":"","overlay-gradient":""}},"ast-content-background-meta":{"desktop":{"background-color":"var(--ast-global-color-5)","background-image":"","background-repeat":"repeat","background-position":"center center","background-size":"auto","background-attachment":"scroll","background-type":"","background-media":"","overlay-type":"","overlay-color":"","overlay-opacity":"","overlay-gradient":""},"tablet":{"background-color":"var(--ast-global-color-5)","background-image":"","background-repeat":"repeat","background-position":"center center","background-size":"auto","background-attachment":"scroll","background-type":"","background-media":"","overlay-type":"","overlay-color":"","overlay-opacity":"","overlay-gradient":""},"mobile":{"background-color":"var(--ast-global-color-5)","background-image":"","background-repeat":"repeat","background-position":"center center","background-size":"auto","background-attachment":"scroll","background-type":"","background-media":"","overlay-type":"","overlay-color":"","overlay-opacity":"","overlay-gradient":""}}},"product_cat":[26],"product_tag":[],"class_list":{"0":"post-757","1":"product","2":"type-product","3":"status-publish","4":"has-post-thumbnail","6":"product_cat-ekodomacnost","7":"desktop-align-center","8":"tablet-align-center","9":"mobile-align-center","11":"first","12":"instock","13":"taxable","14":"shipping-taxable","15":"purchasable","16":"product-type-simple"},"_links":{"self":[{"href":"https:\/\/mmtest1.top\/index.php?rest_route=\/wp\/v2\/product\/757","targetHints":{"allow":["GET"]}}],"collection":[{"href":"https:\/\/mmtest1.top\/index.php?rest_route=\/wp\/v2\/product"}],"about":[{"href":"https:\/\/mmtest1.top\/index.php?rest_route=\/wp\/v2\/types\/product"}],"replies":[{"embeddable":true,"href":"https:\/\/mmtest1.top\/index.php?rest_route=%2Fwp%2Fv2%2Fcomments&post=757"}],"wp:featuredmedia":[{"embeddable":true,"href":"https:\/\/mmtest1.top\/index.php?rest_route=\/wp\/v2\/media\/761"}],"wp:attachment":[{"href":"https:\/\/mmtest1.top\/index.php?rest_route=%2Fwp%2Fv2%2Fmedia&parent=757"}],"wp:term":[{"taxonomy":"product_cat","embeddable":true,"href":"https:\/\/mmtest1.top\/index.php?rest_route=%2Fwp%2Fv2%2Fproduct_cat&post=757"},{"taxonomy":"product_tag","embeddable":true,"href":"https:\/\/mmtest1.top\/index.php?rest_route=%2Fwp%2Fv2%2Fproduct_tag&post=757"}],"curies":[{"name":"wp","href":"https:\/\/api.w.org\/{rel}","templated":true}]}}