{"id":2191,"date":"2024-08-17T16:30:07","date_gmt":"2024-08-17T14:30:07","guid":{"rendered":"https:\/\/mmtest1.top\/?post_type=product&#038;p=2191"},"modified":"2024-08-17T16:30:07","modified_gmt":"2024-08-17T14:30:07","slug":"organicky-balzam-na-precitlivenu-a-podrazdenu-pokozku","status":"publish","type":"product","link":"https:\/\/mmtest1.top\/?product=organicky-balzam-na-precitlivenu-a-podrazdenu-pokozku","title":{"rendered":"Organick\u00fd balzam na precitliven\u00fa a podr\u00e1\u017eden\u00fa poko\u017eku"},"content":{"rendered":"<p><strong>Poko\u017eka deti\u010diek, zvl\u00e1\u0161\u0165 novorodencov a batoliat do veku dvoch rokov, si vy\u017eaduje \u0161peci\u00e1lnu starostlivos\u0165.<\/strong>\u00a0Krehk\u00e1 detsk\u00e1 poko\u017eka toti\u017e\u00a0<strong>m\u00f4\u017ee na r\u00f4zne podnety reagova\u0165<\/strong>\u00a0precitlivelo \u010di inak, ne\u017e poko\u017eka v\u00e4\u010d\u0161\u00edch deti\u010diek alebo n\u00e1s, dospel\u00fdch. Preto rovnako ako zara\u010fovanie r\u00f4znych druhov potrav\u00edn do jed\u00e1lni\u010dka ratolesti, aj\u00a0<strong>spr\u00e1vny v\u00fdber prv\u00fdch kozmetick\u00fdch produktov na starostlivos\u0165 o poko\u017eku die\u0165atka je nesmierne d\u00f4le\u017eit\u00fd<\/strong>. Pre extra jemn\u00fa, av\u0161ak \u00fa\u010dinn\u00fa starostlivos\u0165 sme vyvinuli ucelen\u00fd rad produktov pre deti\u010dky s n\u00e1zvom Babyphoria.<br \/>\nTento rad sa vyzna\u010duje\u00a0<strong>starostlivo vyberan\u00fdm zlo\u017een\u00edm s oh\u013eadom na ochranu a podporu prirodzen\u00fdch funkci\u00ed detskej poko\u017eky<\/strong>. Neobsahuje sulf\u00e1ty, silik\u00f3ny, parab\u00e9ny, \u017eiadne ropn\u00e9 deriv\u00e1ty ani in\u00e9 syntetick\u00e9 zlo\u017eky, farbiv\u00e1 \u010di parfum\u00e1ciu. Presne tie by sa mali poko\u017eke V\u00e1\u0161ho die\u0165a\u0165a ve\u013ek\u00fdm obl\u00fakom vyh\u00fdba\u0165 \ud83d\ude42\u00a0<strong>Pre zdrav\u00e9 napredovanie a ka\u017edodenn\u00e9 o\u0161etrovanie toti\u017e citliv\u00e1 detsk\u00e1 poko\u017eka nepotrebuje ve\u013ea a to najlep\u0161ie z toho, \u010do je pre \u0148u prospe\u0161n\u00e9, n\u00e1jdete v produktoch Babyphoria<\/strong>.\u00a0 V\u00fd\u017eivn\u00e9 balzamy tohto radu boli navy\u0161e\u00a0<strong>zvl\u00e1\u0161\u0165 testovan\u00e9 akreditovanou in\u0161tit\u00faciou vo Franc\u00fazsku<\/strong>, aby sme mali skuto\u010dn\u00fa istotu, \u017ee\u00a0<strong>Va\u0161im najmil\u0161\u00edm pon\u00fakame len a len to najlep\u0161ie \ud83d\ude42<\/strong><\/p>\n<p><strong>HLAVN\u00c9 ZLO\u017dKY<\/strong><br \/>\n&gt;\u00a0<strong>bambuck\u00e9 a mangov\u00e9 maslo<\/strong>\u00a0\u2013 regeneruj\u00fa, podporuj\u00fa prirodzen\u00fa obranyschopnos\u0165 a ur\u00fdch\u013euj\u00fa obnovu ko\u017en\u00fdch buniek, h\u013abkovo vy\u017eivuj\u00fa<br \/>\n&gt;\u00a0<strong>my\u0161\u00ed chvost, necht\u00edk, levandu\u013ea<\/strong>\u00a0\u2013 cenn\u00e9 byliny a ich extrakty zn\u00e1me pre upokojuj\u00face a siln\u00e9 podporn\u00e9 regenera\u010dn\u00e9 \u00fa\u010dinky zmier\u0148uj\u00fa podr\u00e1\u017edenie a prospievaj\u00fa problematickej, ekzematickej poko\u017eke a poko\u017eke trpiacej precitlivenos\u0165ou a dermatit\u00eddami<br \/>\n&gt;\u00a0<strong>vitam\u00edn E<\/strong>\u00a0\u2013 pom\u00e1ha udr\u017eiava\u0165 poko\u017eku v dobrom stave, podporuje jej zdravie, vitalitu, prirodzen\u00e9 funkcie a z\u00e1rove\u0148 ju ochra\u0148uje pred vplyvmi okolit\u00e9ho prostredia<\/p>\n<p><strong>OBSAH<\/strong><br \/>\n100ml<\/p>\n<p><strong>N\u00c1\u0160 TIP<\/strong><br \/>\nPoko\u017eka v\u00e1\u0161ho b\u00e1b\u00e4tka si prv\u00e9 roky \u017eivota na okolit\u00e9 podnety e\u0161te len zvyk\u00e1, preto kr\u00e9m na citliv\u00fa poko\u017eku by nemal ch\u00fdba\u0165 v \u017eiadnej novorodeneckej v\u00fdbave. Balzam na precitliven\u00fa a podr\u00e1\u017eden\u00fa poko\u017eku predstavuje \u010disto pr\u00edrodn\u00fd kr\u00e9mik \u201eprvej pomoci\u201c v pr\u00edpade ak\u00e9hoko\u013evek podr\u00e1\u017edenia, zast\u00fapi aj kr\u00e9m na such\u00fa poko\u017eku, posl\u00fa\u017ei ako mas\u0165 na ekz\u00e9m \u010di alergie a upokoj\u00ed podr\u00e1\u017edenie ak\u00e9hoko\u013evek p\u00f4vodu.<\/p>\n<p><strong>ODPOR\u00da\u010cAME KOMBINOVA\u0164<\/strong><br \/>\nV\u00fdrobky ed\u00edcie Babyphoria s\u00fa starostlivo navrhnut\u00e9 tak, aby sa navz\u00e1jom dop\u013a\u0148ali. Odpor\u00fa\u010dame ich kombinova\u0165 medzi sebou a vyh\u00fdba\u0165 sa s\u00fa\u010dasn\u00e9mu pou\u017e\u00edvaniu komer\u010dn\u00fdch kozmetick\u00fdch produktov, ktor\u00e9 ich \u00fa\u010dinnos\u0165 m\u00f4\u017eu ovplyv\u0148ova\u0165.<\/p>\n<p><strong>V\u00d4\u0147A V\u00ddROBKU<\/strong><br \/>\nZa svoju ve\u013emi jemn\u00fa a nevtierav\u00fa v\u00f4\u0148u v\u010fa\u010d\u00ed balzam extraktom my\u0161ieho chvostu, levandule a necht\u00edka.<\/p>\n<p><strong>FARBA V\u00ddROBKU<\/strong><br \/>\nV\u00fdrobok neobsahuje pridan\u00e9 farbiv\u00e1. Farba v\u00fdrobku je prirodzene maslov\u00e1 a\u017e jemne \u017eltkast\u00e1 v\u010faka vysok\u00e9mu obsahu organick\u00fdch masiel a olejov.<\/p>\n<p><strong>KONZISTENCIA V\u00ddROBKU<\/strong><br \/>\nBalzamov\u00e1 konzistencia je na prv\u00fd poh\u013ead tuh\u00e1, dotykom prstov sa v\u0161ak men\u00ed na poddajn\u00fd, \u013eahko roztierate\u013en\u00fd olejov\u00fd kr\u00e9mik, ktor\u00fd na poko\u017eke zanech\u00e1va ve\u013emi jemn\u00fa, ale \u00fa\u010dinn\u00fa ochrann\u00fa vrstvi\u010dku.<\/p>\n<p><strong>KONZERVA\u010cN\u00dd SYST\u00c9M V\u00ddROBKU A DOBA POU\u017dITIA<\/strong><br \/>\nV\u00fdrobok bez obsahu vody neobsahuje pridan\u00e9 konzerva\u010dn\u00e9 l\u00e1tky a predsa je stabiln\u00fd. Dbajte v\u0161ak na adekv\u00e1tnu hygienu a v\u00fdrobok aplikujte len \u010dist\u00fdmi a such\u00fdmi prstami, aby sa zamedzilo jeho zaneseniu.<br \/>\nPo otvoren\u00ed odpor\u00fa\u010dame v\u00fdrobok spotrebova\u0165 do 9 mesiacov.<\/p>\n<p><strong>OBAL V\u00ddROBKU A N\u00c1VRH NA RECYKL\u00c1CIU<\/strong><br \/>\nProdukt je balen\u00fd v ekologickom sklenom obale s praktick\u00fdm PET uz\u00e1verom. Sklo predstavuje odoln\u00fd inertn\u00fd materi\u00e1l, v\u010faka \u010domu je obsah v\u00fdrobku chr\u00e1nen\u00fd. Navy\u0161e je sklen\u00e9 balenie mo\u017en\u00e9 op\u00e4tovne vyu\u017ei\u0165 v dom\u00e1cnosti alebo plnohodnotne recyklova\u0165.<br \/>\nObal v\u00fdrobku je vratn\u00fd v r\u00e1mci n\u00e1\u0161ho recykla\u010dn\u00e9ho programu.<br \/>\nV pr\u00edpade, \u017ee sa rozhodnete obal v\u00fdrobku vyhodi\u0165, po oddelen\u00ed PET uz\u00e1veru ho vho\u010fte do zelen\u00e9ho kontajnera ur\u010den\u00e9ho na zber sklen\u00e9ho odpadu.<\/p>\n<p><strong>APLIK\u00c1CIA<\/strong><br \/>\nPrimeran\u00e9 mno\u017estvo v\u00fdrobku naneste kr\u00fa\u017eiv\u00fdmi pohybmi na poko\u017eku tela a nechajte vstreba\u0165.<\/p>\n<p><strong>UPOZORNENIA<\/strong><br \/>\nUr\u010den\u00e9 na ka\u017edodenn\u00e9 pou\u017eitie. Len na vonkaj\u0161ie pou\u017eitie. Uchov\u00e1vajte mimo dosahu det\u00ed. Skladujte na chladnom a suchom mieste, pri teplote do +30\u00b0C a nevystavujte priamemu slne\u010dn\u00e9mu \u017eiareniu a mrazu. Nepou\u017e\u00edva\u0165 na otvoren\u00e9 rany. Vyhnite sa oblasti o\u010d\u00ed. Pri zasiahnut\u00ed o\u010d\u00ed vyplachujte vla\u017enou vodou po dobu minim\u00e1lne 15 min\u00fat bez preru\u0161enia smerom od vn\u00fatorn\u00e9ho k\u00fatika k vonkaj\u0161iemu (v pr\u00edpade nosenia kontaktn\u00fdch \u0161o\u0161oviek ich odstr\u00e1ni\u0165 vopred). Ak d\u00f4jde k podr\u00e1\u017edeniu, vyh\u013eadajte lek\u00e1rsku pomoc.<br \/>\nPred prv\u00fdm pou\u017eit\u00edm sa odpor\u00fa\u010da previes\u0165 tzv. Patch test, t. j. aplikova\u0165 a otestova\u0165 kozmetick\u00fd pr\u00edpravok na jeho zn\u00e1\u0161anlivos\u0165 na malej pl\u00f4\u0161ke poko\u017eky, najlep\u0161ie na z\u00e1p\u00e4st\u00ed a po\u010dka\u0165 24h. Touto met\u00f3dou sa m\u00f4\u017ee pred\u00eds\u0165 n\u00e1stupu alergick\u00fdch reakci\u00ed a precitlivenosti na dan\u00fd v\u00fdrobok. Ak po aplik\u00e1cii sa prejav\u00ed alergick\u00e1 reakcia, povrch poko\u017eky zmyte vla\u017enou vodou. V\u00fdrobok okam\u017eite presta\u0148te pou\u017e\u00edva\u0165. Ak alergick\u00e1 reakcia pretrv\u00e1 po dlh\u0161iu dobu vyh\u013eadajte lek\u00e1rsku pomoc.<\/p>\n<p><strong>ZLO\u017dENIE<\/strong><br \/>\nButyrospermum Parkii Butter (bambuck\u00e9 maslo)*, Magnifera Indica Seed Butter (mangov\u00e9 maslo)*, Oenothera Biennis Oil (ry\u017eov\u00fd olej)*, Borago Officinalis Seed Oil (bor\u00e1kov\u00fd olej)*, Cannabis Sativa Seed Oil (konopn\u00fd olej)*, Helianthus Annuus Seed Oil (slne\u010dnicov\u00fd olej)*, Calendula Officinalis Flower Extract (necht\u00edk lek\u00e1rsky)*, Lavandula Angustifolia Flower Oil (levandu\u013ea lek\u00e1rska)*, Achillea Millefolium Extract (my\u0161\u00ed chvost)*, Lecithin (s\u00f3jov\u00fd vosk)*, Tocopherol (antioxidant, vitam\u00edn E), Allantoin (Alanto\u00edn), Eugenol***, Citronellol***, Geraniol***, Limonene***, Linalool***<br \/>\n*certifikovan\u00e1 organick\u00e1 zlo\u017eka<br \/>\n***vyskytuj\u00face sa prirodzene v esenci\u00e1lnych olejoch a pr\u00edrodn\u00fdch v\u00f4\u0148ach<\/p>\n<p>&nbsp;<\/p>\n","protected":false},"excerpt":{"rendered":"<p><strong>Upokojuj\u00faci kr\u00e9m na citliv\u00fa detsk\u00fa poko\u017eku<\/strong>\u00a0sa oplat\u00ed ma\u0165 v\u017edy po ruke. \u00da\u010dinn\u00fdm pomocn\u00edkom pre pr\u00edpady precitlivenia detskej poko\u017eky je aj Balzam na precitliven\u00fa a podr\u00e1\u017eden\u00fa poko\u017eku.\u00a0<strong>Vysoko regenera\u010dn\u00e9 zlo\u017eenie z poko\u017eku neza\u0165a\u017euj\u00facich rastlinn\u00fdch surov\u00edn bez zbyto\u010dn\u00fdch farb\u00edv \u010di parfum\u00e1cie<\/strong>\u00a0je ide\u00e1lne pre\u00a0<strong>o\u0161etrenie podr\u00e1\u017edenej, problematickej, dermatitickej \u010di ekzematickej poko\u017eky die\u0165atka<\/strong>. Jemn\u00e1 formul\u00e1cia\u00a0<strong>podporuje prirodzen\u00e9 regenera\u010dn\u00e9 procesy, ur\u00fdch\u013euje obnovu buniek, zjem\u0148uje poko\u017eku a zmier\u0148uje jej podr\u00e1\u017edenie, svrbenie, p\u00e1lenie, za\u010dervenanie \u010di suchos\u0165<\/strong>. Odstra\u0148uje such\u00e9 miesta a h\u013abkovo ich premas\u0165uje, \u010d\u00edm poko\u017eku\u00a0<strong>z\u00e1rove\u0148 chr\u00e1ni pred op\u00e4tovnou stratou vlahy<\/strong>.<\/p>\n<p><strong>Balzam na citliv\u00fa, precitliven\u00fa a podr\u00e1\u017eden\u00fa detsk\u00fa poko\u017eku je ide\u00e1lnou vo\u013ebou pre o\u0161etrovanie krehkej, citlivej, podr\u00e1\u017edenej \u010di v\u00fdrazne suchej poko\u017eky det\u00ed a batoliat.<\/strong><\/p>\n<p>&gt; extra jemn\u00e9 pr\u00edrodn\u00e9 veg\u00e1nske zlo\u017eenie vytvoren\u00e9 \u0161peci\u00e1lne pre potreby citlivej, podr\u00e1\u017edenej, extr\u00e9mne vysu\u0161enej \u010di ekzematickej detskej poko\u017eky<br \/>\n&gt; bambuck\u00e9 a mangov\u00e9 maslo spolu s bor\u00e1kov\u00fdm, ry\u017eov\u00fdm a konopn\u00fdm olejom o\u0161etria a zvl\u00e1\u010dnia poko\u017eku, vy\u017eivia ju a upokoja podr\u00e1\u017edenie<br \/>\n&gt; \u00fa\u010dinn\u00e9 akt\u00edvne l\u00e1tky v podobe extraktu z necht\u00edka lek\u00e1rskeho, my\u0161ieho chvostu, levandu\u013eov\u00e9ho esenci\u00e1lneho oleja a vitam\u00ednu E upokojuj\u00fa a z\u00e1sobuj\u00fa poko\u017eku \u017eivinami, zmier\u0148uj\u00fa nepr\u00edjemn\u00e9 prejavy a posil\u0148uj\u00fa jej obranyschopnos\u0165<br \/>\n&gt; jemn\u00e1 text\u00fara sa pri styku s poko\u017ekou men\u00ed na \u013eahu\u010dko roztierate\u013en\u00fd kr\u00e9mik, ktor\u00fd po aplik\u00e1cii zanech\u00e1va jemn\u00fd olejovomlie\u010dny ochrann\u00fd film<\/p>\n<div id=\"gtx-trans\">\n<div class=\"gtx-trans-icon\">\n<div>\n<div class=\"gtx-trans-icon\">\n<div>\n<div class=\"gtx-trans-icon\">\n<div>\n<div class=\"gtx-trans-icon\">\n<p>\u00a0&gt; VEGAN DETSK\u00dd KR\u00c9M<br \/>\n&gt; PRE CITLIV\u00da DETSK\u00da POKO\u017dKU<br \/>\n&gt; UPOKOJUJE PODR\u00c1\u017dDENIE<br \/>\n&gt; O\u0160ETRUJE A OCHRA\u0147UJE<\/p>\n<\/div>\n<\/div>\n<\/div>\n<\/div>\n<\/div>\n<\/div>\n<\/div>\n<\/div>\n<h4><strong>\u00a0 TESTOVAN\u00c9 AKREDITOVANOU IN\u0160TIT\u00daCIOU VO FRANC\u00daZSKU\u00a0<\/strong><\/h4>\n<p>100ml<\/p>\n","protected":false},"featured_media":2192,"comment_status":"open","ping_status":"closed","template":"","meta":{"site-sidebar-layout":"default","site-content-layout":"","ast-site-content-layout":"default","site-content-style":"default","site-sidebar-style":"default","ast-global-header-display":"","ast-banner-title-visibility":"","ast-main-header-display":"","ast-hfb-above-header-display":"","ast-hfb-below-header-display":"","ast-hfb-mobile-header-display":"","site-post-title":"","ast-breadcrumbs-content":"","ast-featured-img":"","footer-sml-layout":"","theme-transparent-header-meta":"default","adv-header-id-meta":"","stick-header-meta":"","header-above-stick-meta":"","header-main-stick-meta":"","header-below-stick-meta":"","astra-migrate-meta-layouts":"set","ast-page-background-enabled":"default","ast-page-background-meta":{"desktop":{"background-color":"var(--ast-global-color-4)","background-image":"","background-repeat":"repeat","background-position":"center center","background-size":"auto","background-attachment":"scroll","background-type":"","background-media":"","overlay-type":"","overlay-color":"","overlay-opacity":"","overlay-gradient":""},"tablet":{"background-color":"","background-image":"","background-repeat":"repeat","background-position":"center center","background-size":"auto","background-attachment":"scroll","background-type":"","background-media":"","overlay-type":"","overlay-color":"","overlay-opacity":"","overlay-gradient":""},"mobile":{"background-color":"","background-image":"","background-repeat":"repeat","background-position":"center center","background-size":"auto","background-attachment":"scroll","background-type":"","background-media":"","overlay-type":"","overlay-color":"","overlay-opacity":"","overlay-gradient":""}},"ast-content-background-meta":{"desktop":{"background-color":"var(--ast-global-color-5)","background-image":"","background-repeat":"repeat","background-position":"center center","background-size":"auto","background-attachment":"scroll","background-type":"","background-media":"","overlay-type":"","overlay-color":"","overlay-opacity":"","overlay-gradient":""},"tablet":{"background-color":"var(--ast-global-color-5)","background-image":"","background-repeat":"repeat","background-position":"center center","background-size":"auto","background-attachment":"scroll","background-type":"","background-media":"","overlay-type":"","overlay-color":"","overlay-opacity":"","overlay-gradient":""},"mobile":{"background-color":"var(--ast-global-color-5)","background-image":"","background-repeat":"repeat","background-position":"center center","background-size":"auto","background-attachment":"scroll","background-type":"","background-media":"","overlay-type":"","overlay-color":"","overlay-opacity":"","overlay-gradient":""}}},"product_cat":[48,30],"product_tag":[],"class_list":{"0":"post-2191","1":"product","2":"type-product","3":"status-publish","4":"has-post-thumbnail","6":"product_cat-deti","7":"product_cat-kozmetika","8":"desktop-align-center","9":"tablet-align-center","10":"mobile-align-center","12":"first","13":"instock","14":"taxable","15":"shipping-taxable","16":"purchasable","17":"product-type-simple"},"_links":{"self":[{"href":"https:\/\/mmtest1.top\/index.php?rest_route=\/wp\/v2\/product\/2191","targetHints":{"allow":["GET"]}}],"collection":[{"href":"https:\/\/mmtest1.top\/index.php?rest_route=\/wp\/v2\/product"}],"about":[{"href":"https:\/\/mmtest1.top\/index.php?rest_route=\/wp\/v2\/types\/product"}],"replies":[{"embeddable":true,"href":"https:\/\/mmtest1.top\/index.php?rest_route=%2Fwp%2Fv2%2Fcomments&post=2191"}],"wp:featuredmedia":[{"embeddable":true,"href":"https:\/\/mmtest1.top\/index.php?rest_route=\/wp\/v2\/media\/2192"}],"wp:attachment":[{"href":"https:\/\/mmtest1.top\/index.php?rest_route=%2Fwp%2Fv2%2Fmedia&parent=2191"}],"wp:term":[{"taxonomy":"product_cat","embeddable":true,"href":"https:\/\/mmtest1.top\/index.php?rest_route=%2Fwp%2Fv2%2Fproduct_cat&post=2191"},{"taxonomy":"product_tag","embeddable":true,"href":"https:\/\/mmtest1.top\/index.php?rest_route=%2Fwp%2Fv2%2Fproduct_tag&post=2191"}],"curies":[{"name":"wp","href":"https:\/\/api.w.org\/{rel}","templated":true}]}}