{"id":2188,"date":"2024-08-17T15:53:06","date_gmt":"2024-08-17T13:53:06","guid":{"rendered":"https:\/\/mmtest1.top\/?post_type=product&#038;p=2188"},"modified":"2024-08-17T15:53:06","modified_gmt":"2024-08-17T13:53:06","slug":"zmyselnost-prirodny-parfem","status":"publish","type":"product","link":"https:\/\/mmtest1.top\/?product=zmyselnost-prirodny-parfem","title":{"rendered":"Zmyselnos\u0165 &#8211; pr\u00edrodn\u00fd parf\u00e9m"},"content":{"rendered":"<p>Nechajte sa un\u00e1\u0161a\u0165 unik\u00e1tnou v\u00f4\u0148ou pr\u00edrodn\u00e9ho parf\u00e9mu bez alkoholu a ch\u00e9mie.\u00a0 V\u010faka\u00a0<strong>jemn\u00e9mu zlo\u017eeniu zalo\u017een\u00e9mu na organick\u00fdch olejoch a vonn\u00fdch kompoz\u00edci\u00e1ch tvoren\u00fdch pr\u00edrodn\u00fdmi esenci\u00e1lnymi olejmi<\/strong>\u00a0bez obsahu syntetick\u00fdch zlo\u017eiek nie len, \u017ee\u00a0<strong>nedr\u00e1\u017edia poko\u017ek<\/strong>u, ale aj\u00a0<strong>rozvo\u0148aj\u00fa cel\u00fd v\u00e1\u0161 de\u0148<\/strong>! Ide\u00e1lny pr\u00edrodn\u00fd\u00a0<strong>parf\u00e9m pre diev\u010da, \u017eenu \u010di d\u00e1mu ka\u017ed\u00e9ho veku<\/strong>.<\/p>\n<p><strong>HLAVN\u00c9 ZLO\u017dKY<\/strong><br \/>\n&gt;<strong>\u00a0jojobov\u00fd olej<\/strong>\u00a0&#8211; rastlinn\u00fd olej\u010dek, alebo spr\u00e1vne vosk, ktor\u00fd svojim zlo\u017een\u00edm najviac pripom\u00edna \u0161trukt\u00faru poko\u017eky sa rad\u00ed k najjemnej\u0161\u00edm olejom pre v\u0161etky typy poko\u017eky<br \/>\n&gt;\u00a0<strong>hroznov\u00fd olej<\/strong>\u00a0&#8211;\u00a0 jeden z najob\u013e\u00fabenej\u0161\u00edch olejov v\u00f4bec je v\u00fdborne zn\u00e1\u0161an\u00fd ka\u017ed\u00fdm typom poko\u017eky, ktor\u00fa jemne vy\u017eivuje a regeneruje<br \/>\n&gt;\u00a0<strong>zmes pr\u00edrodn\u00fdch esenci\u00e1lnych olejov<\/strong>\u00a0&#8211; dod\u00e1va parf\u00e9mu charakteristick\u00fa a absol\u00fatne nezamenite\u013en\u00fa v\u00f4\u0148u<\/p>\n<p><strong>OBSAH<\/strong><br \/>\n10ml<\/p>\n<p><strong>N\u00c1\u0160 TIP<\/strong><br \/>\nV\u00fdrobok aplikujte na pulzn\u00e9 miesta poko\u017eky ako s\u00fa z\u00e1p\u00e4stia \u010di krk.<\/p>\n<p><strong>ODPOR\u00da\u010cAME KOMBINOVA\u0164<\/strong><br \/>\nPr\u00edrodn\u00fd parf\u00e9m bez ch\u00e9mie v jemnej ovocno-kvetinovej v\u00f4ni Zmyselnos\u0165 odpor\u00fa\u010dame doplni\u0165 \u010fal\u0161\u00edmi v\u00fdrobkami rovnakej vonnej ed\u00edcie.<\/p>\n<p><strong>V\u00d4\u0147A V\u00ddROBKU<\/strong><br \/>\nTepl\u00e1, pritom osvie\u017euj\u00faca a o\u010daruj\u00faca ovocno-kvetinov\u00e1 v\u00f4\u0148a so zmyseln\u00fdm z\u00e1verom stvoren\u00e1 na zv\u00e1dzanie. Hlavn\u00e9 t\u00f3ny definuje \u0161\u0165avnat\u00e9 ovocie v podobe \u010diernej r\u00edbezle, hru\u0161ky, mandar\u00ednky a anan\u00e1su. Kompoz\u00edciu povzn\u00e1\u0161a esencia jazm\u00ednu, bielej fr\u00e9zie a divokej ru\u017ee. Z\u00e1klad kompoz\u00edcie uzem\u0148uje santalov\u00e9 drevo, ambra a mo\u0161us (rastlinn\u00fd p\u00f4vod).<\/p>\n<p><strong>FARBA V\u00ddROBKU<\/strong><br \/>\nV\u00fdrobok bez farb\u00edv v\u010fa\u010d\u00ed svojmu jemne \u017eltkast\u00e9mu sfarbeniu obsiahnut\u00fdm pr\u00edrodn\u00fdm olejom.<\/p>\n<p><strong>KONZISTENCIA V\u00ddROBKU<\/strong><br \/>\nJemn\u00e1 olejov\u00e1 konzistencia sa po nanesen\u00ed \u013eahko vstreb\u00e1va.<\/p>\n<p><strong>KONZERVA\u010cN\u00dd SYST\u00c9M V\u00ddROBKU A DOBA POU\u017dITIA<\/strong><br \/>\nV\u00fdrobok neobsahuje pridan\u00fa vodn\u00fa f\u00e1zu, preto je dostato\u010dne stabiln\u00fd aj bez pridan\u00fdch konzerva\u010dn\u00fdch l\u00e1tok. Po otvoren\u00ed nan\u00e1\u0161ajte v\u017edy na \u010dist\u00fa poko\u017eku a spotrebujte do 6 mesiacov.<\/p>\n<p><strong>OBAL V\u00ddROBKU A N\u00c1VRH NA RECYKL\u00c1CIU<\/strong><br \/>\nV\u00fdrobok je balen\u00fd v ekologickom sklenom flak\u00f3niku s praktick\u00fdm roll on aplik\u00e1torom a PET uz\u00e1verom.<br \/>\nPo spotrebovan\u00ed v\u00fdrobku odde\u013ete obalov\u00e9 materi\u00e1ly a vho\u010fte ich do zbern\u00fdch n\u00e1dob ur\u010den\u00fdch pre separovan\u00fd sklen\u00fd a plastov\u00fd odpad.<\/p>\n<p><strong>APLIK\u00c1CIA<\/strong><br \/>\nPr\u00edpravok v primeranom mno\u017estve aplikujte na pulzuj\u00face miesta tela, napr. za u\u0161n\u00fd lalok, krk,\u00a0 z\u00e1p\u00e4stie\u00a0 a nechajte vstreba\u0165.<\/p>\n<p><strong>UPOZORNENIA<\/strong><br \/>\nUr\u010den\u00e9 na ka\u017edodenn\u00e9 pou\u017eitie. Uchov\u00e1vajte mimo dosahu det\u00ed. Skladujte na suchom mieste a nevystavujte priamemu slne\u010dn\u00e9mu \u017eiareniu a mrazu. Nepou\u017e\u00edva\u0165 na otvoren\u00e9 rany. Vyhnite sa oblasti o\u010d\u00ed. Pri zasiahnut\u00ed o\u010d\u00ed vyplachujte vla\u017enou vodou po dobu minim\u00e1lne 15 min\u00fat bez preru\u0161enia smerom od vn\u00fatorn\u00e9ho k\u00fatika k vonkaj\u0161iemu (v pr\u00edpade nosenia kontaktn\u00fdch \u0161o\u0161oviek ich odstr\u00e1ni\u0165 vopred). Ak d\u00f4jde k podr\u00e1\u017edeniu, vyh\u013eadajte lek\u00e1rsku pomoc.<\/p>\n<p><strong>ZLO\u017dENIE<\/strong><br \/>\nVitis Vinifera Seed Oil (olej z hroznov\u00fdch jadierok)*, Simmondsia Chinensis Seed Oil (jojobov\u00fd vosk)*, Citrus Limon Fruit Extract (citr\u00f3novn\u00edk prav\u00fd extrakt)*, Citrus Sinensis Peel Extract (citr\u00f3novn\u00edk pomaran\u010dov\u00fd extrakt)*, Citrus Grandis Fruit Extract (citr\u00f3novn\u00edk obrovsk\u00fd extrakt)*, Rosa Damascena Flower Oil (ru\u017ea damasc\u00e9nska olej)*, Jasminum Officinale Extract (jazm\u00edn lek\u00e1rsky extrakt)*, Prunus Persica Fruit Extract (brosky\u0148a oby\u010dajn\u00e1 extrakt)*, Mimulus Moschatus Extract (\u010darodejka \u0161kvrnit\u00e1 extrakt)*, ***Citronellol, ***Geraniol, ***Hexyl Cinnamal, ***Limonene, ***Linalool<br \/>\n*certifikovan\u00e1 organick\u00e1 zlo\u017eka<br \/>\n***vyskytuj\u00face sa prirodzene v esenci\u00e1lnych olejoch<\/p>\n","protected":false},"excerpt":{"rendered":"<p><strong>Pr\u00edrodn\u00fd parf\u00e9m bez ch\u00e9mie je dokonal\u00fdm doplnkom ka\u017edej \u017eeny \u010di d\u00e1my<\/strong>. Spr\u00e1vna v\u00f4\u0148a toti\u017e dok\u00e1\u017ee z\u00e1zraky &#8211;\u00a0<strong>pod\u010diarkne osobnos\u0165 a povznesie n\u00e1ladu aj po\u010das toho najn\u00e1ro\u010dnej\u0161ieho d\u0148a, dod\u00e1 odvahu i sebad\u00f4veru a prebud\u00ed to najlep\u0161ie, \u010do v n\u00e1s drieme!<\/strong>\u00a0Pr\u00edrodn\u00fd parf\u00e9m bez alkoholu a dr\u00e1\u017ediv\u00fdch syntetick\u00fdch vonn\u00fdch l\u00e1tok navy\u0161e\u00a0<strong>nedr\u00e1\u017edi poko\u017eku<\/strong>\u00a0a v\u010faka praktick\u00e9mu eko baleniu ho mo\u017eno ma\u0165 v\u0161ade so sebou.\u00a0<strong>\u010ci u\u017e sa chyst\u00e1te na dovolenku, do pr\u00e1ce alebo len na prech\u00e1dzku ve\u010dern\u00fdm mestom<\/strong>, svoje miesto vo va\u0161ej kabelke si v\u017edy n\u00e1jde a\u00a0<strong>roz\u017eiari cel\u00fd v\u00e1\u0161 de\u0148.<\/strong><\/p>\n<p>Pr\u00edrodn\u00fd parf\u00e9m\u00a0<strong>Zmyselnos\u0165 je vhodn\u00fd pre v\u0161etky typy poko\u017eky.<\/strong><\/p>\n<p>&gt; pr\u00edrodn\u00e9 zlo\u017eenie<strong>\u00a0z organick\u00fdch olejov a esenci\u00e1lnych olejov bez alkoholu a syntetick\u00fdch l\u00e1tok<\/strong><br \/>\n&gt; recept\u00fara<strong>\u00a0bez ch\u00e9mie<\/strong>\u00a0nedr\u00e1\u017edi poko\u017eku<br \/>\n&gt; organick\u00e9 esenci\u00e1lne oleje sa sp\u00e1jaj\u00fa do\u00a0<strong>neodolate\u013enej prirodzenej vonnej kompoz\u00edcie<\/strong><br \/>\n&gt;\u00a0<strong>praktick\u00fd obal s roll on aplik\u00e1torom<\/strong>\u00a0ve\u013ekosti ide\u00e1lnej aj do tej najmen\u0161ej kabelky<br \/>\n&gt; jedine\u010dn\u00e1\u00a0<strong>v\u00f4\u0148a, ktor\u00fa si skr\u00e1tka zamilujete<\/strong><br \/>\n&gt;\u00a0<strong>praktick\u00e1 aplik\u00e1cia<\/strong>\u00a0na pulzn\u00e9 miesta<\/p>\n<div id=\"gtx-trans\">\n<div class=\"gtx-trans-icon\">\n<div>\n<div class=\"gtx-trans-icon\">\n<p>\u00a0&gt; VEGAN PR\u00cdRODN\u00dd PARF\u00c9M<br \/>\n&gt; BEZ ALKOHOLU<br \/>\n&gt; S PRAKTICK\u00ddM ROLL ON APLIK\u00c1TOROM<br \/>\n&gt;\u00a0NEDR\u00c1\u017dDI A NEVYSU\u0160UJE POKO\u017dKU<\/p>\n<p>10ml<\/p>\n<\/div>\n<\/div>\n<\/div>\n<\/div>\n","protected":false},"featured_media":2181,"comment_status":"open","ping_status":"closed","template":"","meta":{"site-sidebar-layout":"default","site-content-layout":"","ast-site-content-layout":"default","site-content-style":"default","site-sidebar-style":"default","ast-global-header-display":"","ast-banner-title-visibility":"","ast-main-header-display":"","ast-hfb-above-header-display":"","ast-hfb-below-header-display":"","ast-hfb-mobile-header-display":"","site-post-title":"","ast-breadcrumbs-content":"","ast-featured-img":"","footer-sml-layout":"","theme-transparent-header-meta":"default","adv-header-id-meta":"","stick-header-meta":"","header-above-stick-meta":"","header-main-stick-meta":"","header-below-stick-meta":"","astra-migrate-meta-layouts":"set","ast-page-background-enabled":"default","ast-page-background-meta":{"desktop":{"background-color":"var(--ast-global-color-4)","background-image":"","background-repeat":"repeat","background-position":"center center","background-size":"auto","background-attachment":"scroll","background-type":"","background-media":"","overlay-type":"","overlay-color":"","overlay-opacity":"","overlay-gradient":""},"tablet":{"background-color":"","background-image":"","background-repeat":"repeat","background-position":"center center","background-size":"auto","background-attachment":"scroll","background-type":"","background-media":"","overlay-type":"","overlay-color":"","overlay-opacity":"","overlay-gradient":""},"mobile":{"background-color":"","background-image":"","background-repeat":"repeat","background-position":"center center","background-size":"auto","background-attachment":"scroll","background-type":"","background-media":"","overlay-type":"","overlay-color":"","overlay-opacity":"","overlay-gradient":""}},"ast-content-background-meta":{"desktop":{"background-color":"var(--ast-global-color-5)","background-image":"","background-repeat":"repeat","background-position":"center center","background-size":"auto","background-attachment":"scroll","background-type":"","background-media":"","overlay-type":"","overlay-color":"","overlay-opacity":"","overlay-gradient":""},"tablet":{"background-color":"var(--ast-global-color-5)","background-image":"","background-repeat":"repeat","background-position":"center center","background-size":"auto","background-attachment":"scroll","background-type":"","background-media":"","overlay-type":"","overlay-color":"","overlay-opacity":"","overlay-gradient":""},"mobile":{"background-color":"var(--ast-global-color-5)","background-image":"","background-repeat":"repeat","background-position":"center center","background-size":"auto","background-attachment":"scroll","background-type":"","background-media":"","overlay-type":"","overlay-color":"","overlay-opacity":"","overlay-gradient":""}}},"product_cat":[30,73,38],"product_tag":[],"class_list":{"0":"post-2188","1":"product","2":"type-product","3":"status-publish","4":"has-post-thumbnail","6":"product_cat-kozmetika","7":"product_cat-prirodne-parfemy","8":"product_cat-telo","9":"desktop-align-center","10":"tablet-align-center","11":"mobile-align-center","13":"first","14":"instock","15":"taxable","16":"shipping-taxable","17":"purchasable","18":"product-type-simple"},"_links":{"self":[{"href":"https:\/\/mmtest1.top\/index.php?rest_route=\/wp\/v2\/product\/2188","targetHints":{"allow":["GET"]}}],"collection":[{"href":"https:\/\/mmtest1.top\/index.php?rest_route=\/wp\/v2\/product"}],"about":[{"href":"https:\/\/mmtest1.top\/index.php?rest_route=\/wp\/v2\/types\/product"}],"replies":[{"embeddable":true,"href":"https:\/\/mmtest1.top\/index.php?rest_route=%2Fwp%2Fv2%2Fcomments&post=2188"}],"wp:featuredmedia":[{"embeddable":true,"href":"https:\/\/mmtest1.top\/index.php?rest_route=\/wp\/v2\/media\/2181"}],"wp:attachment":[{"href":"https:\/\/mmtest1.top\/index.php?rest_route=%2Fwp%2Fv2%2Fmedia&parent=2188"}],"wp:term":[{"taxonomy":"product_cat","embeddable":true,"href":"https:\/\/mmtest1.top\/index.php?rest_route=%2Fwp%2Fv2%2Fproduct_cat&post=2188"},{"taxonomy":"product_tag","embeddable":true,"href":"https:\/\/mmtest1.top\/index.php?rest_route=%2Fwp%2Fv2%2Fproduct_tag&post=2188"}],"curies":[{"name":"wp","href":"https:\/\/api.w.org\/{rel}","templated":true}]}}