{"id":2186,"date":"2024-08-17T15:37:40","date_gmt":"2024-08-17T13:37:40","guid":{"rendered":"https:\/\/mmtest1.top\/?post_type=product&#038;p=2186"},"modified":"2024-08-17T15:37:40","modified_gmt":"2024-08-17T13:37:40","slug":"pure-power-organicky-mineralny-deodorant","status":"publish","type":"product","link":"https:\/\/mmtest1.top\/?product=pure-power-organicky-mineralny-deodorant","title":{"rendered":"Pure Power &#8211; organick\u00fd miner\u00e1lny deodorant"},"content":{"rendered":"<p>Potenie je d\u00f4le\u017eit\u00fdm, prirodzen\u00fdm a zdrav\u00fdm procesom \u013eudsk\u00e9ho tela. V\u010faka nemu sa z tela odplavuj\u00fa \u0161kodliv\u00e9 l\u00e1tky, \u010d\u00edm tie\u017e posil\u0148uje obranyschopnos\u0165 cel\u00e9ho organizmu. Potenie v\u0161ak m\u00f4\u017ee by\u0165 i obzvl\u00e1\u0161\u0165 nepr\u00edjemn\u00e9 a to nie len v\u010faka mokr\u00fdm f\u013eakom, ktor\u00e9 n\u00e1m vykres\u013euje na tri\u010dku, ale najm\u00e4 kv\u00f4li z\u00e1pachu, ktor\u00fd vznik\u00e1 reakciou n\u00e1\u0161ho potu s bakt\u00e9riami prirodzene sa vyskytuj\u00facimi na povrchu na\u0161ej poko\u017eky. Mno\u017estvo be\u017ene dostupn\u00fdch v\u00fdrobkov ur\u010den\u00fdch pre boj proti t\u00fdmto javom sprev\u00e1dzaj\u00facim potenie obsahuje l\u00e1tky ako s\u00fa alkohol, syntetick\u00e9 parf\u00e9my a mnoh\u00e9 \u010fal\u0161ie, ktor\u00e9 pre na\u0161e telo nie s\u00fa prirodzen\u00e9 a m\u00f4\u017eu by\u0165 pr\u00ed\u010dinou podr\u00e1\u017edenia, svrbenia \u010di z\u00e1palov citlivej poko\u017eky v podpazu\u0161\u00ed. V\u00fdbornou alternat\u00edvou je pr\u00e1ve\u00a0<strong>pr\u00edrodn\u00fd miner\u00e1lny deodorant Pure power &#8211; 100% \u010dist\u00fd pr\u00edrodn\u00fd produkt<\/strong>, ktor\u00fd nie len, \u017ee\u00a0<strong>pohlcuje nepr\u00edjemn\u00e9 pachy<\/strong>, ale z\u00e1rove\u0148 svojimi antimikrobi\u00e1lnymi schopnos\u0165ami\u00a0<strong>bojuje priamo proti ich vzniku<\/strong>.<\/p>\n<p><strong>HLAVN\u00c9 ZLO\u017dKY<\/strong><br \/>\n&gt;\u00a0<strong>s\u00edran hlinitodraseln\u00fd<\/strong>\u00a0&#8211; \u010dist\u00fd pr\u00edrodn\u00fd miner\u00e1l bez alerg\u00e9nov sa vyzna\u010duje v\u00fdrazn\u00fdmi deodoriza\u010dn\u00fdmi, antiperspira\u010dn\u00fdmi, s\u0165ahuj\u00facimi a regenera\u010dn\u00fdmi \u00fa\u010dinkami, v\u010faka ktor\u00fdm \u00fa\u010dinne bojuje proti vzniku nepr\u00edjemn\u00e9ho z\u00e1pachu<\/p>\n<p><strong>OBSAH<\/strong><br \/>\n125g<\/p>\n<p><strong>N\u00c1\u0160 TIP<\/strong><br \/>\nDeodorant nan\u00e1\u0161ajte na vlhk\u00fa poko\u017eku alebo ho pred aplik\u00e1ciou namo\u010dte, aby sa akt\u00edvne l\u00e1tky z pevn\u00e9ho miner\u00e1lu pomocou kvap\u00f4\u010dok vody preniesli na poko\u017eku. N\u00e1sledne nechajte kr\u00e1tko vsiaknu\u0165, deodorant nenech\u00e1va \u017eiadne stopy na tele ani oble\u010den\u00ed.<br \/>\nV pr\u00edpade, \u017ee ste sa porezali pri holen\u00ed \u010di inak drobne poranili, potrite ranku navlh\u010den\u00fdm miner\u00e1lom, ten pom\u00f4\u017ee stiahnu\u0165 poranen\u00fa oblas\u0165, upokoji\u0165 ju a ur\u00fdchli\u0165 jej regener\u00e1ciu.<br \/>\nDeodorant sa m\u00ed\u0148a skuto\u010dne ve\u013emi pomaly, pre zachovanie jeho pou\u017eite\u013enosti i po dlh\u00fdch mesiacoch od otvorenia dbajte na to, aby ste deodorant nezatv\u00e1rali mokr\u00fd &#8211; po pou\u017eit\u00ed ho nechajte vo\u013ene preschn\u00fa\u0165.<\/p>\n<p><strong>ODPOR\u00da\u010cAME KOMBINOVA\u0164<\/strong><br \/>\nV\u010faka tomu, \u017ee pr\u00edrodn\u00fd deodorant Pure power nem\u00e1 \u017eiadnu v\u00f4\u0148u ani in\u00e9 charakteristick\u00e9 vlastnosti, ktor\u00e9 by mohli ovplyv\u0148ova\u0165 \u00fa\u010dinky \u010di dojem z in\u00fdch v\u00fdrobkov, jeho pou\u017e\u00edvanie m\u00f4\u017eete doplni\u0165 ak\u00fdmiko\u013evek v\u00fdrobkami z va\u0161ej ob\u013e\u00fabenej vonnej ed\u00edcie.<\/p>\n<p><strong>V\u00d4\u0147A V\u00ddROBKU<\/strong><br \/>\nDeodorant bez v\u00f4ne neobsahuje \u017eiadne pridan\u00e9 vonn\u00e9 zlo\u017eky.<\/p>\n<p><strong>FARBA V\u00ddROBKU<\/strong><br \/>\nV\u00fdrobok je bez farby, na poh\u013ead sa jav\u00ed ako jemne do biela sfarben\u00fd kry\u0161t\u00e1l.<\/p>\n<p><strong>KONZISTENCIA V\u00ddROBKU<\/strong><br \/>\nMiner\u00e1lny deodorant je tuhej konzistencie vo forme pevn\u00e9ho kry\u0161t\u00e1lu.<\/p>\n<p><strong>KONZERVA\u010cN\u00dd SYST\u00c9M V\u00ddROBKU A DOBA POU\u017dITIA<\/strong><br \/>\nV\u00fdrobok neobsahuje \u017eiadne konzerva\u010dn\u00e9 l\u00e1tky. Pri spr\u00e1vnom skladovan\u00ed m\u00f4\u017ee by\u0165 v\u00fdrobok pou\u017e\u00edvan\u00fd a\u017e po dobu 3 rokov.<\/p>\n<p><strong>OBAL V\u00ddROBKU A N\u00c1VRH NA RECYKL\u00c1CIU<\/strong><br \/>\nV\u00fdrobok je balen\u00fd v recyklovate\u013enom PET obale.<br \/>\nPo spotrebovan\u00ed v\u00fdrobku vho\u010fte obal do kontajnera ur\u010den\u00e9ho na plastov\u00fd separovan\u00fd odpad.<\/p>\n<p><strong>APLIK\u00c1CIA<\/strong><br \/>\nDeodorant aplikujte na navlh\u010den\u00fa poko\u017eku podpazu\u0161ia, resp. vybrat\u00fa \u010das\u0165 tela. V extr\u00e9mnych letn\u00fdch hor\u00fa\u010dav\u00e1ch je vhodn\u00e9 pou\u017ei\u0165 ho aj viackr\u00e1t denne.<br \/>\nPred prv\u00fdm pou\u017eit\u00edm sa odpor\u00fa\u010da previes\u0165 tzv. Patch test, t. j. aplikova\u0165 a otestova\u0165 kozmetick\u00fd pr\u00edpravok na jeho zn\u00e1\u0161anlivos\u0165 na malej pl\u00f4\u0161ke poko\u017eky, najlep\u0161ie na z\u00e1p\u00e4st\u00ed a po\u010dka\u0165 24h. Touto met\u00f3dou sa m\u00f4\u017ee pred\u00eds\u0165 n\u00e1stupu alergick\u00fdch reakci\u00ed a precitlivenosti na dan\u00fd v\u00fdrobok. Ak po aplik\u00e1cii sa prejav\u00ed alergick\u00e1 reakcia, povrch poko\u017eky zmyte vla\u017enou vodou. V\u00fdrobok okam\u017eite presta\u0148te pou\u017e\u00edva\u0165. Ak alergick\u00e1 reakcia pretrv\u00e1 po dlh\u0161iu dobu vyh\u013eadajte lek\u00e1rsku pomoc.<\/p>\n<p><strong>UPOZORNENIA<\/strong><br \/>\nPo ka\u017edom pou\u017eit\u00ed nechajte deodorant dostato\u010dne preschn\u00fa\u0165 a a\u017e n\u00e1sledne prikryte deodorant uz\u00e1verom. Dbajte na opatrn\u00e9 zaobch\u00e1dzanie a zamedzte p\u00e1du v\u00fdrobku, ktor\u00fd by sa prudk\u00fdm n\u00e1razom mohol &#8222;rozbi\u0165&#8220;.<br \/>\nUr\u010den\u00e9 na ka\u017edodenn\u00e9 pou\u017eitie. Uchov\u00e1vajte mimo dosahu det\u00ed. Skladujte na chladnom a suchom mieste pri teplote do +30\u00b0C a nevystavujte priamemu slne\u010dn\u00e9mu \u017eiareniu a mrazu. Nepou\u017e\u00edva\u0165 na otvoren\u00e9 rany. Vyhnite sa oblasti o\u010d\u00ed. Pri zasiahnut\u00ed o\u010d\u00ed vyplachujte vla\u017enou vodou po dobu minim\u00e1lne 15 min\u00fat bez preru\u0161enia smerom od vn\u00fatorn\u00e9ho k\u00fatika k vonkaj\u0161iemu (v pr\u00edpade nosenia kontaktn\u00fdch \u0161o\u0161oviek ich odstr\u00e1ni\u0165 vopred). Ak d\u00f4jde k podr\u00e1\u017edeniu, vyh\u013eadajte lek\u00e1rsku pomoc.<\/p>\n<p><strong>ZLO\u017dENIE<\/strong><br \/>\nPotassium Alum (s\u00edran hlinitodraseln\u00fd)*<br \/>\n*certifikovan\u00e1 organick\u00e1 zlo\u017eka<\/p>\n","protected":false},"excerpt":{"rendered":"<p>Miner\u00e1lny deodorant Pure power predstavuje\u00a0<strong>\u010disto pr\u00edrodn\u00fd prostriedok pre boj proti nepr\u00edjemn\u00e9mu z\u00e1pachu<\/strong>\u00a0potu.\u00a0<strong>S\u00edran hlinitodraseln\u00fd je pr\u00edrodnou miner\u00e1lnou so\u013eou<\/strong>\u00a0zlo\u017eenou z v\u00e4\u010d\u0161\u00edch molek\u00fal, ktor\u00e9 na\u0161a poko\u017eka\u00a0<strong>nedok\u00e1\u017ee vstreba\u0165.<\/strong>\u00a0Hoci sa jedn\u00e1 o so\u013e hlin\u00edka, t\u00e1to miner\u00e1lna zl\u00fa\u010denina\u00a0<strong>nepredstavuje pre na\u0161e telo \u010di poko\u017eku riziko<\/strong>, pr\u00e1ve naopak.\u00a0<strong>Pr\u00edrodn\u00fd deodorant bez parf\u00e9mu Pure power napom\u00e1ha eliminova\u0165 v\u00fdskyt a mno\u017eenie bakt\u00e9ri\u00ed na povrchu poko\u017eky<\/strong>, v\u010faka \u010domu\u00a0<strong>\u00fa\u010dinne br\u00e1ni vzniku z\u00e1pachu<\/strong>, ktor\u00fd vznik\u00e1 pri strete t\u00fdchto bakt\u00e9ri\u00ed s \u013eudsk\u00fdm potom.\u00a0<strong>P\u00f4sob\u00ed antimikrobi\u00e1lne, mierne s\u0165ahuj\u00faco, antiperspira\u010dne a mierne dezinfek\u010dne<\/strong>. Neupch\u00e1va pritom p\u00f3ry a poko\u017eku nech\u00e1va d\u00fdcha\u0165. Neutr\u00e1lny pr\u00edrodn\u00fd deodorant\u00a0<strong>neobsahuje \u017eiadne pridan\u00e9 l\u00e1tky \u010di vonn\u00e9 zlo\u017eky.<\/strong><\/p>\n<p>Vhodn\u00fd pre v\u0161etky typy poko\u017eky.<\/p>\n<p>&gt; 100%\u00a0<strong>organick\u00fd, \u010disto pr\u00edrodn\u00fd veg\u00e1nsky deodorant<\/strong>\u00a0bez pr\u00eddavku ak\u00fdchko\u013evek in\u00fdch zlo\u017eiek<br \/>\n&gt;\u00a0\u00a0<strong>deodorant bez alerg\u00e9nov vhodn\u00fd pre v\u0161etky typy poko\u017eky, vr\u00e1tane tej najcitlivej\u0161ej<\/strong><br \/>\n&gt;\u00a0<strong>deodorant bez v\u00f4ne \u00fa\u010dinne eliminuje z\u00e1pach<\/strong>\u00a0aj napriek absencii vonn\u00fdch zlo\u017eiek<br \/>\n&gt; bezfarebn\u00fd miner\u00e1l\u00a0<strong>po aplik\u00e1cii nezanech\u00e1va \u017eiadne cite\u013en\u00e9 \u010di vidite\u013en\u00e9 stopy<\/strong>\u00a0na poko\u017eke ani oble\u010den\u00ed<br \/>\n&gt; pre aplik\u00e1ciu sta\u010d\u00ed deodorant namo\u010di\u0165 alebo potrie\u0165 po vlhkej poko\u017eke, akt\u00edvne l\u00e1tky ostan\u00fa na poko\u017eke a\u00a0<strong>deodorant sa takmer nem\u00ed\u0148a<\/strong><br \/>\n&gt; s\u00edran hlinitodraseln\u00fd\u00a0<strong>upokojuje tie\u017e podr\u00e1\u017edenie po holen\u00ed a pom\u00e1ha s\u0165ahova\u0165 a podporova\u0165 hojenie drobn\u00fdch raniek<\/strong><\/p>\n<p>&gt; VEGAN PR\u00cdRODN\u00dd DEODORANT<br \/>\n&gt; \u010cIST\u00dd PR\u00cdRODN\u00dd MINER\u00c1L<br \/>\n&gt; BEZ V\u00d4NE<br \/>\n&gt;\u00a0S JEMN\u00ddM ANTIPERSPIRA\u010cN\u00ddM \u00da\u010cINKOM<\/p>\n<p>125g<\/p>\n","protected":false},"featured_media":2176,"comment_status":"open","ping_status":"closed","template":"","meta":{"site-sidebar-layout":"default","site-content-layout":"","ast-site-content-layout":"default","site-content-style":"default","site-sidebar-style":"default","ast-global-header-display":"","ast-banner-title-visibility":"","ast-main-header-display":"","ast-hfb-above-header-display":"","ast-hfb-below-header-display":"","ast-hfb-mobile-header-display":"","site-post-title":"","ast-breadcrumbs-content":"","ast-featured-img":"","footer-sml-layout":"","theme-transparent-header-meta":"default","adv-header-id-meta":"","stick-header-meta":"","header-above-stick-meta":"","header-main-stick-meta":"","header-below-stick-meta":"","astra-migrate-meta-layouts":"set","ast-page-background-enabled":"default","ast-page-background-meta":{"desktop":{"background-color":"var(--ast-global-color-4)","background-image":"","background-repeat":"repeat","background-position":"center center","background-size":"auto","background-attachment":"scroll","background-type":"","background-media":"","overlay-type":"","overlay-color":"","overlay-opacity":"","overlay-gradient":""},"tablet":{"background-color":"","background-image":"","background-repeat":"repeat","background-position":"center center","background-size":"auto","background-attachment":"scroll","background-type":"","background-media":"","overlay-type":"","overlay-color":"","overlay-opacity":"","overlay-gradient":""},"mobile":{"background-color":"","background-image":"","background-repeat":"repeat","background-position":"center center","background-size":"auto","background-attachment":"scroll","background-type":"","background-media":"","overlay-type":"","overlay-color":"","overlay-opacity":"","overlay-gradient":""}},"ast-content-background-meta":{"desktop":{"background-color":"var(--ast-global-color-5)","background-image":"","background-repeat":"repeat","background-position":"center center","background-size":"auto","background-attachment":"scroll","background-type":"","background-media":"","overlay-type":"","overlay-color":"","overlay-opacity":"","overlay-gradient":""},"tablet":{"background-color":"var(--ast-global-color-5)","background-image":"","background-repeat":"repeat","background-position":"center center","background-size":"auto","background-attachment":"scroll","background-type":"","background-media":"","overlay-type":"","overlay-color":"","overlay-opacity":"","overlay-gradient":""},"mobile":{"background-color":"var(--ast-global-color-5)","background-image":"","background-repeat":"repeat","background-position":"center center","background-size":"auto","background-attachment":"scroll","background-type":"","background-media":"","overlay-type":"","overlay-color":"","overlay-opacity":"","overlay-gradient":""}}},"product_cat":[16,42,30,38],"product_tag":[],"class_list":{"0":"post-2186","1":"product","2":"type-product","3":"status-publish","4":"has-post-thumbnail","6":"product_cat-nezaradene","7":"product_cat-dezodoranty-a-antiperspiranty","8":"product_cat-kozmetika","9":"product_cat-telo","10":"desktop-align-center","11":"tablet-align-center","12":"mobile-align-center","14":"first","15":"instock","16":"taxable","17":"shipping-taxable","18":"purchasable","19":"product-type-simple"},"_links":{"self":[{"href":"https:\/\/mmtest1.top\/index.php?rest_route=\/wp\/v2\/product\/2186","targetHints":{"allow":["GET"]}}],"collection":[{"href":"https:\/\/mmtest1.top\/index.php?rest_route=\/wp\/v2\/product"}],"about":[{"href":"https:\/\/mmtest1.top\/index.php?rest_route=\/wp\/v2\/types\/product"}],"replies":[{"embeddable":true,"href":"https:\/\/mmtest1.top\/index.php?rest_route=%2Fwp%2Fv2%2Fcomments&post=2186"}],"wp:featuredmedia":[{"embeddable":true,"href":"https:\/\/mmtest1.top\/index.php?rest_route=\/wp\/v2\/media\/2176"}],"wp:attachment":[{"href":"https:\/\/mmtest1.top\/index.php?rest_route=%2Fwp%2Fv2%2Fmedia&parent=2186"}],"wp:term":[{"taxonomy":"product_cat","embeddable":true,"href":"https:\/\/mmtest1.top\/index.php?rest_route=%2Fwp%2Fv2%2Fproduct_cat&post=2186"},{"taxonomy":"product_tag","embeddable":true,"href":"https:\/\/mmtest1.top\/index.php?rest_route=%2Fwp%2Fv2%2Fproduct_tag&post=2186"}],"curies":[{"name":"wp","href":"https:\/\/api.w.org\/{rel}","templated":true}]}}