{"id":2161,"date":"2024-08-17T13:49:43","date_gmt":"2024-08-17T11:49:43","guid":{"rendered":"https:\/\/mmtest1.top\/?post_type=product&#038;p=2161"},"modified":"2024-08-17T13:49:43","modified_gmt":"2024-08-17T11:49:43","slug":"dermacare-multifunkcny-31-koncentrovany-magneziovy-olej","status":"publish","type":"product","link":"https:\/\/mmtest1.top\/?product=dermacare-multifunkcny-31-koncentrovany-magneziovy-olej","title":{"rendered":"DERMACARE+ Multifunk\u010dn\u00fd 31% koncentrovan\u00fd magn\u00e9ziov\u00fd olej"},"content":{"rendered":"<p>Magn\u00e9ziov\u00fd olej predstavuje vysoko koncentrovan\u00fd roztok \u010disto pr\u00edrodn\u00e9ho hor\u010d\u00edka poch\u00e1dzaj\u00faceho zo starod\u00e1vneho mora Zechstein. V\u00fdborne sa hod\u00ed na ka\u017edodenn\u00fa starostlivos\u0165 o telo pre mnoh\u00e9 zdravotn\u00e9 v\u00fdhody, ktor\u00e9 prin\u00e1\u0161a. Hor\u010d\u00edkov\u00fd olej je ide\u00e1lnym pomocn\u00edkom pre \u0161portovcov, akt\u00edvnych jedincov, ale i osoby s poruchami nervov\u00e9ho, pohybov\u00e9ho syst\u00e9mu alebo sp\u00e1nku \u010di ekzematikov trpiacich nepr\u00edjemn\u00fdmi ko\u017en\u00fdmi prejavmi. Pom\u00e1ha uvo\u013eni\u0165 svalov\u00e9 nap\u00e4tie po ich presilen\u00ed, zn\u00ed\u017ei\u0165 stres, zmierni\u0165 pocit \u00fanavy a vy\u010derpania. Optim\u00e1lna d\u00e1vka magn\u00e9zia podporuje kvalitn\u00fd sp\u00e1nok regul\u00e1ciou hladiny melaton\u00ednu, horm\u00f3nu sp\u00e1nku. Je d\u00f4le\u017eit\u00e9 pre synt\u00e9zu neurotransmiterov, ktor\u00e9 ovplyv\u0148uj\u00fa n\u00e1ladu a ment\u00e1lnu pohodu. Magn\u00e9zium m\u00e1 protiz\u00e1palov\u00e9 vlastnosti prospe\u0161n\u00e9 pri rie\u0161en\u00ed ko\u017en\u00fdch probl\u00e9mov ako je akn\u00e9 alebo such\u00e1, popraskan\u00e1 ko\u017ea. Topick\u00e9 pou\u017eitie magn\u00e9ziov\u00e9ho oleja m\u00f4\u017ee z\u00e1rove\u0148 prispieva\u0165 k zmierneniu bolesti a z\u00e1palu v k\u013aboch. V neposlednom rade je magn\u00e9zium nevyhnutn\u00e9 pre zdravie srdca a ciev, pom\u00e1ha udr\u017eiava\u0165 norm\u00e1lny krvn\u00fd tlak a rytmus srdca.<\/p>\n<p><strong>PRE\u010cO NA\u0160E TELO POTREBUJE MAGN\u00c9ZIUM<\/strong><br \/>\nHor\u010d\u00edk je pre \u013eudsk\u00e9 telo nesmierne d\u00f4le\u017eit\u00fd miner\u00e1l, ktor\u00fd sa podie\u013ea na viacer\u00fdch k\u013e\u00fa\u010dov\u00fdch biologick\u00fdch procesoch:<br \/>\n<strong>&gt; Energetick\u00fd metabolizmus:<\/strong>\u00a0Magn\u00e9zium je nevyhnutn\u00e9 pre produkciu Adenoz\u00edntrifosf\u00e1tu (ATP), hlavn\u00e9ho zdroja energie v bunk\u00e1ch, \u010do znamen\u00e1, \u017ee je k\u013e\u00fa\u010dov\u00fdm prvkom pre energetick\u00fd metabolizmus.<br \/>\n<strong>&gt; Svalov\u00e1 funkcia:<\/strong>\u00a0Tento miner\u00e1l hr\u00e1 k\u013e\u00fa\u010dov\u00fa \u00falohu pri s\u0165ahovan\u00ed a uvo\u013e\u0148ovan\u00ed svalov, \u010d\u00edm pom\u00e1ha predch\u00e1dza\u0165 svalov\u00fdm k\u0155\u010dom a slabosti.<br \/>\n<strong>&gt; Nervov\u00e1 funkcia:<\/strong>\u00a0Magn\u00e9zium reguluje prenos nervov\u00fdch vzruchov medzi mozgom a telom, \u010d\u00edm podporuje spr\u00e1vnu nervov\u00fa funkciu.<br \/>\n<strong>&gt; Zdravie kost\u00ed:<\/strong>\u00a0Magn\u00e9zium je d\u00f4le\u017eit\u00e9 pre tvorbu kostn\u00e9ho tkaniva a pom\u00e1ha udr\u017eiava\u0165 kosti siln\u00e9 a zdrav\u00e9.<br \/>\n<strong>&gt; Kardiovaskul\u00e1rne zdravie:<\/strong>\u00a0Pom\u00e1ha regulova\u0165 krvn\u00fd tlak a je d\u00f4le\u017eit\u00fd pre zdravie srdca.<br \/>\n<strong>&gt; Regul\u00e1cia cukru v krvi:<\/strong>\u00a0Magn\u00e9zium sa podie\u013ea na regul\u00e1cii hladiny cukru v krvi a je d\u00f4le\u017eit\u00fd pre prevenciu a spr\u00e1vu diabetu.<br \/>\n<strong>&gt; Psychick\u00e1 pohoda:<\/strong>\u00a0Nedostatok magn\u00e9zia m\u00f4\u017ee vies\u0165 k depresii a in\u00fdm psychick\u00fdm probl\u00e9mom. Magn\u00e9zium m\u00e1 priazniv\u00fd vplyv na n\u00e1ladu a celkov\u00fa psychick\u00fa pohodu.<br \/>\n<strong>&gt; Sp\u00e1nok a relax\u00e1cia:<\/strong>\u00a0Magn\u00e9zium podporuje relax\u00e1ciu svalov a nervov\u00e9ho syst\u00e9mu a pom\u00e1ha regulova\u0165 hladinu melaton\u00ednu, ktor\u00fd je d\u00f4le\u017eit\u00fd pre zdrav\u00fd sp\u00e1nkov\u00fd cyklus.<br \/>\n<strong>&gt; Imunitn\u00fd syst\u00e9m:<\/strong>\u00a0Magn\u00e9zium je d\u00f4le\u017eit\u00e9 pre imunitn\u00fa funkciu a pom\u00e1ha v boji proti infekci\u00e1m.<br \/>\n<strong>&gt; Enz\u00fdmov\u00e9 funkcie:<\/strong>\u00a0Magn\u00e9zium je kofaktorom pre viac ako 300 enz\u00fdmov v tele, ktor\u00e9 s\u00fa nevyhnutn\u00e9 pre r\u00f4zne biologick\u00e9 reakcie vr\u00e1tane synt\u00e9zy bielkov\u00edn, svalovej a nervovej funkcie, kontroly hladiny gluk\u00f3zy v krvi a regul\u00e1cie krvn\u00e9ho tlaku.<\/p>\n<p><strong>HLAVN\u00c9 ZLO\u017dKY<\/strong><br \/>\nChlorid hore\u010dnat\u00fd \u2013 \u010dist\u00e9 pr\u00edrodn\u00e9 magn\u00e9zium poch\u00e1dzaj\u00face zo starod\u00e1vneho mora Zechstein je pre \u013eudsk\u00fd organizmus nezastupite\u013en\u00fdm prvkom podie\u013eaj\u00facim sa na funk\u010dnosti a zdrav\u00ed poko\u017eky, pohybov\u00e9ho apar\u00e1tu, nervov\u00e9ho syst\u00e9mu, zubov, kost\u00ed, vlasov, ale pom\u00e1ha tie\u017e pri probl\u00e9moch psychick\u00e9ho charakteru \u010di sp\u00e1nkovej nerovnov\u00e1he<\/p>\n<p><strong>OBSAH<\/strong><br \/>\n150ml<\/p>\n<p><strong>N\u00c1\u0160 TIP<\/strong><br \/>\nPridajte primeran\u00e9 mno\u017estvo v\u00fdrobku do k\u00fape\u013eovej vody pre nielen dokonal\u00fd, ale hlavne zdrav\u00fd relax po n\u00e1ro\u010dnom dni.<br \/>\nAplikujte v\u00fdrobok hne\u010f po teplej sprche, ke\u010f s\u00fa ko\u017en\u00e9 p\u00f3ry roz\u0161\u00edren\u00e9 pre r\u00fdchlu absorpciu hor\u010d\u00edka.<br \/>\nPri pou\u017e\u00edvan\u00ed magn\u00e9ziov\u00e9ho oleja je d\u00f4le\u017eit\u00e9 postupova\u0165 opatrnej\u0161ie a sledova\u0165, ako poko\u017eka zareaguje kv\u00f4li predch\u00e1dzaniu mo\u017enej ko\u017enej reakcii. Niektor\u00ed \u013eudia m\u00f4\u017eu poci\u0165ova\u0165 v mieste aplik\u00e1cie mierne brnenie, p\u00e1lenie alebo svrbenie, \u010do sa pripisuje reakci\u00ed vstreb\u00e1vaniu hor\u010d\u00edka ko\u017eou. V pr\u00edpade silnej reakcie, ktor\u00e1 neodznie do 15 min\u00fat by sa malo pou\u017e\u00edvanie preru\u0161i\u0165, ko\u017ea zmy\u0165 vla\u017enou vodou a poradi\u0165 sa s lek\u00e1rom alebo dermatol\u00f3gom.<\/p>\n<p><strong>ODPOR\u00da\u010cAME KOMBINOVA\u0164<\/strong><br \/>\nOrganick\u00fd magn\u00e9ziov\u00fd olej s praktick\u00fdm aplik\u00e1torom m\u00f4\u017eete ma\u0165 st\u00e1le po ruke, av\u0161ak po n\u00e1ro\u010dnom dni si doprajte blahodarn\u00fd k\u00fape\u013e s pridan\u00edm DERMACARE+ REMINERALIZA\u010cNEJ MAGN\u00c9ZIOVEJ SOLI.<\/p>\n<p><strong>V\u00d4\u0147A V\u00ddROBKU<\/strong><br \/>\nProdukt bez pridan\u00fdch vonn\u00fdch zlo\u017eiek.<\/p>\n<p><strong>FARBA V\u00ddROBKU<\/strong><br \/>\nProdukt transparentnej farby, bez pridan\u00e9ho farbiva.<\/p>\n<p><strong>KONZISTENCIA V\u00ddROBKU<\/strong><br \/>\nKonzistencia nas\u00fdten\u00e9ho roztoku.<\/p>\n<p><strong>KONZERVA\u010cN\u00dd SYST\u00c9M V\u00ddROBKU A DOBA POU\u017dITIA<\/strong><br \/>\nV\u00fdrobok neobsahuje konzerva\u010dn\u00e9 l\u00e1tky. V\u0161etky obsiahnut\u00e9 l\u00e1tky s\u00fa bez GMO a nanomateri\u00e1lu a samozrejme netestovan\u00e9 na zvierat\u00e1ch. Po otvoren\u00ed v\u00fdrobok odpor\u00fa\u010dame spotrebova\u0165 do 6 mesiacov.<\/p>\n<p><strong>OBAL V\u00ddROBKU A N\u00c1VRH NA RECYKL\u00c1CIU<\/strong><br \/>\nProdukt je balen\u00fd v recyklovate\u013enom PET obale s praktick\u00fdm rozpra\u0161ova\u010dom pre garanciu mikrobiologickej nez\u00e1vadnosti. Obal je vratn\u00fd v r\u00e1mci n\u00e1\u0161ho recykla\u010dn\u00e9ho programu.<br \/>\nV pr\u00edpade, \u017ee sa rozhodnete po spotrebovan\u00ed obal v\u00fdrobku vyhodi\u0165, vho\u010fte ho do \u017elt\u00e9ho kontajnera na plastov\u00fd separovan\u00fd odpad.<\/p>\n<p><strong>APLIK\u00c1CIA<\/strong><br \/>\nV\u00fdrobok aplikujte striekan\u00edm zo vzdialenosti cca 20-25 cm smerom k poko\u017eke, votrite do poko\u017eky a nechajte vstreba\u0165. Neoplachujte. Neaplikujte na \u010derstvo oholen\u00fa \u010di poranen\u00fa poko\u017eku, vyhnite sa citliv\u00fdm \u010dastiam tela a slizniciam. V\u00fdrobok v primeranom mno\u017estve sa m\u00f4\u017ee prida\u0165 do k\u00fape\u013eovej vody. Po aplik\u00e1cii sa m\u00f4\u017ee objavi\u0165 jemn\u00e9 brnenie alebo za\u010dervenanie poko\u017eky, ktor\u00e9 s\u00favis\u00ed s reakciou vstreb\u00e1vania hor\u010d\u00edka ko\u017eou. Reakcia odznie do 15 min\u00fat.<\/p>\n<p><strong>UPOZORNENIA<\/strong><br \/>\nLen na vonkaj\u0161ie pou\u017eitie. Uchov\u00e1vajte mimo dosahu det\u00ed. Skladujte na chladnom a suchom mieste a nevystavujte priamemu slne\u010dn\u00e9mu \u017eiareniu a mrazu. Nepou\u017e\u00edva\u0165 na otvoren\u00e9 rany. Vyhnite sa oblasti o\u010d\u00ed. Pri zasiahnut\u00ed o\u010d\u00ed vyplachujte vla\u017enou vodou po dobu minim\u00e1lne 15 min\u00fat bez preru\u0161enia smerom od vn\u00fatorn\u00e9ho k\u00fatika k vonkaj\u0161iemu (v pr\u00edpade nosenia kontaktn\u00fdch \u0161o\u0161oviek ich odstr\u00e1ni\u0165 vopred). Ak d\u00f4jde k podr\u00e1\u017edeniu, vyh\u013eadajte lek\u00e1rsku pomoc.<\/p>\n<p>Pred prv\u00fdm pou\u017eit\u00edm sa odpor\u00fa\u010da previes\u0165 tzv. Patch test, t. j. aplikova\u0165 a otestova\u0165 kozmetick\u00fd pr\u00edpravok na jeho zn\u00e1\u0161anlivos\u0165 na malej pl\u00f4\u0161ke poko\u017eky, najlep\u0161ie na z\u00e1p\u00e4st\u00ed a po\u010dka\u0165 24h. Touto met\u00f3dou sa m\u00f4\u017ee pred\u00eds\u0165 n\u00e1stupu alergick\u00fdch reakci\u00ed a precitlivenosti na dan\u00fd v\u00fdrobok. Ak po aplik\u00e1cii sa prejav\u00ed alergick\u00e1 reakcia, povrch poko\u017eky zmyte vla\u017enou vodou. V\u00fdrobok okam\u017eite presta\u0148te pou\u017e\u00edva\u0165. Ak alergick\u00e1 reakcia pretrv\u00e1 po dlh\u0161iu dobu vyh\u013eadajte lek\u00e1rsku pomoc.<\/p>\n<p><strong>ZLO\u017dENIE<\/strong><br \/>\nAqua, Magnesium Chloride 31% (Zechstein)<\/p>\n<p>&nbsp;<\/p>\n","protected":false},"excerpt":{"rendered":"<p><strong>BENEFITY:<\/strong>\u00a0efekt\u00edvne doplnenie hor\u010d\u00edka v\u010faka r\u00fdchlemu vstrebaniu cez ko\u017eu, pom\u00e1ha odb\u00fara\u0165 svalov\u00e9 a stresov\u00e9 nap\u00e4tie, zlep\u0161uje kvalitu sp\u00e1nku, podporuje koncentr\u00e1ciu, odb\u00farava \u00fanavu, zni\u017euje vy\u010derpanie, pozit\u00edvne prispieva k spr\u00e1vnej funkcii nervov\u00e9ho syst\u00e9mu a svalov<\/p>\n<p><strong>&gt; vysoko koncentrovan\u00e9 a ultra \u010dist\u00e9 zlo\u017eenie<\/strong><br \/>\n<strong>&gt; dod\u00e1va telu bohat\u00e9 z\u00e1soby miner\u00e1lnych l\u00e1tok a podporuje jeho zdravie a obranyschopnos\u0165<\/strong><br \/>\n<strong>&gt; r\u00fdchle doplnenie hor\u010d\u00edka do organizmu, r\u00fdchla vstreb\u00e1vate\u013enos\u0165 cez ko\u017eu bez zanechania mastn\u00e9ho pocitu<\/strong><br \/>\n<strong>&gt; prispieva k spr\u00e1vnej funkcii nervov\u00e9ho syst\u00e9mu a svalov\u00a0<\/strong><br \/>\n<strong>&gt; podporuje regener\u00e1ciu po n\u00e1mahe, prin\u00e1\u0161a pocit \u00fa\u013eavy a relax\u00e1cie<\/strong><br \/>\n<strong>&gt; pom\u00e1ha pri ko\u017en\u00fdch probl\u00e9moch typu akn\u00e9, ekz\u00e9my a ve\u013emi such\u00e1 ko\u017ea<\/strong><br \/>\n<strong>&gt; pr\u00edrodn\u00fd produkt bez alkoholu, parfum\u00e1cie, konzervantov a pln\u00edv<\/strong><\/p>\n<p><strong>PRE KOHO JE UR\u010cEN\u00dd:<\/strong>\u00a0Hor\u010d\u00edkov\u00fd olej je vhodn\u00fd pre v\u0161etky typy poko\u017eky a vekov\u00e9 kateg\u00f3rie pre cielen\u00e9 doplnenie pr\u00edrodn\u00e9ho hor\u010d\u00edka vo forme chloridu hore\u010dnat\u00e9ho.<\/p>\n<p><strong>\u00a0 VEGAN ORGANICK\u00dd HOR\u010c\u00cdKOV\u00dd OLEJ\u00a0\u00a0<\/strong><br \/>\n<strong>\u00a0 NAJ\u00da\u010cINNEJ\u0160IA VSTREBATE\u013dNOS\u0164 CEZ KO\u017dU\u00a0\u00a0<\/strong><br \/>\n<strong>\u00a0 SVALY, K\u0139BY, POKO\u017dKA, NERVOV\u00dd SYST\u00c9M\u00a0\u00a0<\/strong><br \/>\n<strong>\u00a0 BEZ ALKOHOLU, KONZERVANTOV A PARFUM\u00c1CIE\u00a0\u00a0<\/strong><\/p>\n<p>150ml<\/p>\n","protected":false},"featured_media":2162,"comment_status":"open","ping_status":"closed","template":"","meta":{"site-sidebar-layout":"default","site-content-layout":"","ast-site-content-layout":"default","site-content-style":"default","site-sidebar-style":"default","ast-global-header-display":"","ast-banner-title-visibility":"","ast-main-header-display":"","ast-hfb-above-header-display":"","ast-hfb-below-header-display":"","ast-hfb-mobile-header-display":"","site-post-title":"","ast-breadcrumbs-content":"","ast-featured-img":"","footer-sml-layout":"","theme-transparent-header-meta":"default","adv-header-id-meta":"","stick-header-meta":"","header-above-stick-meta":"","header-main-stick-meta":"","header-below-stick-meta":"","astra-migrate-meta-layouts":"set","ast-page-background-enabled":"default","ast-page-background-meta":{"desktop":{"background-color":"var(--ast-global-color-4)","background-image":"","background-repeat":"repeat","background-position":"center center","background-size":"auto","background-attachment":"scroll","background-type":"","background-media":"","overlay-type":"","overlay-color":"","overlay-opacity":"","overlay-gradient":""},"tablet":{"background-color":"","background-image":"","background-repeat":"repeat","background-position":"center center","background-size":"auto","background-attachment":"scroll","background-type":"","background-media":"","overlay-type":"","overlay-color":"","overlay-opacity":"","overlay-gradient":""},"mobile":{"background-color":"","background-image":"","background-repeat":"repeat","background-position":"center center","background-size":"auto","background-attachment":"scroll","background-type":"","background-media":"","overlay-type":"","overlay-color":"","overlay-opacity":"","overlay-gradient":""}},"ast-content-background-meta":{"desktop":{"background-color":"var(--ast-global-color-5)","background-image":"","background-repeat":"repeat","background-position":"center center","background-size":"auto","background-attachment":"scroll","background-type":"","background-media":"","overlay-type":"","overlay-color":"","overlay-opacity":"","overlay-gradient":""},"tablet":{"background-color":"var(--ast-global-color-5)","background-image":"","background-repeat":"repeat","background-position":"center center","background-size":"auto","background-attachment":"scroll","background-type":"","background-media":"","overlay-type":"","overlay-color":"","overlay-opacity":"","overlay-gradient":""},"mobile":{"background-color":"var(--ast-global-color-5)","background-image":"","background-repeat":"repeat","background-position":"center center","background-size":"auto","background-attachment":"scroll","background-type":"","background-media":"","overlay-type":"","overlay-color":"","overlay-opacity":"","overlay-gradient":""}}},"product_cat":[30,38,71],"product_tag":[],"class_list":{"0":"post-2161","1":"product","2":"type-product","3":"status-publish","4":"has-post-thumbnail","6":"product_cat-kozmetika","7":"product_cat-telo","8":"product_cat-telove-osetrujuce-oleje","9":"desktop-align-center","10":"tablet-align-center","11":"mobile-align-center","13":"first","14":"instock","15":"taxable","16":"shipping-taxable","17":"purchasable","18":"product-type-simple"},"_links":{"self":[{"href":"https:\/\/mmtest1.top\/index.php?rest_route=\/wp\/v2\/product\/2161","targetHints":{"allow":["GET"]}}],"collection":[{"href":"https:\/\/mmtest1.top\/index.php?rest_route=\/wp\/v2\/product"}],"about":[{"href":"https:\/\/mmtest1.top\/index.php?rest_route=\/wp\/v2\/types\/product"}],"replies":[{"embeddable":true,"href":"https:\/\/mmtest1.top\/index.php?rest_route=%2Fwp%2Fv2%2Fcomments&post=2161"}],"wp:featuredmedia":[{"embeddable":true,"href":"https:\/\/mmtest1.top\/index.php?rest_route=\/wp\/v2\/media\/2162"}],"wp:attachment":[{"href":"https:\/\/mmtest1.top\/index.php?rest_route=%2Fwp%2Fv2%2Fmedia&parent=2161"}],"wp:term":[{"taxonomy":"product_cat","embeddable":true,"href":"https:\/\/mmtest1.top\/index.php?rest_route=%2Fwp%2Fv2%2Fproduct_cat&post=2161"},{"taxonomy":"product_tag","embeddable":true,"href":"https:\/\/mmtest1.top\/index.php?rest_route=%2Fwp%2Fv2%2Fproduct_tag&post=2161"}],"curies":[{"name":"wp","href":"https:\/\/api.w.org\/{rel}","templated":true}]}}