{"id":2159,"date":"2024-08-17T13:47:37","date_gmt":"2024-08-17T11:47:37","guid":{"rendered":"https:\/\/mmtest1.top\/?post_type=product&#038;p=2159"},"modified":"2024-08-17T13:47:37","modified_gmt":"2024-08-17T11:47:37","slug":"cerarepair-posilnujuce-mlieko-na-ochranu-pokozky-ceramidy-lipidy","status":"publish","type":"product","link":"https:\/\/mmtest1.top\/?product=cerarepair-posilnujuce-mlieko-na-ochranu-pokozky-ceramidy-lipidy","title":{"rendered":"CERAREPAIR+ posil\u0148uj\u00face mlieko na ochranu poko\u017eky (Ceramidy &#038; Lipidy)"},"content":{"rendered":"<p><strong>Vysoko repara\u010dn\u00fd, h\u013abkovo hydrata\u010dn\u00fd a posil\u0148uj\u00faci v\u00fdrobok na regener\u00e1ciu oslabenej, po\u0161kodenej, vysu\u0161enej \u010di dehydratovanej poko\u017eky<\/strong>, odstr\u00e1nenie diskomfortu ko\u017ee (suchos\u0165, drsnos\u0165, pnutie, svrbenie \u010di za\u010dervenanie), obnovu jej bari\u00e9rovej schopnosti a ochranu pred nepriazniv\u00fdmi vonkaj\u0161\u00edmi vplyvmi. Jemn\u00e9 a pritom v\u00fd\u017eivn\u00e9 telov\u00e9 s\u00e9rum obsahuje bambuck\u00e9 a kakaov\u00e9 maslo pre zjemnenie poko\u017eky a podporu zadr\u017eania vlahy v jej hlb\u0161\u00edch vrstv\u00e1ch. Obsahuje cenn\u00e9 akt\u00edvne l\u00e1tky v podobe komplexu rastlinn\u00fdch ceramidov a lipidov pre intenz\u00edvne posilnenie a obranu ko\u017ee pred nepriazniv\u00fdmi vplyvmi okolit\u00e9ho prostredia, ale aj ry\u017eov\u00fd prote\u00edn, ureu, sodium PCA, rakytn\u00edkov\u00fd extrakt, provitam\u00edn B5 a vitam\u00edn E, v\u010faka ktor\u00fdm poko\u017eka ost\u00e1va upokojen\u00e1, chr\u00e1nen\u00e1 a vit\u00e1lne zdrav\u00e1. Produkt je vhodn\u00fd na starostlivos\u0165 o cel\u00e9 telo pre ka\u017ed\u00e9ho \u010dlena rodiny bez vekov\u00e9ho rozdielu.<\/p>\n<p><strong>HLAVN\u00c9 ZLO\u017dKY<\/strong><br \/>\n<strong>&gt; komplex rastlinn\u00fdch ceramidov a lipidov<\/strong>\u00a0pre akt\u00edvne posilnenie a obranu pleti pred nepriazniv\u00fdmi vplyvmi okolit\u00e9ho prostredia<br \/>\n<strong>&gt; bambuck\u00e9 a kakaov\u00e9 maslo<\/strong>\u00a0zjem\u0148uj\u00fa poko\u017eku a podporuj\u00fa zadr\u017eiavanie vlahy v jej hlb\u0161\u00edch vrstv\u00e1ch<br \/>\n<strong>&gt; hydrolyzovan\u00fd ry\u017eov\u00fd prote\u00edn<\/strong>\u00a0posil\u0148uje \u0161trukt\u00faru poko\u017eky a pom\u00e1ha v jej ochrane<br \/>\n<strong>&gt; urea<\/strong>\u00a0intenz\u00edvne bojuje proti prejavom suchosti, \u0161upinatosti, podr\u00e1\u017edenia a opakovan\u00e9ho vysu\u0161ovania<br \/>\n<strong>&gt; sodium PCA<\/strong>\u00a0m\u00e1 vynikaj\u00faci hydrata\u010dn\u00fd \u00fa\u010dinok, zvy\u0161uje elasticitu ko\u017ee<br \/>\n<strong>&gt; extrakt z rakytn\u00edka<\/strong>\u00a0bojuje proti prejavom ekz\u00e9mov \u010di ko\u017en\u00fdch nedokonalost\u00ed, p\u00f4sob\u00ed antioxida\u010dne a proti vo\u013en\u00fdm radik\u00e1lom<br \/>\n<strong>&gt; pro-vitam\u00edn B5<\/strong>\u00a0upokojuje, udr\u017euje optim\u00e1lnu hladinu vlhkosti a bojuje proti op\u00e4tovn\u00e9mu vysu\u0161ovaniu ko\u017ee, posil\u0148uje jej obranyschopnos\u0165<br \/>\n<strong>&gt; vitam\u00edn E<\/strong>\u00a0je antioxidant, ktor\u00fd udr\u017euje hydrat\u00e1ciu a pru\u017enos\u0165 ko\u017ee<\/p>\n<p><strong>OBSAH<\/strong><br \/>\n250ml<\/p>\n<p><strong>V\u00d4\u0147A V\u00ddROBKU<\/strong><br \/>\nProdukt neobsahuje pridan\u00e9 vonn\u00e9 zlo\u017eky.<\/p>\n<p><strong>FARBA V\u00ddROBKU<\/strong><br \/>\nProdukt pr\u00edrodnej b\u00e9\u017eovej farby bez obsahu syntetick\u00fdch a miner\u00e1lnych farb\u00edv.<\/p>\n<p><strong>KONZISTENCIA V\u00ddROBKU<\/strong><br \/>\nV\u00fdrobok \u013eahkej kr\u00e9movej konzistencie s r\u00fdchlou vstreb\u00e1vate\u013enos\u0165ou.<\/p>\n<p><strong>KONZERVA\u010cN\u00dd SYST\u00c9M V\u00ddROBKU A DOBA POU\u017dITIA<\/strong><br \/>\nV\u00fdrobok je stabilizovan\u00fd a konzervovan\u00fd l\u00e1tkou vhodnou a uzn\u00e1vanou pre pr\u00edrodn\u00e9 a organick\u00e9 kozmetick\u00e9 produkty. V\u0161etky obsiahnut\u00e9 l\u00e1tky s\u00fa rastlinn\u00e9ho p\u00f4vodu, bez GMO a nanomateri\u00e1lu a samozrejme netestovan\u00e9 na zvierat\u00e1ch. Dbajte v\u0161ak na adekv\u00e1tnu hygienu a v\u00fdrobok aplikujte len \u010dist\u00fdmi a such\u00fdmi prstami, aby sa zamedzilo jeho zaneseniu.<br \/>\nPo otvoren\u00ed v\u00fdrobok odpor\u00fa\u010dame spotrebova\u0165 do 9 mesiacov.<\/p>\n<p><strong>OBAL V\u00ddROBKU A N\u00c1VRH NA RECYKL\u00c1CIU<\/strong><br \/>\nProdukt je balen\u00fd v recyklovate\u013enom PET obale s praktick\u00fdm d\u00e1vkova\u010dom pre garanciu mikrobiologickej nez\u00e1vadnosti. Obal je vratn\u00fd v r\u00e1mci n\u00e1\u0161ho recykla\u010dn\u00e9ho programu.<br \/>\nV pr\u00edpade, \u017ee sa rozhodnete po spotrebovan\u00ed obal v\u00fdrobku vyhodi\u0165, vho\u010fte ho do \u017elt\u00e9ho kontajnera na plastov\u00fd separovan\u00fd odpad.<\/p>\n<p><strong>UPOZORNENIA<\/strong><br \/>\nUr\u010den\u00e9 na ka\u017edodenn\u00e9 pou\u017eitie. Len na vonkaj\u0161ie pou\u017eitie. Uchov\u00e1vajte mimo dosahu det\u00ed. Skladujte na chladnom a suchom mieste a nevystavujte priamemu slne\u010dn\u00e9mu \u017eiareniu a mrazu. Nepou\u017e\u00edva\u0165 na otvoren\u00e9 rany. Vyhnite sa oblasti o\u010d\u00ed. Pri zasiahnut\u00ed o\u010d\u00ed vyplachujte vla\u017enou vodou po dobu minim\u00e1lne 15 min\u00fat bez preru\u0161enia smerom od vn\u00fatorn\u00e9ho k\u00fatika k vonkaj\u0161iemu (v pr\u00edpade nosenia kontaktn\u00fdch \u0161o\u0161oviek ich odstr\u00e1ni\u0165 vopred). Ak d\u00f4jde k podr\u00e1\u017edeniu, vyh\u013eadajte lek\u00e1rsku pomoc.<br \/>\nPred prv\u00fdm pou\u017eit\u00edm sa odpor\u00fa\u010da previes\u0165 tzv. Patch test, t. j. aplikova\u0165 a otestova\u0165 kozmetick\u00fd pr\u00edpravok na jeho zn\u00e1\u0161anlivos\u0165 na malej pl\u00f4\u0161ke poko\u017eky, najlep\u0161ie na z\u00e1p\u00e4st\u00ed a po\u010dka\u0165 24h. Touto met\u00f3dou sa m\u00f4\u017ee pred\u00eds\u0165 n\u00e1stupu alergick\u00fdch reakci\u00ed a precitlivenosti na dan\u00fd v\u00fdrobok. Ak po aplik\u00e1cii sa prejav\u00ed alergick\u00e1 reakcia, povrch poko\u017eky zmyte vla\u017enou vodou. V\u00fdrobok okam\u017eite presta\u0148te pou\u017e\u00edva\u0165. Ak alergick\u00e1 reakcia pretrv\u00e1 po dlh\u0161iu dobu vyh\u013eadajte lek\u00e1rsku pomoc.<\/p>\n<p><strong>APLIK\u00c1CIA<\/strong><br \/>\nPrimeran\u00e9 mno\u017estvo v\u00fdrobku naneste priamo na poko\u017eku a nechajte plne vstreba\u0165. Pre dosiahnutie najlep\u0161\u00edch v\u00fdsledkov aplikujte produkt ka\u017ed\u00fd de\u0148 r\u00e1no a ve\u010der, ide\u00e1lne v\u0161ak po sprche \u010di k\u00fapeli.<\/p>\n<p><strong>ZLO\u017dENIE<\/strong><br \/>\nINCI: Aqua, Helianthus Annuus Seed Oil, Butyrospermum Parkii Butter, Glyceryl Stearate, Theobroma Cacao Seed Butter, Simmondsia Chinensis Seed Oil, Cetearyl Alcohol, Copernicia Cerifera Cera, Coco-Glucoside, Urea, Hydrolyzed Rice Protein, Isocetyl Alcohol, Ceramide NP, Cetyl Alcohol, Argania Spinosa Kernel Oil, Phospholipids, Sphingolipids, Hippophae Rhamnoides Seed Extract, Sodium PCA, dermorganics\u00ae 1388 (Sodium Levulinate, Sodium Anisate, Glycerin, Aqua), Xanthan Gum, Panthenol, Tocopherol<\/p>\n","protected":false},"excerpt":{"rendered":"<p><strong>BENEFITY:<\/strong>\u00a0intenz\u00edvna hydrat\u00e1cia a upokojuj\u00faci \u00fa\u010dinok, zvlh\u010denie a zvl\u00e1\u010dnenie, ochrana pred op\u00e4tovn\u00fdm vysu\u0161ovan\u00edm a pocitom suchosti, svrbenia a in\u00fdch prejavov ekz\u00e9mov, alergi\u00ed \u010di dermatit\u00edd, vyrovn\u00e1va zdrav\u00fa hodnotu pH ko\u017ee<\/p>\n<p><strong>&gt; regenera\u010dn\u00e9 telov\u00e9 mlieko na ochranu poko\u017eky\u00a0<\/strong><br \/>\n<strong>&gt; \u013eahk\u00e1 a r\u00fdchlo vstreb\u00e1vaj\u00faca sa recept\u00fara bez pocitu mastnoty \u010di lepkavosti<\/strong><br \/>\n<strong>&gt; intenz\u00edvne hydratuje, zvl\u00e1\u010d\u0148uje, regeneruje, upokojuje a ochra\u0148uje<\/strong><br \/>\n<strong>&gt; zbavuje pocitu suchosti, \u0161upinatosti, svrbenia, podr\u00e1\u017edenia a opakovan\u00e9ho vysu\u0161ovania<\/strong><br \/>\n<strong>&gt; udr\u017euje hydrat\u00e1ciu a pru\u017enos\u0165 ko\u017ee, bojuje proti op\u00e4tovn\u00e9mu vysu\u0161ovaniu<\/strong><br \/>\n<strong>&gt; z\u00e1sobuje poko\u017eku akt\u00edvnymi l\u00e1tkami pre podporu jej prirodzenej obranyschopnosti<\/strong><br \/>\n<strong>&gt; zlep\u0161uje kvalitu ko\u017ee a \u017eivota<\/strong><\/p>\n<p><strong>PRE KOHO JE UR\u010cEN\u00c9:<\/strong>\u00a0Posil\u0148uj\u00face telov\u00e9 mlieko je ide\u00e1lne na v\u0161etky typy poko\u017eky bez vekov\u00e9ho rozdielu vr\u00e1tane jemnej, citlivej \u010di krehkej. Produkt bez obsahu pridan\u00fdch vonn\u00fdch l\u00e1tok a esenci\u00e1lnych olejov je vhodn\u00fd na alergick\u00fa ko\u017eu a pri lie\u010dbe atopick\u00e9ho ekz\u00e9mu, psori\u00e1zy a ekz\u00e9mov r\u00f4zneho druhu \u010di pre onkologick\u00fdch pacientov podstupuj\u00facich lie\u010dbu.<br \/>\n<strong>\u00a0 ZVL\u00c1\u010c\u0147UJ\u00daCE A POSIL\u0147UJ\u00daCE TELOV\u00c9 MLIEKO\u00a0\u00a0<\/strong><br \/>\n<strong>\u00a0 VHODN\u00c9 PRE CEL\u00da RODINU\u00a0\u00a0<\/strong><br \/>\n<strong>\u00a0 BEZ PARFUM\u00c1CIE, SILIK\u00d3NOV, PARAB\u00c9NOV, ALKOHOLU A ALERG\u00c9NOV\u00a0\u00a0<\/strong><br \/>\n<strong>\u00a0 S OCHRANN\u00ddM A UPOKOJUJ\u00daCIM \u00da\u010cINKOM\u00a0\u00a0<\/strong><\/p>\n<p>250ml<\/p>\n","protected":false},"featured_media":2160,"comment_status":"open","ping_status":"closed","template":"","meta":{"site-sidebar-layout":"default","site-content-layout":"","ast-site-content-layout":"default","site-content-style":"default","site-sidebar-style":"default","ast-global-header-display":"","ast-banner-title-visibility":"","ast-main-header-display":"","ast-hfb-above-header-display":"","ast-hfb-below-header-display":"","ast-hfb-mobile-header-display":"","site-post-title":"","ast-breadcrumbs-content":"","ast-featured-img":"","footer-sml-layout":"","theme-transparent-header-meta":"default","adv-header-id-meta":"","stick-header-meta":"","header-above-stick-meta":"","header-main-stick-meta":"","header-below-stick-meta":"","astra-migrate-meta-layouts":"set","ast-page-background-enabled":"default","ast-page-background-meta":{"desktop":{"background-color":"var(--ast-global-color-4)","background-image":"","background-repeat":"repeat","background-position":"center center","background-size":"auto","background-attachment":"scroll","background-type":"","background-media":"","overlay-type":"","overlay-color":"","overlay-opacity":"","overlay-gradient":""},"tablet":{"background-color":"","background-image":"","background-repeat":"repeat","background-position":"center center","background-size":"auto","background-attachment":"scroll","background-type":"","background-media":"","overlay-type":"","overlay-color":"","overlay-opacity":"","overlay-gradient":""},"mobile":{"background-color":"","background-image":"","background-repeat":"repeat","background-position":"center center","background-size":"auto","background-attachment":"scroll","background-type":"","background-media":"","overlay-type":"","overlay-color":"","overlay-opacity":"","overlay-gradient":""}},"ast-content-background-meta":{"desktop":{"background-color":"var(--ast-global-color-5)","background-image":"","background-repeat":"repeat","background-position":"center center","background-size":"auto","background-attachment":"scroll","background-type":"","background-media":"","overlay-type":"","overlay-color":"","overlay-opacity":"","overlay-gradient":""},"tablet":{"background-color":"var(--ast-global-color-5)","background-image":"","background-repeat":"repeat","background-position":"center center","background-size":"auto","background-attachment":"scroll","background-type":"","background-media":"","overlay-type":"","overlay-color":"","overlay-opacity":"","overlay-gradient":""},"mobile":{"background-color":"var(--ast-global-color-5)","background-image":"","background-repeat":"repeat","background-position":"center center","background-size":"auto","background-attachment":"scroll","background-type":"","background-media":"","overlay-type":"","overlay-color":"","overlay-opacity":"","overlay-gradient":""}}},"product_cat":[30,38,71],"product_tag":[],"class_list":{"0":"post-2159","1":"product","2":"type-product","3":"status-publish","4":"has-post-thumbnail","6":"product_cat-kozmetika","7":"product_cat-telo","8":"product_cat-telove-osetrujuce-oleje","9":"desktop-align-center","10":"tablet-align-center","11":"mobile-align-center","13":"first","14":"instock","15":"taxable","16":"shipping-taxable","17":"purchasable","18":"product-type-simple"},"_links":{"self":[{"href":"https:\/\/mmtest1.top\/index.php?rest_route=\/wp\/v2\/product\/2159","targetHints":{"allow":["GET"]}}],"collection":[{"href":"https:\/\/mmtest1.top\/index.php?rest_route=\/wp\/v2\/product"}],"about":[{"href":"https:\/\/mmtest1.top\/index.php?rest_route=\/wp\/v2\/types\/product"}],"replies":[{"embeddable":true,"href":"https:\/\/mmtest1.top\/index.php?rest_route=%2Fwp%2Fv2%2Fcomments&post=2159"}],"wp:featuredmedia":[{"embeddable":true,"href":"https:\/\/mmtest1.top\/index.php?rest_route=\/wp\/v2\/media\/2160"}],"wp:attachment":[{"href":"https:\/\/mmtest1.top\/index.php?rest_route=%2Fwp%2Fv2%2Fmedia&parent=2159"}],"wp:term":[{"taxonomy":"product_cat","embeddable":true,"href":"https:\/\/mmtest1.top\/index.php?rest_route=%2Fwp%2Fv2%2Fproduct_cat&post=2159"},{"taxonomy":"product_tag","embeddable":true,"href":"https:\/\/mmtest1.top\/index.php?rest_route=%2Fwp%2Fv2%2Fproduct_tag&post=2159"}],"curies":[{"name":"wp","href":"https:\/\/api.w.org\/{rel}","templated":true}]}}