{"id":2157,"date":"2024-08-17T13:43:56","date_gmt":"2024-08-17T11:43:56","guid":{"rendered":"https:\/\/mmtest1.top\/?post_type=product&#038;p=2157"},"modified":"2024-08-17T13:43:56","modified_gmt":"2024-08-17T11:43:56","slug":"bronzilla-tonovaci-telovy-olej","status":"publish","type":"product","link":"https:\/\/mmtest1.top\/?product=bronzilla-tonovaci-telovy-olej","title":{"rendered":"Bronzilla &#8211; t\u00f3novac\u00ed telov\u00fd olej"},"content":{"rendered":"<p>Nielen v lete t\u00fa\u017eime po rozjasnen\u00ed a kr\u00e1sne jednotnom, \u017eiarivom t\u00f3ne poko\u017eky cel\u00e9ho tela. S pomocou o\u0161etruj\u00facich telov\u00fdch olejov Bronztone, Firmtone a Bronzilla sa sen stane skuto\u010dnos\u0165ou! T\u00e1to vydaren\u00e1 trojica unik\u00e1tnych kozmetick\u00fdch pomocn\u00edkov je vytvoren\u00e1 pre v\u0161edn\u00fd a v\u00fdnimo\u010dn\u00fd de\u0148, pre skr\u00e1\u0161lenie poko\u017eky a dodanie sebavedomia, rozmazn\u00e1vanie zmyslov a spr\u00edjemnenie ka\u017edej chv\u00edle. \u010ci u\u017e siahnete po t\u00fdchto \u0161pecialitk\u00e1ch jednotlivo, alebo si doprajete \u00fa\u017easn\u00fa trojicu v plnej sile, poko\u017eka sa odv\u010fa\u010d\u00ed zdrav\u00edm, kr\u00e1sne t\u00f3novan\u00fdm a \u017eiariv\u00fdm vzh\u013eadom a skvelou formou!<\/p>\n<p><strong>HLAVN\u00c9 ZLO\u017dKY<\/strong><br \/>\n&gt;\u00a0<strong>kompoz\u00edcia pr\u00edrodn\u00fdch esenci\u00ed s v\u00f4\u0148ou \u010dokol\u00e1dy<\/strong>\u00a0\u2013 sladk\u00e1 a hork\u00e1 z\u00e1rove\u0148, dokonale vyv\u00e1\u017een\u00e1, jemn\u00e1 a zmyseln\u00e1 v\u00f4\u0148a poku\u0161enia<br \/>\n&gt;\u00a0<strong>kokosov\u00fd, mrkvov\u00fd a mel\u00f3nov\u00fd olej<\/strong>\u00a0\u2013 starostlivo vyberan\u00e1 v\u00fdnimo\u010dn\u00e1 kombin\u00e1cia zvl\u00e1\u010d\u0148uj\u00facich a o\u0161etruj\u00facich olejov v organickej kvalite pre dokonal\u00fa podporu regener\u00e1cie a rozjasnenia poko\u017eky<\/p>\n<p><strong>OBSAH<\/strong><br \/>\n150 ml<\/p>\n<p><strong>N\u00c1\u0160 TIP<\/strong><br \/>\nZv\u00fdraznite svoje op\u00e1lenie, za\u017eiarte na spolo\u010denskej udalosti alebo si jednoducho doprajte rozmazn\u00e1vaj\u00facu a zmyseln\u00fa mas\u00e1\u017e a uvo\u013enite sa po n\u00e1ro\u010dnom dni.<br \/>\nAplikujte v\u00fdrobok namiesto v\u00fd\u017eivn\u00e9ho kr\u00e9mu ihne\u010f po sprche \u010di k\u00fapeli, ke\u010f je poko\u017eka e\u0161te jemne vlhk\u00e1, u\u013eah\u010d\u00edte tak vstreb\u00e1vanie a poskytnete jej cenn\u00fa d\u00e1vku \u017eiv\u00edn.<br \/>\nPou\u017eite v\u017edy, ke\u010f t\u00fa\u017eite vynikn\u00fa\u0165 z davu! \ud83d\ude42<\/p>\n<p><strong>ODPOR\u00da\u010cAME KOMBINOVA\u0164<\/strong><br \/>\nV\u00fdrobky Bronztone, Firmtone a Bronzilla sa dokonale dop\u013a\u0148aj\u00fa, preto tvoria tie\u017e ide\u00e1lnu kombin\u00e1ciu pre cielen\u00fa starostlivos\u0165 o poko\u017eku tela. V\u00fdborne ich dopln\u00ed \u013eahk\u00fd sprchovac\u00ed g\u00e9l \u010di kvetov\u00e1 vodi\u010dka, ktorou m\u00f4\u017eete poko\u017eku osvie\u017ei\u0165 bezprostredne pred aplik\u00e1ciou o\u0161etruj\u00faceho oleja.<\/p>\n<p><strong>V\u00d4\u0147A V\u00ddROBKU<\/strong><br \/>\nPoddajn\u00e1 a hrejiv\u00e1 v\u00f4\u0148a \u010dokol\u00e1dov\u00e9ho neba.<\/p>\n<p><strong>FARBA V\u00ddROBKU<\/strong><br \/>\nJemne bronzov\u00fd, hrejiv\u00fd a z\u00e1rove\u0148 ligotav\u00fd odtie\u0148 v\u00fd\u017eivn\u00e9ho oleja sa na poko\u017eku prenesie v\u010faka pr\u00edrodn\u00fdm pigmentom.<\/p>\n<p><strong>KONZISTENCIA V\u00ddROBKU<\/strong><br \/>\nV\u00fdrobok m\u00e1 konzistenciu \u013eahu\u010dk\u00e9ho telov\u00e9ho oleja.<\/p>\n<p><strong>KONZERVA\u010cN\u00dd SYST\u00c9M V\u00ddROBKU A DOBA POU\u017dITIA<\/strong><br \/>\nV\u00fdrobok neobsahuje dr\u00e1\u017ediv\u00e9 konzerva\u010dn\u00e9 l\u00e1tky. Po otvoren\u00ed odpor\u00fa\u010dame spotrebova\u0165 do 9 mesiacov.<\/p>\n<p><strong>OBAL V\u00ddROBKU A N\u00c1VRH NA RECYKL\u00c1CIU<\/strong><br \/>\nOrganick\u00fd o\u0161etruj\u00faci olej je balen\u00fd v recyklovate\u013enej PET f\u013ea\u0161ti\u010dke o objeme 150ml s praktickou pumpi\u010dkou pre pohodln\u00e9 d\u00e1vkovanie. Obal je vratn\u00fd v r\u00e1mci n\u00e1\u0161ho recykla\u010dn\u00e9ho programu.<br \/>\nV pr\u00edpade, \u017ee sa rozhodnete po spotrebovan\u00ed obal v\u00fdrobku vyhodi\u0165, vho\u010fte ho do \u017elt\u00e9ho kontajnera na plastov\u00fd separovan\u00fd odpad.<\/p>\n<p><strong>APLIK\u00c1CIA<\/strong><br \/>\nAko mas\u00e1\u017eny olej: Primeran\u00e9 mno\u017estvo pr\u00edpravku naneste na poko\u017eku, mas\u00e1\u017eou ho rozotrite po jej povrchu a nechajte vstreba\u0165.<br \/>\nAko o\u0161etruj\u00faci telov\u00fd olej: Primeran\u00e9 mno\u017estvo v\u00fdrobku jemn\u00fdmi kr\u00fa\u017eiv\u00fdmi pohybmi naneste na poko\u017eku tela, ide\u00e1lne ihne\u010f po k\u00fapeli \u010di sprchovan\u00ed a nechajte vstreba\u0165.<\/p>\n<p><strong>UPOZORNENIA<\/strong><br \/>\nLen na vonkaj\u0161ie pou\u017eitie. Uchov\u00e1vajte mimo dosahu det\u00ed. Skladujte na chladnom a suchom mieste a nevystavujte priamemu slne\u010dn\u00e9mu \u017eiareniu a mrazu. Nepou\u017e\u00edva\u0165 na otvoren\u00e9 rany. Vyhnite sa oblasti o\u010d\u00ed. Pri zasiahnut\u00ed o\u010d\u00ed vyplachujte vla\u017enou vodou po dobu minim\u00e1lne 15 min\u00fat bez preru\u0161enia smerom od vn\u00fatorn\u00e9ho k\u00fatika k vonkaj\u0161iemu (v pr\u00edpade nosenia kontaktn\u00fdch \u0161o\u0161oviek ich odstr\u00e1ni\u0165 vopred). Ak d\u00f4jde k podr\u00e1\u017edeniu, vyh\u013eadajte lek\u00e1rsku pomoc.<br \/>\nPred prv\u00fdm pou\u017eit\u00edm sa odpor\u00fa\u010da previes\u0165 tzv. Patch test, t. j. aplikova\u0165 a otestova\u0165 kozmetick\u00fd pr\u00edpravok na jeho zn\u00e1\u0161anlivos\u0165 na malej pl\u00f4\u0161ke poko\u017eky, najlep\u0161ie na z\u00e1p\u00e4st\u00ed a po\u010dka\u0165 24h. Touto met\u00f3dou sa m\u00f4\u017ee pred\u00eds\u0165 n\u00e1stupu alergick\u00fdch reakci\u00ed a precitlivenosti na dan\u00fd v\u00fdrobok. Ak po aplik\u00e1cii sa prejav\u00ed alergick\u00e1 reakcia, povrch poko\u017eky zmyte vla\u017enou vodou. V\u00fdrobok okam\u017eite presta\u0148te pou\u017e\u00edva\u0165. Ak alergick\u00e1 reakcia pretrv\u00e1 po dlh\u0161iu dobu vyh\u013eadajte lek\u00e1rsku pomoc.<\/p>\n<p><strong>ZLO\u017dENIE<\/strong><br \/>\nHelianthus Annuus Seed Oil (slne\u010dnicov\u00fd olej)*, Caprylic\/Capric Triglyceride (frakcionovan\u00fd kokosov\u00fd olej), Daucus Carota Sativa Root Extract (mrkva oby\u010dajn\u00e1)*, Citrullus Vulgaris Seed Oil (olej z jadier dyne \u010dervenej)*, Theobroma Cacao Seed Extract, Iron Oxide (miner\u00e1lna farbiaca zlo\u017eka), Tocopherol (antioxidant, vitam\u00edn E)<br \/>\n*certifikovan\u00e1 organick\u00e1 zlo\u017eka<\/p>\n","protected":false},"excerpt":{"rendered":"<p><strong>Unik\u00e1tny o\u0161etruj\u00faci telov\u00fd olej s trblietkami<\/strong>\u00a0a neodolate\u013enou v\u00f4\u0148ou vytvoren\u00fd pre rozmazn\u00e1vanie poko\u017eky a zmyslov.\u00a0<strong>V\u00fdnimo\u010dn\u00e9 pr\u00edrodn\u00e9 zlo\u017eenie bez alkoholu, ropn\u00fdch deriv\u00e1tov a syntetick\u00fdch zlo\u017eiek vo forme parfum\u00e1cie \u010di farb\u00edv obohaten\u00e9 o zvl\u00e1\u010d\u0148uj\u00face rastlinn\u00e9 oleje v organickej kvalite kr\u00e1sne vy\u017eiv\u00ed a podpor\u00ed hydrat\u00e1ciu a zdrav\u00fd vzh\u013ead poko\u017eky<\/strong>. Zregeneruje, podpor\u00ed elasticitu, zjemn\u00ed a o\u0161etr\u00ed aj t\u00fa najsuch\u0161iu poko\u017eku.\u00a0<strong>Navy\u0161e poko\u017eku prevonia lahodnou v\u00f4\u0148ou \u010dokol\u00e1dy, dod\u00e1 \u017eiarivo trblietav\u00fd n\u00e1dych a t\u00fdm rozmazn\u00e1 myse\u013e, zv\u00fdrazn\u00ed op\u00e1lenie a rozjasn\u00ed n\u00e1ladu a poko\u017eku cel\u00e9ho tela.<\/strong><\/p>\n<p><strong>O\u0161etruj\u00faci t\u00f3novac\u00ed telov\u00fd olej Bronzilla je ide\u00e1lny pre v\u0161etky typy poko\u017eky, zvl\u00e1\u0161\u0165 pre such\u00fa a dehydratovan\u00fa, mdl\u00fa a bez \u017eivota.<\/strong><\/p>\n<p>&gt; pr\u00edrodn\u00e9 zlo\u017eenie z organick\u00fdch olejov a esenci\u00e1lnych olejov bez alkoholu a syntetick\u00fdch l\u00e1tok<br \/>\n&gt; recept\u00fara bez ch\u00e9mie nedr\u00e1\u017edi poko\u017eku<br \/>\n&gt; neodolate\u013en\u00fa v\u00f4\u0148u \u010dokol\u00e1dy dod\u00e1vaj\u00fa pr\u00edrodn\u00e9 vonn\u00e9 esencie<br \/>\n&gt; praktick\u00fd obal s pumpi\u010dkou umo\u017e\u0148uje \u013eahk\u00fa aplik\u00e1ciu<br \/>\n&gt; jedine\u010dn\u00e1 v\u00f4\u0148a a \u017eiariv\u00e1 poko\u017eka, ktor\u00fa si skr\u00e1tka zamilujete<\/p>\n<p>150ml<\/p>\n","protected":false},"featured_media":2158,"comment_status":"open","ping_status":"closed","template":"","meta":{"site-sidebar-layout":"default","site-content-layout":"","ast-site-content-layout":"default","site-content-style":"default","site-sidebar-style":"default","ast-global-header-display":"","ast-banner-title-visibility":"","ast-main-header-display":"","ast-hfb-above-header-display":"","ast-hfb-below-header-display":"","ast-hfb-mobile-header-display":"","site-post-title":"","ast-breadcrumbs-content":"","ast-featured-img":"","footer-sml-layout":"","theme-transparent-header-meta":"default","adv-header-id-meta":"","stick-header-meta":"","header-above-stick-meta":"","header-main-stick-meta":"","header-below-stick-meta":"","astra-migrate-meta-layouts":"set","ast-page-background-enabled":"default","ast-page-background-meta":{"desktop":{"background-color":"var(--ast-global-color-4)","background-image":"","background-repeat":"repeat","background-position":"center center","background-size":"auto","background-attachment":"scroll","background-type":"","background-media":"","overlay-type":"","overlay-color":"","overlay-opacity":"","overlay-gradient":""},"tablet":{"background-color":"","background-image":"","background-repeat":"repeat","background-position":"center center","background-size":"auto","background-attachment":"scroll","background-type":"","background-media":"","overlay-type":"","overlay-color":"","overlay-opacity":"","overlay-gradient":""},"mobile":{"background-color":"","background-image":"","background-repeat":"repeat","background-position":"center center","background-size":"auto","background-attachment":"scroll","background-type":"","background-media":"","overlay-type":"","overlay-color":"","overlay-opacity":"","overlay-gradient":""}},"ast-content-background-meta":{"desktop":{"background-color":"var(--ast-global-color-5)","background-image":"","background-repeat":"repeat","background-position":"center center","background-size":"auto","background-attachment":"scroll","background-type":"","background-media":"","overlay-type":"","overlay-color":"","overlay-opacity":"","overlay-gradient":""},"tablet":{"background-color":"var(--ast-global-color-5)","background-image":"","background-repeat":"repeat","background-position":"center center","background-size":"auto","background-attachment":"scroll","background-type":"","background-media":"","overlay-type":"","overlay-color":"","overlay-opacity":"","overlay-gradient":""},"mobile":{"background-color":"var(--ast-global-color-5)","background-image":"","background-repeat":"repeat","background-position":"center center","background-size":"auto","background-attachment":"scroll","background-type":"","background-media":"","overlay-type":"","overlay-color":"","overlay-opacity":"","overlay-gradient":""}}},"product_cat":[30,38,71],"product_tag":[],"class_list":{"0":"post-2157","1":"product","2":"type-product","3":"status-publish","4":"has-post-thumbnail","6":"product_cat-kozmetika","7":"product_cat-telo","8":"product_cat-telove-osetrujuce-oleje","9":"desktop-align-center","10":"tablet-align-center","11":"mobile-align-center","13":"first","14":"instock","15":"taxable","16":"shipping-taxable","17":"purchasable","18":"product-type-simple"},"_links":{"self":[{"href":"https:\/\/mmtest1.top\/index.php?rest_route=\/wp\/v2\/product\/2157","targetHints":{"allow":["GET"]}}],"collection":[{"href":"https:\/\/mmtest1.top\/index.php?rest_route=\/wp\/v2\/product"}],"about":[{"href":"https:\/\/mmtest1.top\/index.php?rest_route=\/wp\/v2\/types\/product"}],"replies":[{"embeddable":true,"href":"https:\/\/mmtest1.top\/index.php?rest_route=%2Fwp%2Fv2%2Fcomments&post=2157"}],"wp:featuredmedia":[{"embeddable":true,"href":"https:\/\/mmtest1.top\/index.php?rest_route=\/wp\/v2\/media\/2158"}],"wp:attachment":[{"href":"https:\/\/mmtest1.top\/index.php?rest_route=%2Fwp%2Fv2%2Fmedia&parent=2157"}],"wp:term":[{"taxonomy":"product_cat","embeddable":true,"href":"https:\/\/mmtest1.top\/index.php?rest_route=%2Fwp%2Fv2%2Fproduct_cat&post=2157"},{"taxonomy":"product_tag","embeddable":true,"href":"https:\/\/mmtest1.top\/index.php?rest_route=%2Fwp%2Fv2%2Fproduct_tag&post=2157"}],"curies":[{"name":"wp","href":"https:\/\/api.w.org\/{rel}","templated":true}]}}