{"id":2155,"date":"2024-08-17T13:37:54","date_gmt":"2024-08-17T11:37:54","guid":{"rendered":"https:\/\/mmtest1.top\/?post_type=product&#038;p=2155"},"modified":"2024-08-17T13:39:51","modified_gmt":"2024-08-17T11:39:51","slug":"kradnes-moje-srdce-organicke-telove-mlieko","status":"publish","type":"product","link":"https:\/\/mmtest1.top\/?product=kradnes-moje-srdce-organicke-telove-mlieko","title":{"rendered":"Kradne\u0161 moje srdce &#8211; organick\u00e9 telov\u00e9 mlieko"},"content":{"rendered":"<p>Ka\u017edodenn\u00e1 starostlivos\u0165 o poko\u017eku pomocou spr\u00e1vne zvolen\u00e9ho pr\u00edrodn\u00e9ho telov\u00e9ho kr\u00e9mu je nevyhnutnos\u0165ou najm\u00e4 v pr\u00edpade suchej \u010di citlivej poko\u017eky n\u00e1chylnej na podr\u00e1\u017edenie vplyvmi okolit\u00e9ho prostredia. Organick\u00fd telov\u00fd jogurt poko\u017eke poskytne jemn\u00e9 av\u0161ak vysoko v\u00fd\u017eivn\u00e9 o\u0161etrenie a poriadnu d\u00e1vku vitam\u00ednov. Hydratuje, zvl\u00e1\u010d\u0148uje a podporuje elasticitu, napom\u00e1ha regener\u00e1cii ko\u017en\u00fdch buniek a pom\u00e1ha predch\u00e1dza\u0165 vysu\u0161ovaniu. \u013dahko a r\u00fdchlo sa rozotiera a vstreb\u00e1va sa bez zanechania pocitu mastnoty. Predstavuje ide\u00e1lne telov\u00e9 mlieko pre v\u0161etky typy poko\u017eky vr\u00e1tane suchej, preto by nemal ch\u00fdba\u0165 v kozmetickej v\u00fdbave va\u0161ej k\u00fape\u013ene \ud83d\ude09<\/p>\n<p><strong>HLAVN\u00c9 ZLO\u017dKY<\/strong><br \/>\n&gt;\u00a0<strong>marhu\u013eov\u00fd olej<\/strong>\u00a0\u2013 jemn\u00fd av\u0161ak v\u00fdnimo\u010dne vy\u017eivuj\u00faci a zvl\u00e1\u010d\u0148uj\u00faci olej\u010dek pln\u00fd vitam\u00ednov, ide\u00e1lny pre starostlivos\u0165 o ka\u017ed\u00fa poko\u017eku<br \/>\n&gt;\u00a0<strong>bambuck\u00e9 maslo<\/strong>\u00a0\u2013 pr\u00edrodn\u00e9 maslo dokonale podporuj\u00face hydrat\u00e1ciu, elasticitu a pevnos\u0165 poko\u017eky<br \/>\n&gt;\u00a0<strong>jojobov\u00fd olej<\/strong>\u00a0\u2013 \u013eahu\u010dk\u00fd rastlinn\u00fd olej vhodn\u00fd pre v\u0161etky typy poko\u017eky vr\u00e1tane jemnej, citlivej \u010di detskej<br \/>\n&gt;<strong>\u00a0<\/strong><strong>olivov\u00fd olej<\/strong>\u00a0&#8211; vy\u017eivuje a napom\u00e1ha udr\u017eiava\u0165 mladistv\u00fd vzh\u013ead a dobr\u00fa kond\u00edciu<\/p>\n<p><strong>OBSAH<\/strong><br \/>\n250 ml<\/p>\n<p><strong>N\u00c1\u0160 TIP<\/strong><br \/>\nTelov\u00fd jogurt nan\u00e1\u0161ajte v malom mno\u017estve a vmas\u00edrujte kr\u00fa\u017eiv\u00fdmi pohybmi. \u013dahko a r\u00fdchlo sa tak vstrebe a poko\u017eku zanech\u00e1 skuto\u010dne jemn\u00fa a hydratovan\u00fa.<br \/>\nPou\u017eite telov\u00fd jogurt namiesto \u013eahk\u00e9ho nemastn\u00e9ho kr\u00e9mu na ruky pre zjemnenie drsnej poko\u017eky, alebo n\u00edm nahra\u010fte kr\u00e9mik na nohy, lakte, \u010di in\u00e9 such\u00e9 partie.<\/p>\n<p><strong>ODPOR\u00da\u010cAME KOMBINOVA\u0164<\/strong><br \/>\nTelov\u00fd jogurt v ob\u013e\u00fabenej v\u00f4ni m\u00f4\u017eete kombinova\u0165 s ktor\u00fdmiko\u013evek v\u00fdrobkami Soaphoria. Zvl\u00e1\u0161\u0165 v\u0161ak odpor\u00fa\u010dame rozhliadnu\u0165 sa po sprchovacom g\u00e9li, kr\u00e9me \u010di pene pre e\u0161te lep\u0161\u00ed z\u00e1\u017eitok z unik\u00e1tnej vonnej kompoz\u00edcie \ud83d\ude09<\/p>\n<p><strong>APLIK\u00c1CIA<\/strong><\/p>\n<p>Primeran\u00e9 mno\u017estvo naneste na poko\u017eku a nechajte vstreba\u0165.<\/p>\n<p><strong>V\u00d4\u0147A V\u00ddROBKU<\/strong><br \/>\nVonn\u00e1 kompoz\u00edcia exotickej du\u0161e<\/p>\n<p><strong>UPOZORNENIA<\/strong><br \/>\nUr\u010den\u00e9 na ka\u017edodenn\u00e9 pou\u017eitie. Len na vonkaj\u0161ie pou\u017eitie. Uchov\u00e1vajte mimo dosahu det\u00ed. Skladujte na chladnom a suchom mieste a nevystavujte priamemu slne\u010dn\u00e9mu \u017eiareniu a mrazu. Nepou\u017e\u00edva\u0165 na otvoren\u00e9 rany. Vyhnite sa oblasti o\u010d\u00ed. Pri zasiahnut\u00ed o\u010d\u00ed vyplachujte vla\u017enou vodou po dobu minim\u00e1lne 15 min\u00fat bez preru\u0161enia smerom od vn\u00fatorn\u00e9ho k\u00fatika k vonkaj\u0161iemu (v pr\u00edpade nosenia kontaktn\u00fdch \u0161o\u0161oviek ich odstr\u00e1ni\u0165 vopred). Ak d\u00f4jde k podr\u00e1\u017edeniu, vyh\u013eadajte lek\u00e1rsku pomoc.<br \/>\nPred prv\u00fdm pou\u017eit\u00edm sa odpor\u00fa\u010da previes\u0165 tzv. Patch test, t. j. aplikova\u0165 a otestova\u0165 kozmetick\u00fd pr\u00edpravok na jeho zn\u00e1\u0161anlivos\u0165 na malej pl\u00f4\u0161ke poko\u017eky, najlep\u0161ie na z\u00e1p\u00e4st\u00ed a po\u010dka\u0165 24h. Touto met\u00f3dou sa m\u00f4\u017ee pred\u00eds\u0165 n\u00e1stupu alergick\u00fdch reakci\u00ed a precitlivenosti na dan\u00fd v\u00fdrobok. Ak po aplik\u00e1cii sa prejav\u00ed alergick\u00e1 reakcia, povrch poko\u017eky zmyte vla\u017enou vodou. V\u00fdrobok okam\u017eite presta\u0148te pou\u017e\u00edva\u0165. Ak alergick\u00e1 reakcia pretrv\u00e1 po dlh\u0161iu dobu vyh\u013eadajte lek\u00e1rsku pomoc.<\/p>\n<p><strong>ZLO\u017dENIE<\/strong><br \/>\nAqua, Simmondsia Chinensis Seed Oil, Cocos Nucifera Oil, Helianthus Annuus Seed Oil, Cetaryl Alcohol, Coco \u2013 Glucoside, Butyrospermum Parkii Butter, Natural Aroma (Blend of Natural Aromas and Essencial Oils), Xanthan Gum, Prunus Armeniaca Kernel Oil, Aloe Barbadensis Leaf Juice Powder, Ethylhexylglycerin, Tocopherol, Lactic Acid, Mica, Limonene, Linalool, Hexyl Cinnamal, Citronellol<\/p>\n","protected":false},"excerpt":{"rendered":"<p><strong>\u013dahu\u010dk\u00e9 telov\u00e9 mlieko pr\u00edrodn\u00e9ho zlo\u017eenia<\/strong>\u00a0obohaten\u00e9ho o\u00a0<strong>vz\u00e1cne organick\u00e9 rastlinn\u00e9 oleje<\/strong>\u00a0kr\u00e1sne\u00a0<strong>hydratuje, zjemn\u00ed a zvl\u00e1\u010dni dehydratovan\u00fa, such\u00fa a sm\u00e4dn\u00fa poko\u017eku.<\/strong>\u00a0V\u010faka\u00a0<strong>jemnej konzistencii nabitej v\u00fd\u017eivn\u00fdmi zlo\u017ekami<\/strong>\u00a0sa\u00a0<strong>\u013eahko rozotiera a r\u00fdchlo vstreb\u00e1va bez zanechania pocitu mastnoty<\/strong>. O\u0161etruj\u00faci telov\u00fd jogurt je\u00a0<strong>zvl\u00e1\u0161\u0165 vhodn\u00fd pre such\u00fa a citliv\u00fa poko\u017eku<\/strong>, ktor\u00fa\u00a0<strong>z\u00e1sob\u00ed vitam\u00ednmi a poskytne jej skvel\u00e9 hydrata\u010dn\u00e9 \u00fa\u010dinky<\/strong>, podpor\u00ed regener\u00e1ciu a elasticitu.\u00a0<strong>Vy\u017eivuj\u00face bambuck\u00e9 maslo a hydrata\u010dn\u00e1 \u0161\u0165ava z aloe vera<\/strong>\u00a0s\u00fa ide\u00e1lnymi prostriedkami pre\u00a0<strong>starostlivos\u0165 o jemn\u00fa poko\u017eku n\u00e1chyln\u00fa na podr\u00e1\u017edenie<\/strong>. Pridan\u00e9\u00a0<strong>esenci\u00e1lne oleje pr\u00edrodn\u00e9ho p\u00f4vodu sa postaraj\u00fa o \u00fa\u017easn\u00fa v\u00f4\u0148u<\/strong>, ktor\u00fa si u\u017eijete hodiny a hodiny po o\u0161etren\u00ed poko\u017eky telov\u00fdm jogurtom \ud83d\ude42 V\u00fdrobok\u00a0<strong>nahrad\u00ed i jemn\u00fd regenera\u010dn\u00fd kr\u00e9m na ruky a bez probl\u00e9mov sa postar\u00e1 i o such\u00e9 chodidl\u00e1 \u010di lakte.<\/strong>\u00a0Sta\u010d\u00ed si vybra\u0165 svoju ob\u013e\u00faben\u00fa v\u00f4\u0148u a u\u017e\u00edva\u0165 si \u00fa\u017easne jemn\u00fa a vy\u017eiven\u00fa poko\u017eku \ud83d\ude09<\/p>\n<p>Organick\u00fd telov\u00fd jogurt je ide\u00e1lny\u00a0<strong>pre ka\u017edodenn\u00e9 pou\u017eitie a vhodn\u00fd pre v\u0161etky typy poko\u017eky, najm\u00e4 v\u0161ak such\u00fa, dehydratovan\u00fa a sm\u00e4dn\u00fa.<\/strong><\/p>\n<p>&gt; \u013eahk\u00e9 a nemastn\u00e9 pr\u00edrodn\u00e9 zlo\u017eenie o\u0161etruj\u00faceho telov\u00e9ho jogurtu vy\u017eivuje, hydratuje a zjem\u0148uje v\u0161etky typy poko\u017eky<br \/>\n&gt; pridan\u00e9 vz\u00e1cne organick\u00e9 oleje ako s\u00fa kokosov\u00fd, jojobov\u00fd a marhu\u013eov\u00fd spolu s bambuck\u00fdm maslom poskytn\u00fa d\u00e1vku vitam\u00ednov a prospe\u0161n\u00fdch l\u00e1tok pre udr\u017eanie zdravia a elasticity poko\u017eky<br \/>\n&gt; telov\u00fd jogurt jemnej konzistencie a zlo\u017eenia sa \u013eahko a r\u00fdchlo vstreb\u00e1va bez zanechania mastn\u00e9ho filmu, pri\u010dom chr\u00e1ni poko\u017eku pred vplyvmi okolit\u00e9ho prostredia<br \/>\n&gt; starostlivo vyberan\u00e9 vonn\u00e9 zlo\u017eky v podobe esenci\u00e1lnych olejov prevo\u0148aj\u00fa poko\u017eku a pozdvihn\u00fa n\u00e1ladu<br \/>\n&gt; telov\u00fd jogurt predstavuje ide\u00e1lne telov\u00e9 mlieko pre o\u0161etrenie suchej, dehydratovanej a sm\u00e4dnej poko\u017eky<\/p>\n<p>&gt; VEGAN TELOV\u00c9 MLIEKO<br \/>\n&gt; OMAMN\u00c1 EXOTICK\u00c1 V\u00d4\u0147A<br \/>\n&gt; PRE V\u0160ETKY TYPY POKO\u017dKY<br \/>\n&gt;\u00a0\u013dAHKO SA VSTREB\u00c1VA<\/p>\n<p>250ml<\/p>\n","protected":false},"featured_media":2156,"comment_status":"open","ping_status":"closed","template":"","meta":{"site-sidebar-layout":"default","site-content-layout":"","ast-site-content-layout":"default","site-content-style":"default","site-sidebar-style":"default","ast-global-header-display":"","ast-banner-title-visibility":"","ast-main-header-display":"","ast-hfb-above-header-display":"","ast-hfb-below-header-display":"","ast-hfb-mobile-header-display":"","site-post-title":"","ast-breadcrumbs-content":"","ast-featured-img":"","footer-sml-layout":"","theme-transparent-header-meta":"default","adv-header-id-meta":"","stick-header-meta":"","header-above-stick-meta":"","header-main-stick-meta":"","header-below-stick-meta":"","astra-migrate-meta-layouts":"set","ast-page-background-enabled":"default","ast-page-background-meta":{"desktop":{"background-color":"var(--ast-global-color-4)","background-image":"","background-repeat":"repeat","background-position":"center center","background-size":"auto","background-attachment":"scroll","background-type":"","background-media":"","overlay-type":"","overlay-color":"","overlay-opacity":"","overlay-gradient":""},"tablet":{"background-color":"","background-image":"","background-repeat":"repeat","background-position":"center center","background-size":"auto","background-attachment":"scroll","background-type":"","background-media":"","overlay-type":"","overlay-color":"","overlay-opacity":"","overlay-gradient":""},"mobile":{"background-color":"","background-image":"","background-repeat":"repeat","background-position":"center center","background-size":"auto","background-attachment":"scroll","background-type":"","background-media":"","overlay-type":"","overlay-color":"","overlay-opacity":"","overlay-gradient":""}},"ast-content-background-meta":{"desktop":{"background-color":"var(--ast-global-color-5)","background-image":"","background-repeat":"repeat","background-position":"center center","background-size":"auto","background-attachment":"scroll","background-type":"","background-media":"","overlay-type":"","overlay-color":"","overlay-opacity":"","overlay-gradient":""},"tablet":{"background-color":"var(--ast-global-color-5)","background-image":"","background-repeat":"repeat","background-position":"center center","background-size":"auto","background-attachment":"scroll","background-type":"","background-media":"","overlay-type":"","overlay-color":"","overlay-opacity":"","overlay-gradient":""},"mobile":{"background-color":"var(--ast-global-color-5)","background-image":"","background-repeat":"repeat","background-position":"center center","background-size":"auto","background-attachment":"scroll","background-type":"","background-media":"","overlay-type":"","overlay-color":"","overlay-opacity":"","overlay-gradient":""}}},"product_cat":[30,38,39],"product_tag":[],"class_list":{"0":"post-2155","1":"product","2":"type-product","3":"status-publish","4":"has-post-thumbnail","6":"product_cat-kozmetika","7":"product_cat-telo","8":"product_cat-telove-kremy-a-mlieka","9":"desktop-align-center","10":"tablet-align-center","11":"mobile-align-center","13":"first","14":"instock","15":"taxable","16":"shipping-taxable","17":"purchasable","18":"product-type-simple"},"_links":{"self":[{"href":"https:\/\/mmtest1.top\/index.php?rest_route=\/wp\/v2\/product\/2155","targetHints":{"allow":["GET"]}}],"collection":[{"href":"https:\/\/mmtest1.top\/index.php?rest_route=\/wp\/v2\/product"}],"about":[{"href":"https:\/\/mmtest1.top\/index.php?rest_route=\/wp\/v2\/types\/product"}],"replies":[{"embeddable":true,"href":"https:\/\/mmtest1.top\/index.php?rest_route=%2Fwp%2Fv2%2Fcomments&post=2155"}],"wp:featuredmedia":[{"embeddable":true,"href":"https:\/\/mmtest1.top\/index.php?rest_route=\/wp\/v2\/media\/2156"}],"wp:attachment":[{"href":"https:\/\/mmtest1.top\/index.php?rest_route=%2Fwp%2Fv2%2Fmedia&parent=2155"}],"wp:term":[{"taxonomy":"product_cat","embeddable":true,"href":"https:\/\/mmtest1.top\/index.php?rest_route=%2Fwp%2Fv2%2Fproduct_cat&post=2155"},{"taxonomy":"product_tag","embeddable":true,"href":"https:\/\/mmtest1.top\/index.php?rest_route=%2Fwp%2Fv2%2Fproduct_tag&post=2155"}],"curies":[{"name":"wp","href":"https:\/\/api.w.org\/{rel}","templated":true}]}}