{"id":2121,"date":"2024-08-17T11:55:17","date_gmt":"2024-08-17T09:55:17","guid":{"rendered":"https:\/\/mmtest1.top\/?post_type=product&#038;p=2121"},"modified":"2024-08-17T11:55:56","modified_gmt":"2024-08-17T09:55:56","slug":"muz-organicke-telove-sufle","status":"publish","type":"product","link":"https:\/\/mmtest1.top\/?product=muz-organicke-telove-sufle","title":{"rendered":"Mu\u017e &#8211; organick\u00e9 telov\u00e9 sufl\u00e9\u00ae"},"content":{"rendered":"<p>Najv\u00e4\u010d\u0161\u00edm org\u00e1nom n\u00e1\u0161ho tela je na\u0161a ko\u017ea, ktor\u00e1 pln\u00ed hne\u010f nieko\u013eko d\u00f4le\u017eit\u00fdch funkci\u00ed, no v prvom rade chr\u00e1ni n\u00e1\u0161 organizmus pred vplyvmi okolit\u00e9ho prostredia. Denne je vystavovan\u00e1 mno\u017estvu faktorov, s ktor\u00fdmi mus\u00ed zabojova\u0165 a ktor\u00e9 ju m\u00f4\u017eu i nepr\u00edjemne potr\u00e1pi\u0165. Sprostredkov\u00e1va n\u00e1m kontakt s r\u00f4znymi cudz\u00edmi predmetmi, vystavujeme ju slnie\u010dku a ob\u010das ju m\u00f4\u017eeme jednoducho podr\u00e1\u017edi\u0165 napr\u00edklad aj nevhodne zvolen\u00fdm \u010di tesnej\u0161\u00edm oble\u010den\u00edm. V\u00e1\u017eme si svoju poko\u017eku, chr\u00e1\u0148me ju a o\u0161etrujme adekv\u00e1tnou starostlivos\u0165ou, ktor\u00e1 ju upokoj\u00ed, vy\u017eiv\u00ed, podpor\u00ed jej regener\u00e1ciu, zjemn\u00ed ju a navy\u0161e poskytne unik\u00e1tny z\u00e1\u017eitok pri ka\u017edom pou\u017eit\u00ed.<\/p>\n<p><strong>HLAVN\u00c9 ZLO\u017dKY<\/strong><br \/>\n&gt;\u00a0<strong>bambuck\u00e9 maslo<\/strong>\u00a0&#8211; v\u010faka vysok\u00e9mu obsahu vitam\u00ednov pom\u00e1ha udr\u017eiava\u0165 poko\u017eku jemn\u00fa a hydratovan\u00fa, zlep\u0161uje jej elasticitu a ur\u00fdch\u013euje regener\u00e1ciu<br \/>\n&gt;\u00a0<strong>kakaov\u00e9 maslo<\/strong>\u00a0&#8211; maslo s vysok\u00fdm podielom antioxidantov chr\u00e1ni poko\u017eku pred dehydrat\u00e1ciou, vy\u017eivuje ju a zabra\u0148uje jej starnutiu.<br \/>\n&gt;\u00a0<strong>kokosov\u00fd olej<\/strong>\u00a0&#8211; pln\u00fd antioxidantov a zvl\u00e1\u010d\u0148uj\u00facich zlo\u017eiek pom\u00e1ha udr\u017eiava\u0165 poko\u017eku po cel\u00fd de\u0148 zamatovo hebk\u00fa a hydratovan\u00fa<br \/>\n&gt;\u00a0<strong>olivov\u00fd olej<\/strong>\u00a0&#8211; predstavuje bohat\u00fd zdroj vitam\u00ednov a prospe\u0161n\u00fdch nenas\u00fdten\u00fdch mastn\u00fdch kysel\u00edn, v\u010faka ktor\u00fdm poko\u017eka ost\u00e1va mladistv\u00e1 a \u017eiariv\u00e1<\/p>\n<p><strong>OBSAH<\/strong><br \/>\n125ml\/255ml<\/p>\n<p><strong>N\u00c1\u0160 TIP<\/strong><br \/>\nTelov\u00e9 sufl\u00e9 uchov\u00e1vajte na chladnej\u0161om mieste, chr\u00e1\u0148te ho pred priamym slne\u010dn\u00fdm \u017eiaren\u00edm a nevystavujte teplot\u00e1m vy\u0161\u0161\u00edm ne\u017e 25\u00b0C.<br \/>\nPre e\u0161te lep\u0161\u00ed z\u00e1\u017eitok vmas\u00edrujte telov\u00e9 sufl\u00e9 do e\u0161te vlhkej poko\u017eky po k\u00fapeli \u010di sprchovan\u00ed.<br \/>\nO\u0161etruj\u00face zlo\u017eenie bez obsahu syntetick\u00fdch l\u00e1tok ocen\u00ed aj obzvl\u00e1\u0161\u0165 jemn\u00e1 \u010di such\u00e1 poko\u017eka.<\/p>\n<p><strong>ODPOR\u00da\u010cAME KOMBINOVA\u0164<\/strong><br \/>\nOrganick\u00e9 v\u00fd\u017eivn\u00e9 telov\u00e9 sufl\u00e9 odpor\u00fa\u010dame kombinova\u0165 s v\u00fdrobkami va\u0161ej ob\u013e\u00fabenej vonnej ed\u00edcie.<br \/>\nV letn\u00fdch mesiacoch odpor\u00fa\u010dame telov\u00e9 sufl\u00e9 do\u010dasne nahradi\u0165 alternat\u00edvnymi v\u00fdrobkami v podobe telov\u00e9ho jogurtu \u010di telovej many, bambuck\u00e9ho masla, kokosov\u00e9ho oleja \u010di va\u0161im ob\u013e\u00faben\u00fdm telov\u00fdm o\u0161etruj\u00facim olejom.<\/p>\n<p><strong>SPOZNAJ PR\u00cdBEH TVOJHO SUFL\u00c9<\/strong><br \/>\nJednoducho naskenuj QR k\u00f3d, ktor\u00fd n\u00e1jde\u0161 priamo na obale v\u00fdrobku a zisti, kto a kedy Tvoje sufl\u00e9 vyrobil, odkia\u013e poch\u00e1dzaj\u00fa jeho suroviny a \u010d\u00edm je tento v\u00fdrobok unik\u00e1tny.<\/p>\n<p><strong>V\u00d4\u0147A V\u00ddROBKU<\/strong><br \/>\nAfrodiziak\u00e1lna svie\u017ea a povzbuduj\u00faca p\u00e1nska v\u00f4\u0148a s mierne korenist\u00fdm z\u00e1verom. Prvotn\u00e9 t\u00f3ny bergamotu, m\u00e4ty piepornej a g\u00e1fra ud\u00e1vaj\u00fa charakteristick\u00fa kompoz\u00edciu, ktor\u00e1 sa prehlbuje \u010drtami ger\u00e1nia a levandule. Cel\u00fa kompoz\u00edciu dola\u010fuj\u00fa machov\u00e9 t\u00f3ny koriandra a tajomn\u00e9 santalov\u00e9 a c\u00e9drov\u00e9 drevo.<\/p>\n<p><strong>FARBA V\u00ddROBKU<\/strong><br \/>\nV\u00fdrobok m\u00e1 modrast\u00fd n\u00e1dych.<\/p>\n<p><strong>KONZISTENCIA V\u00ddROBKU<\/strong><br \/>\nUnik\u00e1tna konzistencia pripom\u00edna \u0161\u013eaha\u010dku. Jemne na\u0161\u013eahan\u00e9 penov\u00e9 telov\u00e9 maslo je v\u010faka svojej konzistencii n\u00e1chyln\u00e9 na zv\u00fd\u0161en\u00e9 teploty, odpor\u00fa\u010dame preto dodr\u017eiava\u0165 odpor\u00fa\u010dan\u00e9 pokyny na skladovanie.<\/p>\n<p><strong>KONZERVA\u010cN\u00dd SYST\u00c9M V\u00ddROBKU A DOBA POU\u017dITIA<\/strong><br \/>\nOrganick\u00e9 telov\u00e9 sufl\u00e9 nevy\u017eaduje pou\u017eitie konzerva\u010dn\u00fdch l\u00e1tok a predsa je v\u00fdrobok stabiln\u00fd. Po otvoren\u00ed odpor\u00fa\u010dame spotrebova\u0165 do 6 mesiacov.<\/p>\n<p><strong>OBAL V\u00ddROBKU A N\u00c1VRH NA RECYKL\u00c1CIU<\/strong><br \/>\nProdukt je balen\u00fd v ekologickom sklenom obale s praktick\u00fdm tesniacim uz\u00e1verom. Sklo predstavuje odoln\u00fd inertn\u00fd materi\u00e1l, v\u010faka \u010domu je obsah v\u00fdrobku chr\u00e1nen\u00fd. Navy\u0161e je sklen\u00e9 balenie mo\u017en\u00e9 op\u00e4tovne vyu\u017ei\u0165 v dom\u00e1cnosti alebo plnohodnotne recyklova\u0165.<br \/>\nObal v\u00fdrobku je vratn\u00fd v r\u00e1mci n\u00e1\u0161ho\u00a0<a href=\"https:\/\/www.soaphoria.sk\/sk\/info\/recyklacny-program-17\">recykla\u010dn\u00e9ho programu<\/a>.<br \/>\nV pr\u00edpade, \u017ee sa rozhodnete obal v\u00fdrobku vyhodi\u0165, vho\u010fte ho do zelen\u00e9ho kontajnera ur\u010den\u00e9ho na zber sklen\u00e9ho odpadu.<br \/>\nVyberte si svoju ve\u013ekos\u0165 &#8211; v\u00fdrobok je dostupn\u00fd vo variantoch 125ml alebo v XXL 255ml preveden\u00ed.<\/p>\n<p><strong>APLIK\u00c1CIA<\/strong><br \/>\nPr\u00edpravok nan\u00e1\u0161ajte v primeranom mno\u017estve na poko\u017eku a kr\u00fa\u017eiv\u00fdmi pohybmi vmas\u00edruje do nej a\u017e do doby vstrebania. Najlep\u0161ie v\u00fdsledky docielite, ak v\u00fdrobok pou\u017eijete na vlhk\u00fa poko\u017eku po k\u00fapeli, \u010d\u00edm sa stimuluje tvorba nov\u00fdch aquapor\u00ednov a zlep\u0161uje cirkul\u00e1cia vody v poko\u017eke.<\/p>\n<p><strong>UPOZORNENIA<\/strong><br \/>\nUr\u010den\u00e9 na ka\u017edodenn\u00e9 pou\u017eitie. Uchov\u00e1vajte mimo dosahu det\u00ed. Skladujte na chladnom a suchom mieste, pri teplote do +25\u00b0C a nevystavujte priamemu slne\u010dn\u00e9mu \u017eiareniu a mrazu. Nepou\u017e\u00edva\u0165 na otvoren\u00e9 rany. Pri zasiahnut\u00ed o\u010d\u00ed vyplachujte vla\u017enou vodou po dobu minim\u00e1lne 15 min\u00fat bez preru\u0161enia smerom od vn\u00fatorn\u00e9ho k\u00fatika k vonkaj\u0161iemu (v pr\u00edpade nosenia kontaktn\u00fdch \u0161o\u0161oviek ich odstr\u00e1ni\u0165 vopred). Ak d\u00f4jde k podr\u00e1\u017edeniu, vyh\u013eadajte lek\u00e1rsku pomoc.<br \/>\nPred prv\u00fdm pou\u017eit\u00edm sa odpor\u00fa\u010da previes\u0165 tzv. Patch test, t. j. aplikova\u0165 a otestova\u0165 kozmetick\u00fd pr\u00edpravok na jeho zn\u00e1\u0161anlivos\u0165 na malej pl\u00f4\u0161ke poko\u017eky, najlep\u0161ie na z\u00e1p\u00e4st\u00ed a po\u010dka\u0165 24h. Touto met\u00f3dou sa m\u00f4\u017ee pred\u00eds\u0165 n\u00e1stupu alergick\u00fdch reakci\u00ed a precitlivenosti na dan\u00fd v\u00fdrobok. U os\u00f4b s intoleranciou alebo alergiou na orechy sa v ojedinel\u00fdch pr\u00edpadoch m\u00f4\u017ee prejavi\u0165 alergick\u00e1 reakcia na v\u00fdrobok. Ak po aplik\u00e1cii sa prejav\u00ed alergick\u00e1 reakcia, povrch poko\u017eky zmyte vla\u017enou vodou. V\u00fdrobok okam\u017eite presta\u0148te pou\u017e\u00edva\u0165. Ak alergick\u00e1 reakcia pretrv\u00e1 po dlh\u0161iu dobu vyh\u013eadajte lek\u00e1rsku pomoc.<\/p>\n<p><strong>ZLO\u017dENIE<\/strong><br \/>\nCocos Nucifera Oil (kokosov\u00fd olej)*, Butyrospermum Parkii Butter (bambuck\u00e9 maslo)*, Theobroma Cacao Seed Butter (kakaov\u00e9 maslo)*, Olea Europaea Fruit Oil (olivov\u00fd olej)*, Citrus Aurantium Bergamia Fruit Oil (citr\u00f3novn\u00edk bergamotov\u00fd)*, Mentha Piperita Oil (m\u00e4ta pieporn\u00e1 olej)*, Cinnamomum Camphora Wood Extract (g\u00e1frovn\u00edk lek\u00e1rsky)*, Pelargonium Graveolens Oil (mu\u0161k\u00e1t omamn\u00fd olej)*, Lavandula Angustifolia Oil (levandu\u013ea lek\u00e1rska)*, Coriandrum Sativum Oil (koriander siaty olej)*, Santalum Album Oil (santalovn\u00edk biely olej)*, Cedrus Atlantica Bark Oil (c\u00e9der atlantsk\u00fd)* Tocopherol (vitam\u00edn E), \u00a0Indigofera Tinctoria leaf, ***Citronellol, ***Geraniol, ***Linalool<\/p>\n<p>*certifikovan\u00e1 organick\u00e1 zlo\u017eka<br \/>\n***vyskytuj\u00face sa prirodzene v esenci\u00e1lnych olejoch<\/p>\n","protected":false},"excerpt":{"rendered":"<p><strong>V\u00fd\u017eivn\u00fd telov\u00fd kr\u00e9m<\/strong>\u00a0delik\u00e1tnej konzistencie predstavuje skuto\u010dn\u00fa lah\u00f4dku pre poko\u017eku.\u00a0<strong>Unik\u00e1tne \u0161\u013eahan\u00e9 telov\u00e9 maslo vytvoren\u00e9 z t\u00fdch najlep\u0161\u00edch pr\u00edrodn\u00fdch ingredienci\u00ed<\/strong>\u00a0poskytuje dokonal\u00fa d\u00e1vku v\u00fd\u017eivy a obzvl\u00e1\u0161\u0165 zjem\u0148uj\u00facu starostlivos\u0165.\u00a0<strong>Obsahuje v\u00fdhradne ekocertifikovan\u00e9 suroviny<\/strong>, ktor\u00e9 s\u00fa spracov\u00e1van\u00e9 \u0161etrn\u00fdm sp\u00f4sobom, aby tak va\u0161ej poko\u017eke dok\u00e1zali odovzda\u0165 len to najlep\u0161ie.\u00a0<strong>Organick\u00e9 bambuck\u00e9 a kakaov\u00e9 maslo dokonale vy\u017eivia aj t\u00fa najsuch\u0161iu poko\u017eku. Kokosov\u00fd a olivov\u00fd olej o\u0161etria a zjemnia, upokoja pr\u00edpadn\u00e9 podr\u00e1\u017edenie a podporia elasticitu<\/strong>. \u0160\u013eahan\u00fd telov\u00fd kr\u00e9m je l\u00e1skou na prv\u00fd dotyk &#8211;\u00a0<strong>zamilujte si telov\u00e9 sufl\u00e9 aj vy \ud83d\ude42<\/strong><\/p>\n<p>V\u00fd\u017eivn\u00e9 telov\u00e9 sufl\u00e9 sa dokonale postar\u00e1 o\u00a0<strong>cel\u00e9 telo a o v\u0161etky typy poko\u017eky.<\/strong><\/p>\n<p><strong>\u00a0NA \u010cO SA M<\/strong><b>\u00d4\u017dETE<\/b><strong>\u00a0TE\u0160I\u0164 PRI POU\u017d\u00cdVAN\u00cd SUFL\u00c9?\u00a0<\/strong><br \/>\nHne\u010f po prvom pou\u017eit\u00ed v\u00e1s prekvap\u00ed<strong>\u00a0vy\u017eiven\u00e1 poko\u017eka jemn\u00e1 na dotyk<\/strong>\u00a0a pote\u0161\u00ed pr\u00edjemn\u00e1 dlhotrvaj\u00faca v\u00f4\u0148a. Telov\u00e9 sufl\u00e9\u00a0<strong>uzamkne v poko\u017eke vlhkos\u0165<\/strong>, v\u010faka \u010domu si\u00a0<strong>u\u017eijete pocit hodv\u00e1bnej hebkosti dlh\u0161ie<\/strong>\u00a0ako kedyko\u013evek predt\u00fdm. Pri pravidelnom pou\u017e\u00edvan\u00ed sufl\u00e9\u010dka\u00a0<strong>sa rozl\u00fa\u010dite so suchos\u0165ou, drsnou poko\u017ekou a \u0161upinkami<\/strong>. \u010coskoro si v\u0161imnete\u00a0<strong>celkov\u00e9 zlep\u0161enie<\/strong>\u00a0kond\u00edcie va\u0161ej poko\u017eky, ktor\u00e1 bude vyzera\u0165\u00a0<strong>zdravo a bude pru\u017enej\u0161ia<\/strong>.<\/p>\n<p>&gt; \u0161\u013eahan\u00e9 telov\u00e9 maslo neuverite\u013ene jemnej konzistencie premen\u00ed denn\u00fa rutinu starostlivosti o poko\u017eku na v\u00fdnimo\u010dn\u00fd z\u00e1\u017eitok<br \/>\n&gt; zjem\u0148uj\u00face, zvl\u00e1\u010d\u0148uj\u00face a v\u00fd\u017eivn\u00e9 vlastnosti ocen\u00ed ka\u017ed\u00fd typ poko\u017eky vr\u00e1tane suchej, citlivej \u010di extr\u00e9mne dehydratovanej<br \/>\n&gt; o\u0161etruj\u00face zlo\u017eenie bez pr\u00eddavku vodnej zlo\u017eky zanech\u00e1 na poko\u017eke pr\u00edjemn\u00fd olejovo-mlie\u010dny ochrann\u00fd film<br \/>\n&gt; podporuje regener\u00e1ciu, pri aplik\u00e1cii na mierne vlhk\u00fa poko\u017eku z\u00e1rove\u0148 napom\u00e1ha udr\u017eiava\u0165 poko\u017eku hydratovan\u00fa a predch\u00e1dza\u0165 jej vysu\u0161ovaniu<br \/>\n&gt; &#8222;\u0161\u013eaha\u010dkov\u00e1&#8220; konzistencia telov\u00e9ho sufl\u00e9 je n\u00e1chyln\u00e1 na vy\u0161\u0161ie teploty, preto v\u00fdrobok odpor\u00fa\u010dame skladova\u0165 pri teplot\u00e1ch do 25\u00b0C a v letnom obdob\u00ed vysk\u00fa\u0161a\u0165 niektor\u00fa z jeho alternat\u00edv &#8211; telov\u00fa manu, telov\u00fd jogurt, bambuck\u00e9 maslo \u010di kokosov\u00fd olej<\/p>\n<p><strong>UPOZORNENIE:\u00a0<\/strong>Vzh\u013eadom na vysok\u00e9 teploty, ktor\u00e9 m\u00f4\u017eu nepriaznivo ovplyvni\u0165 konzistenciu milovan\u00e9ho telov\u00e9ho sufl\u00e9,\u00a0<strong>odpor\u00fa\u010dame pre letn\u00e9 obdobie da\u0165 prednos\u0165 niektor\u00e9mu z v\u00fdrobkov kateg\u00f3ri\u00ed telov\u00e9 many, telov\u00e9 jogurty, univerz\u00e1lne balzamy, kokosov\u00e9 oleje \u010di bambuck\u00e9 masl\u00e1.<\/strong>\u00a0<strong>V pr\u00edpade zmeny konzistencie<\/strong>\u00a0telov\u00e9ho sufl\u00e9 vplyvom vysok\u00fdch tepl\u00f4t\u00a0<strong>je v\u00fdrobok \u010falej mo\u017en\u00e9 pou\u017e\u00edva\u0165<\/strong>\u00a0bez sebemen\u0161\u00edch ob\u00e1v, av\u0161ak\u00a0<strong>vzh\u013eadom na odpor\u00fa\u010dan\u00fa teplotu skladovania do 25\u00b0C, nie je mo\u017en\u00e9 ho reklamova\u0165.<\/strong><\/p>\n<p>&gt; VEGAN \u0160\u013dAHAN\u00dd TELOV\u00dd KR\u00c9M<br \/>\n&gt; POVZBUDZUJ\u00daCA P\u00c1NSKA V\u00d4\u0147A<br \/>\n&gt; V\u00ddNIMO\u010cN\u00dd Z\u00c1\u017dITOK<br \/>\n&gt;\u00a0VY\u017dIVUJE A O\u0160ETRUJE<\/p>\n","protected":false},"featured_media":2124,"comment_status":"open","ping_status":"closed","template":"","meta":{"site-sidebar-layout":"default","site-content-layout":"","ast-site-content-layout":"default","site-content-style":"default","site-sidebar-style":"default","ast-global-header-display":"","ast-banner-title-visibility":"","ast-main-header-display":"","ast-hfb-above-header-display":"","ast-hfb-below-header-display":"","ast-hfb-mobile-header-display":"","site-post-title":"","ast-breadcrumbs-content":"","ast-featured-img":"","footer-sml-layout":"","theme-transparent-header-meta":"default","adv-header-id-meta":"","stick-header-meta":"","header-above-stick-meta":"","header-main-stick-meta":"","header-below-stick-meta":"","astra-migrate-meta-layouts":"set","ast-page-background-enabled":"default","ast-page-background-meta":{"desktop":{"background-color":"var(--ast-global-color-4)","background-image":"","background-repeat":"repeat","background-position":"center center","background-size":"auto","background-attachment":"scroll","background-type":"","background-media":"","overlay-type":"","overlay-color":"","overlay-opacity":"","overlay-gradient":""},"tablet":{"background-color":"","background-image":"","background-repeat":"repeat","background-position":"center center","background-size":"auto","background-attachment":"scroll","background-type":"","background-media":"","overlay-type":"","overlay-color":"","overlay-opacity":"","overlay-gradient":""},"mobile":{"background-color":"","background-image":"","background-repeat":"repeat","background-position":"center center","background-size":"auto","background-attachment":"scroll","background-type":"","background-media":"","overlay-type":"","overlay-color":"","overlay-opacity":"","overlay-gradient":""}},"ast-content-background-meta":{"desktop":{"background-color":"var(--ast-global-color-5)","background-image":"","background-repeat":"repeat","background-position":"center center","background-size":"auto","background-attachment":"scroll","background-type":"","background-media":"","overlay-type":"","overlay-color":"","overlay-opacity":"","overlay-gradient":""},"tablet":{"background-color":"var(--ast-global-color-5)","background-image":"","background-repeat":"repeat","background-position":"center center","background-size":"auto","background-attachment":"scroll","background-type":"","background-media":"","overlay-type":"","overlay-color":"","overlay-opacity":"","overlay-gradient":""},"mobile":{"background-color":"var(--ast-global-color-5)","background-image":"","background-repeat":"repeat","background-position":"center center","background-size":"auto","background-attachment":"scroll","background-type":"","background-media":"","overlay-type":"","overlay-color":"","overlay-opacity":"","overlay-gradient":""}}},"product_cat":[30,70,38],"product_tag":[],"class_list":{"0":"post-2121","1":"product","2":"type-product","3":"status-publish","4":"has-post-thumbnail","6":"product_cat-kozmetika","7":"product_cat-organicke-telove-sufle","8":"product_cat-telo","9":"desktop-align-center","10":"tablet-align-center","11":"mobile-align-center","13":"first","14":"instock","15":"taxable","16":"shipping-taxable","17":"purchasable","18":"product-type-variable"},"_links":{"self":[{"href":"https:\/\/mmtest1.top\/index.php?rest_route=\/wp\/v2\/product\/2121","targetHints":{"allow":["GET"]}}],"collection":[{"href":"https:\/\/mmtest1.top\/index.php?rest_route=\/wp\/v2\/product"}],"about":[{"href":"https:\/\/mmtest1.top\/index.php?rest_route=\/wp\/v2\/types\/product"}],"replies":[{"embeddable":true,"href":"https:\/\/mmtest1.top\/index.php?rest_route=%2Fwp%2Fv2%2Fcomments&post=2121"}],"wp:featuredmedia":[{"embeddable":true,"href":"https:\/\/mmtest1.top\/index.php?rest_route=\/wp\/v2\/media\/2124"}],"wp:attachment":[{"href":"https:\/\/mmtest1.top\/index.php?rest_route=%2Fwp%2Fv2%2Fmedia&parent=2121"}],"wp:term":[{"taxonomy":"product_cat","embeddable":true,"href":"https:\/\/mmtest1.top\/index.php?rest_route=%2Fwp%2Fv2%2Fproduct_cat&post=2121"},{"taxonomy":"product_tag","embeddable":true,"href":"https:\/\/mmtest1.top\/index.php?rest_route=%2Fwp%2Fv2%2Fproduct_tag&post=2121"}],"curies":[{"name":"wp","href":"https:\/\/api.w.org\/{rel}","templated":true}]}}