{"id":2107,"date":"2024-08-03T14:02:36","date_gmt":"2024-08-03T12:02:36","guid":{"rendered":"https:\/\/mmtest1.top\/?post_type=product&#038;p=2107"},"modified":"2024-08-17T11:46:11","modified_gmt":"2024-08-17T09:46:11","slug":"levandulove-pole-organicke-telove-sufle","status":"publish","type":"product","link":"https:\/\/mmtest1.top\/?product=levandulove-pole-organicke-telove-sufle","title":{"rendered":"Levandu\u013eov\u00e9 pole &#8211; organick\u00e9 telov\u00e9 sufl\u00e9\u00ae"},"content":{"rendered":"<p>Najv\u00e4\u010d\u0161\u00edm org\u00e1nom n\u00e1\u0161ho tela je na\u0161a ko\u017ea, ktor\u00e1 pln\u00ed hne\u010f nieko\u013eko d\u00f4le\u017eit\u00fdch funkci\u00ed, no v prvom rade chr\u00e1ni n\u00e1\u0161 organizmus pred vplyvmi okolit\u00e9ho prostredia. Denne je vystavovan\u00e1 mno\u017estvu faktorov, s ktor\u00fdmi mus\u00ed zabojova\u0165 a ktor\u00e9 ju m\u00f4\u017eu i nepr\u00edjemne potr\u00e1pi\u0165. Sprostredkov\u00e1va n\u00e1m kontakt s r\u00f4znymi cudz\u00edmi predmetmi, vystavujeme ju slnie\u010dku a ob\u010das ju m\u00f4\u017eeme jednoducho podr\u00e1\u017edi\u0165 napr\u00edklad aj nevhodne zvolen\u00fdm \u010di tesnej\u0161\u00edm oble\u010den\u00edm. V\u00e1\u017eme si svoju poko\u017eku, chr\u00e1\u0148me ju a o\u0161etrujme adekv\u00e1tnou starostlivos\u0165ou, ktor\u00e1 ju upokoj\u00ed, vy\u017eiv\u00ed, podpor\u00ed jej regener\u00e1ciu, zjemn\u00ed ju a navy\u0161e poskytne unik\u00e1tny z\u00e1\u017eitok pri ka\u017edom pou\u017eit\u00ed.<\/p>\n<p><strong>HLAVN\u00c9 ZLO\u017dKY<\/strong><br \/>\n&gt;\u00a0<strong>bambuck\u00e9 maslo<\/strong>\u00a0&#8211; v\u010faka vysok\u00e9mu obsahu vitam\u00ednov pom\u00e1ha udr\u017eiava\u0165 poko\u017eku jemn\u00fa a hydratovan\u00fa, zlep\u0161uje jej elasticitu a ur\u00fdch\u013euje regener\u00e1ciu<br \/>\n&gt;\u00a0<strong>kakaov\u00e9 maslo<\/strong>\u00a0&#8211; maslo s vysok\u00fdm podielom antioxidantov chr\u00e1ni poko\u017eku pred dehydrat\u00e1ciou, vy\u017eivuje ju a zabra\u0148uje jej starnutiu.<br \/>\n&gt;\u00a0<strong>kokosov\u00fd olej<\/strong>\u00a0&#8211; pln\u00fd antioxidantov a zvl\u00e1\u010d\u0148uj\u00facich zlo\u017eiek pom\u00e1ha udr\u017eiava\u0165 poko\u017eku po cel\u00fd de\u0148 zamatovo hebk\u00fa a hydratovan\u00fa<br \/>\n&gt;\u00a0<strong>olivov\u00fd olej<\/strong>\u00a0&#8211; predstavuje bohat\u00fd zdroj vitam\u00ednov a prospe\u0161n\u00fdch nenas\u00fdten\u00fdch mastn\u00fdch kysel\u00edn, v\u010faka ktor\u00fdm poko\u017eka ost\u00e1va mladistv\u00e1 a \u017eiariv\u00e1<\/p>\n<p><strong>OBSAH<\/strong><br \/>\n125ml\/255ml<\/p>\n<p><strong>N\u00c1\u0160 TIP<\/strong><br \/>\nTelov\u00e9 sufl\u00e9 uchov\u00e1vajte na chladnej\u0161om mieste, chr\u00e1\u0148te ho pred priamym slne\u010dn\u00fdm \u017eiaren\u00edm a nevystavujte teplot\u00e1m vy\u0161\u0161\u00edm ne\u017e 25\u00b0C.<br \/>\nPre e\u0161te lep\u0161\u00ed z\u00e1\u017eitok vmas\u00edrujte telov\u00e9 sufl\u00e9 do e\u0161te vlhkej poko\u017eky po k\u00fapeli \u010di sprchovan\u00ed.<br \/>\nO\u0161etruj\u00face zlo\u017eenie bez obsahu syntetick\u00fdch l\u00e1tok ocen\u00ed aj obzvl\u00e1\u0161\u0165 jemn\u00e1 \u010di such\u00e1 poko\u017eka.<\/p>\n<p><strong>ODPOR\u00da\u010cAME KOMBINOVA\u0164<\/strong><br \/>\nOrganick\u00e9 v\u00fd\u017eivn\u00e9 telov\u00e9 sufl\u00e9 odpor\u00fa\u010dame kombinova\u0165 s v\u00fdrobkami va\u0161ej ob\u013e\u00fabenej vonnej ed\u00edcie.<br \/>\nV letn\u00fdch mesiacoch odpor\u00fa\u010dame telov\u00e9 sufl\u00e9 do\u010dasne nahradi\u0165 alternat\u00edvnymi v\u00fdrobkami v podobe telov\u00e9ho jogurtu \u010di telovej many, bambuck\u00e9ho masla, kokosov\u00e9ho oleja \u010di va\u0161im ob\u013e\u00faben\u00fdm telov\u00fdm o\u0161etruj\u00facim olejom.<\/p>\n<p><strong>SPOZNAJ PR\u00cdBEH TVOJHO SUFL\u00c9<\/strong><br \/>\nJednoducho naskenuj QR k\u00f3d, ktor\u00fd n\u00e1jde\u0161 priamo na obale v\u00fdrobku a zisti, kto a kedy Tvoje sufl\u00e9 vyrobil, odkia\u013e poch\u00e1dzaj\u00fa jeho suroviny a \u010d\u00edm je tento v\u00fdrobok unik\u00e1tny.<\/p>\n<p>&nbsp;<\/p>\n","protected":false},"excerpt":{"rendered":"<p><strong>UPOZORNENIE:\u00a0<\/strong>Vzh\u013eadom na vysok\u00e9 teploty, ktor\u00e9 m\u00f4\u017eu nepriaznivo ovplyvni\u0165 konzistenciu milovan\u00e9ho telov\u00e9ho sufl\u00e9,\u00a0<strong>odpor\u00fa\u010dame pre letn\u00e9 obdobie da\u0165 prednos\u0165 niektor\u00e9mu z v\u00fdrobkov kateg\u00f3ri\u00ed telov\u00e9 many, telov\u00e9 jogurty, univerz\u00e1lne balzamy, kokosov\u00e9 oleje \u010di bambuck\u00e9 masl\u00e1.<\/strong>\u00a0<strong>V pr\u00edpade zmeny konzistencie<\/strong>\u00a0telov\u00e9ho sufl\u00e9 vplyvom vysok\u00fdch tepl\u00f4t\u00a0<strong>je v\u00fdrobok \u010falej mo\u017en\u00e9 pou\u017e\u00edva\u0165<\/strong>\u00a0bez sebemen\u0161\u00edch ob\u00e1v, av\u0161ak\u00a0<strong>vzh\u013eadom na odpor\u00fa\u010dan\u00fa teplotu skladovania do 25\u00b0C, nie je mo\u017en\u00e9 ho reklamova\u0165.<\/strong><\/p>\n<p><strong>V\u00fd\u017eivn\u00fd telov\u00fd kr\u00e9m<\/strong>\u00a0delik\u00e1tnej konzistencie predstavuje skuto\u010dn\u00fa lah\u00f4dku pre poko\u017eku.\u00a0<strong>Unik\u00e1tne \u0161\u013eahan\u00e9 telov\u00e9 maslo vytvoren\u00e9 z t\u00fdch najlep\u0161\u00edch pr\u00edrodn\u00fdch ingredienci\u00ed<\/strong>\u00a0poskytuje dokonal\u00fa d\u00e1vku v\u00fd\u017eivy a obzvl\u00e1\u0161\u0165 zjem\u0148uj\u00facu starostlivos\u0165.\u00a0<strong>Obsahuje v\u00fdhradne ekocertifikovan\u00e9 suroviny<\/strong>, ktor\u00e9 s\u00fa spracov\u00e1van\u00e9 \u0161etrn\u00fdm sp\u00f4sobom, aby tak va\u0161ej poko\u017eke dok\u00e1zali odovzda\u0165 len to najlep\u0161ie.\u00a0<strong>Organick\u00e9 bambuck\u00e9 a kakaov\u00e9 maslo dokonale vy\u017eivia aj t\u00fa najsuch\u0161iu poko\u017eku. Kokosov\u00fd a olivov\u00fd olej o\u0161etria a zjemnia, upokoja pr\u00edpadn\u00e9 podr\u00e1\u017edenie a podporia elasticitu<\/strong>. \u0160\u013eahan\u00fd telov\u00fd kr\u00e9m je l\u00e1skou na prv\u00fd dotyk &#8211;\u00a0<strong>zamilujte si telov\u00e9 sufl\u00e9 aj vy \ud83d\ude42<\/strong><\/p>\n<p>V\u00fd\u017eivn\u00e9 telov\u00e9 sufl\u00e9 sa dokonale postar\u00e1 o\u00a0<strong>cel\u00e9 telo a o v\u0161etky typy poko\u017eky.<\/strong><\/p>\n<p>&gt; \u0161\u013eahan\u00e9 telov\u00e9 maslo neuverite\u013ene jemnej konzistencie premen\u00ed denn\u00fa rutinu starostlivosti o poko\u017eku na v\u00fdnimo\u010dn\u00fd z\u00e1\u017eitok<br \/>\n&gt; zjem\u0148uj\u00face, zvl\u00e1\u010d\u0148uj\u00face a v\u00fd\u017eivn\u00e9 vlastnosti ocen\u00ed ka\u017ed\u00fd typ poko\u017eky vr\u00e1tane suchej, citlivej \u010di extr\u00e9mne dehydratovanej<br \/>\n&gt; o\u0161etruj\u00face zlo\u017eenie bez pr\u00eddavku vodnej zlo\u017eky zanech\u00e1 na poko\u017eke pr\u00edjemn\u00fd olejovo-mlie\u010dny ochrann\u00fd film<br \/>\n&gt; podporuje regener\u00e1ciu, pri aplik\u00e1cii na mierne vlhk\u00fa poko\u017eku z\u00e1rove\u0148 napom\u00e1ha udr\u017eiava\u0165 poko\u017eku hydratovan\u00fa a predch\u00e1dza\u0165 jej vysu\u0161ovaniu<br \/>\n&gt; &#8222;\u0161\u013eaha\u010dkov\u00e1&#8220; konzistencia telov\u00e9ho sufl\u00e9 je n\u00e1chyln\u00e1 na vy\u0161\u0161ie teploty, preto v\u00fdrobok odpor\u00fa\u010dame skladova\u0165 pri teplot\u00e1ch do 25\u00b0C a v letnom obdob\u00ed vysk\u00fa\u0161a\u0165 niektor\u00fa z jeho alternat\u00edv &#8211; telov\u00fa manu, telov\u00fd jogurt, bambuck\u00e9 maslo \u010di kokosov\u00fd olej<\/p>\n<p>&gt; VEGAN \u0160\u013dAHAN\u00dd TELOV\u00dd KR\u00c9M<br \/>\n&gt; RELAXA\u010cN\u00c1 V\u00d4\u0147A<br \/>\n&gt; V\u00ddNIMO\u010cN\u00dd Z\u00c1\u017dITOK<br \/>\n&gt;\u00a0VY\u017dIVUJE A O\u0160ETRUJE<\/p>\n","protected":false},"featured_media":2109,"comment_status":"open","ping_status":"closed","template":"","meta":{"site-sidebar-layout":"default","site-content-layout":"","ast-site-content-layout":"default","site-content-style":"default","site-sidebar-style":"default","ast-global-header-display":"","ast-banner-title-visibility":"","ast-main-header-display":"","ast-hfb-above-header-display":"","ast-hfb-below-header-display":"","ast-hfb-mobile-header-display":"","site-post-title":"","ast-breadcrumbs-content":"","ast-featured-img":"","footer-sml-layout":"","theme-transparent-header-meta":"default","adv-header-id-meta":"","stick-header-meta":"","header-above-stick-meta":"","header-main-stick-meta":"","header-below-stick-meta":"","astra-migrate-meta-layouts":"set","ast-page-background-enabled":"default","ast-page-background-meta":{"desktop":{"background-color":"var(--ast-global-color-4)","background-image":"","background-repeat":"repeat","background-position":"center center","background-size":"auto","background-attachment":"scroll","background-type":"","background-media":"","overlay-type":"","overlay-color":"","overlay-opacity":"","overlay-gradient":""},"tablet":{"background-color":"","background-image":"","background-repeat":"repeat","background-position":"center center","background-size":"auto","background-attachment":"scroll","background-type":"","background-media":"","overlay-type":"","overlay-color":"","overlay-opacity":"","overlay-gradient":""},"mobile":{"background-color":"","background-image":"","background-repeat":"repeat","background-position":"center center","background-size":"auto","background-attachment":"scroll","background-type":"","background-media":"","overlay-type":"","overlay-color":"","overlay-opacity":"","overlay-gradient":""}},"ast-content-background-meta":{"desktop":{"background-color":"var(--ast-global-color-5)","background-image":"","background-repeat":"repeat","background-position":"center center","background-size":"auto","background-attachment":"scroll","background-type":"","background-media":"","overlay-type":"","overlay-color":"","overlay-opacity":"","overlay-gradient":""},"tablet":{"background-color":"var(--ast-global-color-5)","background-image":"","background-repeat":"repeat","background-position":"center center","background-size":"auto","background-attachment":"scroll","background-type":"","background-media":"","overlay-type":"","overlay-color":"","overlay-opacity":"","overlay-gradient":""},"mobile":{"background-color":"var(--ast-global-color-5)","background-image":"","background-repeat":"repeat","background-position":"center center","background-size":"auto","background-attachment":"scroll","background-type":"","background-media":"","overlay-type":"","overlay-color":"","overlay-opacity":"","overlay-gradient":""}}},"product_cat":[30,70,38],"product_tag":[],"class_list":{"0":"post-2107","1":"product","2":"type-product","3":"status-publish","4":"has-post-thumbnail","6":"product_cat-kozmetika","7":"product_cat-organicke-telove-sufle","8":"product_cat-telo","9":"desktop-align-center","10":"tablet-align-center","11":"mobile-align-center","13":"first","14":"instock","15":"taxable","16":"shipping-taxable","17":"purchasable","18":"product-type-variable"},"_links":{"self":[{"href":"https:\/\/mmtest1.top\/index.php?rest_route=\/wp\/v2\/product\/2107","targetHints":{"allow":["GET"]}}],"collection":[{"href":"https:\/\/mmtest1.top\/index.php?rest_route=\/wp\/v2\/product"}],"about":[{"href":"https:\/\/mmtest1.top\/index.php?rest_route=\/wp\/v2\/types\/product"}],"replies":[{"embeddable":true,"href":"https:\/\/mmtest1.top\/index.php?rest_route=%2Fwp%2Fv2%2Fcomments&post=2107"}],"wp:featuredmedia":[{"embeddable":true,"href":"https:\/\/mmtest1.top\/index.php?rest_route=\/wp\/v2\/media\/2109"}],"wp:attachment":[{"href":"https:\/\/mmtest1.top\/index.php?rest_route=%2Fwp%2Fv2%2Fmedia&parent=2107"}],"wp:term":[{"taxonomy":"product_cat","embeddable":true,"href":"https:\/\/mmtest1.top\/index.php?rest_route=%2Fwp%2Fv2%2Fproduct_cat&post=2107"},{"taxonomy":"product_tag","embeddable":true,"href":"https:\/\/mmtest1.top\/index.php?rest_route=%2Fwp%2Fv2%2Fproduct_tag&post=2107"}],"curies":[{"name":"wp","href":"https:\/\/api.w.org\/{rel}","templated":true}]}}