{"id":2104,"date":"2024-08-03T13:44:56","date_gmt":"2024-08-03T11:44:56","guid":{"rendered":"https:\/\/mmtest1.top\/?post_type=product&#038;p=2104"},"modified":"2024-08-03T13:44:56","modified_gmt":"2024-08-03T11:44:56","slug":"som-ti-vzdy-poruke-vyzivny-krem-na-ruky","status":"publish","type":"product","link":"https:\/\/mmtest1.top\/?product=som-ti-vzdy-poruke-vyzivny-krem-na-ruky","title":{"rendered":"Som Ti v\u017edy poruke &#8211; v\u00fd\u017eivn\u00fd kr\u00e9m na ruky"},"content":{"rendered":"<p>Tento kr\u00e9m sa zameriava na cielen\u00fa starostlivos\u0165 o poko\u017eku r\u00fak s super hydrata\u010dn\u00fdmi a regenera\u010dn\u00fdmi vlastnos\u0165ami a n\u00e1dhernou kvetinovo-ovocnou v\u00f4\u0148ou. Ka\u017edodenn\u00e9 vplyvy dok\u00e1\u017eu na na\u0161ich ruk\u00e1ch zanecha\u0165 stopy, ale s t\u00fdmto kr\u00e9mom u\u017e nebudete ma\u0165 starosti. S vysok\u00fdm podielom olivov\u00e9ho oleja dok\u00e1\u017ee tento v\u00fd\u017eivn\u00fd kr\u00e9m na ruky obnovi\u0165 such\u00fa, citliv\u00fa a popraskan\u00fa poko\u017eku r\u00fak. Va\u0161e ruky bud\u00fa op\u00e4\u0165 v forme, tak\u017ee sa nechajte h\u00fd\u010dka\u0165 tou kr\u00e1snou v\u00f4\u0148ou \u010dere\u0161n\u00ed!<\/p>\n<p><strong>OBSAH<\/strong><br \/>\n45ml<\/p>\n<p><strong>ODPOR\u00da\u010cAME KOMBINOVA\u0164<\/strong><br \/>\nPre milovn\u00edkov v\u00f4n\u00ed a rozmazn\u00e1vania odpor\u00fa\u010dame v\u00fdrobok kombinova\u0165 s \u010fal\u0161\u00edmi produktmi valent\u00ednskej ed\u00edcie.<\/p>\n<p><strong>V\u00d4\u0147A V\u00ddROBKU<\/strong><br \/>\nPrekr\u00e1sna a vzdu\u0161n\u00e1 v\u00f4\u0148a pripom\u00ednaj\u00faca rozkvitnut\u00e9 stromy \u010dere\u0161ne a dopl\u0148uje ju ovocn\u00fd podt\u00f3n.<\/p>\n<p><strong>FARBA V\u00ddROBKU<\/strong><br \/>\nV\u00fdrobok neobsahuje pridan\u00e9 farbiv\u00e1. Farba v\u00fdrobku je prirodzene biela a\u017e maslov\u00e1 v\u010faka vysok\u00e9mu obsahu organick\u00fdch masiel.<\/p>\n<p><strong>KONZISTENCIA V\u00ddROBKU<\/strong><br \/>\nV\u00fdrobok m\u00e1 unik\u00e1tnu konzistenciu hustej\u0161ieho kr\u00e9mu, v\u010faka \u010domu sa \u013eahko nan\u00e1\u0161a a pr\u00edjemne r\u00fdchlo vstreb\u00e1va.<\/p>\n<p><strong>OBAL V\u00ddROBKU A N\u00c1VRH NA RECYKL\u00c1CIU<\/strong><br \/>\nV\u00fdrobok je balen\u00fd v plne recyklovate\u013enej hlin\u00edkovej tube vyr\u00e1banej priamo na Slovensku, uzatvorenej PET vrchn\u00e1\u010dikom. Obal v\u00fdrobku vr\u00e1tane uz\u00e1veru je vratn\u00fd v r\u00e1mci n\u00e1\u0161ho recykla\u010dn\u00e9ho programu.<br \/>\nAk sa rozhodnete obal v\u00fdrobku vyhodi\u0165, vho\u010fte ho do kontajnera ur\u010den\u00e9ho na zber kovov, alebo do \u017elt\u00e9ho kontajnera ur\u010den\u00e9ho na zber plastov a kovov. Takto bud\u00fa m\u00f4c\u0165 by\u0165 obalov\u00e9 materi\u00e1ly recyklovan\u00e9 a op\u00e4tovne vyu\u017eit\u00e9.<\/p>\n<p><strong>APLIK\u00c1CIA<\/strong><br \/>\nV\u00fdrobok naneste na poko\u017eku r\u00fak kr\u00fa\u017eiv\u00fdm pohybom a nechajte plne vstreba\u0165.<\/p>\n<p><strong>UPOZORNENIA<\/strong><br \/>\nUr\u010den\u00e9 na ka\u017edodenn\u00e9 pou\u017eitie. Uchov\u00e1vajte mimo dosahu det\u00ed. Skladujte na chladnom a suchom mieste, pri teplote do +30\u00b0C a nevystavujte priamemu slne\u010dn\u00e9mu \u017eiareniu a mrazu. Nepou\u017e\u00edva\u0165 na otvoren\u00e9 rany. Pri zasiahnut\u00ed o\u010d\u00ed vyplachujte vla\u017enou vodou po dobu minim\u00e1lne 15 min\u00fat bez preru\u0161enia smerom od vn\u00fatorn\u00e9ho k\u00fatika k vonkaj\u0161iemu (v pr\u00edpade nosenia kontaktn\u00fdch \u0161o\u0161oviek ich odstr\u00e1ni\u0165 vopred). Ak d\u00f4jde k podr\u00e1\u017edeniu, vyh\u013eadajte lek\u00e1rsku pomoc.<br \/>\nPred prv\u00fdm pou\u017eit\u00edm sa odpor\u00fa\u010da previes\u0165 tzv. Patch test, t. j. aplikova\u0165 a otestova\u0165 kozmetick\u00fd pr\u00edpravok na jeho zn\u00e1\u0161anlivos\u0165 na malej pl\u00f4\u0161ke poko\u017eky, najlep\u0161ie na z\u00e1p\u00e4st\u00ed a po\u010dka\u0165 24h. Touto met\u00f3dou sa m\u00f4\u017ee pred\u00eds\u0165 n\u00e1stupu alergick\u00fdch reakci\u00ed a precitlivenosti na dan\u00fd v\u00fdrobok. Ak po aplik\u00e1cii sa prejav\u00ed alergick\u00e1 reakcia, povrch poko\u017eky zmyte vla\u017enou vodou. V\u00fdrobok okam\u017eite presta\u0148te pou\u017e\u00edva\u0165. Ak alergick\u00e1 reakcia pretrv\u00e1 po dlh\u0161iu dobu vyh\u013eadajte lek\u00e1rsku pomoc.<\/p>\n<p><strong>ZLO\u017dENIE<\/strong><br \/>\nAqua (voda), Helianthus Annuus Seed Oil (slne\u010dnicov\u00fd olej)*, Butyrospermum Parkii Butter (bambuck\u00e9 maslo)*, Glyceryl Stearate (emulga\u010dn\u00e1 zlo\u017eka rastlinn\u00e9ho p\u00f4vodu)*, Theobroma Cacao Seed Butter (kakaov\u00e9 maslo)*, Simmondsia Chinensis Seed Oil (jojobov\u00fd olej)*, Cetearyl Alcohol (emulga\u010dn\u00e1 zlo\u017eka rastlinn\u00e9ho p\u00f4vodu)*, Copernicia Cerifera Cera (karnaubsk\u00fd vosk)*, Coco-Glucoside (povrchovo akt\u00edvna zlo\u017eka rastlinn\u00e9ho p\u00f4vodu)*,\u00a0 Natural Aroma**, Urea (mo\u010dovina), Argania Spinosa Kernel Oil (arg\u00e1nov\u00fd olej) *, Hippophae Rhamnoides Seed Extract (rakytn\u00edkov\u00fd extrakt), Rosmarinus Officinalis Leaf Extract (rozmar\u00ednov\u00fd extrakt), Sodium PCA (pr\u00edrodn\u00fd humektant), Sorbic Acid, Formic Acid (konzerva\u010dn\u00e1 syst\u00e9m rastlinn\u00e9ho p\u00f4vodu), Xanthan Gum (stabiliz\u00e1tor rastlinn\u00e9ho p\u00f4vodu)*, Tocopherol (vitam\u00edn E), ***Limonene, ***Linalool, ***Eugenol<br \/>\n*certifikovan\u00e1 organick\u00e1 zlo\u017eka<br \/>\n**zmes esenci\u00e1lnych olejov a extraktov<br \/>\n***vyskytuj\u00face sa prirodzene v esenci\u00e1lnych olejoch a pr\u00edrodn\u00fdch v\u00f4\u0148ach<\/p>\n","protected":false},"excerpt":{"rendered":"<p>Nenaplnen\u00fd sen o jemnej poko\u017eke r\u00fak m\u00f4\u017ee by\u0165 realitou s v\u0161estrann\u00fdm kr\u00e9mom na ruky! Tento inovat\u00edvny produkt sa \u0161pecializuje na starostlivos\u0165 o such\u00fa, nam\u00e1han\u00fa, po\u0161koden\u00fa, hrub\u00fa a popraskan\u00fa poko\u017eku r\u00fak, a to s n\u00e1dhernou \u0161mrncovou v\u00f4\u0148ou. Jeho v\u00fddatn\u00e1 a h\u013abkovo hydrata\u010dn\u00e1 kompoz\u00edcia je nabit\u00e1 v\u00fd\u017eivn\u00fdm bambuck\u00fdm maslom, arganov\u00fdm olejom, rakytn\u00edkov\u00fdm a rozmar\u00ednov\u00fdm extraktom, ureou a kyselinou pyrolid\u00f3nkarboxylovou \u010di vitam\u00ednom E, ktor\u00e1 sa r\u00fdchlo vstreb\u00e1va, s funk\u010dn\u00fdm a efekt\u00edvnym nelepiv\u00fdm a nemastn\u00fdm fini\u0161om. Tento kr\u00e9m intenz\u00edvne zm\u00e4k\u010duje, zjem\u0148uje, hydratuje a zabra\u0148uje op\u00e4tovn\u00e9mu vysu\u0161ovaniu, odstra\u0148uje pocit drsnosti a nepr\u00edjemn\u00e9ho pnutia a praskania.<\/p>\n<p>Hydrata\u010dn\u00fd kr\u00e9m na ruky je ob\u013e\u00faben\u00fdm pomocn\u00edkom na ka\u017edodenn\u00e9 pou\u017eitie a vhodn\u00fd pre v\u0161etky typy poko\u017eky.<\/p>\n<p>&gt; super v\u00fd\u017eivn\u00fd, hydrata\u010dn\u00fd a regenera\u010dn\u00fd kr\u00e9m na ruky ako s\u00fa\u010das\u0165 povinnej v\u00fdbavy<br \/>\n&gt; pr\u00edrodn\u00e9 zlo\u017eenie nabit\u00e9 akt\u00edvnymi l\u00e1tkami<br \/>\n&gt; hust\u00e1 kr\u00e9mov\u00e1 konzistencia p\u00f4sob\u00ed sa \u00fa\u017easne r\u00fdchlo vstreb\u00e1va bez zanechania mastn\u00e9ho \u010di lepiv\u00e9ho pocitu<br \/>\n&gt; neodolate\u013en\u00e1, \u013eahk\u00e1 kvetinov\u00e1 v\u00f4\u0148a pripom\u00ednaj\u00faca rozkvitnut\u00e9 \u010dere\u0161ne<\/p>\n<p>&gt; VEGAN KR\u00c9M NA RUKY S V\u00d4\u0147OU \u010cERE\u0160\u0147OV\u00ddCH KVETOV<br \/>\n&gt; SUPERHYDRATA\u010cN\u00dd A REGENERA\u010cN\u00dd<br \/>\n&gt; O\u0160ETRUJE A CHR\u00c1NI<br \/>\n&gt; PRE HEBK\u00c9 A VO\u0147AV\u00c9 RUKY<\/p>\n<p>45ml<\/p>\n","protected":false},"featured_media":2105,"comment_status":"open","ping_status":"closed","template":"","meta":{"site-sidebar-layout":"default","site-content-layout":"","ast-site-content-layout":"default","site-content-style":"default","site-sidebar-style":"default","ast-global-header-display":"","ast-banner-title-visibility":"","ast-main-header-display":"","ast-hfb-above-header-display":"","ast-hfb-below-header-display":"","ast-hfb-mobile-header-display":"","site-post-title":"","ast-breadcrumbs-content":"","ast-featured-img":"","footer-sml-layout":"","theme-transparent-header-meta":"default","adv-header-id-meta":"","stick-header-meta":"","header-above-stick-meta":"","header-main-stick-meta":"","header-below-stick-meta":"","astra-migrate-meta-layouts":"set","ast-page-background-enabled":"default","ast-page-background-meta":{"desktop":{"background-color":"var(--ast-global-color-4)","background-image":"","background-repeat":"repeat","background-position":"center center","background-size":"auto","background-attachment":"scroll","background-type":"","background-media":"","overlay-type":"","overlay-color":"","overlay-opacity":"","overlay-gradient":""},"tablet":{"background-color":"","background-image":"","background-repeat":"repeat","background-position":"center center","background-size":"auto","background-attachment":"scroll","background-type":"","background-media":"","overlay-type":"","overlay-color":"","overlay-opacity":"","overlay-gradient":""},"mobile":{"background-color":"","background-image":"","background-repeat":"repeat","background-position":"center center","background-size":"auto","background-attachment":"scroll","background-type":"","background-media":"","overlay-type":"","overlay-color":"","overlay-opacity":"","overlay-gradient":""}},"ast-content-background-meta":{"desktop":{"background-color":"var(--ast-global-color-5)","background-image":"","background-repeat":"repeat","background-position":"center center","background-size":"auto","background-attachment":"scroll","background-type":"","background-media":"","overlay-type":"","overlay-color":"","overlay-opacity":"","overlay-gradient":""},"tablet":{"background-color":"var(--ast-global-color-5)","background-image":"","background-repeat":"repeat","background-position":"center center","background-size":"auto","background-attachment":"scroll","background-type":"","background-media":"","overlay-type":"","overlay-color":"","overlay-opacity":"","overlay-gradient":""},"mobile":{"background-color":"var(--ast-global-color-5)","background-image":"","background-repeat":"repeat","background-position":"center center","background-size":"auto","background-attachment":"scroll","background-type":"","background-media":"","overlay-type":"","overlay-color":"","overlay-opacity":"","overlay-gradient":""}}},"product_cat":[30,69,50],"product_tag":[],"class_list":{"0":"post-2104","1":"product","2":"type-product","3":"status-publish","4":"has-post-thumbnail","6":"product_cat-kozmetika","7":"product_cat-kremy-na-ruky","8":"product_cat-ruky-a-nohy","9":"desktop-align-center","10":"tablet-align-center","11":"mobile-align-center","13":"first","14":"instock","15":"taxable","16":"shipping-taxable","17":"purchasable","18":"product-type-simple"},"_links":{"self":[{"href":"https:\/\/mmtest1.top\/index.php?rest_route=\/wp\/v2\/product\/2104","targetHints":{"allow":["GET"]}}],"collection":[{"href":"https:\/\/mmtest1.top\/index.php?rest_route=\/wp\/v2\/product"}],"about":[{"href":"https:\/\/mmtest1.top\/index.php?rest_route=\/wp\/v2\/types\/product"}],"replies":[{"embeddable":true,"href":"https:\/\/mmtest1.top\/index.php?rest_route=%2Fwp%2Fv2%2Fcomments&post=2104"}],"wp:featuredmedia":[{"embeddable":true,"href":"https:\/\/mmtest1.top\/index.php?rest_route=\/wp\/v2\/media\/2105"}],"wp:attachment":[{"href":"https:\/\/mmtest1.top\/index.php?rest_route=%2Fwp%2Fv2%2Fmedia&parent=2104"}],"wp:term":[{"taxonomy":"product_cat","embeddable":true,"href":"https:\/\/mmtest1.top\/index.php?rest_route=%2Fwp%2Fv2%2Fproduct_cat&post=2104"},{"taxonomy":"product_tag","embeddable":true,"href":"https:\/\/mmtest1.top\/index.php?rest_route=%2Fwp%2Fv2%2Fproduct_tag&post=2104"}],"curies":[{"name":"wp","href":"https:\/\/api.w.org\/{rel}","templated":true}]}}