{"id":2102,"date":"2024-08-03T13:41:42","date_gmt":"2024-08-03T11:41:42","guid":{"rendered":"https:\/\/mmtest1.top\/?post_type=product&#038;p=2102"},"modified":"2024-08-03T13:41:42","modified_gmt":"2024-08-03T11:41:42","slug":"mangove-maslo","status":"publish","type":"product","link":"https:\/\/mmtest1.top\/?product=mangove-maslo","title":{"rendered":"Mangov\u00e9 maslo"},"content":{"rendered":"<p>Pr\u00edrodn\u00e9 organick\u00e9 rastlinn\u00e9 masl\u00e1 s\u00fa v starostlivosti o kr\u00e1su vyh\u013ead\u00e1van\u00e9 a ve\u013emi ob\u013e\u00faben\u00e9 najm\u00e4 v\u010faka svojej v\u0161estrannosti. S ob\u013eubou sa vyu\u017e\u00edvaj\u00fa na o\u0161etrenie poko\u017eky cel\u00e9ho tela, pleti i vlasov, ale aj na nechty, tehotensk\u00e9 bru\u0161ko&#8230; Dokonale nahrad\u00ed telov\u00fd kr\u00e9m \u010di telov\u00e9 mlieko, ple\u0165ov\u00fd kr\u00e9m, balzam na pery, mask una vlasy, o\u0161etr\u00ed rast\u00face bru\u0161ko a podpor\u00ed elasticitu poko\u017eky. Skr\u00e1tka, oplat\u00ed sa ma\u0165 niektor\u00e9 z nich v\u017edy po ruke \ud83d\ude09<\/p>\n<p><strong>OBSAH<\/strong><br \/>\n150ml<\/p>\n<p><strong>N\u00c1\u0160 TIP<\/strong><br \/>\nAplikujte organick\u00e9 rastlinn\u00e9 maslo ako vlasov\u00fd z\u00e1bal na such\u00e9 vlasy, ktor\u00fdm dod\u00e1 hebkos\u0165, pru\u017enos\u0165 a lesk.<br \/>\nPou\u017eite na such\u00e9 kon\u010deky vlasov, ktor\u00e9 zregeneruje a vy\u017eiv\u00ed.<br \/>\nPostar\u00e1 sa o poko\u017eku cel\u00e9ho tela, ide\u00e1lne sa hod\u00ed na mas\u00e1\u017ee, posl\u00fa\u017ei ako n\u00e1hrada telov\u00e9ho \u010di ple\u0165ov\u00e9ho kr\u00e9mu, balzamu na pery.<br \/>\nOrganick\u00e9 maslo nan\u00e1\u0161ajte na poko\u017eku e\u0161te vlhk\u00fa po sprche, r\u00fdchlej\u0161ie sa tak vstrebe a lep\u0161ie via\u017ee vlhkos\u0165.<\/p>\n<p><strong>ODPOR\u00da\u010cAME KOMBINOVA\u0164<\/strong><br \/>\nV\u010faka svojej neutralite je mo\u017en\u00e9 \u010disto pr\u00edrodn\u00e9 organick\u00e9 maslo kombinova\u0165 s ak\u00fdmko\u013evek v\u00fdrobkom Soaphoria \ud83d\ude42<\/p>\n<p><strong>V\u00d4\u0147A V\u00ddROBKU<\/strong><br \/>\nOrganick\u00e9 maslo nem\u00e1 takmer \u017eiadnu v\u00f4\u0148u.<\/p>\n<p><strong>FARBA V\u00ddROBKU<\/strong><br \/>\nV\u00fdrobok m\u00e1 prirodzen\u00fa slonovinov\u00fa farbu.<\/p>\n<p><strong>KONZISTENCIA V\u00ddROBKU<\/strong><br \/>\nV\u00fdrobok m\u00e1 tuh\u0161iu konzistenciu, ktor\u00e1 sa teplotou tela top\u00ed na jemne kr\u00e9movo-olejov\u00fa text\u00faru.<br \/>\nPrirodzen\u00fdm javom m\u00f4\u017ee by\u0165 aj mierne nejednotn\u00e1 konzistencia.<\/p>\n<p><strong>KONZERVA\u010cN\u00dd SYST\u00c9M V\u00ddROBKU A DOBA POU\u017dITIA<\/strong><br \/>\nOrganick\u00e9 rastlinn\u00e9 maslo nevy\u017eaduje pou\u017eitie konzerva\u010dn\u00fdch l\u00e1tok a predsa je v\u00fdrobok stabiln\u00fd. Po otvoren\u00ed odpor\u00fa\u010dame spotrebova\u0165 do 6 mesiacov.<\/p>\n<p><strong>OBAL V\u00ddROBKU A N\u00c1VRH NA RECYKL\u00c1CIU<\/strong><br \/>\nProdukt je balen\u00fd v recyklovate\u013enom plastovom kel\u00edmku s praktick\u00fdm hlin\u00edkov\u00fdm uz\u00e1verom. Po spotrebovan\u00ed v\u00fdrobku m\u00f4\u017eete kel\u00edmok vypl\u00e1chnu\u0165 vodou a pou\u017ei\u0165 na uskladnenie drobnost\u00ed v dom\u00e1cnosti, ako s\u00fa gomb\u00edky \u010di klince \ud83d\ude42 Obal je vratn\u00fd v r\u00e1mci n\u00e1\u0161ho recykla\u010dn\u00e9ho programu.<br \/>\nAk sa rozhodnete obal v\u00fdrobku vyhodi\u0165, vho\u010fte ho do kontajneho ur\u010den\u00e9ho na zber plastov\u00e9ho separovan\u00e9ho odpadu.<\/p>\n<p><strong>APLIK\u00c1CIA<\/strong><br \/>\n\u2022\u00a0\u00a0 \u00a0Telo a tv\u00e1r: Primeran\u00e9 mno\u017estvo pr\u00edpravku naneste prstami na \u010delo, l\u00edca a bradu, o\u0161etri\u0165 m\u00f4\u017eete krk, dekolt i poko\u017eku cel\u00e9ho tela. Jemne kr\u00fa\u017eiv\u00fdmi resp. klepav\u00fdmi pohybmi\u00a0 vmas\u00edrujte do poko\u017eky a nechajte vstreba\u0165.<br \/>\n\u2022\u00a0\u00a0 \u00a0Vlasy: Primeran\u00e9 mno\u017estvo pr\u00edpravku naneste pred umyt\u00edm na vlasy a poko\u017eku hlavy pre dokonal\u00fa v\u00fd\u017eivu vlasovej poko\u017eky a such\u00fdch, roz\u0161tiepen\u00fdch kon\u010dekov vlasov, resp. n\u00e1sledne po ich umyt\u00ed na u\u013eah\u010denie roz\u010des\u00e1vania.<\/p>\n<p><strong>UPOZORNENIA<\/strong><br \/>\nUr\u010den\u00e9 na ka\u017edodenn\u00e9 pou\u017eitie. Uchov\u00e1vajte mimo dosahu det\u00ed. Skladujte na chladnom a suchom mieste, pri teplote do +30\u00b0C a nevystavujte priamemu slne\u010dn\u00e9mu \u017eiareniu a mrazu. Nepou\u017e\u00edva\u0165 na otvoren\u00e9 rany. Pri zasiahnut\u00ed o\u010d\u00ed vyplachujte vla\u017enou vodou po dobu minim\u00e1lne 15 min\u00fat bez preru\u0161enia smerom od vn\u00fatorn\u00e9ho k\u00fatika k vonkaj\u0161iemu (v pr\u00edpade nosenia kontaktn\u00fdch \u0161o\u0161oviek ich odstr\u00e1ni\u0165 vopred). Ak d\u00f4jde k podr\u00e1\u017edeniu, vyh\u013eadajte lek\u00e1rsku pomoc.<br \/>\nPred prv\u00fdm pou\u017eit\u00edm sa odpor\u00fa\u010da previes\u0165 tzv. Patch test, t. j. aplikova\u0165 a otestova\u0165 kozmetick\u00fd pr\u00edpravok na jeho zn\u00e1\u0161anlivos\u0165 na malej pl\u00f4\u0161ke poko\u017eky, najlep\u0161ie na z\u00e1p\u00e4st\u00ed a po\u010dka\u0165 24h. Touto met\u00f3dou sa m\u00f4\u017ee pred\u00eds\u0165 n\u00e1stupu alergick\u00fdch reakci\u00ed a precitlivenosti na dan\u00fd v\u00fdrobok. Ak po aplik\u00e1cii sa prejav\u00ed alergick\u00e1 reakcia, povrch poko\u017eky zmyte vla\u017enou vodou. V\u00fdrobok okam\u017eite presta\u0148te pou\u017e\u00edva\u0165. Ak alergick\u00e1 reakcia pretrv\u00e1 po dlh\u0161iu dobu vyh\u013eadajte lek\u00e1rsku pomoc.<\/p>\n<p><strong>ZLO\u017dENIE<\/strong><br \/>\nMangifera Indica Seed Butter (mangovn\u00edk indick\u00fd)*<br \/>\n*certifikovan\u00e1 organick\u00e1 zlo\u017eka<br \/>\nKrajina p\u00f4vodu: India<br \/>\nKvalita: Lisovan\u00fd za studena, poch\u00e1dzaj\u00faci z ekologick\u00e9ho hospod\u00e1rstva a opatren\u00fd zn\u00e1mkou Eco-cert.<\/p>\n","protected":false},"excerpt":{"rendered":"<p><strong>Z\u00e1zrak pre such\u00fa a dehydratovan\u00fa poko\u017eku!<\/strong>\u00a0\u010cisto pr\u00edrodn\u00e9 mangov\u00e9 maslo\u00a0<strong>predstavuje ide\u00e1lnu n\u00e1hradu za telov\u00fd kr\u00e9m<\/strong>. Mangov\u00e9 maslo bez v\u00fdraznej v\u00f4ne je v\u00fdborn\u00fdm prostriedkom na\u00a0<strong>o\u0161etrenie poko\u017eky tela, tv\u00e1re i hlavy<\/strong>\u00a0pre ka\u017ed\u00e9ho, kto h\u013ead\u00e1 skuto\u010dne\u00a0<strong>\u010dist\u00e9 a neutr\u00e1lne kozmetick\u00e9 produkty<\/strong>. Poko\u017eku kr\u00e1sne\u00a0<strong>zjemn\u00ed, zregeneruje a podpor\u00ed jej prirodzen\u00fa obranyschopnos\u0165<\/strong>. \u013dahko a r\u00fdchlo sa\u00a0<strong>vstreb\u00e1va bez zanechania mastn\u00e9ho pocitu<\/strong>. Pri aplik\u00e1cii na vlasy a vlasov\u00fa poko\u017eku p<strong>osil\u0148uje vlasy u\u017e od korienkov a podporuje ich zdrav\u00fd rast<\/strong>. Odpor\u00fa\u010da sa predov\u0161etk\u00fdm na such\u00fa a zrel\u00fa ple\u0165 \u010di poko\u017eku, ale v\u00fdborne posl\u00fa\u017ei aj ako\u00a0<strong>prevencia proti prv\u00fdm zn\u00e1mkam starnutia.<\/strong><\/p>\n<p>Organick\u00e9\u00a0<a href=\"https:\/\/www.soaphoria.sk\/sk\/blog\/44_mangove-maslo.html\">mangov\u00e9 maslo<\/a>\u00a0predstavuje v\u00fdborn\u00fd neutr\u00e1lny v\u00fd\u017eivn\u00fd kr\u00e9m\u00a0<strong>pre v\u0161etky typy poko\u017eky, obzvl\u00e1\u0161\u0165 pre such\u00fa a zrel\u00fa.<\/strong><\/p>\n<p>&gt; mangov\u00e9 maslo \u010disto pr\u00edrodn\u00e9ho p\u00f4vodu bez pr\u00edmes\u00ed, bez farb\u00edv a bez parfum\u00e1cie<br \/>\n&gt; hust\u00e1 konzistencia sa teplotou tela jemne top\u00ed a men\u00ed na \u013eahk\u00fd a r\u00fdchlo sa vstreb\u00e1vaj\u00faci o\u0161etruj\u00faci olej<br \/>\n&gt; v\u00fd\u017eivn\u00fd telov\u00fd kr\u00e9m v podobe mangov\u00e9ho masla h\u013abkovo vy\u017eivuje a zjem\u0148uje poko\u017eku, zanech\u00e1va ju zamatovo jemn\u00fa a hebk\u00fa<br \/>\n&gt; m\u00e1 antioxida\u010dn\u00e9 a omladzuj\u00face \u00fa\u010dinky, upokojuje a pom\u00e1ha zmier\u0148ova\u0165 podr\u00e1\u017edenie<br \/>\n&gt; podporuje elasticitu a pru\u017enos\u0165, rozjas\u0148uje a o\u017eivuje poko\u017eku i vlasy<\/p>\n<p>&gt; VEGAN, BIO MANGOV\u00c9 MASLO<br \/>\n&gt; UNIVERZ\u00c1LNE, BEZ V\u00d4NE<br \/>\n&gt; NA TELO, PLE\u0164 I VLASY<br \/>\n&gt; VY\u017dIVUJE A REGENERUJE<\/p>\n<p>&nbsp;<\/p>\n<p>150ml<\/p>\n","protected":false},"featured_media":2103,"comment_status":"open","ping_status":"closed","template":"","meta":{"site-sidebar-layout":"default","site-content-layout":"","ast-site-content-layout":"default","site-content-style":"default","site-sidebar-style":"default","ast-global-header-display":"","ast-banner-title-visibility":"","ast-main-header-display":"","ast-hfb-above-header-display":"","ast-hfb-below-header-display":"","ast-hfb-mobile-header-display":"","site-post-title":"","ast-breadcrumbs-content":"","ast-featured-img":"","footer-sml-layout":"","theme-transparent-header-meta":"default","adv-header-id-meta":"","stick-header-meta":"","header-above-stick-meta":"","header-main-stick-meta":"","header-below-stick-meta":"","astra-migrate-meta-layouts":"set","ast-page-background-enabled":"default","ast-page-background-meta":{"desktop":{"background-color":"var(--ast-global-color-4)","background-image":"","background-repeat":"repeat","background-position":"center center","background-size":"auto","background-attachment":"scroll","background-type":"","background-media":"","overlay-type":"","overlay-color":"","overlay-opacity":"","overlay-gradient":""},"tablet":{"background-color":"","background-image":"","background-repeat":"repeat","background-position":"center center","background-size":"auto","background-attachment":"scroll","background-type":"","background-media":"","overlay-type":"","overlay-color":"","overlay-opacity":"","overlay-gradient":""},"mobile":{"background-color":"","background-image":"","background-repeat":"repeat","background-position":"center center","background-size":"auto","background-attachment":"scroll","background-type":"","background-media":"","overlay-type":"","overlay-color":"","overlay-opacity":"","overlay-gradient":""}},"ast-content-background-meta":{"desktop":{"background-color":"var(--ast-global-color-5)","background-image":"","background-repeat":"repeat","background-position":"center center","background-size":"auto","background-attachment":"scroll","background-type":"","background-media":"","overlay-type":"","overlay-color":"","overlay-opacity":"","overlay-gradient":""},"tablet":{"background-color":"var(--ast-global-color-5)","background-image":"","background-repeat":"repeat","background-position":"center center","background-size":"auto","background-attachment":"scroll","background-type":"","background-media":"","overlay-type":"","overlay-color":"","overlay-opacity":"","overlay-gradient":""},"mobile":{"background-color":"var(--ast-global-color-5)","background-image":"","background-repeat":"repeat","background-position":"center center","background-size":"auto","background-attachment":"scroll","background-type":"","background-media":"","overlay-type":"","overlay-color":"","overlay-opacity":"","overlay-gradient":""}}},"product_cat":[30,69,31,50,38,39],"product_tag":[],"class_list":{"0":"post-2102","1":"product","2":"type-product","3":"status-publish","4":"has-post-thumbnail","6":"product_cat-kozmetika","7":"product_cat-kremy-na-ruky","8":"product_cat-plet","9":"product_cat-ruky-a-nohy","10":"product_cat-telo","11":"product_cat-telove-kremy-a-mlieka","12":"desktop-align-center","13":"tablet-align-center","14":"mobile-align-center","16":"first","17":"instock","18":"taxable","19":"shipping-taxable","20":"purchasable","21":"product-type-simple"},"_links":{"self":[{"href":"https:\/\/mmtest1.top\/index.php?rest_route=\/wp\/v2\/product\/2102","targetHints":{"allow":["GET"]}}],"collection":[{"href":"https:\/\/mmtest1.top\/index.php?rest_route=\/wp\/v2\/product"}],"about":[{"href":"https:\/\/mmtest1.top\/index.php?rest_route=\/wp\/v2\/types\/product"}],"replies":[{"embeddable":true,"href":"https:\/\/mmtest1.top\/index.php?rest_route=%2Fwp%2Fv2%2Fcomments&post=2102"}],"wp:featuredmedia":[{"embeddable":true,"href":"https:\/\/mmtest1.top\/index.php?rest_route=\/wp\/v2\/media\/2103"}],"wp:attachment":[{"href":"https:\/\/mmtest1.top\/index.php?rest_route=%2Fwp%2Fv2%2Fmedia&parent=2102"}],"wp:term":[{"taxonomy":"product_cat","embeddable":true,"href":"https:\/\/mmtest1.top\/index.php?rest_route=%2Fwp%2Fv2%2Fproduct_cat&post=2102"},{"taxonomy":"product_tag","embeddable":true,"href":"https:\/\/mmtest1.top\/index.php?rest_route=%2Fwp%2Fv2%2Fproduct_tag&post=2102"}],"curies":[{"name":"wp","href":"https:\/\/api.w.org\/{rel}","templated":true}]}}