{"id":2098,"date":"2024-08-03T13:34:12","date_gmt":"2024-08-03T11:34:12","guid":{"rendered":"https:\/\/mmtest1.top\/?post_type=product&#038;p=2098"},"modified":"2024-08-03T13:34:12","modified_gmt":"2024-08-03T11:34:12","slug":"dobrodruh-regeneracny-krem","status":"publish","type":"product","link":"https:\/\/mmtest1.top\/?product=dobrodruh-regeneracny-krem","title":{"rendered":"DOBROdruh &#8211; regenera\u010dn\u00fd kr\u00e9m"},"content":{"rendered":"<p><strong>DOBRO pre pr\u00edrodu a spo\u013eahliv\u00fd druh pre \u010dloveka \ud83d\ude09<\/strong><br \/>\nEd\u00edcia produktov s pr\u00edzna\u010dn\u00fdm n\u00e1zvom\u00a0<strong>DOBROdruh je stvoren\u00e1 pre v\u0161etky mal\u00e9 i ve\u013ek\u00e9 dobrodru\u017estv\u00e1<\/strong>\u00a0\ud83d\ude42 \u010ci u\u017e sa vyberiete na prech\u00e1dzku lesom, na stanova\u010dku, na ryba\u010dku \u010di vysokohorsk\u00fa t\u00faru, alebo d\u00e1te prednos\u0165 dovolenke pri mori a ni\u010d\u00edm neru\u0161en\u00e9mu oddychu,\u00a0<strong>DOBROdruh sa svojou starostlivou formul\u00e1ciou maxim\u00e1lne minimalistick\u00fdch a \u00fa\u017easne funk\u010dn\u00fdch v\u00fdrobkov postar\u00e1 o pohodu celej rodiny<\/strong>. Zlo\u017eenia v\u00fdrobkov s\u00fa navrhnut\u00e9 tak, aby vyhoveli ka\u017ed\u00e9mu typu poko\u017eky.\u00a0<strong>Pri ich tvorbe sme eliminovali alergizuj\u00face zlo\u017eky a s\u00fastredili sa vyslovene na v\u0161estranne efekt\u00edvne \u00fa\u010dinky a z\u00e1rove\u0148 minim\u00e1lny dopad na pr\u00edrodu<\/strong>. Eko funk\u010dn\u00e1 ed\u00edcia je navy\u0161e\u00a0<strong>balen\u00e1 v recyklovate\u013en\u00fdch hlin\u00edkov\u00fdch tub\u00e1ch vyroben\u00fdch priamo na Slovensku! \ud83d\ude42<\/strong><\/p>\n<p><strong>OBSAH<\/strong><br \/>\n75ml<\/p>\n<p><strong>N\u00c1\u0160 TIP<\/strong><br \/>\nPre\u017ei tie najlep\u0161ie dobrodru\u017estv\u00e1 bez starost\u00ed a ob\u00e1v zo zbyto\u010dn\u00fdch chemik\u00e1li\u00ed \u010di zne\u010dis\u0165ovania pr\u00edrody! U\u017e\u00edvaj si vo\u013en\u00e9 chv\u00edle s kompletnou starostlivos\u0165ou o telo, ple\u0165 \u010di vlasy vr\u00e1tane vychyt\u00e1vok, ktor\u00e9 ti nesm\u00fa ch\u00fdba\u0165 na \u017eiadnej prech\u00e1dzke,\u00a0 v\u00fdlete, stanova\u010dke \u010di bl\u00e1znivej ceste za dobrodru\u017estvom. DOBROdruh sa postar\u00e1 o cel\u00fa rodinu a stane sa tvoj\u00edm najlep\u0161\u00edm spolo\u010dn\u00edkom, nech u\u017e sa vyberie\u0161 kdeko\u013evek!<\/p>\n<p><strong>ODPOR\u00da\u010cAME KOMBINOVA\u0164<\/strong><br \/>\nProdukty ed\u00edcie DOBROdruh s\u00fa navrhnut\u00e9 tak, aby sa vz\u00e1jomne dop\u013a\u0148ali a postarali sa o celkov\u00fa pohodu ka\u017ed\u00e9ho dobrodru\u017en\u00e9ho jedinca a teda sa medzi sebou ide\u00e1lne kombinuj\u00fa.<\/p>\n<p><strong>APLIK\u00c1CIA<\/strong><br \/>\nPr\u00edpravok v\u00a0primeranom mno\u017estve aplikujte kr\u00fa\u017eiv\u00fdmi pohybmi na poko\u017eku alebo lok\u00e1lne na such\u00e9 oblasti tela ako s\u00fa lakte, chodidl\u00e1, ruky \u010di pery a\u00a0nechajte vstreba\u0165.<\/p>\n<p><strong>UPOZORNENIA<\/strong><br \/>\nUr\u010den\u00e9 na ka\u017edodenn\u00e9 pou\u017eitie. Uchov\u00e1vajte mimo dosahu det\u00ed. Skladujte na chladnom a suchom mieste, pri teplote do +30\u00b0C a nevystavujte priamemu slne\u010dn\u00e9mu \u017eiareniu a mrazu. Nepou\u017e\u00edva\u0165 na otvoren\u00e9 rany. Pri zasiahnut\u00ed o\u010d\u00ed vyplachujte vla\u017enou vodou po dobu minim\u00e1lne 15 min\u00fat bez preru\u0161enia smerom od vn\u00fatorn\u00e9ho k\u00fatika k vonkaj\u0161iemu (v pr\u00edpade nosenia kontaktn\u00fdch \u0161o\u0161oviek ich odstr\u00e1ni\u0165 vopred). Ak d\u00f4jde k podr\u00e1\u017edeniu, vyh\u013eadajte lek\u00e1rsku pomoc.<br \/>\nPred prv\u00fdm pou\u017eit\u00edm sa odpor\u00fa\u010da previes\u0165 tzv. Patch test, t. j. aplikova\u0165 a otestova\u0165 kozmetick\u00fd pr\u00edpravok na jeho zn\u00e1\u0161anlivos\u0165 na malej pl\u00f4\u0161ke poko\u017eky, najlep\u0161ie na z\u00e1p\u00e4st\u00ed a po\u010dka\u0165 24h. Touto met\u00f3dou sa m\u00f4\u017ee pred\u00eds\u0165 n\u00e1stupu alergick\u00fdch reakci\u00ed a precitlivenosti na dan\u00fd v\u00fdrobok. Ak po aplik\u00e1cii sa prejav\u00ed alergick\u00e1 reakcia, povrch poko\u017eky zmyte vla\u017enou vodou. V\u00fdrobok okam\u017eite presta\u0148te pou\u017e\u00edva\u0165. Ak alergick\u00e1 reakcia pretrv\u00e1 po dlh\u0161iu dobu vyh\u013eadajte lek\u00e1rsku pomoc.<\/p>\n<p><strong>ZLO\u017dENIE<\/strong><br \/>\nAqua, Helianthus Annuus Seed Oil*, Butyrospermum Parkii Butter*, Glyceryl Stearate*, Theobroma Cacao Seed Butter*, Simmondsia Chinensis Seed Oil*, Cetearyl Alcohol*, Borago Officinalis Oil*, Papaver Somniferum Seed Oil*, Aroma**, Sorbic Acid, Formic Acid, Xanthan Gum*, Tocopherol<br \/>\n*certifikovan\u00e1 organick\u00e1 zlo\u017eka<br \/>\n**kombin\u00e1cia 100% \u010dist\u00fdch parou destilovan\u00fdch esenci\u00e1lnych olejov a pr\u00edrodn\u00fdch ar\u00f3m<\/p>\n","protected":false},"excerpt":{"rendered":"<p><strong>V\u00fd\u017eivn\u00fd a hydrata\u010dn\u00fd pr\u00edrodn\u00fd regenera\u010dn\u00fd kr\u00e9m na ruky, telo a tie\u017e tv\u00e1r<\/strong>, je ide\u00e1lnym multifunk\u010dn\u00fdm prostriedkom\u00a0<strong>pre o\u0161etrenie a podporu regener\u00e1cie poko\u017eky<\/strong>. Hydratuje, zvl\u00e1\u010d\u0148uje a\u00a0<strong>podporuje prirodzen\u00fa obranyschopnos\u0165 poko\u017eky, poskytuje jej v\u00fd\u017eivu, odstra\u0148uje suchos\u0165, zjem\u0148uje a ur\u00fdch\u013euje obnovu po\u0161koden\u00fdch ko\u017en\u00fdch buniek.<\/strong><\/p>\n<p>Regenera\u010dn\u00fd kr\u00e9m s v\u00fd\u017eivn\u00fdm zlo\u017een\u00edm a jemnou, neutr\u00e1lnou v\u00f4\u0148ou\u00a0<strong>je vhodn\u00fd pre v\u0161etky typy poko\u017eky bez rozdielu pohlavia \u010di veku, ide\u00e1lny pre cel\u00fa rodinu.<\/strong><\/p>\n<p>&gt; pr\u00edrodn\u00e9 zlo\u017eenie s vysok\u00fdm obsahom organick\u00fdch rastlinn\u00fdch olejov a masiel dokonale vy\u017eiv\u00ed aj t\u00fa najsuch\u0161iu poko\u017eku<br \/>\n&gt; hust\u00e1 kr\u00e9mov\u00e1 konzistencia sa v\u00fdborne vstreb\u00e1va, nezanech\u00e1va pocit mastnoty, ale prirodzene chr\u00e1ni poko\u017eku pred vonkaj\u0161\u00edmi vplyvmi<br \/>\n&gt; v\u00fd\u017eivn\u00fd regenera\u010dn\u00fd kr\u00e9m h\u013abkovo hydratuje, vy\u017eivuje a zjem\u0148uje poko\u017eku, zanech\u00e1va ju zamatovo jemn\u00fa a hebk\u00fa<br \/>\n&gt; jemn\u00e1 neutr\u00e1lna a nevtierav\u00e1 v\u00f4\u0148a pote\u0161\u00ed ka\u017ed\u00e9ho, kto h\u013ead\u00e1 \u00fa\u010dinn\u00fd regenera\u010dn\u00fd kr\u00e9m bez v\u00fdraznej v\u00f4\u0148e<br \/>\n&gt; v pr\u00edpade potreby m\u00f4\u017eete regenera\u010dn\u00fd kr\u00e9m vyu\u017ei\u0165 i ako ple\u0165ov\u00fd kr\u00e9m \u010di kr\u00e9m na ruky, cel\u00e9 telo a nohy \ud83d\ude09<\/p>\n<p>75ml<\/p>\n","protected":false},"featured_media":2099,"comment_status":"open","ping_status":"closed","template":"","meta":{"site-sidebar-layout":"default","site-content-layout":"","ast-site-content-layout":"default","site-content-style":"default","site-sidebar-style":"default","ast-global-header-display":"","ast-banner-title-visibility":"","ast-main-header-display":"","ast-hfb-above-header-display":"","ast-hfb-below-header-display":"","ast-hfb-mobile-header-display":"","site-post-title":"","ast-breadcrumbs-content":"","ast-featured-img":"","footer-sml-layout":"","theme-transparent-header-meta":"default","adv-header-id-meta":"","stick-header-meta":"","header-above-stick-meta":"","header-main-stick-meta":"","header-below-stick-meta":"","astra-migrate-meta-layouts":"set","ast-page-background-enabled":"default","ast-page-background-meta":{"desktop":{"background-color":"var(--ast-global-color-4)","background-image":"","background-repeat":"repeat","background-position":"center center","background-size":"auto","background-attachment":"scroll","background-type":"","background-media":"","overlay-type":"","overlay-color":"","overlay-opacity":"","overlay-gradient":""},"tablet":{"background-color":"","background-image":"","background-repeat":"repeat","background-position":"center center","background-size":"auto","background-attachment":"scroll","background-type":"","background-media":"","overlay-type":"","overlay-color":"","overlay-opacity":"","overlay-gradient":""},"mobile":{"background-color":"","background-image":"","background-repeat":"repeat","background-position":"center center","background-size":"auto","background-attachment":"scroll","background-type":"","background-media":"","overlay-type":"","overlay-color":"","overlay-opacity":"","overlay-gradient":""}},"ast-content-background-meta":{"desktop":{"background-color":"var(--ast-global-color-5)","background-image":"","background-repeat":"repeat","background-position":"center center","background-size":"auto","background-attachment":"scroll","background-type":"","background-media":"","overlay-type":"","overlay-color":"","overlay-opacity":"","overlay-gradient":""},"tablet":{"background-color":"var(--ast-global-color-5)","background-image":"","background-repeat":"repeat","background-position":"center center","background-size":"auto","background-attachment":"scroll","background-type":"","background-media":"","overlay-type":"","overlay-color":"","overlay-opacity":"","overlay-gradient":""},"mobile":{"background-color":"var(--ast-global-color-5)","background-image":"","background-repeat":"repeat","background-position":"center center","background-size":"auto","background-attachment":"scroll","background-type":"","background-media":"","overlay-type":"","overlay-color":"","overlay-opacity":"","overlay-gradient":""}}},"product_cat":[30,69,50],"product_tag":[],"class_list":{"0":"post-2098","1":"product","2":"type-product","3":"status-publish","4":"has-post-thumbnail","6":"product_cat-kozmetika","7":"product_cat-kremy-na-ruky","8":"product_cat-ruky-a-nohy","9":"desktop-align-center","10":"tablet-align-center","11":"mobile-align-center","13":"first","14":"instock","15":"taxable","16":"shipping-taxable","17":"purchasable","18":"product-type-simple"},"_links":{"self":[{"href":"https:\/\/mmtest1.top\/index.php?rest_route=\/wp\/v2\/product\/2098","targetHints":{"allow":["GET"]}}],"collection":[{"href":"https:\/\/mmtest1.top\/index.php?rest_route=\/wp\/v2\/product"}],"about":[{"href":"https:\/\/mmtest1.top\/index.php?rest_route=\/wp\/v2\/types\/product"}],"replies":[{"embeddable":true,"href":"https:\/\/mmtest1.top\/index.php?rest_route=%2Fwp%2Fv2%2Fcomments&post=2098"}],"wp:featuredmedia":[{"embeddable":true,"href":"https:\/\/mmtest1.top\/index.php?rest_route=\/wp\/v2\/media\/2099"}],"wp:attachment":[{"href":"https:\/\/mmtest1.top\/index.php?rest_route=%2Fwp%2Fv2%2Fmedia&parent=2098"}],"wp:term":[{"taxonomy":"product_cat","embeddable":true,"href":"https:\/\/mmtest1.top\/index.php?rest_route=%2Fwp%2Fv2%2Fproduct_cat&post=2098"},{"taxonomy":"product_tag","embeddable":true,"href":"https:\/\/mmtest1.top\/index.php?rest_route=%2Fwp%2Fv2%2Fproduct_tag&post=2098"}],"curies":[{"name":"wp","href":"https:\/\/api.w.org\/{rel}","templated":true}]}}