{"id":2096,"date":"2024-08-03T13:31:27","date_gmt":"2024-08-03T11:31:27","guid":{"rendered":"https:\/\/mmtest1.top\/?post_type=product&#038;p=2096"},"modified":"2025-11-29T06:23:42","modified_gmt":"2025-11-29T05:23:42","slug":"olivovnik-hydratacny-zachranny-krem-na-ruky","status":"publish","type":"product","link":"https:\/\/mmtest1.top\/?product=olivovnik-hydratacny-zachranny-krem-na-ruky","title":{"rendered":"Olivovn\u00edk &#8211; hydrata\u010dn\u00fd z\u00e1chrann\u00fd kr\u00e9m na ruky"},"content":{"rendered":"<p>V\u00fdnimo\u010dne jemn\u00fd a z\u00e1rove\u0148 extra v\u00fd\u017eivn\u00fd regenera\u010dn\u00fd a hydrata\u010dn\u00fd kr\u00e9m na ruky s pr\u00edjemnou neutr\u00e1lnou v\u00f4\u0148ou je ide\u00e1lny pre ka\u017edodenn\u00e9 o\u0161etrenie r\u00fak. Poko\u017eka na\u0161ich r\u00fak je dennodenne vystavovan\u00e1 najr\u00f4znej\u0161\u00edm vplyvom, ktor\u00e9 na nej zanech\u00e1vaj\u00fa stopy. \u010ci u\u017e s\u00fa va\u0161e ruky such\u00e9, trpia citlivos\u0165ou na teplotn\u00e9 zmeny \u010di popraskanou poko\u017ekou, v\u00fd\u017eivn\u00fd kr\u00e9m na ruky s vysok\u00fdm podielom olivov\u00e9ho oleja ich vr\u00e1ti sp\u00e4\u0165 do formy \ud83d\ude42<\/p>\n<p><strong>HLAVN\u00c9 ZLO\u017dKY<\/strong><br \/>\n&gt;\u00a0<strong>kakaov\u00e9 maslo<\/strong>\u00a0\u2013 zjem\u0148uj\u00face a h\u013abkovo vy\u017eivuj\u00face maslo pom\u00e1ha predch\u00e1dza\u0165 strate vlhkosti a vysu\u0161ovaniu<br \/>\n&gt;\u00a0<strong>bambuck\u00e9 maslo<\/strong>\u00a0\u2013 pr\u00edrodn\u00e9 maslo dokonale podporuj\u00face hydrat\u00e1ciu, elasticitu a pevnos\u0165 poko\u017eky<br \/>\n&gt;\u00a0<strong>jojobov\u00fd olej<\/strong>\u00a0\u2013 \u013eahu\u010dk\u00fd rastlinn\u00fd olej vhodn\u00fd pre v\u0161etky typy poko\u017eky vr\u00e1tane jemnej, citlivej \u010di detskej<\/p>\n<p><strong>OBSAH<\/strong><br \/>\n75ml<\/p>\n<p><strong>N\u00c1\u0160 TIP<\/strong><br \/>\nPou\u017eite Olivovn\u00edk kr\u00e9m na ruky pre starostlivos\u0165 o cel\u00e9 telo. V\u00fd\u017eivn\u00fd kr\u00e9m sa postar\u00e1 o such\u00e9 a popraskan\u00e9 ruky, zapojuje so suchos\u0165ou chodidiel a posl\u00fa\u017ei i ako n\u00e1hrada ple\u0165ov\u00e9ho kr\u00e9mu.<br \/>\nHydrata\u010dn\u00fd kr\u00e9m na ruky s neutr\u00e1lnou v\u00f4\u0148ou je absol\u00fatne ide\u00e1lnym kr\u00e9mikom pre cel\u00fa rodinu a pre v\u0161etky vekov\u00e9 kateg\u00f3rie.<\/p>\n<p><strong>ODPOR\u00da\u010cAME KOMBINOVA\u0164<\/strong><br \/>\nOlivovn\u00edk kr\u00e9m na ruky sa najlep\u0161ie dop\u013a\u0148a s ostatn\u00fdmi v\u00fdrobkami toto\u017enej ed\u00edcie, obzvl\u00e1\u0161\u0165 \u00fa\u010dinn\u00fa dvojku tvor\u00ed s Tekut\u00fdm mydlom na ruky \ud83d\ude42<\/p>\n<p><strong>V\u00d4\u0147A V\u00ddROBKU<\/strong><br \/>\nVe\u013emi jemn\u00e1, nevtierav\u00e1 unisex v\u00f4\u0148a pripom\u00ednaj\u00faca v\u00f4\u0148u letn\u00e9ho vidieku.<\/p>\n<p><strong>FARBA V\u00ddROBKU<\/strong><br \/>\nV\u00fdrobok neobsahuje pridan\u00e9 farbiv\u00e1. Farba v\u00fdrobku je prirodzene biela a\u017e maslov\u00e1 v\u010faka vysok\u00e9mu obsahu organick\u00fdch masiel.<\/p>\n<p><strong>KONZISTENCIA V\u00ddROBKU<\/strong><br \/>\nV\u00fdrobok m\u00e1 unik\u00e1tnu konzistenciu hustej\u0161ieho kr\u00e9mu, v\u010faka \u010domu sa \u013eahko nan\u00e1\u0161a a pr\u00edjemne r\u00fdchlo vstreb\u00e1va.<\/p>\n<p><strong>KONZERVA\u010cN\u00dd SYST\u00c9M V\u00ddROBKU A DOBA POU\u017dITIA<\/strong><br \/>\n\u00da\u010dinn\u00fd a v pr\u00edrodnej kozmetike vyh\u013ead\u00e1van\u00fd stabiliza\u010dn\u00fd komplex dermorganics\u00ae 1388 je zalo\u017een\u00fd na zmesi rastlinn\u00fdch zlo\u017eiek v kombin\u00e1cii s rastlinn\u00fdm glycerolom v organickej kvalite. Jednotliv\u00e9 zlo\u017eky komplexu maj\u00fa p\u00f4vod v cukrovej trstine, badi\u00e1ne, s\u00f3ji \u010di kukurici. Po otvoren\u00ed v\u00fdrobok odpor\u00fa\u010dame spotrebova\u0165 do 9 mesiacov.<\/p>\n<p><strong>OBAL V\u00ddROBKU A N\u00c1VRH NA RECYKL\u00c1CIU<\/strong><br \/>\nV\u00fdrobok je balen\u00fd v plne recyklovate\u013enej hlin\u00edkovej tube vyr\u00e1banej priamo na Slovensku, uzatvorenej PET vrchn\u00e1\u010dikom. Obal v\u00fdrobku vr\u00e1tane uz\u00e1veru je vratn\u00fd v r\u00e1mci n\u00e1\u0161ho recykla\u010dn\u00e9ho programu.<br \/>\nAk sa rozhodnete obal v\u00fdrobku vyhodi\u0165, vho\u010fte ho do kontajnera ur\u010den\u00e9ho na zber kovov, alebo do \u017elt\u00e9ho kontajnera ur\u010den\u00e9ho na zber plastov a kovov. Takto bud\u00fa m\u00f4c\u0165 by\u0165 obalov\u00e9 materi\u00e1ly recyklovan\u00e9 a op\u00e4tovne vyu\u017eit\u00e9.<\/p>\n<p><strong>APLIK\u00c1CIA<\/strong><br \/>\nPr\u00edpravok nan\u00e1\u0161ajte v primeranom mno\u017estve na poko\u017eku a kr\u00fa\u017eiv\u00fdmi pohybmi vmas\u00edrujte do nej a\u017e do doby vstrebania.<\/p>\n<p><strong>UPOZORNENIA<\/strong><br \/>\nUr\u010den\u00e9 na ka\u017edodenn\u00e9 pou\u017eitie. Uchov\u00e1vajte mimo dosahu det\u00ed. Skladujte na chladnom a suchom mieste, pri teplote do +30\u00b0C a nevystavujte priamemu slne\u010dn\u00e9mu \u017eiareniu a mrazu. Nepou\u017e\u00edva\u0165 na otvoren\u00e9 rany. Pri zasiahnut\u00ed o\u010d\u00ed vyplachujte vla\u017enou vodou po dobu minim\u00e1lne 15 min\u00fat bez preru\u0161enia smerom od vn\u00fatorn\u00e9ho k\u00fatika k vonkaj\u0161iemu (v pr\u00edpade nosenia kontaktn\u00fdch \u0161o\u0161oviek ich odstr\u00e1ni\u0165 vopred). Ak d\u00f4jde k podr\u00e1\u017edeniu, vyh\u013eadajte lek\u00e1rsku pomoc.<br \/>\nPred prv\u00fdm pou\u017eit\u00edm sa odpor\u00fa\u010da previes\u0165 tzv. Patch test, t. j. aplikova\u0165 a otestova\u0165 kozmetick\u00fd pr\u00edpravok na jeho zn\u00e1\u0161anlivos\u0165 na malej pl\u00f4\u0161ke poko\u017eky, najlep\u0161ie na z\u00e1p\u00e4st\u00ed a po\u010dka\u0165 24h. Touto met\u00f3dou sa m\u00f4\u017ee pred\u00eds\u0165 n\u00e1stupu alergick\u00fdch reakci\u00ed a precitlivenosti na dan\u00fd v\u00fdrobok. Ak po aplik\u00e1cii sa prejav\u00ed alergick\u00e1 reakcia, povrch poko\u017eky zmyte vla\u017enou vodou. V\u00fdrobok okam\u017eite presta\u0148te pou\u017e\u00edva\u0165. Ak alergick\u00e1 reakcia pretrv\u00e1 po dlh\u0161iu dobu vyh\u013eadajte lek\u00e1rsku pomoc.<\/p>\n<p><strong>ZLO\u017dENIE<\/strong><br \/>\nAqua (voda), Helianthus Annuus Seed Oil (slne\u010dnicov\u00fd olej)*, Butyrospermum Parkii Butter (bambuck\u00e9 maslo)*, Glyceryl Stearate (emulga\u010dn\u00e1 zlo\u017eka rastlinn\u00e9ho p\u00f4vodu)*, Theobroma Cacao Seed Butter (kakaov\u00e9 maslo)*, Simmondsia Chinensis Seed Oil (jojoba kalifornsk\u00e1)*, Cetearyl Alcohol (emulga\u010dn\u00e1 zlo\u017eka rastlinn\u00e9ho p\u00f4vodu)*, Copernicia Cerifera Cera (karnaubsk\u00fd vosk)*, Coco-Glucoside (povrchovo akt\u00edvna zlo\u017eka rastlinn\u00e9ho p\u00f4vodu)*, Borago Officinalis Oil* (bor\u00e1k lek\u00e1rsky), Papaver Somniferum Seed Oil* (mak siaty olej), Olea Europaea Fruit Extract (olivov\u00fd extrakt), dermorganics\u00ae 1388 (Sodium Levulinate, Sodium Anisate, Glycerin, Aqua), Xanthan Gum (stabiliz\u00e1tor rastlinn\u00e9ho p\u00f4vodu)*, Tocopherol (vitam\u00edn E),\u00a0 ***Hexyl Cinnamal, ***Citronellol, ***Limonene, ***Linalool<br \/>\n*certifikovan\u00e1 organick\u00e1 zlo\u017eka<br \/>\n***vyskytuj\u00face sa prirodzene v esenci\u00e1lnych olejoch a pr\u00edrodn\u00fdch v\u00f4\u0148ach<\/p>\n<p>&nbsp;<\/p>\n","protected":false},"excerpt":{"rendered":"<p><strong>Regenera\u010dn\u00fd a hydrata\u010dn\u00fd kr\u00e9m pre o\u0161etrenie poko\u017eky r\u00fak<\/strong>\u00a0a cel\u00e9ho tela.\u00a0<strong>Vy\u017eivuj\u00face ingrediencie prispievaj\u00fa k udr\u017eiavaniu hydrat\u00e1cie, elasticity a mladistv\u00e9ho vzh\u013eadu<\/strong>\u00a0poko\u017eky,\u00a0<strong>o\u0161etria such\u00fa, popraskan\u00fa i citliv\u00fa poko\u017eku<\/strong>. Kr\u00e9m na ruky je v\u00fdbornou vo\u013ebou pre\u00a0<strong>starostlivos\u0165 o pracovit\u00e9 a fyzicky nam\u00e1han\u00e9 ruky<\/strong>, ale v pr\u00edpade potreby posl\u00fa\u017ei tie\u017e ako telov\u00fd \u010di ple\u0165ov\u00fd kr\u00e9m. Pridan\u00e9 organick\u00e9 oleje a masl\u00e1 sa postaraj\u00fa aj o t\u00fa najsuch\u0161iu poko\u017eku, ktor\u00fa\u00a0<strong>zjemnia, vy\u017eivia a zanechaj\u00fa zamatovo hebk\u00fa<\/strong>. Hustej\u0161ia konzistencia umo\u017e\u0148uje hydrata\u010dn\u00fd kr\u00e9m \u013eahko nan\u00e1\u0161a\u0165 a pr\u00edjemne rozotiera\u0165.\u00a0<strong>V\u00fd\u017eivn\u00fd kr\u00e9m na ruky nezanech\u00e1va mastn\u00fd pocit, len kr\u00e1sne o\u0161etren\u00fa poko\u017eku.<\/strong><\/p>\n<p>Hydrata\u010dn\u00fd kr\u00e9m na ruky\u00a0<strong>pre ka\u017edodenn\u00e9 pou\u017eitie a vhodn\u00fd pre v\u0161etky typy poko\u017eky<\/strong>.<\/p>\n<p>&gt; super v\u00fd\u017eivn\u00fd, hydrata\u010dn\u00fd a regenera\u010dn\u00fd kr\u00e9m na ruky je povinnou s\u00fa\u010das\u0165ou kozmetickej v\u00fdbavy<br \/>\n&gt; pr\u00edrodn\u00e9 zlo\u017eenie s vysok\u00fdm podielom olivov\u00e9ho oleja ochr\u00e1ni a o\u0161etr\u00ed aj t\u00fa najcitlivej\u0161iu poko\u017eku<br \/>\n&gt; hust\u00e1 kr\u00e9mov\u00e1 konzistencia sa v\u00fdborne vstreb\u00e1va, nezanech\u00e1va pocit mastnoty, ale prirodzene chr\u00e1ni poko\u017eku pred vonkaj\u0161\u00edmi vplyvmi<br \/>\n&gt; neodolate\u013en\u00e1, \u013eahk\u00e1 a nesmierne univerz\u00e1lna v\u00f4\u0148a tvoren\u00fd v\u00fdhradne esenci\u00e1lnymi olejmi je vhodn\u00e1 pre cel\u00fa rodinu!<\/p>\n<div id=\"gtx-trans\">\n<div class=\"gtx-trans-icon\">\n<div>\n<div class=\"gtx-trans-icon\">\n<p>\u00a0&gt; VEGAN KR\u00c9M NA RUKY<br \/>\n&gt; EXTRA V\u00dd\u017dIVN\u00dd A HYDRATA\u010cN\u00dd<br \/>\n&gt; O\u0160ETRUJE A CHR\u00c1NI<br \/>\n&gt; PRE SUCH\u00c9 A POPRASKAN\u00c9 RUKY<\/p>\n<p>75ml<\/p>\n<\/div>\n<\/div>\n<\/div>\n<\/div>\n","protected":false},"featured_media":2097,"comment_status":"open","ping_status":"closed","template":"","meta":{"site-sidebar-layout":"default","site-content-layout":"","ast-site-content-layout":"default","site-content-style":"default","site-sidebar-style":"default","ast-global-header-display":"","ast-banner-title-visibility":"","ast-main-header-display":"","ast-hfb-above-header-display":"","ast-hfb-below-header-display":"","ast-hfb-mobile-header-display":"","site-post-title":"","ast-breadcrumbs-content":"","ast-featured-img":"","footer-sml-layout":"","theme-transparent-header-meta":"default","adv-header-id-meta":"","stick-header-meta":"","header-above-stick-meta":"","header-main-stick-meta":"","header-below-stick-meta":"","astra-migrate-meta-layouts":"set","ast-page-background-enabled":"default","ast-page-background-meta":{"desktop":{"background-color":"var(--ast-global-color-4)","background-image":"","background-repeat":"repeat","background-position":"center center","background-size":"auto","background-attachment":"scroll","background-type":"","background-media":"","overlay-type":"","overlay-color":"","overlay-opacity":"","overlay-gradient":""},"tablet":{"background-color":"","background-image":"","background-repeat":"repeat","background-position":"center center","background-size":"auto","background-attachment":"scroll","background-type":"","background-media":"","overlay-type":"","overlay-color":"","overlay-opacity":"","overlay-gradient":""},"mobile":{"background-color":"","background-image":"","background-repeat":"repeat","background-position":"center center","background-size":"auto","background-attachment":"scroll","background-type":"","background-media":"","overlay-type":"","overlay-color":"","overlay-opacity":"","overlay-gradient":""}},"ast-content-background-meta":{"desktop":{"background-color":"var(--ast-global-color-5)","background-image":"","background-repeat":"repeat","background-position":"center center","background-size":"auto","background-attachment":"scroll","background-type":"","background-media":"","overlay-type":"","overlay-color":"","overlay-opacity":"","overlay-gradient":""},"tablet":{"background-color":"var(--ast-global-color-5)","background-image":"","background-repeat":"repeat","background-position":"center center","background-size":"auto","background-attachment":"scroll","background-type":"","background-media":"","overlay-type":"","overlay-color":"","overlay-opacity":"","overlay-gradient":""},"mobile":{"background-color":"var(--ast-global-color-5)","background-image":"","background-repeat":"repeat","background-position":"center center","background-size":"auto","background-attachment":"scroll","background-type":"","background-media":"","overlay-type":"","overlay-color":"","overlay-opacity":"","overlay-gradient":""}}},"product_cat":[30,69,50],"product_tag":[],"class_list":{"0":"post-2096","1":"product","2":"type-product","3":"status-publish","4":"has-post-thumbnail","6":"product_cat-kozmetika","7":"product_cat-kremy-na-ruky","8":"product_cat-ruky-a-nohy","9":"desktop-align-center","10":"tablet-align-center","11":"mobile-align-center","13":"first","14":"instock","15":"taxable","16":"shipping-taxable","17":"purchasable","18":"product-type-simple"},"_links":{"self":[{"href":"https:\/\/mmtest1.top\/index.php?rest_route=\/wp\/v2\/product\/2096","targetHints":{"allow":["GET"]}}],"collection":[{"href":"https:\/\/mmtest1.top\/index.php?rest_route=\/wp\/v2\/product"}],"about":[{"href":"https:\/\/mmtest1.top\/index.php?rest_route=\/wp\/v2\/types\/product"}],"replies":[{"embeddable":true,"href":"https:\/\/mmtest1.top\/index.php?rest_route=%2Fwp%2Fv2%2Fcomments&post=2096"}],"wp:featuredmedia":[{"embeddable":true,"href":"https:\/\/mmtest1.top\/index.php?rest_route=\/wp\/v2\/media\/2097"}],"wp:attachment":[{"href":"https:\/\/mmtest1.top\/index.php?rest_route=%2Fwp%2Fv2%2Fmedia&parent=2096"}],"wp:term":[{"taxonomy":"product_cat","embeddable":true,"href":"https:\/\/mmtest1.top\/index.php?rest_route=%2Fwp%2Fv2%2Fproduct_cat&post=2096"},{"taxonomy":"product_tag","embeddable":true,"href":"https:\/\/mmtest1.top\/index.php?rest_route=%2Fwp%2Fv2%2Fproduct_tag&post=2096"}],"curies":[{"name":"wp","href":"https:\/\/api.w.org\/{rel}","templated":true}]}}