{"id":2076,"date":"2024-07-24T15:58:42","date_gmt":"2024-07-24T13:58:42","guid":{"rendered":"https:\/\/mmtest1.top\/?post_type=product&#038;p=2076"},"modified":"2024-07-24T15:58:42","modified_gmt":"2024-07-24T13:58:42","slug":"himalay-organicky-telovy-peeling-s-himalajskou-solou","status":"publish","type":"product","link":"https:\/\/mmtest1.top\/?product=himalay-organicky-telovy-peeling-s-himalajskou-solou","title":{"rendered":"HIMALAY &#8211; ORGANICK\u00dd TELOV\u00dd PEELING S HIMAL\u00c1JSKOU SO\u013dOU"},"content":{"rendered":"<p>Poko\u017eka n\u00e1\u0161ho tela ka\u017edodenne bojuje s mnoh\u00fdmi vplyvmi okolit\u00e9ho prostredia, v d\u00f4sledku \u010doho sa \u010dasom &#8222;unavuje&#8220;, st\u00e1va sa mdlou, ochabnutou, str\u00e1ca vitalitu a vlahu potrebn\u00fa pre udr\u017eiavanie jej elasticity a \u017eiariv\u00e9ho mladistv\u00e9ho vzh\u013eadu. K tomu v\u0161etk\u00e9mu sa \u010dasto pridru\u017e\u00ed aj neestetick\u00e1 celulit\u00edda, ktor\u00e1 \u00fadajne tr\u00e1pi a\u017e dev\u00e4\u0165 z desiatich \u017eien. Spr\u00e1vnou vo\u013ebou kozmetick\u00fdch v\u00fdrobkov v\u0161ak dok\u00e1\u017eeme poko\u017eke navr\u00e1ti\u0165 jas a vd\u00fdchnu\u0165 jej nov\u00fd \u017eivot. Podpori\u0165 jej prirodzen\u00e9 regenera\u010dn\u00e9 procesy, vyhladi\u0165 ju, zbavi\u0165 odumret\u00fdch ko\u017en\u00fdch buniek a poskytn\u00fa\u0165 jej potrebn\u00fa d\u00e1vku v\u00fd\u017eivy. O\u0161etruj\u00faci telov\u00fd peeling je skvel\u00fdm prostriedkom pre o\u017eivenie ka\u017ed\u00e9ho typu poko\u017eky a pravideln\u00fa starostlivos\u0165 o cel\u00e9 telo.<\/p>\n<p><strong>HLAVN\u00c9 ZLO\u017dKY<\/strong><br \/>\n&gt;\u00a0<strong>rastlinn\u00fd glycer\u00edn<\/strong>\u00a0&#8211; pom\u00e1ha udr\u017eiava\u0165 hydrat\u00e1ciu v poko\u017eke, nezanech\u00e1va mastn\u00fd film<br \/>\n&gt;\u00a0<strong>mim\u00f3za<\/strong>\u00a0&#8211; ide\u00e1lna pre mastn\u00fd a zmie\u0161an\u00fd typ poko\u017eky, upokojuje poko\u017eku a m\u00e1 antibakteri\u00e1lne vlastnosti<\/p>\n<p><strong>OBSAH<\/strong><br \/>\n255ml<\/p>\n<p><strong>N\u00c1\u0160 TIP<\/strong><br \/>\nOrganick\u00fd telov\u00fd peeling m\u00f4\u017eete pou\u017ei\u0165 po\u010das sprchovania, alebo, pridan\u00edm mal\u00e9ho mno\u017estva v\u00fdrobku do teplej vody priprav\u00edte tie\u017e blahodarn\u00fd relaxa\u010dn\u00fd k\u00fape\u013e.<br \/>\nJemne mlet\u00e9 zrnie\u010dka soli \u0161etrne, ale z\u00e1rove\u0148 ve\u013emi \u00fa\u010dinne, &#8222;obrusuj\u00fa&#8220; vrchn\u00fa vrstvu poko\u017eky. Vysk\u00fa\u0161ajte telov\u00fd peeling tie\u017e na zjemnenie zhrubnutej poko\u017eky chodidiel \u010di such\u00fdch lak\u0165ov.<\/p>\n<p><strong>ODPOR\u00da\u010cAME KOMBINOVA\u0164<\/strong><br \/>\nOrganick\u00fd so\u013en\u00fd telov\u00fd peeling odpor\u00fa\u010dame kombinova\u0165 s v\u00fdrobkami rovnakej vonnej ed\u00edcie, najm\u00e4 v\u0161ak s organick\u00fdm sprchovac\u00edm g\u00e9lom, sprchovacou penou \u010di pr\u00edrodn\u00fdm mydielkom pod\u013ea vlastn\u00e9ho v\u00fdberu.<\/p>\n<p><strong>V\u00d4\u0147A V\u00ddROBKU<\/strong><br \/>\nJemne osvie\u017euj\u00faca vonn\u00e1 kompoz\u00edcia pripom\u00ednaj\u00faca slne\u010dn\u00fd de\u0148 v tropickej morskej kl\u00edme nas\u00fdtenej so\u013eou. Vrchn\u00fd t\u00f3n ud\u00e1va pr\u00e1ve kvet mim\u00f3zy so stredn\u00fdm subt\u00f3nom s citrusov\u00fdmi plodmi nahorkl\u00e9ho bergamotu a limety. Z\u00e1klad umoc\u0148uje santalov\u00e9 a c\u00e9drov\u00e9 drevo spolo\u010dne so santalov\u00fdm a c\u00e9drov\u00fdm drevom. Harm\u00f3niu jednoty upev\u0148uje \u010darodejka \u0161kvrnit\u00e1.<\/p>\n<p><strong>FARBA V\u00ddROBKU<\/strong><br \/>\nV\u00fdrobok bez obsahu syntetick\u00fdch farb\u00edv v\u010fa\u010d\u00ed za svoje ru\u017eov\u00e9 sfarbenie v\u00fdhradne pr\u00edrodn\u00fdm rastlinn\u00fdm extraktom a pr\u00e1\u0161kom.<\/p>\n<p><strong>KONZISTENCIA V\u00ddROBKU<\/strong><br \/>\nKonzistencia telov\u00e9ho peelingu je zv\u00e4\u010d\u0161a tekut\u00e1 a to najm\u00e4 kv\u00f4li obsiahnut\u00fdm olejom a masl\u00e1m. V olejovej f\u00e1ze sa nach\u00e1dza bohat\u00e1 d\u00e1vka drobn\u00fdch kry\u0161t\u00e1likov soli, ktor\u00e9 spolu s olej\u010dekmi pri pou\u017e\u00edvan\u00ed tvoria jemne abraz\u00edvnu zmes.<\/p>\n<p><strong>KONZERVA\u010cN\u00dd SYST\u00c9M V\u00ddROBKU A DOBA POU\u017dITIA<\/strong><br \/>\nOrganick\u00fd telov\u00fd peeling so zlo\u017een\u00edm bez pr\u00eddavku vodnej f\u00e1zy neobsahuje pridan\u00e9 konzerva\u010dn\u00e9 l\u00e1tky a predsa je stabiln\u00fd.<br \/>\nPo otvoren\u00ed odpor\u00fa\u010dame v\u00fdrobok spotrebova\u0165 do 9 mesiacov.<\/p>\n<p><strong>OBAL V\u00ddROBKU A N\u00c1VRH NA RECYKL\u00c1CIU<\/strong><br \/>\nProdukt je balen\u00fd v ekologickom sklenom obale s praktick\u00fdm tesniacim uz\u00e1verom. Sklo predstavuje odoln\u00fd inertn\u00fd materi\u00e1l, v\u010faka \u010domu je obsah v\u00fdrobku chr\u00e1nen\u00fd. Navy\u0161e je sklen\u00e9 balenie mo\u017en\u00e9 op\u00e4tovne vyu\u017ei\u0165 v dom\u00e1cnosti alebo plnohodnotne recyklova\u0165.<br \/>\nObal v\u00fdrobku je vratn\u00fd v r\u00e1mci n\u00e1\u0161ho recykla\u010dn\u00e9ho programu.<br \/>\nV pr\u00edpade, \u017ee sa rozhodnete obal v\u00fdrobku vyhodi\u0165, vho\u010fte ho do zelen\u00e9ho kontajnera ur\u010den\u00e9ho na zber sklen\u00e9ho odpadu.<\/p>\n<p><strong>APLIK\u00c1CIA<\/strong><br \/>\nDo sprchy: Prstami naberte primeran\u00e9 mno\u017estvo a kr\u00fa\u017eiv\u00fdmi pohybmi vmas\u00edrujte peeling do poko\u017eky cel\u00e9ho tela, hlavne na such\u00e9 miesta ako lakte, chodidl\u00e1 a kolen\u00e1. Po exfoli\u00e1cii ostane na poko\u017eke nemastn\u00fd olejov\u00fd film, preto nie je potrebn\u00e9 pou\u017eitie hydrata\u010dn\u00e9ho kr\u00e9mu.<br \/>\nDo vane: Prstami naberte primeran\u00e9 mno\u017estvo v\u00fdrobku a pridajte do k\u00fape\u013ea a po rozpusten\u00ed priprav\u00edte olejovo-so\u013en\u00fd k\u00fape\u013e k \u00fa\u017easn\u00e9mu relaxu.<\/p>\n<p><strong>UPOZORNENIA<\/strong><br \/>\nUr\u010den\u00e9 na pou\u017eitie dva a\u017e trikr\u00e1t t\u00fd\u017edenne. Uchov\u00e1vajte mimo dosahu det\u00ed. Skladujte na chladnom a suchom mieste, pri teplote do +25\u00b0C a nevystavujte priamemu slne\u010dn\u00e9mu \u017eiareniu a mrazu. Pred pou\u017eit\u00edm poriadne premie\u0161a\u0165 alebo pretrepa\u0165. Nepou\u017e\u00edva\u0165 na otvoren\u00e9 rany. Pri zasiahnut\u00ed o\u010d\u00ed vyplachujte vla\u017enou vodou po dobu minim\u00e1lne 15 min\u00fat bez preru\u0161enia smerom od vn\u00fatorn\u00e9ho k\u00fatika k vonkaj\u0161iemu (v pr\u00edpade nosenia kontaktn\u00fdch \u0161o\u0161oviek ich odstr\u00e1ni\u0165 vopred). Ak d\u00f4jde k podr\u00e1\u017edeniu, vyh\u013eadajte lek\u00e1rsku pomoc.<br \/>\nPred prv\u00fdm pou\u017eit\u00edm sa odpor\u00fa\u010da previes\u0165 tzv. Patch test, t. j. aplikova\u0165 a otestova\u0165 kozmetick\u00fd pr\u00edpravok na jeho zn\u00e1\u0161anlivos\u0165 na malej pl\u00f4\u0161ke poko\u017eky, najlep\u0161ie na z\u00e1p\u00e4st\u00ed a po\u010dka\u0165 24h. Touto met\u00f3dou sa m\u00f4\u017ee pred\u00eds\u0165 n\u00e1stupu alergick\u00fdch reakci\u00ed a precitlivenosti na dan\u00fd v\u00fdrobok. Ak po aplik\u00e1cii sa prejav\u00ed alergick\u00e1 reakcia, povrch poko\u017eky zmyte vla\u017enou vodou. V\u00fdrobok okam\u017eite presta\u0148te pou\u017e\u00edva\u0165. Ak alergick\u00e1 reakcia pretrv\u00e1 po dlh\u0161iu dobu vyh\u013eadajte lek\u00e1rsku pomoc.<\/p>\n<p><strong>ZLO\u017dENIE<\/strong><br \/>\nSodium Chloride (himal\u00e1jska so\u013e)*, Glycerin (glycer\u00edn rastlinn\u00e9ho p\u00f4vodu)*, Mimosa Tenuiflora Extract (Mim\u00f3za)*, Citrus Aurantium Bergamia Fruit Oil (citr\u00f3novn\u00edk bergamotov\u00fd)*, Citrus Aurantifolia Oil (citr\u00f3novn\u00edk limetov\u00fd olej)*, Santalum Album Oil (santalovn\u00edk biely olej)*, Cedrus Atlantica Bark Oil (c\u00e9der atlantsk\u00fd)*, Mimulus Moschatus Extract (\u010darodejka \u0161kvrnit\u00e1 extrakt)*, Hibiscus Sabdariffa Flower Powder (ibi\u0161tekov\u00fd pr\u00e1\u0161ok), ***Amyl Cinnamal, ***Citronellol, ***Eugenol, ***Geraniol, ***Limonene, ***Linalool<br \/>\n*certifikovan\u00e1 organick\u00e1 zlo\u017eka<br \/>\n***vyskytuj\u00face sa prirodzene v esenci\u00e1lnych olejoch a pr\u00edrodn\u00fdch v\u00f4\u0148ach<\/p>\n<p>&nbsp;<\/p>\n","protected":false},"excerpt":{"rendered":"<p><strong>Rozmazn\u00e1vaj\u00faci a o\u0161etruj\u00faci telov\u00fd peeling vytvoren\u00fd z t\u00fdch najlep\u0161\u00edch ekocertifikovan\u00fdch pr\u00edrodn\u00fdch surov\u00edn<\/strong>. Najemno namlet\u00e9 kry\u0161t\u00e1liky himal\u00e1jskej soli v spojen\u00ed\u00a0<strong>s pr\u00eddavkom rastlinn\u00e9ho glycer\u00ednu a vz\u00e1cnych osvie\u017euj\u00facich esenci\u00e1lnych olejov z limetky, c\u00e9drov\u00e9ho a santalov\u00e9ho dreva,<\/strong>\u00a0sa postaraj\u00fa o\u00a0<strong>dokonale hebk\u00fa a hladk\u00fa poko\u017eku cel\u00e9ho tela<\/strong>. So\u013en\u00fd telov\u00fd scrub\u00a0<strong>jemne odstra\u0148uje odumret\u00e9 ko\u017en\u00e9 bunky a z\u00e1rove\u0148 podporuje prirodzen\u00e9 regenera\u010dn\u00e9 procesy a mikrocirkul\u00e1ciu<\/strong>. Zjem\u0148uje a\u00a0<strong>vyhladzuje aj t\u00fa najdrsnej\u0161iu poko\u017eku, such\u00e9 lakte \u010di chodidl\u00e1<\/strong>. Pom\u00e1ha \u010disti\u0165 p\u00f3ry, zabra\u0148uje pred\u010dasn\u00e9mu starnutiu poko\u017eky a\u00a0<strong>zabojuje tie\u017e s celulit\u00eddou<\/strong>. Pridan\u00e9 oleje\u00a0\u00a0<strong>poskytn\u00fa dokonal\u00fa d\u00e1vku v\u00fd\u017eivy<\/strong>\u00a0potrebnej pre jemn\u00fa, vl\u00e1\u010dnu a vidite\u013ene zregenerovan\u00fa poko\u017eku.<\/p>\n<p>Organick\u00fd so\u013en\u00fd telov\u00fd peeling je ide\u00e1lny\u00a0<strong>pre starostlivos\u0165 o cel\u00e9 telo a o v\u0161etky typy poko\u017eky<\/strong>.<\/p>\n<p>&gt; jemnozrnn\u00fd so\u013en\u00fd telov\u00fd peeling s pr\u00eddavkom v\u00fd\u017eivn\u00fdch rastlinn\u00fdch olejov a masiel \u0161etrne odstra\u0148uje odumret\u00e9 ko\u017en\u00e9 bunky a podporuje prirodzen\u00e9 regenera\u010dn\u00e9 procesy<br \/>\n&gt; zjem\u0148uje, vyhladzuje, podporuje mikrocirkul\u00e1ciu a pom\u00e1ha v boji proti celulit\u00edde<br \/>\n&gt; o\u0161etruj\u00faci telov\u00fd scrub vy\u017eiv\u00ed aj t\u00fa najsuch\u0161iu a najdrsnej\u0161iu poko\u017eku, v\u00fdborne sa postar\u00e1 o such\u00e9 lakte \u010di chodidl\u00e1<br \/>\n&gt; peeling je tie\u017e v\u00fdborn\u00fdm prostriedkom pre spestrenie k\u00fape\u013ea, sta\u010d\u00ed prida\u0165 mal\u00e9 mno\u017estvo do teplej vody a u\u017ei\u0165 si rozmazn\u00e1vaj\u00faci relaxa\u010dn\u00fd k\u00fape\u013e<br \/>\n&gt; sprchou \u010di k\u00fape\u013eom sa z\u00e1\u017eitok nekon\u010d\u00ed &#8211; pr\u00edrodn\u00e9 zlo\u017eenie peelingu poko\u017eku zahal\u00ed do jemn\u00e9ho olejov\u00e9ho ochrann\u00e9ho filmu a tak nie je potrebn\u00e9 pou\u017ei\u0165 po sprche \u010fal\u0161ie hydrata\u010dn\u00e9 pr\u00edpravky<a href=\"https:\/\/www.soaphoria.sk\/sk\/-chcem-vzorky-telo\/915--vzorka-himalay-organicky-solny-telovy-peeling.html\">\u00a0<\/a><\/p>\n<p>&gt; VEGAN TELOV\u00dd PEELING<br \/>\n&gt; OB\u013d\u00daBEN\u00c1\u00a0V\u00d4\u0147A<br \/>\n&gt; PODPORA REGENER\u00c1CIE A OBNOVY<br \/>\n&gt; PR\u00cdRODN\u00c9 ZLO\u017dENIE BEZ MIKROPLASTOV<\/p>\n<p>255ml<\/p>\n","protected":false},"featured_media":2077,"comment_status":"open","ping_status":"closed","template":"","meta":{"site-sidebar-layout":"default","site-content-layout":"","ast-site-content-layout":"default","site-content-style":"default","site-sidebar-style":"default","ast-global-header-display":"","ast-banner-title-visibility":"","ast-main-header-display":"","ast-hfb-above-header-display":"","ast-hfb-below-header-display":"","ast-hfb-mobile-header-display":"","site-post-title":"","ast-breadcrumbs-content":"","ast-featured-img":"","footer-sml-layout":"","theme-transparent-header-meta":"default","adv-header-id-meta":"","stick-header-meta":"","header-above-stick-meta":"","header-main-stick-meta":"","header-below-stick-meta":"","astra-migrate-meta-layouts":"set","ast-page-background-enabled":"default","ast-page-background-meta":{"desktop":{"background-color":"var(--ast-global-color-4)","background-image":"","background-repeat":"repeat","background-position":"center center","background-size":"auto","background-attachment":"scroll","background-type":"","background-media":"","overlay-type":"","overlay-color":"","overlay-opacity":"","overlay-gradient":""},"tablet":{"background-color":"","background-image":"","background-repeat":"repeat","background-position":"center center","background-size":"auto","background-attachment":"scroll","background-type":"","background-media":"","overlay-type":"","overlay-color":"","overlay-opacity":"","overlay-gradient":""},"mobile":{"background-color":"","background-image":"","background-repeat":"repeat","background-position":"center center","background-size":"auto","background-attachment":"scroll","background-type":"","background-media":"","overlay-type":"","overlay-color":"","overlay-opacity":"","overlay-gradient":""}},"ast-content-background-meta":{"desktop":{"background-color":"var(--ast-global-color-5)","background-image":"","background-repeat":"repeat","background-position":"center center","background-size":"auto","background-attachment":"scroll","background-type":"","background-media":"","overlay-type":"","overlay-color":"","overlay-opacity":"","overlay-gradient":""},"tablet":{"background-color":"var(--ast-global-color-5)","background-image":"","background-repeat":"repeat","background-position":"center center","background-size":"auto","background-attachment":"scroll","background-type":"","background-media":"","overlay-type":"","overlay-color":"","overlay-opacity":"","overlay-gradient":""},"mobile":{"background-color":"var(--ast-global-color-5)","background-image":"","background-repeat":"repeat","background-position":"center center","background-size":"auto","background-attachment":"scroll","background-type":"","background-media":"","overlay-type":"","overlay-color":"","overlay-opacity":"","overlay-gradient":""}}},"product_cat":[30,38,41],"product_tag":[],"class_list":{"0":"post-2076","1":"product","2":"type-product","3":"status-publish","4":"has-post-thumbnail","6":"product_cat-kozmetika","7":"product_cat-telo","8":"product_cat-telove-peelingy-a-scruby","9":"desktop-align-center","10":"tablet-align-center","11":"mobile-align-center","13":"first","14":"instock","15":"taxable","16":"shipping-taxable","17":"purchasable","18":"product-type-simple"},"_links":{"self":[{"href":"https:\/\/mmtest1.top\/index.php?rest_route=\/wp\/v2\/product\/2076","targetHints":{"allow":["GET"]}}],"collection":[{"href":"https:\/\/mmtest1.top\/index.php?rest_route=\/wp\/v2\/product"}],"about":[{"href":"https:\/\/mmtest1.top\/index.php?rest_route=\/wp\/v2\/types\/product"}],"replies":[{"embeddable":true,"href":"https:\/\/mmtest1.top\/index.php?rest_route=%2Fwp%2Fv2%2Fcomments&post=2076"}],"wp:featuredmedia":[{"embeddable":true,"href":"https:\/\/mmtest1.top\/index.php?rest_route=\/wp\/v2\/media\/2077"}],"wp:attachment":[{"href":"https:\/\/mmtest1.top\/index.php?rest_route=%2Fwp%2Fv2%2Fmedia&parent=2076"}],"wp:term":[{"taxonomy":"product_cat","embeddable":true,"href":"https:\/\/mmtest1.top\/index.php?rest_route=%2Fwp%2Fv2%2Fproduct_cat&post=2076"},{"taxonomy":"product_tag","embeddable":true,"href":"https:\/\/mmtest1.top\/index.php?rest_route=%2Fwp%2Fv2%2Fproduct_tag&post=2076"}],"curies":[{"name":"wp","href":"https:\/\/api.w.org\/{rel}","templated":true}]}}