{"id":2068,"date":"2024-07-24T15:39:01","date_gmt":"2024-07-24T13:39:01","guid":{"rendered":"https:\/\/mmtest1.top\/?post_type=product&#038;p=2068"},"modified":"2024-07-24T15:39:02","modified_gmt":"2024-07-24T13:39:02","slug":"zena-kompaktna-pena-na-holenie","status":"publish","type":"product","link":"https:\/\/mmtest1.top\/?product=zena-kompaktna-pena-na-holenie","title":{"rendered":"\u017dENA &#8211; KOMPAKTN\u00c1 PENA NA HOLENIE"},"content":{"rendered":"<p>Zdrav\u00e1, \u017eiariv\u00e1 na poh\u013ead a jemn\u00e1 a hladk\u00e1 na dotyk \u2013 presne po takejto poko\u017eke t\u00fa\u017eime azda v\u0161etci. Aj preto k be\u017en\u00fdm ritu\u00e1lom dennej hygieny a starostlivosti o n\u00e1\u0161 zov\u0148aj\u0161ok patr\u00ed aj zbavovanie sa ne\u017eiad\u00faceho ochlpenia. Nie v\u017edy v\u0161ak m\u00e1me dostatok \u010dasu venova\u0165 pln\u00fa pozornos\u0165 pravidelne sa opakuj\u00facim \u010dinnostiam, ku ktor\u00fdm patr\u00ed aj holenie, preto spr\u00e1vny v\u00fdber vhodn\u00e9ho kozmetick\u00e9ho pomocn\u00edka je v tomto pr\u00edpade viac ne\u017e oso\u017en\u00fd. Pr\u00edrodn\u00e1 pena na holenie v kompaktnom preveden\u00ed u\u013eah\u010duje holenie a zabezpe\u010duje rovnomern\u00e9 k\u013azanie holiaceho stroj\u010deka \u010di \u017eiletky pre dokonale hladk\u00fa poko\u017eku. V\u010faka unik\u00e1tnej formul\u00e1cii chr\u00e1ni a upokojuje poko\u017eku u\u017e po\u010das holenia, prispieva k udr\u017eiavaniu jej hydrat\u00e1cie, napom\u00e1ha k jej regener\u00e1cii a pom\u00e1ha predch\u00e1dza\u0165 nepr\u00edjemn\u00fdm ko\u017en\u00fdm reakci\u00e1m \u010di zarastaniu ch\u013apkov.<\/p>\n<p><strong>OBSAH<\/strong><br \/>\n50 ml<\/p>\n<p><strong>N\u00c1\u0160 TIP<\/strong><br \/>\nAplikujte mal\u00e9 mno\u017estvo v\u00fdrobku kr\u00fa\u017eiv\u00fdmi pohybmi na vlhk\u00fa poko\u017eku, ide\u00e1lne po sprche \u010di k\u00fapeli, a nechajte ho chv\u00ed\u013eku p\u00f4sobi\u0165 pre e\u0161te hlad\u0161ie holenie. Po holen\u00ed o\u0161etrite poko\u017eku levandu\u013eov\u00fdm \u010di hamamelov\u00fdm hydrol\u00e1tom a aplikujte \u013eahk\u00fd o\u0161etruj\u00faci kr\u00e9m, nemastn\u00fd vy\u017eivuj\u00faci olej\u010dek alebo g\u00e9l z aloe vera a morskej riasy pre dokonale hladk\u00fa, vy\u017eiven\u00fa a jemn\u00fa poko\u017eku.<\/p>\n<p><strong>ODPOR\u00da\u010cAME KOMBINOVA\u0164<\/strong><br \/>\nKompaktn\u00e1 pena na holenie sa skvele dop\u013a\u0148a so sprchovac\u00edm g\u00e9lom, penou, \u010di kr\u00e9mom pod\u013ea V\u00e1\u0161ho v\u00fdberu. Po holen\u00ed odpor\u00fa\u010dame aplikova\u0165 \u013eahu\u010dk\u00fd o\u0161etruj\u00faci a regenera\u010dn\u00fd kr\u00e9m \u010di g\u00e9l z aloe vera.<\/p>\n<p><strong>V\u00d4\u0147A V\u00ddROBKU<\/strong><br \/>\nAfrodiziak\u00e1lna ovocno-kvetinov\u00e1, vzne\u0161ene nasladl\u00e1 \u017eensk\u00e1 v\u00f4\u0148a. Vrchn\u00e9 t\u00f3ny \u017elt\u00e9ho mel\u00f3nu a mal\u00edn s\u00fa kr\u00e1sne prepojen\u00e9 s ne\u017enou kvetinovou esenciou jazm\u00ednu a jablo\u0148ov\u00fdch kvetov, doplnen\u00e9 s hrejivou vanilkou a nevinn\u00fdmi kosatcami.<\/p>\n<p><strong>FARBA V\u00ddROBKU<\/strong><br \/>\nV\u00fdrobok neobsahuje pridan\u00e9 farbiace zlo\u017eky. Za svoje prirodzen\u00e9 biele sfarbenie v\u010fa\u010d\u00ed najm\u00e4 obsiahnut\u00fdm olejom v organickej kvalite.<\/p>\n<p><strong>KONZISTENCIA V\u00ddROBKU<\/strong><br \/>\nV\u00fdrobok m\u00e1 na poh\u013ead tuh\u00fa konzistenciu, ktor\u00e1 sa pri aplik\u00e1cii kr\u00fa\u017eiv\u00fdmi pohybmi r\u00fak men\u00ed na jemn\u00fd penov\u00fd film.<\/p>\n<p><strong>KONZERVA\u010cN\u00dd SYST\u00c9M V\u00ddROBKU A DOBA POU\u017dITIA<\/strong><br \/>\n\u00da\u010dinn\u00fd a v pr\u00edrodnej kozmetike vyh\u013ead\u00e1van\u00fd stabiliza\u010dn\u00fd komplex dermorganics\u00ae 1388 je zalo\u017een\u00fd na<br \/>\nzmesi rastlinn\u00fdch zlo\u017eiek v organickej kvalite. Po otvoren\u00ed v\u00fdrobok odpor\u00fa\u010dame spotrebova\u0165 do 9 mesiacov..<\/p>\n<p><strong>OBAL V\u00ddROBKU A N\u00c1VRH NA RECYKL\u00c1CIU<\/strong><br \/>\nKompaktn\u00e1 pena na holenie je balen\u00e1 v recyklovate\u013enom plastovom kel\u00edmku s praktick\u00fdm hlin\u00edkov\u00fdm uz\u00e1verom. Po spotrebovan\u00ed v\u00fdrobku m\u00f4\u017eete kel\u00edmok vypl\u00e1chnu\u0165 vodou a pou\u017ei\u0165 na uskladnenie drobnost\u00ed v dom\u00e1cnosti, ako s\u00fa gomb\u00edky \u010di klince \ud83d\ude42 Obal je vratn\u00fd v r\u00e1mci n\u00e1\u0161ho recykla\u010dn\u00e9ho programu.<br \/>\nAk sa rozhodnete obal v\u00fdrobku vyhodi\u0165, vho\u010fte ho do kontajnera ur\u010den\u00e9ho na zber plastov\u00e9ho separovan\u00e9ho odpadu.<\/p>\n<p><strong>APLIK\u00c1CIA<\/strong><br \/>\nPomocou prstov, pr\u00edrodnej hubky alebo \u0161tetca na holenie naberte primeran\u00e9 mno\u017estvo produktu a kr\u00fa\u017eiv\u00fdmi pohybmi vytvorte penu na vlhkej poko\u017eke. Po vytvoren\u00ed peny oho\u013ete pomocou holiaceho stroj\u010deka o\u0161etrovan\u00fa \u010das\u0165 tela a n\u00e1sledne opl\u00e1chnite vodou vhodnej teploty. Po aplik\u00e1cii sa odpor\u00fa\u010da pou\u017ei\u0165 ochrann\u00fd pr\u00edpravok.<\/p>\n<p><strong>UPOZORNENIA<\/strong><br \/>\nUr\u010den\u00e9 na ka\u017edodenn\u00e9 pou\u017eitie. Uchov\u00e1vajte mimo dosahu det\u00ed. Skladujte na chladnom a suchom mieste a nevystavujte priamemu slne\u010dn\u00e9mu \u017eiareniu a mrazu. Nepou\u017e\u00edva\u0165 na otvoren\u00e9 rany. Vyhnite sa oblasti o\u010d\u00ed. Pri zasiahnut\u00ed o\u010d\u00ed vyplachujte vla\u017enou vodou po dobu minim\u00e1lne 15 min\u00fat bez preru\u0161enia smerom od vn\u00fatorn\u00e9ho k\u00fatika k vonkaj\u0161iemu (v pr\u00edpade nosenia kontaktn\u00fdch \u0161o\u0161oviek ich odstr\u00e1ni\u0165 vopred). Ak d\u00f4jde k podr\u00e1\u017edeniu, vyh\u013eadajte lek\u00e1rsku pomoc.<br \/>\nPred prv\u00fdm pou\u017eit\u00edm sa odpor\u00fa\u010da previes\u0165 tzv. Patch test, t. j. aplikova\u0165 a otestova\u0165 kozmetick\u00fd pr\u00edpravok na jeho zn\u00e1\u0161anlivos\u0165 na malej pl\u00f4\u0161ke poko\u017eky, najlep\u0161ie na z\u00e1p\u00e4st\u00ed a po\u010dka\u0165 24h. Touto met\u00f3dou sa m\u00f4\u017ee pred\u00eds\u0165 n\u00e1stupu alergick\u00fdch reakci\u00ed a precitlivenosti na dan\u00fd v\u00fdrobok. Ak po aplik\u00e1cii sa prejav\u00ed alergick\u00e1 reakcia, povrch poko\u017eky zmyte vla\u017enou vodou. V\u00fdrobok okam\u017eite presta\u0148te pou\u017e\u00edva\u0165. Ak alergick\u00e1 reakcia pretrv\u00e1 po dlh\u0161iu dobu vyh\u013eadajte lek\u00e1rsku pomoc.<\/p>\n<p><strong>ZLO\u017dENIE<\/strong><br \/>\nGlycerin (glycer\u00edn rastlinn\u00e9ho p\u00f4vodu)*, Aqua (voda), Sorbitol (zvlh\u010dovadlo, alkoholick\u00fd cukor rastlinn\u00e9ho p\u00f4vodu), Sodium Cocoyl (tenzid rastlinn\u00e9ho p\u00f4vodu)*, Disodium Lauryl Sulfosuccinate (tenzid), Vitis Vinifera Seed Oil (olej z hroznov\u00fdch jadierok)*, Borago Officinalis Seed Oil (bor\u00e1kov\u00fd olej)*, Cocos Nucifera Oil (kokosov\u00fd olej)*, Prunus Amygdalus Dulcis Oil (olej zo sladk\u00fdch mandl\u00ed)*, Sodium Chloride (kuchynsk\u00e1 so\u013e), Cucumis Melo Fruit Extract (uhorka \u017elt\u00e1 extrakt)*, Rubus Idaeus Fruit Extract (ostru\u017eina malinov\u00e1 extrakt)*, Jasminum Officinale Extract (jazm\u00edn lek\u00e1rsky extrakt)*, Pyrus Malus Flower Extract (jablo\u0148 n\u00edzka extrakt)*, Vanilla Planifolia Fruit Extract (vanilka prav\u00e1 extrakt)*, Iris Florentina Flower Extract (kosatec florentsk\u00fd)*,, dermorganics\u00ae 1388 (Sodium Levulinate, Sodium Anisate, Glycerin, Aqua), Citric Acid (kyselina citr\u00f3nov\u00e1)*, Stearic Acid (kyselina stearov\u00e1)*, ***Citronellol, ***Linalool, ***Limonene<br \/>\n*certifikovan\u00e1 organick\u00e1 zlo\u017eka<br \/>\n***vyskytuj\u00face sa prirodzene v esenci\u00e1lnych olejoch a pr\u00edrodn\u00fdch v\u00f4\u0148ach<\/p>\n<p>&nbsp;<\/p>\n","protected":false},"excerpt":{"rendered":"<p>Kompaktn\u00e1\u00a0<strong>pena na holenie pre \u017eeny je starostlivo formulovan\u00e1<\/strong>\u00a0a\u00a0<strong>vhodn\u00e1 aj pre t\u00fa najcitivej\u0161iu poko\u017eku<\/strong>. Unik\u00e1tne\u00a0<strong>pr\u00edrodn\u00e9 zlo\u017eenie s obsahom cenn\u00fdch zvl\u00e1\u010d\u0148uj\u00facich a upokojuj\u00facich pr\u00edsad nedr\u00e1\u017edi a nevysu\u0161uje<\/strong>. Jednoduchou aplik\u00e1ciou vytvor\u00ed na povrchu poko\u017eky rovnomern\u00fa vrstvu, v\u010faka ktorej\u00a0<strong>u\u013eah\u010duje holenie<\/strong>. Pom\u00e1ha\u00a0<strong>predch\u00e1dza\u0165 nepr\u00edjemn\u00fdm ko\u017en\u00fdm reakci\u00e1m, podr\u00e1\u017edeniu jemnej poko\u017eky po holen\u00ed \u010di zarastaniu ch\u013apkov<\/strong>. O spr\u00edjemnenie kozmetick\u00e9ho ritu\u00e1lu sa postaraj\u00fa pridan\u00e9 organick\u00e9 esenci\u00e1lne oleje, ktor\u00e9 prevo\u0148aj\u00fa poko\u017eku a pozdvihn\u00fa n\u00e1ladu.<\/p>\n<p>Kompaktn\u00e1 pena na holenie je\u00a0<strong>ide\u00e1lna na v\u0161etky typy poko\u017eky vr\u00e1tane jemnej, citlivej a n\u00e1chylnej na podr\u00e1\u017edenie<\/strong>.<\/p>\n<p>&gt; bez obsahu parab\u00e9nov, \u017eivo\u010d\u00ed\u0161nych zlo\u017eiek \u010di dr\u00e1\u017ediv\u00fdch syntetick\u00fdch pr\u00edsad<br \/>\n&gt; pr\u00edrodn\u00e9 veg\u00e1nske zlo\u017eenie so zvl\u00e1\u010d\u0148uj\u00facimi olejmi ako s\u00fa hroznov\u00fd, bor\u00e1kov\u00fd, kokosov\u00fd a marhu\u013eov\u00fd nedr\u00e1\u017edi poko\u017eku, naopak, upokojuje ju a napom\u00e1ha jej regener\u00e1cii<br \/>\n&gt; nedr\u00e1\u017edi a nevysu\u0161uje poko\u017eku, naopak, upokojuje ju a napom\u00e1ha jej regener\u00e1cii, vy\u017eivuje a zjem\u0148uje, pom\u00e1ha predch\u00e1dza\u0165 nepr\u00edjemn\u00e9mu zarastaniu ch\u013apkov<br \/>\n&gt; jemn\u00e1 unik\u00e1tna konzistencia po aplik\u00e1cii rovnomerne pri\u013enie k povrchu poko\u017eky, v\u010faka \u010domu u\u013eah\u010duje holenie<\/p>\n<div id=\"gtx-trans\">\n<div class=\"gtx-trans-icon\">\n<div>\n<div class=\"gtx-trans-icon\">\n<p>\u00a0&gt; VEGAN PENA NA HOLENIE<br \/>\n&gt; V KOMPAKTNEJ TUHEJ FORME<br \/>\n&gt; \u013dAHK\u00c1 APLIK\u00c1CIA<br \/>\n&gt;\u00a0NEDR\u00c1\u017dDI A NEVYSU\u0160UJE<\/p>\n<p>50ml<\/p>\n<\/div>\n<\/div>\n<\/div>\n<\/div>\n","protected":false},"featured_media":2069,"comment_status":"open","ping_status":"closed","template":"","meta":{"site-sidebar-layout":"default","site-content-layout":"","ast-site-content-layout":"default","site-content-style":"default","site-sidebar-style":"default","ast-global-header-display":"","ast-banner-title-visibility":"","ast-main-header-display":"","ast-hfb-above-header-display":"","ast-hfb-below-header-display":"","ast-hfb-mobile-header-display":"","site-post-title":"","ast-breadcrumbs-content":"","ast-featured-img":"","footer-sml-layout":"","theme-transparent-header-meta":"default","adv-header-id-meta":"","stick-header-meta":"","header-above-stick-meta":"","header-main-stick-meta":"","header-below-stick-meta":"","astra-migrate-meta-layouts":"set","ast-page-background-enabled":"default","ast-page-background-meta":{"desktop":{"background-color":"var(--ast-global-color-4)","background-image":"","background-repeat":"repeat","background-position":"center center","background-size":"auto","background-attachment":"scroll","background-type":"","background-media":"","overlay-type":"","overlay-color":"","overlay-opacity":"","overlay-gradient":""},"tablet":{"background-color":"","background-image":"","background-repeat":"repeat","background-position":"center center","background-size":"auto","background-attachment":"scroll","background-type":"","background-media":"","overlay-type":"","overlay-color":"","overlay-opacity":"","overlay-gradient":""},"mobile":{"background-color":"","background-image":"","background-repeat":"repeat","background-position":"center center","background-size":"auto","background-attachment":"scroll","background-type":"","background-media":"","overlay-type":"","overlay-color":"","overlay-opacity":"","overlay-gradient":""}},"ast-content-background-meta":{"desktop":{"background-color":"var(--ast-global-color-5)","background-image":"","background-repeat":"repeat","background-position":"center center","background-size":"auto","background-attachment":"scroll","background-type":"","background-media":"","overlay-type":"","overlay-color":"","overlay-opacity":"","overlay-gradient":""},"tablet":{"background-color":"var(--ast-global-color-5)","background-image":"","background-repeat":"repeat","background-position":"center center","background-size":"auto","background-attachment":"scroll","background-type":"","background-media":"","overlay-type":"","overlay-color":"","overlay-opacity":"","overlay-gradient":""},"mobile":{"background-color":"var(--ast-global-color-5)","background-image":"","background-repeat":"repeat","background-position":"center center","background-size":"auto","background-attachment":"scroll","background-type":"","background-media":"","overlay-type":"","overlay-color":"","overlay-opacity":"","overlay-gradient":""}}},"product_cat":[43,30,38],"product_tag":[],"class_list":{"0":"post-2068","1":"product","2":"type-product","3":"status-publish","4":"has-post-thumbnail","6":"product_cat-holenie-a-depilacia","7":"product_cat-kozmetika","8":"product_cat-telo","9":"desktop-align-center","10":"tablet-align-center","11":"mobile-align-center","13":"first","14":"instock","15":"taxable","16":"shipping-taxable","17":"purchasable","18":"product-type-simple"},"_links":{"self":[{"href":"https:\/\/mmtest1.top\/index.php?rest_route=\/wp\/v2\/product\/2068","targetHints":{"allow":["GET"]}}],"collection":[{"href":"https:\/\/mmtest1.top\/index.php?rest_route=\/wp\/v2\/product"}],"about":[{"href":"https:\/\/mmtest1.top\/index.php?rest_route=\/wp\/v2\/types\/product"}],"replies":[{"embeddable":true,"href":"https:\/\/mmtest1.top\/index.php?rest_route=%2Fwp%2Fv2%2Fcomments&post=2068"}],"wp:featuredmedia":[{"embeddable":true,"href":"https:\/\/mmtest1.top\/index.php?rest_route=\/wp\/v2\/media\/2069"}],"wp:attachment":[{"href":"https:\/\/mmtest1.top\/index.php?rest_route=%2Fwp%2Fv2%2Fmedia&parent=2068"}],"wp:term":[{"taxonomy":"product_cat","embeddable":true,"href":"https:\/\/mmtest1.top\/index.php?rest_route=%2Fwp%2Fv2%2Fproduct_cat&post=2068"},{"taxonomy":"product_tag","embeddable":true,"href":"https:\/\/mmtest1.top\/index.php?rest_route=%2Fwp%2Fv2%2Fproduct_tag&post=2068"}],"curies":[{"name":"wp","href":"https:\/\/api.w.org\/{rel}","templated":true}]}}