{"id":2066,"date":"2024-07-24T15:36:26","date_gmt":"2024-07-24T13:36:26","guid":{"rendered":"https:\/\/mmtest1.top\/?post_type=product&#038;p=2066"},"modified":"2024-07-24T15:36:26","modified_gmt":"2024-07-24T13:36:26","slug":"dermacare-remineralizacna-magneziova-sol-bez-aditiv","status":"publish","type":"product","link":"https:\/\/mmtest1.top\/?product=dermacare-remineralizacna-magneziova-sol-bez-aditiv","title":{"rendered":"DERMACARE+ REMINERALIZA\u010cN\u00c1 MAGN\u00c9ZIOV\u00c1 SO\u013d BEZ ADIT\u00cdV"},"content":{"rendered":"<p>Relaxa\u010dn\u00e1 magn\u00e9ziov\u00e1 so\u013e do k\u00fape\u013ea je bohat\u00e1 na \u010disto pr\u00edrodn\u00fd hor\u010d\u00edk poch\u00e1dzaj\u00faci zo starod\u00e1vneho mora Zechstein.\u00a0 Pom\u00e1ha uvo\u013e\u0148ova\u0165 nap\u00e4t\u00e9 svaly, zlep\u0161uje sp\u00e1nok a podporuje celkov\u00fa pohodu. Vhodn\u00e1 pre ka\u017edodenn\u00e9 pou\u017eitie, soaphoristick\u00e1 magn\u00e9ziov\u00e1 so\u013e je dokonal\u00fdm spolo\u010dn\u00edkom pre k\u00fape\u013e po n\u00e1ro\u010dnom dni. Pom\u00e1ha uvo\u013eni\u0165 svalov\u00e9 nap\u00e4tie po presilen\u00ed, zmierni\u0165 svalov\u00e9 k\u0155\u010de po fyzickej n\u00e1mahe alebo\u00a0 dlhodobom seden\u00ed, zn\u00ed\u017ei\u0165 stres, zmierni\u0165 pocit \u00fanavy a vy\u010derpania. Optim\u00e1lna d\u00e1vka magn\u00e9zia podporuje kvalitn\u00fd sp\u00e1nok regul\u00e1ciou hladiny melaton\u00ednu, horm\u00f3nu sp\u00e1nku. Je d\u00f4le\u017eit\u00e9 pre synt\u00e9zu neurotransmiterov, ktor\u00e9 ovplyv\u0148uj\u00fa n\u00e1ladu, ment\u00e1lnu pohodu a hlb\u0161\u00ed a kvalitnej\u0161\u00ed sp\u00e1nok. Napom\u00e1ha odstra\u0148ova\u0165 tox\u00edny z tela a podporuje jeho prirodzen\u00fa o\u010distu. Antioxida\u010dn\u00e9 vlastnosti magn\u00e9zia navy\u0161e pom\u00e1haj\u00fa omladi\u0165 poko\u017eku a zlep\u0161i\u0165 jej vzh\u013ead.<\/p>\n<p><strong>AKT\u00cdVNA ZLO\u017dKA<\/strong><br \/>\n&#8211; chlorid hore\u010dnat\u00fd \u2013 \u010dist\u00e9 pr\u00edrodn\u00e9 magn\u00e9zium poch\u00e1dzaj\u00face zo starod\u00e1vneho mora Zechstein je pre \u013eudsk\u00fd organizmus nezastupite\u013en\u00fdm prvkom podie\u013eaj\u00facim sa na funk\u010dnosti a zdrav\u00ed poko\u017eky, pohybov\u00e9ho apar\u00e1tu, nervov\u00e9ho syst\u00e9mu, zubov, kost\u00ed, vlasov, ale pom\u00e1ha tie\u017e pri probl\u00e9moch psychick\u00e9ho charakteru \u010di sp\u00e1nkovej nerovnov\u00e1he<\/p>\n<p><strong>PRE\u010cO NA\u0160E TELO POTREBUJE MAGN\u00c9ZIUM<\/strong><br \/>\nHor\u010d\u00edk je pre \u013eudsk\u00e9 telo nesmierne d\u00f4le\u017eit\u00fd miner\u00e1l, ktor\u00fd sa podie\u013ea na viacer\u00fdch k\u013e\u00fa\u010dov\u00fdch biologick\u00fdch procesoch:<br \/>\n<strong>&gt; Energetick\u00fd metabolizmus:<\/strong>\u00a0Magn\u00e9zium je nevyhnutn\u00e9 pre produkciu Adenoz\u00edntrifosf\u00e1tu (ATP), hlavn\u00e9ho zdroja energie v bunk\u00e1ch, \u010do znamen\u00e1, \u017ee je k\u013e\u00fa\u010dov\u00fdm prvkom pre energetick\u00fd metabolizmus.<br \/>\n<strong>&gt; Svalov\u00e1 funkcia:<\/strong>\u00a0Tento miner\u00e1l hr\u00e1 k\u013e\u00fa\u010dov\u00fa \u00falohu pri s\u0165ahovan\u00ed a uvo\u013e\u0148ovan\u00ed svalov, \u010d\u00edm pom\u00e1ha predch\u00e1dza\u0165 svalov\u00fdm k\u0155\u010dom a slabosti.<br \/>\n<strong>&gt; Nervov\u00e1 funkcia:<\/strong>\u00a0Magn\u00e9zium reguluje prenos nervov\u00fdch vzruchov medzi mozgom a telom, \u010d\u00edm podporuje spr\u00e1vnu nervov\u00fa funkciu.<br \/>\n<strong>&gt; Zdravie kost\u00ed:<\/strong>\u00a0Magn\u00e9zium je d\u00f4le\u017eit\u00e9 pre tvorbu kostn\u00e9ho tkaniva a pom\u00e1ha udr\u017eiava\u0165 kosti siln\u00e9 a zdrav\u00e9.<br \/>\n<strong>&gt; Kardiovaskul\u00e1rne zdravie:<\/strong>\u00a0Pom\u00e1ha regulova\u0165 krvn\u00fd tlak a je d\u00f4le\u017eit\u00fd pre zdravie srdca.<br \/>\n<strong>&gt; Regul\u00e1cia cukru v krvi:<\/strong>\u00a0Magn\u00e9zium sa podie\u013ea na regul\u00e1cii hladiny cukru v krvi a je d\u00f4le\u017eit\u00fd pre prevenciu a spr\u00e1vu diabetu.<br \/>\n<strong>&gt; Psychick\u00e1 pohoda:<\/strong>\u00a0Nedostatok magn\u00e9zia m\u00f4\u017ee vies\u0165 k depresii a in\u00fdm psychick\u00fdm probl\u00e9mom. Magn\u00e9zium m\u00e1 priazniv\u00fd vplyv na n\u00e1ladu a celkov\u00fa psychick\u00fa pohodu.<br \/>\n<strong>&gt; Sp\u00e1nok a relax\u00e1cia:<\/strong>\u00a0Magn\u00e9zium podporuje relax\u00e1ciu svalov a nervov\u00e9ho syst\u00e9mu a pom\u00e1ha regulova\u0165 hladinu melaton\u00ednu, ktor\u00fd je d\u00f4le\u017eit\u00fd pre zdrav\u00fd sp\u00e1nkov\u00fd cyklus.<br \/>\n<strong>&gt; Imunitn\u00fd syst\u00e9m:<\/strong>\u00a0Magn\u00e9zium je d\u00f4le\u017eit\u00e9 pre imunitn\u00fa funkciu a pom\u00e1ha v boji proti infekci\u00e1m.<br \/>\n<strong>&gt; Enz\u00fdmov\u00e9 funkcie:<\/strong>\u00a0Magn\u00e9zium je kofaktorom pre viac ako 300 enz\u00fdmov v tele, ktor\u00e9 s\u00fa nevyhnutn\u00e9 pre r\u00f4zne biologick\u00e9 reakcie vr\u00e1tane synt\u00e9zy bielkov\u00edn, svalovej a nervovej funkcie, kontroly hladiny gluk\u00f3zy v krvi a regul\u00e1cie krvn\u00e9ho tlaku.<\/p>\n<p><strong>OBSAH<\/strong><br \/>\n500g<\/p>\n<p><strong>N\u00c1\u0160 TIP<\/strong><br \/>\nNemus\u00edte ma\u0165 doma va\u0148u na to, aby ste si dok\u00e1zali so\u013e do k\u00fape\u013ea u\u017ei\u0165! Pridajte primeran\u00e9 mno\u017estvo v\u00fdrobku do lav\u00f3rika s teplou vodou a doprajte zasl\u00fa\u017een\u00fd, ale hlavne zdrav\u00fd wellness chodidl\u00e1m, alebo t\u00fdmto sp\u00f4sobom pripravte upracovan\u00e9 ruky na manik\u00faru.<\/p>\n<p><strong>ODPOR\u00da\u010cAME KOMBINOVA\u0164<\/strong><br \/>\nMagn\u00e9ziov\u00fa so\u013e do k\u00fape\u013ea m\u00f4\u017eete kombinova\u0165 s ktor\u00fdmko\u013evek in\u00fdm v\u00fdrobkom Soaphoria, ide\u00e1lne sa v\u0161ak dop\u013a\u0148a s magn\u00e9ziov\u00fdm olejom, ktor\u00fd sa o telo postar\u00e1 aj vtedy, ke\u010f zrovna nem\u00e1te \u010das dopria\u0165 si relaxa\u010dn\u00fd k\u00fape\u013e.<\/p>\n<p>V kolobehu be\u017en\u00fdch povinnost\u00ed, radost\u00ed a starost\u00ed \u010dastokr\u00e1t zab\u00fadame sami na seba, ob\u010das sa n\u00e1m v\u0161ak chv\u00ed\u013eka neru\u0161en\u00e9ho pokoja \u017eiada ako so\u013e. Pr\u00e1ve vtedy je relaxa\u010dn\u00fd k\u00fape\u013e v\u00fdborn\u00fdm prostriedkom pre odb\u00faranie stresu, vytriedenie my\u0161lienok \u010di na\u010derpanie novej energie. Ukradnite si pre seba kr\u00e1tku chv\u00ed\u013eku a doprajte si zasl\u00fa\u017een\u00fd pocit v\u00fdnimo\u010dnosti, kedyko\u013evek sa v\u00e1m za\u017eiada. So\u013e do k\u00fape\u013ea premen\u00ed z\u00e1ver n\u00e1ro\u010dn\u00e9ho d\u0148a na rozmazn\u00e1vaj\u00faci z\u00e1\u017eitok pre va\u0161e telo i myse\u013e. Ide\u00e1lna je tie\u017e pre spr\u00edjemnenie rutinn\u00e9ho k\u00fapania a uvo\u013enenie unaven\u00e9ho \u010di stuhnut\u00e9ho svalstva. Preme\u0148te svoju k\u00fape\u013e\u0148u na miesto o\u010disty nie len tela ale i ducha a miesto pln\u00e9 pozit\u00edvnej energie a harm\u00f3nie tela i du\u0161e.<\/p>\n<p><strong>V\u00d4\u0147A V\u00ddROBKU<\/strong><br \/>\nProdukt bez pridan\u00fdch vonn\u00fdch zlo\u017eiek.<\/p>\n<p><strong>FARBA V\u00ddROBKU<\/strong><br \/>\nProdukt bielej farby, bez pridan\u00e9ho farbiva.<\/p>\n<p><strong>KONZISTENCIA V\u00ddROBKU<\/strong><br \/>\nV\u00fdrobok m\u00e1 konzistenciu hrubozrnn\u00fdch \u010diasto\u010diek alebo lupienkov soli, ktor\u00e9 sa v pripravenom k\u00fapeli rozpustia.<\/p>\n<p><strong>KONZERVA\u010cN\u00dd SYST\u00c9M V\u00ddROBKU A DOBA POU\u017dITIA<\/strong><br \/>\nV\u00fdrobok neobsahuje konzerva\u010dn\u00e9 l\u00e1tky. V\u0161etky obsiahnut\u00e9 l\u00e1tky s\u00fa bez GMO a nanomateri\u00e1lu a samozrejme netestovan\u00e9 na zvierat\u00e1ch. Po otvoren\u00ed v\u00fdrobok odpor\u00fa\u010dame bezodkladne spotrebova\u0165.<\/p>\n<p><strong>OBAL V\u00ddROBKU A N\u00c1VRH NA RECYKL\u00c1CIU<\/strong><br \/>\nV\u00fdrobok je balen\u00fd v recyklovate\u013enom plastovom doypack obale. Po spotrebovan\u00ed obal v\u00fdrobku vyhodi\u0165, vho\u010fte ho do \u017elt\u00e9ho kontajnera na plastov\u00fd separovan\u00fd odpad.<\/p>\n<p><strong>APLIK\u00c1CIA<\/strong><br \/>\nAko k\u00fape\u013e: Primeran\u00e9 mno\u017estvo so\u013enej zmesi (cca 100 a\u017e 150 g) nasypte do vody teplej 35-39\u00b0C a nechajte \u00faplne rozpusti\u0165. D\u00e1vka so\u013enej zmesi na jeden k\u00fape\u013e by nemala presiahnu\u0165 450g. Doporu\u010den\u00e1 d\u013a\u017eka k\u00fape\u013ea je 15 a\u017e 20 min\u00fat. Odpor\u00fa\u010dame pou\u017e\u00edva\u0165 maxim\u00e1lne trikr\u00e1t do t\u00fd\u017ed\u0148a a po proced\u00fare si dopria\u0165 relax.<br \/>\n\u2022 Ako k\u00fape\u013e n\u00f4h: Primeran\u00e9 mno\u017estvo so\u013enej zmesi (cca polievkov\u00e1 ly\u017eica na 5 litrov vody) nasypte do vody teplej 35-39\u00b0C a nechajte \u00faplne rozpusti\u0165. Ponorte nohy do vody na dobu 15 a\u017e 20 min\u00fat.<br \/>\n\u2022 Ako inhala\u010dn\u00fd roztok: Primeran\u00e9 mno\u017estvo so\u013enej zmesi (cca \u010dajov\u00e1 ly\u017ei\u010dka) rozmie\u0161ajte v n\u00e1dobe s vriacou vodou, po vyvinut\u00ed pary inhalujte po dobu 10 a\u017e 15 min\u00fat.<br \/>\n\u2022 Ako oplach: Primeran\u00e9 mno\u017estvo so\u013enej zmesi (cca \u00bd \u010dajov\u00e1 ly\u017ei\u010dka) rozmie\u0161ajte v n\u00e1dobe s prevarenou teplou vodou a postihnut\u00e9 miesto na tele oplachujte p\u00e4\u0165 a\u017e \u0161es\u0165kr\u00e1t denne.<br \/>\n\u2022 Ako so\u013en\u00fd roztok: Primeran\u00e9 mno\u017estvo so\u013enej zmesi (cca \u010dajov\u00e1 ly\u017ei\u010dka na liter vody) rozmie\u0161ajte v n\u00e1dobe s prevarenou teplou vodou, nechajte p\u00f4sobi\u0165 30 min\u00fat a\u017e 2 hodiny.<br \/>\n\u2022 Ako natierac\u00ed roztok: Primeran\u00e9 mno\u017estvo so\u013enej zmesi (cca polievkov\u00e1 ly\u017eica na liter vody) rozmie\u0161ajte v n\u00e1dobe s prevarenou teplou vodou teploty cca. 39\u00b0C. Roztokom premo\u010denou hubkou natierajte cel\u00e9 telo dvakr\u00e1t denne (r\u00e1no a ve\u010der). Pri vysokej hor\u00fa\u010dke natierajte cel\u00e9 telo. Pri prechladnut\u00ed je vhodn\u00e9 natiera\u0165 chodidl\u00e1 a dlane.<br \/>\n\u2022 Ako z\u00e1bal: bavlnen\u00fa text\u00edliu alebo py\u017eamu namo\u010dte v koncentrovanom so\u013enom roztoku, cel\u00e9 telo vr\u00e1tane kon\u010dat\u00edn zaba\u013ete od krku k p\u00e4t\u00e1m a prikryje teplou dekou, nechajte p\u00f4sobi\u0165 1 a\u017e 2 hodiny.<br \/>\n\u2022 Ako obklad: Po pr\u00edprave so\u013en\u00e9ho roztoku ponor\u00edte obv\u00e4z a nechajte ho nasiaknu\u0165 roztokom. N\u00e1sledne obklad prilo\u017ete na postihnut\u00e9 miesto, zavi\u0148te f\u00f3liou, resp. uter\u00e1kom a nechajte p\u00f4sobi\u0165 1 a\u017e 2 hodiny.<br \/>\nPo aplik\u00e1cii sa m\u00f4\u017ee objavi\u0165 jemn\u00e9 brnenie alebo za\u010dervenanie poko\u017eky, ktor\u00e9 s\u00favis\u00ed s reakciou vstreb\u00e1vania hor\u010d\u00edka ko\u017eou. Reakcia odznie do 15 min\u00fat.<\/p>\n<p><strong>UPOZORNENIA<\/strong><br \/>\nLen na vonkaj\u0161ie pou\u017eitie. Uchov\u00e1vajte mimo dosahu det\u00ed. Skladujte na chladnom a suchom mieste a nevystavujte priamemu slne\u010dn\u00e9mu \u017eiareniu a mrazu. Nepou\u017e\u00edva\u0165 na otvoren\u00e9 rany. Vyhnite sa oblasti o\u010d\u00ed. Pri zasiahnut\u00ed o\u010d\u00ed vyplachujte vla\u017enou vodou po dobu minim\u00e1lne 15 min\u00fat bez preru\u0161enia smerom od vn\u00fatorn\u00e9ho k\u00fatika k vonkaj\u0161iemu (v pr\u00edpade nosenia kontaktn\u00fdch \u0161o\u0161oviek ich odstr\u00e1ni\u0165 vopred). Ak d\u00f4jde k podr\u00e1\u017edeniu, vyh\u013eadajte lek\u00e1rsku pomoc.<\/p>\n<p>Pred prv\u00fdm pou\u017eit\u00edm sa odpor\u00fa\u010da previes\u0165 tzv. Patch test, t. j. aplikova\u0165 a otestova\u0165 kozmetick\u00fd pr\u00edpravok na jeho zn\u00e1\u0161anlivos\u0165 na malej pl\u00f4\u0161ke poko\u017eky, najlep\u0161ie na z\u00e1p\u00e4st\u00ed a po\u010dka\u0165 24h. Touto met\u00f3dou sa m\u00f4\u017ee pred\u00eds\u0165 n\u00e1stupu alergick\u00fdch reakci\u00ed a precitlivenosti na dan\u00fd v\u00fdrobok. Ak po aplik\u00e1cii sa prejav\u00ed alergick\u00e1 reakcia, povrch poko\u017eky zmyte vla\u017enou vodou. V\u00fdrobok okam\u017eite presta\u0148te pou\u017e\u00edva\u0165. Ak alergick\u00e1 reakcia pretrv\u00e1 po dlh\u0161iu dobu vyh\u013eadajte lek\u00e1rsku pomoc.<\/p>\n<p><strong>ZLO\u017dENIE<\/strong><br \/>\nMagnesium Chloride (Zechstein)<\/p>\n<p>&nbsp;<\/p>\n","protected":false},"excerpt":{"rendered":"<p><strong>BENEFITY:\u00a0<\/strong>efekt\u00edvne doplnenie hor\u010d\u00edka v\u010faka r\u00fdchlemu vstrebaniu cez ko\u017eu, pom\u00e1ha odb\u00fara\u0165 svalov\u00e9 a stresov\u00e9 nap\u00e4tie, zlep\u0161uje kvalitu sp\u00e1nku, podporuje koncentr\u00e1ciu, odb\u00farava \u00fanavu, zni\u017euje vy\u010derpanie, pozit\u00edvne prispieva k spr\u00e1vnej funkci\u00ed nervov\u00e9ho syst\u00e9mu a svalov<\/p>\n<p><b>&gt; ultra \u010dist\u00e9 zlo\u017eenie bez pln\u00edv a adit\u00edv<\/b><br \/>\n<b>&gt; dod\u00e1va telu bohat\u00e9 z\u00e1soby miner\u00e1lnych l\u00e1tok a podporuje jeho zdravie a obranyschopnos\u0165<\/b><br \/>\n<b>&gt; r\u00fdchle doplnenie hor\u010d\u00edka do organizmu, r\u00fdchla vstreb\u00e1vate\u013enos\u0165 cez ko\u017eu\u00a0<\/b><br \/>\n<b>&gt; prispieva k spr\u00e1vnej funkcii nervov\u00e9ho syst\u00e9mu a svalov\u00a0<\/b><br \/>\n<b>&gt; pom\u00e1ha pri ko\u017en\u00fdch probl\u00e9moch typu akn\u00e9 a ekz\u00e9my<\/b><br \/>\n<b>&gt; podporuje regener\u00e1ciu po n\u00e1mahe, prin\u00e1\u0161a pocit \u00fa\u013eavy a relax\u00e1cie<\/b><br \/>\n<b>&gt; soli a so\u013en\u00e9 zmesi do k\u00fape\u013ea s\u00fa ide\u00e1lnym prostriedkom\u00a0 pre blahodarn\u00fa starostlivos\u0165 o poko\u017eku s cie\u013eom remineraliz\u00e1cie<\/b><br \/>\n<b>&gt; pr\u00edrodn\u00fd produkt bez parfum\u00e1cie, konzervantov a pln\u00edv<\/b><\/p>\n<p><strong>PRE KOHO JE UR\u010cEN\u00c1:<\/strong><br \/>\nRelaxa\u010dn\u00e1 magn\u00e9ziov\u00e1 so\u013e do k\u00fape\u013ea je vhodn\u00e1 pre v\u0161etky typy poko\u017eky a vekov\u00e9 kateg\u00f3rie pre cielen\u00e9 doplnenie pr\u00edrodn\u00e9ho hor\u010d\u00edka.<\/p>\n<p><strong>\u00a0 VEGAN HOR\u010c\u00cdKOV\u00c1 SO\u013d BEZ ADIT\u00cdV\u00a0\u00a0<\/strong><br \/>\n<strong>\u00a0 SVALY, K\u0139BY, POKO\u017dKA, NERVOV\u00dd SYST\u00c9M\u00a0\u00a0<\/strong><br \/>\n<strong>\u00a0 RELAXA\u010cN\u00c1 A REMINERALIZA\u010cN\u00c1 SO\u013d DO K\u00daPE\u013dA\u00a0\u00a0<\/strong><br \/>\n<strong>\u00a0 BEZ PARFUM\u00c1CIE A PLN\u00cdV\u00a0\u00a0<\/strong><\/p>\n<p>500g<\/p>\n","protected":false},"featured_media":2067,"comment_status":"open","ping_status":"closed","template":"","meta":{"site-sidebar-layout":"default","site-content-layout":"","ast-site-content-layout":"default","site-content-style":"default","site-sidebar-style":"default","ast-global-header-display":"","ast-banner-title-visibility":"","ast-main-header-display":"","ast-hfb-above-header-display":"","ast-hfb-below-header-display":"","ast-hfb-mobile-header-display":"","site-post-title":"","ast-breadcrumbs-content":"","ast-featured-img":"","footer-sml-layout":"","theme-transparent-header-meta":"default","adv-header-id-meta":"","stick-header-meta":"","header-above-stick-meta":"","header-main-stick-meta":"","header-below-stick-meta":"","astra-migrate-meta-layouts":"set","ast-page-background-enabled":"default","ast-page-background-meta":{"desktop":{"background-color":"var(--ast-global-color-4)","background-image":"","background-repeat":"repeat","background-position":"center center","background-size":"auto","background-attachment":"scroll","background-type":"","background-media":"","overlay-type":"","overlay-color":"","overlay-opacity":"","overlay-gradient":""},"tablet":{"background-color":"","background-image":"","background-repeat":"repeat","background-position":"center center","background-size":"auto","background-attachment":"scroll","background-type":"","background-media":"","overlay-type":"","overlay-color":"","overlay-opacity":"","overlay-gradient":""},"mobile":{"background-color":"","background-image":"","background-repeat":"repeat","background-position":"center center","background-size":"auto","background-attachment":"scroll","background-type":"","background-media":"","overlay-type":"","overlay-color":"","overlay-opacity":"","overlay-gradient":""}},"ast-content-background-meta":{"desktop":{"background-color":"var(--ast-global-color-5)","background-image":"","background-repeat":"repeat","background-position":"center center","background-size":"auto","background-attachment":"scroll","background-type":"","background-media":"","overlay-type":"","overlay-color":"","overlay-opacity":"","overlay-gradient":""},"tablet":{"background-color":"var(--ast-global-color-5)","background-image":"","background-repeat":"repeat","background-position":"center center","background-size":"auto","background-attachment":"scroll","background-type":"","background-media":"","overlay-type":"","overlay-color":"","overlay-opacity":"","overlay-gradient":""},"mobile":{"background-color":"var(--ast-global-color-5)","background-image":"","background-repeat":"repeat","background-position":"center center","background-size":"auto","background-attachment":"scroll","background-type":"","background-media":"","overlay-type":"","overlay-color":"","overlay-opacity":"","overlay-gradient":""}}},"product_cat":[30,68,40,38],"product_tag":[],"class_list":{"0":"post-2066","1":"product","2":"type-product","3":"status-publish","4":"has-post-thumbnail","6":"product_cat-kozmetika","7":"product_cat-soli-a-solne-zmesi-do-kupela","8":"product_cat-sprchovanie-a-kupel","9":"product_cat-telo","10":"desktop-align-center","11":"tablet-align-center","12":"mobile-align-center","14":"first","15":"instock","16":"taxable","17":"shipping-taxable","18":"purchasable","19":"product-type-simple"},"_links":{"self":[{"href":"https:\/\/mmtest1.top\/index.php?rest_route=\/wp\/v2\/product\/2066","targetHints":{"allow":["GET"]}}],"collection":[{"href":"https:\/\/mmtest1.top\/index.php?rest_route=\/wp\/v2\/product"}],"about":[{"href":"https:\/\/mmtest1.top\/index.php?rest_route=\/wp\/v2\/types\/product"}],"replies":[{"embeddable":true,"href":"https:\/\/mmtest1.top\/index.php?rest_route=%2Fwp%2Fv2%2Fcomments&post=2066"}],"wp:featuredmedia":[{"embeddable":true,"href":"https:\/\/mmtest1.top\/index.php?rest_route=\/wp\/v2\/media\/2067"}],"wp:attachment":[{"href":"https:\/\/mmtest1.top\/index.php?rest_route=%2Fwp%2Fv2%2Fmedia&parent=2066"}],"wp:term":[{"taxonomy":"product_cat","embeddable":true,"href":"https:\/\/mmtest1.top\/index.php?rest_route=%2Fwp%2Fv2%2Fproduct_cat&post=2066"},{"taxonomy":"product_tag","embeddable":true,"href":"https:\/\/mmtest1.top\/index.php?rest_route=%2Fwp%2Fv2%2Fproduct_tag&post=2066"}],"curies":[{"name":"wp","href":"https:\/\/api.w.org\/{rel}","templated":true}]}}