{"id":2062,"date":"2024-07-24T15:12:27","date_gmt":"2024-07-24T13:12:27","guid":{"rendered":"https:\/\/mmtest1.top\/?post_type=product&#038;p=2062"},"modified":"2024-07-24T15:18:03","modified_gmt":"2024-07-24T13:18:03","slug":"nevinnost-solna-zmes-do-kupela","status":"publish","type":"product","link":"https:\/\/mmtest1.top\/?product=nevinnost-solna-zmes-do-kupela","title":{"rendered":"NEVINNOS\u0164 &#8211; SO\u013dN\u00c1 ZMES DO K\u00daPE\u013dA"},"content":{"rendered":"<p>V kolobehu be\u017en\u00fdch povinnost\u00ed, radost\u00ed a starost\u00ed \u010dastokr\u00e1t zab\u00fadame sami na seba, ob\u010das sa n\u00e1m v\u0161ak chv\u00ed\u013eka neru\u0161en\u00e9ho pokoja \u017eiada ako so\u013e. Pr\u00e1ve vtedy je relaxa\u010dn\u00fd k\u00fape\u013e v\u00fdborn\u00fdm prostriedkom pre odb\u00faranie stresu, vytriedenie my\u0161lienok \u010di na\u010derpanie novej energie. Ukradnite si pre seba kr\u00e1tku chv\u00ed\u013eku a doprajte si zasl\u00fa\u017een\u00fd pocit v\u00fdnimo\u010dnosti, kedyko\u013evek sa v\u00e1m za\u017eiada. So\u013e do k\u00fape\u013ea premen\u00ed z\u00e1ver n\u00e1ro\u010dn\u00e9ho d\u0148a na rozmazn\u00e1vaj\u00faci z\u00e1\u017eitok pre va\u0161e telo i myse\u013e. Ide\u00e1lna je tie\u017e pre spr\u00edjemnenie rutinn\u00e9ho k\u00fapania a uvo\u013enenie unaven\u00e9ho \u010di stuhnut\u00e9ho svalstva. Preme\u0148te svoju k\u00fape\u013e\u0148u na miesto o\u010disty nie len tela ale i ducha a miesto pln\u00e9 pozit\u00edvnej energie a harm\u00f3nie tela i du\u0161e \ud83d\ude42<\/p>\n<p><strong>HLAVN\u00c9 ZLO\u017dKY<\/strong><br \/>\n&gt;\u00a0<strong>hroznov\u00fd olej<\/strong>\u00a0\u2013 \u013eahu\u010dk\u00fd a super v\u00fd\u017eivn\u00fd hroznov\u00fd olej pln\u00fd vitam\u00ednov a antioxidantov pre v\u0161etky typy poko\u017eky<br \/>\n&gt;\u00a0<strong>konvalinka a biele kvety<\/strong>\u00a0&#8211; vonn\u00e1 kompoz\u00edcia jemn\u00fdch bielych kvetov povzn\u00e1\u0161a myse\u013e, uvo\u013e\u0148uje nap\u00e4tie a pozdvihuje n\u00e1ladu<\/p>\n<p><strong>OBSAH<\/strong><br \/>\n500g<\/p>\n<p><strong>N\u00c1\u0160 TIP<\/strong><br \/>\nNemus\u00edte ma\u0165 doma va\u0148u na to, aby ste si dok\u00e1zali so\u013e do k\u00fape\u013ea u\u017ei\u0165! Rozpustite mal\u00e9 mno\u017estvo v lav\u00f3riku s teplou vodou a doprajte zasl\u00fa\u017een\u00fd wellness chodidl\u00e1m, alebo t\u00fdmto sp\u00f4sobom pripravte upracovan\u00e9 ruky na manik\u00faru.<\/p>\n<p><strong>ODPOR\u00da\u010cAME KOMBINOVA\u0164<\/strong><br \/>\nSo\u013e do k\u00fape\u013ea m\u00f4\u017eete kombinova\u0165 s ktor\u00fdmko\u013evek in\u00fdm v\u00fdrobkom Soaphoria. Z\u00e1rove\u0148 je len na v\u00e1s, \u010di sa rozhodnete pre so\u013e do k\u00fape\u013ea vo va\u0161ej ob\u013e\u00fabenej vonnej ed\u00edcii, alebo si pr\u00edjemn\u00fd \u010das str\u00e1ven\u00fd vo vani spestr\u00edte ich striedan\u00edm \ud83d\ude42<\/p>\n<p><strong>V\u00d4\u0147A V\u00ddROBKU<\/strong><br \/>\nNevinne \u013eahk\u00e1, svie\u017ea kvetinov\u00e1 v\u00f4\u0148a s n\u00e1dychom zelene, steles\u0148uj\u00facane\u017enos\u0165 a krehkos\u0165 vo vonnej kompoz\u00edcii konvaliniek, bielych \u013eali\u00ed a zelen\u00e9ho \u010daju.<\/p>\n<p><strong>FARBA V\u00ddROBKU<\/strong><br \/>\nV\u00fdrobok bez obsahu syntetick\u00fdch farb\u00edv v\u010fa\u010d\u00ed za svoje zelen\u00e9 sfarbenie v\u00fdhradne pr\u00edrodn\u00fdm rastlinn\u00fdm extraktom a pr\u00e1\u0161kom.<\/p>\n<p><strong>KONZISTENCIA V\u00ddROBKU<\/strong><br \/>\nV\u00fdrobok m\u00e1 konzistenciu hrubozrnn\u00fdch \u010diasto\u010diek soli, ktor\u00e9 sa v pripravenom k\u00fapeli pr\u00edjemne rozpustia.<\/p>\n<p><strong>KONZERVA\u010cN\u00dd SYST\u00c9M V\u00ddROBKU A DOBA POU\u017dITIA<\/strong><br \/>\nV\u00fdrobok neobsahuje syntetick\u00e9 konzerva\u010dn\u00e9 l\u00e1tky, napriek tomu je stabiln\u00fd, av\u0161ak h\u00e1kliv\u00fd na vlhkos\u0165. Dodr\u017eiavajte odpor\u00fa\u010dan\u00e9 skladovacie podmienky a po otvoren\u00ed okam\u017eite spotrebujte.<\/p>\n<p><strong>OBAL V\u00ddROBKU A N\u00c1VRH NA RECYKL\u00c1CIU<\/strong><br \/>\nV\u00fdrobok je balen\u00fd v recyklovate\u013enom plastovom kel\u00edmku s praktick\u00fdm uz\u00e1verom. Po spotrebovan\u00ed v\u00fdrobku m\u00f4\u017eete kel\u00edmok vypl\u00e1chnu\u0165 vodou a pou\u017ei\u0165 na uskladnenie drobnost\u00ed v dom\u00e1cnosti, ako s\u00fa gomb\u00edky \u010di klince \ud83d\ude42 Obal je vratn\u00fd v r\u00e1mci n\u00e1\u0161ho recykla\u010dn\u00e9ho programu.<br \/>\nAk sa rozhodnete obal v\u00fdrobku vyhodi\u0165, vho\u010fte ho do kontajnera ur\u010den\u00e9ho na zber plastov\u00e9ho separovan\u00e9ho odpadu.<\/p>\n<p><strong>APLIK\u00c1CIA<\/strong><br \/>\nAko k\u00fape\u013e: Primeran\u00e9 mno\u017estvo so\u013enej zmesi (cca 100 a\u017e 150 g) nasypte do vody teplej 35-39\u00b0C a nechajte \u00faplne rozpusti\u0165. D\u00e1vka so\u013enej zmesi na jeden k\u00fape\u013e by nemala presiahnu\u0165 450g. Doporu\u010den\u00e1 d\u013a\u017eka k\u00fape\u013ea je 15 a\u017e 20 min\u00fat. Odpor\u00fa\u010dame pou\u017e\u00edva\u0165 maxim\u00e1lne trikr\u00e1t do t\u00fd\u017ed\u0148a a po proced\u00fare si dopria\u0165 relax.<br \/>\n\u2022 Ako k\u00fape\u013e n\u00f4h: Primeran\u00e9 mno\u017estvo so\u013enej zmesi (cca polievkov\u00e1 ly\u017eica na 5 litrov vody) nasypte do vody teplej 35-39\u00b0C a nechajte \u00faplne rozpusti\u0165. Ponorte nohy do vody na dobu 15 a\u017e 20 min\u00fat.<br \/>\n\u2022 Ako inhala\u010dn\u00fd roztok: Primeran\u00e9 mno\u017estvo so\u013enej zmesi (cca \u010dajov\u00e1 ly\u017ei\u010dka) rozmie\u0161ajte v n\u00e1dobe s vriacou vodou, po vyvinut\u00ed pary inhalujte po dobu 10 a\u017e 15 min\u00fat.<br \/>\n\u2022 Ako oplach: Primeran\u00e9 mno\u017estvo so\u013enej zmesi (cca \u00bd \u010dajov\u00e1 ly\u017ei\u010dka) rozmie\u0161ajte v n\u00e1dobe s prevarenou teplou vodou a postihnut\u00e9 miesto na tele oplachujte p\u00e4\u0165 a\u017e \u0161es\u0165kr\u00e1t denne.<br \/>\n\u2022 Ako so\u013en\u00fd roztok: Primeran\u00e9 mno\u017estvo so\u013enej zmesi (cca \u010dajov\u00e1 ly\u017ei\u010dka na liter vody) rozmie\u0161ajte v n\u00e1dobe s prevarenou teplou vodou, nechajte p\u00f4sobi\u0165 30 min\u00fat a\u017e 2 hodiny.<br \/>\n\u2022 Ako natierac\u00ed roztok: Primeran\u00e9 mno\u017estvo so\u013enej zmesi (cca polievkov\u00e1 ly\u017eica na liter vody) rozmie\u0161ajte v n\u00e1dobe s prevarenou teplou vodou teploty cca. 39\u00b0C. Roztokom premo\u010denou hubkou natierajte cel\u00e9 telo dvakr\u00e1t denne (r\u00e1no a ve\u010der). Pri vysokej hor\u00fa\u010dke natierajte cel\u00e9 telo. Pri prechladnut\u00ed je vhodn\u00e9 natiera\u0165 chodidl\u00e1 a dlane.<br \/>\n\u2022 Ako z\u00e1bal: bavlnen\u00fa text\u00edliu alebo py\u017eamu namo\u010dte v koncentrovanom so\u013enom roztoku, cel\u00e9 telo vr\u00e1tane kon\u010dat\u00edn zaba\u013ete od krku k p\u00e4t\u00e1m a prikryje teplou dekou, nechajte p\u00f4sobi\u0165 1 a\u017e 2 hodiny.<br \/>\n\u2022 Ako obklad: Po pr\u00edprave so\u013en\u00e9ho roztoku ponor\u00edte obv\u00e4z a nechajte ho nasiaknu\u0165 roztokom. N\u00e1sledne obklad prilo\u017ete na postihnut\u00e9 miesto, zavi\u0148te f\u00f3liou, resp. uter\u00e1kom a nechajte p\u00f4sobi\u0165 1 a\u017e 2 hodiny.<\/p>\n<p><strong>UPOZORNENIA<\/strong><br \/>\nUr\u010den\u00e9 na ka\u017edodenn\u00e9 pou\u017eitie. Uchov\u00e1vajte mimo dosahu det\u00ed. Skladujte na chladnom a suchom mieste a nevystavujte priamemu slne\u010dn\u00e9mu \u017eiareniu a mrazu. Nepou\u017e\u00edva\u0165 na otvoren\u00e9 rany. Vyhnite sa oblasti o\u010d\u00ed. Pri zasiahnut\u00ed o\u010d\u00ed vyplachujte vla\u017enou vodou po dobu minim\u00e1lne 15 min\u00fat bez preru\u0161enia smerom od vn\u00fatorn\u00e9ho k\u00fatika k vonkaj\u0161iemu (v pr\u00edpade nosenia kontaktn\u00fdch \u0161o\u0161oviek ich odstr\u00e1ni\u0165 vopred). Ak d\u00f4jde k podr\u00e1\u017edeniu, vyh\u013eadajte lek\u00e1rsku pomoc.<\/p>\n<p><strong>ZLO\u017dENIE<\/strong><br \/>\nSodium Chloride (kamenn\u00e1 so\u013e)*, Camellia Sinensis Leaf Extract*, Lilium Candidum Bulb Extract*\u00a0,\u00a0Vitis Vinifera Seed Oil\u00a0(olej z hroznov\u00fdch jadier)*,\u00a0Spirulina maxima powder, ***Geraniol, ***Limonene, ***Linalool<\/p>\n<p>*certifikovan\u00e1 organick\u00e1 zlo\u017eka<\/p>\n<p>***vyskytuj\u00face sa prirodzene v esenci\u00e1lnych olejoch a pr\u00edrodn\u00fdch v\u00f4\u0148ach<\/p>\n<p>&nbsp;<\/p>\n","protected":false},"excerpt":{"rendered":"<p><strong>So\u013e do k\u00fape\u013ea s pr\u00edjemnou kvetinovou v\u00f4\u0148ou<\/strong>\u00a0predstavuje ide\u00e1lny prostriedok pre\u00a0<strong>na\u010derpanie novej energie a z\u00e1rove\u0148 starostlivos\u0165 o poko\u017eku cel\u00e9ho tela<\/strong>. Unik\u00e1tny z\u00e1\u017eitok prinesie v\u010faka\u00a0<strong>starostlivo vyberan\u00fdm organick\u00fdm esenci\u00e1lnom olejom<\/strong>, ktor\u00fdch v\u00f4\u0148a rozmazn\u00e1 myse\u013e a \u201eoby\u010dajn\u00fd\u201c k\u00fape\u013e okam\u017eite premen\u00ed na\u00a0<strong>skuto\u010dn\u00fa wellness proced\u00faru<\/strong>.\u00a0 Prispieva k celkovej\u00a0<strong>regener\u00e1cii organizmu a pom\u00e1ha op\u00e4tovne n\u00e1js\u0165 harm\u00f3niu tela a du\u0161e.<\/strong>\u00a0Vysok\u00fd obsah miner\u00e1lov, ako s\u00fa\u00a0<strong>hor\u010d\u00edk, drasl\u00edk, sod\u00edk, chr\u00f3m, br\u00f3m, sel\u00e9n<\/strong>\u00a0a mnoh\u00e9 \u010fal\u0161ie,\u00a0<strong>prospieva zdraviu poko\u017eky, podporuje jej prirodzen\u00fa obranyschopnos\u0165 a zbavuje ju tox\u00ednov.<\/strong><\/p>\n<p>So\u013en\u00e1 zmes do k\u00fape\u013ea je vhodn\u00e1 ako pr\u00edsada do k\u00fape\u013ea\u00a0<strong>pre v\u0161etky typy poko\u017eky a vekov\u00e9 kateg\u00f3rie.<\/strong><\/p>\n<p>&gt; \u010disto pr\u00edrodn\u00e9 zlo\u017eenie nedr\u00e1\u017edi poko\u017eku, pr\u00e1ve naopak, poskytuj\u00fa jej bohat\u00e9 z\u00e1soby miner\u00e1lnych l\u00e1tok a podporuj\u00fa jej zdravie a obranyschopnos\u0165<br \/>\n&gt; rozmazn\u00e1vaj\u00face esenci\u00e1lne oleje prevo\u0148aj\u00fa k\u00fape\u013e a postaraj\u00fa sa o dokonal\u00fd relaxa\u010dn\u00fd z\u00e1\u017eitok<br \/>\n&gt; vhodne zvolen\u00e1 kompoz\u00edcia napom\u00f4\u017ee regener\u00e1cii mysle i unaven\u00e9ho svalstva a dobije energiou do \u010fal\u0161ieho n\u00e1ro\u010dn\u00e9ho d\u0148a<br \/>\n&gt; farbiv\u00e1 reprezentovan\u00e9 v\u00fdhradne pr\u00edrodn\u00fdmi rastlinn\u00fdmi pr\u00e1\u0161kami dodaj\u00fa k\u00fape\u013eu \u0161mrnc a vy\u010daria pocit v\u00fdnimo\u010dnosti<br \/>\n&gt; soli a so\u013en\u00e9 zmesi do k\u00fape\u013ea s\u00fa ide\u00e1lnym prostriedkom pre pravideln\u00fa a navy\u0161e v\u00fdnimo\u010dne pr\u00edjemn\u00fa starostlivos\u0165 o poko\u017eku \ud83d\ude42<\/p>\n<p>&gt; VEGAN K\u00daPE\u013dOV\u00c1 SO\u013d<br \/>\n&gt; SO SVIE\u017dOU KVETINOVOU V\u00d4\u0147OU<br \/>\n&gt; CENN\u00dd ZDROJ MINER\u00c1LOV<br \/>\n&gt;\u00a0PRE ROZMAZN\u00c1VAJ\u00daCE UVO\u013dNENIE<\/p>\n<p>500g<\/p>\n<p>&nbsp;<\/p>\n","protected":false},"featured_media":2063,"comment_status":"open","ping_status":"closed","template":"","meta":{"site-sidebar-layout":"default","site-content-layout":"","ast-site-content-layout":"default","site-content-style":"default","site-sidebar-style":"default","ast-global-header-display":"","ast-banner-title-visibility":"","ast-main-header-display":"","ast-hfb-above-header-display":"","ast-hfb-below-header-display":"","ast-hfb-mobile-header-display":"","site-post-title":"","ast-breadcrumbs-content":"","ast-featured-img":"","footer-sml-layout":"","theme-transparent-header-meta":"default","adv-header-id-meta":"","stick-header-meta":"","header-above-stick-meta":"","header-main-stick-meta":"","header-below-stick-meta":"","astra-migrate-meta-layouts":"set","ast-page-background-enabled":"default","ast-page-background-meta":{"desktop":{"background-color":"var(--ast-global-color-4)","background-image":"","background-repeat":"repeat","background-position":"center center","background-size":"auto","background-attachment":"scroll","background-type":"","background-media":"","overlay-type":"","overlay-color":"","overlay-opacity":"","overlay-gradient":""},"tablet":{"background-color":"","background-image":"","background-repeat":"repeat","background-position":"center center","background-size":"auto","background-attachment":"scroll","background-type":"","background-media":"","overlay-type":"","overlay-color":"","overlay-opacity":"","overlay-gradient":""},"mobile":{"background-color":"","background-image":"","background-repeat":"repeat","background-position":"center center","background-size":"auto","background-attachment":"scroll","background-type":"","background-media":"","overlay-type":"","overlay-color":"","overlay-opacity":"","overlay-gradient":""}},"ast-content-background-meta":{"desktop":{"background-color":"var(--ast-global-color-5)","background-image":"","background-repeat":"repeat","background-position":"center center","background-size":"auto","background-attachment":"scroll","background-type":"","background-media":"","overlay-type":"","overlay-color":"","overlay-opacity":"","overlay-gradient":""},"tablet":{"background-color":"var(--ast-global-color-5)","background-image":"","background-repeat":"repeat","background-position":"center center","background-size":"auto","background-attachment":"scroll","background-type":"","background-media":"","overlay-type":"","overlay-color":"","overlay-opacity":"","overlay-gradient":""},"mobile":{"background-color":"var(--ast-global-color-5)","background-image":"","background-repeat":"repeat","background-position":"center center","background-size":"auto","background-attachment":"scroll","background-type":"","background-media":"","overlay-type":"","overlay-color":"","overlay-opacity":"","overlay-gradient":""}}},"product_cat":[30,68,40,38],"product_tag":[],"class_list":{"0":"post-2062","1":"product","2":"type-product","3":"status-publish","4":"has-post-thumbnail","6":"product_cat-kozmetika","7":"product_cat-soli-a-solne-zmesi-do-kupela","8":"product_cat-sprchovanie-a-kupel","9":"product_cat-telo","10":"desktop-align-center","11":"tablet-align-center","12":"mobile-align-center","14":"first","15":"instock","16":"taxable","17":"shipping-taxable","18":"purchasable","19":"product-type-simple"},"_links":{"self":[{"href":"https:\/\/mmtest1.top\/index.php?rest_route=\/wp\/v2\/product\/2062","targetHints":{"allow":["GET"]}}],"collection":[{"href":"https:\/\/mmtest1.top\/index.php?rest_route=\/wp\/v2\/product"}],"about":[{"href":"https:\/\/mmtest1.top\/index.php?rest_route=\/wp\/v2\/types\/product"}],"replies":[{"embeddable":true,"href":"https:\/\/mmtest1.top\/index.php?rest_route=%2Fwp%2Fv2%2Fcomments&post=2062"}],"wp:featuredmedia":[{"embeddable":true,"href":"https:\/\/mmtest1.top\/index.php?rest_route=\/wp\/v2\/media\/2063"}],"wp:attachment":[{"href":"https:\/\/mmtest1.top\/index.php?rest_route=%2Fwp%2Fv2%2Fmedia&parent=2062"}],"wp:term":[{"taxonomy":"product_cat","embeddable":true,"href":"https:\/\/mmtest1.top\/index.php?rest_route=%2Fwp%2Fv2%2Fproduct_cat&post=2062"},{"taxonomy":"product_tag","embeddable":true,"href":"https:\/\/mmtest1.top\/index.php?rest_route=%2Fwp%2Fv2%2Fproduct_tag&post=2062"}],"curies":[{"name":"wp","href":"https:\/\/api.w.org\/{rel}","templated":true}]}}