{"id":2050,"date":"2024-07-24T14:38:37","date_gmt":"2024-07-24T12:38:37","guid":{"rendered":"https:\/\/mmtest1.top\/?post_type=product&#038;p=2050"},"modified":"2024-07-24T15:29:20","modified_gmt":"2024-07-24T13:29:20","slug":"himalay-sumiva-bomba-do-kupela","status":"publish","type":"product","link":"https:\/\/mmtest1.top\/?product=himalay-sumiva-bomba-do-kupela","title":{"rendered":"HIMALAY &#8211; \u0160UMIV\u00c1 BOMBA DO K\u00daPE\u013dA"},"content":{"rendered":"<p>V kolobehu be\u017en\u00fdch povinnost\u00ed, radost\u00ed a starost\u00ed \u010dastokr\u00e1t zab\u00fadame sami na seba, ob\u010das sa n\u00e1m v\u0161ak chv\u00ed\u013eka neru\u0161en\u00e9ho pokoja \u017eiada ako so\u013e. Pr\u00e1ve vtedy je relaxa\u010dn\u00fd k\u00fape\u013e v\u00fdborn\u00fdm prostriedkom pre odb\u00faranie stresu, vytriedenie my\u0161lienok \u010di na\u010derpanie novej energie. Ukradnite si pre seba kr\u00e1tku chv\u00ed\u013eku a doprajte si zasl\u00fa\u017een\u00fd pocit v\u00fdnimo\u010dnosti, kedyko\u013evek sa v\u00e1m za\u017eiada. \u0160umiv\u00e9 gule do k\u00fape\u013ea prin\u00e1\u0161aj\u00fa zasl\u00fa\u017een\u00fd relax.\u00a0<strong>K\u00fape\u013eov\u00e1 bomba premen\u00ed z\u00e1ver n\u00e1ro\u010dn\u00e9ho d\u0148a na rozmazn\u00e1vaj\u00faci z\u00e1\u017eitok pre va\u0161e telo i myse\u013e. Ide\u00e1lna je tie\u017e pre spr\u00edjemnenie rutinn\u00e9ho k\u00fapania a nekone\u010dn\u00fa z\u00e1bavu mal\u00fdch nezbedn\u00edkov.<\/strong>\u00a0Preme\u0148te svoju k\u00fape\u013e\u0148u na miesto o\u010disty nie len tela ale i ducha a miesto pln\u00e9 pozit\u00edvnej energie a radosti \ud83d\ude42<\/p>\n<p><strong>HLAVN\u00c9 ZLO\u017dKY<\/strong><br \/>\n&gt;\u00a0<strong>mim\u00f3za<\/strong>\u00a0&#8211; ide\u00e1lna pre mastn\u00fd a zmie\u0161an\u00fd typ poko\u017eky, upokojuje poko\u017eku a m\u00e1 antibakteri\u00e1lne vlastnosti<br \/>\n&gt;\u00a0<strong>marhu\u013eov\u00fd a olivov\u00fd olej<\/strong>\u00a0\u2013 dvojica jemn\u00fdch a v\u00fd\u017eivn\u00fdch olejov pre hodv\u00e1bne hebk\u00fa a o\u0161etren\u00fa poko\u017eku<\/p>\n<p><strong>OBSAH<\/strong><br \/>\ncca 145g<\/p>\n<p><strong>N\u00c1\u0160 TIP<\/strong><br \/>\nNemus\u00edte ma\u0165 doma va\u0148u na to, aby ste si dok\u00e1zali t\u00fato bombu u\u017ei\u0165! Rozpustite k\u00fape\u013eov\u00fa bombu v lav\u00f3riku s teplou vodou a doprajte zasl\u00fa\u017een\u00fd wellness chodidl\u00e1m, alebo t\u00fdmto sp\u00f4sobom pripravte upracovan\u00e9 ruky na manik\u00faru.<br \/>\nBomba do k\u00fape\u013ea je tie\u017e v\u00fdborn\u00fdm dar\u010dekom pre va\u0161ich bl\u00edzkych!<\/p>\n<p><strong>ODPOR\u00da\u010cAME KOMBINOVA\u0164<\/strong><br \/>\n\u0160umivku m\u00f4\u017eete kombinova\u0165 s ktor\u00fdmko\u013evek in\u00fdm v\u00fdrobkom Soaphoria. Z\u00e1rove\u0148 je len na v\u00e1s, \u010di sa rozhodnete pre bombu do k\u00fape\u013ea vo va\u0161ej ob\u013e\u00fabenej vonnej ed\u00edcii, alebo si pr\u00edjemn\u00fd \u010das str\u00e1ven\u00fd vo vani spestr\u00edte ich striedan\u00edm \ud83d\ude42<\/p>\n<p><strong>V\u00d4\u0147A V\u00ddROBKU<\/strong><br \/>\nJemne osvie\u017euj\u00faca vonn\u00e1 kompoz\u00edcia pripom\u00ednaj\u00faca slne\u010dn\u00fd de\u0148 v tropickej morskej kl\u00edme nas\u00fdtenej so\u013eou. Vrchn\u00fd t\u00f3n ud\u00e1va pr\u00e1ve kvet mim\u00f3zy so stredn\u00fdm subt\u00f3nom s citrusov\u00fdmi plodmi nahorkl\u00e9ho bergamotu a limety. Z\u00e1klad umoc\u0148uje santalov\u00e9 a c\u00e9drov\u00e9 drevo spolo\u010dne so santalov\u00fdm a c\u00e9drov\u00fdm drevom. Harm\u00f3niu jednoty upev\u0148uje \u010darodejka \u0161kvrnit\u00e1.<\/p>\n<p><strong>FARBA V\u00ddROBKU<\/strong><br \/>\nV\u00fdrobok bez obsahu syntetick\u00fdch farb\u00edv v\u010fa\u010d\u00ed za svoje ru\u017eovkast\u00e9 sfarbenie v\u00fdhradne pr\u00edrodn\u00fdm rastlinn\u00fdm extraktom a pr\u00e1\u0161kom.<\/p>\n<p><strong>KONZISTENCIA V\u00ddROBKU<\/strong><br \/>\nV\u00fdrobok m\u00e1 konzistenciu pevnej gule, ktor\u00e1 sa pri kontakte s vodou za\u010d\u00edna za sprievodu jemn\u00e9ho \u0161umenia \u201etopi\u0165\u201c. K\u00fape\u013eov\u00e1 bomba sa v\u00fdnimo\u010dne m\u00f4\u017ee vplyvom n\u00e1hleho tlaku \u010di n\u00e1razu rozdrvi\u0165 na men\u0161ie k\u00fasky alebo dokonca na prach, nemus\u00edte sa v\u0161ak ob\u00e1va\u0165, na \u00fa\u010dinky a pou\u017eite\u013enos\u0165 v\u00fdrobku nem\u00e1 t\u00e1to zmena konzistencie v\u00f4bec \u017eiaden vplyv \ud83d\ude42<\/p>\n<p><strong>KONZERVA\u010cN\u00dd SYST\u00c9M V\u00ddROBKU A DOBA POU\u017dITIA<\/strong><br \/>\nV\u00fdrobok neobsahuje syntetick\u00e9 konzerva\u010dn\u00e9 l\u00e1tky, napriek tomu je stabiln\u00fd, av\u0161ak h\u00e1kliv\u00fd na vlhkos\u0165. Dodr\u017eiavajte odpor\u00fa\u010dan\u00e9 skladovacie podmienky a po otvoren\u00ed okam\u017eite spotrebujte.<\/p>\n<p><strong>OBAL V\u00ddROBKU A N\u00c1VRH NA RECYKL\u00c1CIU<\/strong><br \/>\nV\u00fdrobok je balen\u00fd v celof\u00e1novom vrec\u00fa\u0161ku, ktor\u00e9 s\u00edce na prv\u00fd poh\u013ead pripom\u00edna plast, no v skuto\u010dnosti sa jedn\u00e1 o materi\u00e1l vyroben\u00fd z celul\u00f3zy &#8211; teda dreva. Po spotrebovan\u00ed v\u00fdrobku vho\u010fte pr\u00e1zdny obal do kontajnera ur\u010den\u00e9ho na tak\u00fdto typ odpadov\u00e9ho materi\u00e1lu.<br \/>\nV pr\u00edpade, \u017ee sa rozhodnete pre k\u00fapu v\u00fdrobku v zero waste verzii, bomba do k\u00fape\u013ea v\u00e1m bude doru\u010den\u00e1 v proviz\u00f3rnom \u201cbalen\u00ed\u201d z recyklovan\u00e9ho papiera.<\/p>\n<p><strong>APLIK\u00c1CIA<\/strong><br \/>\nVlo\u017ete v\u00fdrobok do pripraven\u00e9ho tepl\u00e9ho k\u00fape\u013ea, resp. pod te\u010d\u00facu vodu primeranej teploty. V\u00fdrobok v kontakte s vodou sa roz\u0161um\u00ed, vytvor\u00ed penu a uvo\u013en\u00ed obsiahnut\u00e9 oleje a esenci\u00e1lne oleje, zatia\u013e \u010do hydrog\u00e9nuhli\u010ditan sodn\u00fd zm\u00e4k\u010d\u00ed vodu. Odpor\u00fa\u010dan\u00e1 doba pobytu v k\u00fapeli je cca 15 a\u017e 30 min\u00fat.<\/p>\n<p><strong>UPOZORNENIA<\/strong><br \/>\nUr\u010den\u00e9 na ka\u017edodenn\u00e9 pou\u017eitie. Uchov\u00e1vajte mimo dosahu det\u00ed. Skladujte na chladnom a suchom mieste a nevystavujte priamemu slne\u010dn\u00e9mu \u017eiareniu a mrazu. Nepou\u017e\u00edva\u0165 na otvoren\u00e9 rany. Vyhnite sa oblasti o\u010d\u00ed. Pri zasiahnut\u00ed o\u010d\u00ed vyplachujte vla\u017enou vodou po dobu minim\u00e1lne 15 min\u00fat bez preru\u0161enia smerom od vn\u00fatorn\u00e9ho k\u00fatika k vonkaj\u0161iemu (v pr\u00edpade nosenia kontaktn\u00fdch \u0161o\u0161oviek ich odstr\u00e1ni\u0165 vopred). Ak d\u00f4jde k podr\u00e1\u017edeniu, vyh\u013eadajte lek\u00e1rsku pomoc.<br \/>\nPred prv\u00fdm pou\u017eit\u00edm sa odpor\u00fa\u010da previes\u0165 tzv. Patch test, t. j. aplikova\u0165 a otestova\u0165 kozmetick\u00fd pr\u00edpravok na jeho zn\u00e1\u0161anlivos\u0165 na malej pl\u00f4\u0161ke poko\u017eky, najlep\u0161ie na z\u00e1p\u00e4st\u00ed a po\u010dka\u0165 24h. Touto met\u00f3dou sa m\u00f4\u017ee pred\u00eds\u0165 n\u00e1stupu alergick\u00fdch reakci\u00ed a precitlivenosti na dan\u00fd v\u00fdrobok. Ak po aplik\u00e1cii sa prejav\u00ed alergick\u00e1 reakcia, povrch poko\u017eky zmyte vla\u017enou vodou. V\u00fdrobok okam\u017eite presta\u0148te pou\u017e\u00edva\u0165. Ak alergick\u00e1 reakcia pretrv\u00e1 po dlh\u0161iu dobu vyh\u013eadajte lek\u00e1rsku pomoc.<\/p>\n<p><strong>ZLO\u017dENIE<\/strong><br \/>\nSodium Bicarbonate (hydrog\u00e9nuhli\u010ditan sodn\u00fd), Citric Acid (kyselina citr\u00f3nov\u00e1)*, Olea Europaea Fruit Oil (olivov\u00fd olej)*, Prunus Armeniaca Oil (marhu\u013eov\u00fd olej)*, Sal (himal\u00e1jska so\u013e), Mimosa Tenuiflora Extract (Mim\u00f3za)*, Citrus Aurantium Bergamia Fruit Oil (citr\u00f3novn\u00edk bergamotov\u00fd)*, Citrus Aurantifolia Oil (citr\u00f3novn\u00edk limetov\u00fd olej)*, Santalum Album Oil (santalovn\u00edk biely olej)*, Cedrus Atlantica Bark Oil (c\u00e9der atlantsk\u00fd)*, Mimulus Moschatus Extract (\u010darodejka \u0161kvrnit\u00e1 extrakt)*, Hibiscus Sabdariffa Flower Powder (ibi\u0161tekov\u00fd pr\u00e1\u0161ok), ***Amyl Cinnamal, ***Citronellol, ***Eugenol, ***Geraniol, ***Limonene, ***Linalool<\/p>\n<p>*certifikovan\u00e1 organick\u00e1 zlo\u017eka<br \/>\n***vyskytuj\u00face sa prirodzene v esenci\u00e1lnych olejoch<\/p>\n","protected":false},"excerpt":{"rendered":"<p>\u0160umiv\u00e1 gu\u013ea do k\u00fape\u013ea predstavuje\u00a0<strong>v\u00fdnimo\u010dn\u00fd v\u00fdrobok pre spr\u00edjemnenie k\u00fape\u013ea a navodenie \u00fa\u017easnej relaxa\u010dnej atmosf\u00e9ry<\/strong>.\u00a0<strong>Pr\u00edrodn\u00e9 suroviny<\/strong>\u00a0rozmaznaj\u00fa nie len zmysly ale i poko\u017eku, ktor\u00fa z\u00e1rove\u0148\u00a0<strong>vy\u017eivia a zanechaj\u00fa<\/strong>\u00a0ju\u00a0<strong>jemn\u00fa a vl\u00e1\u010dnu<\/strong>\u00a0pr\u00e1ve v\u010faka pridan\u00fdm\u00a0<strong>organick\u00fdm olejom ako s\u00fa marhu\u013eov\u00fd a olivov\u00fd olej<\/strong>. Vzh\u013eadom na svoje \u0161etrn\u00e9 zlo\u017eenie je k\u00fape\u013eov\u00e1 bomba rovnako\u00a0<strong>vhodn\u00e1 pre v\u0161etky typy poko\u017eky<\/strong>. Pridan\u00e9\u00a0<strong>\u00e9terick\u00e9 oleje sa postaraj\u00fa o neuverite\u013ene vo\u0148av\u00fd z\u00e1\u017eitok<\/strong>\u00a0a\u00a0<strong>pr\u00edrodn\u00e9 farbiace zlo\u017eky o\u017eivia k\u00fape\u013e hrav\u00fdmi farbami<\/strong>\u00a0i v ten najv\u0161ednej\u0161\u00ed de\u0148!\u00a0 \u0160umiv\u00fd balistik do k\u00fape\u013ea prin\u00e1\u0161a osvie\u017eenie, rados\u0165 a relax a navy\u0161e zanech\u00e1va poko\u017eku hebk\u00fa a o\u0161etren\u00fa.\u00a0<strong>Doprajte si zasl\u00fa\u017een\u00fd odpo\u010dinok, zrelaxujte svoje telo i myse\u013e a nechajte sa un\u00e1\u0161a\u0165 \u00fa\u017easn\u00fdmi v\u00f4\u0148ami a neuverite\u013enou jemnos\u0165ou poko\u017eky \ud83d\ude42<\/strong><\/p>\n<p>Bomba do k\u00fape\u013ea je vhodn\u00e1 ako\u00a0<strong>pr\u00edsada do k\u00fape\u013ea pre v\u0161etky typy poko\u017eky a vekov\u00e9 kateg\u00f3rie<\/strong>.<\/p>\n<p>&gt; pr\u00edrodn\u00e9 suroviny nedr\u00e1\u017edia poko\u017eku a nevysu\u0161uj\u00fa ju, pr\u00e1ve naopak, po k\u00fapeli ju zahalia do pr\u00edjemn\u00e9ho olejov\u00e9ho filmu<br \/>\n&gt; rozmazn\u00e1vaj\u00face olej\u010deky ako s\u00fa marhu\u013eov\u00fd a olivov\u00fd poko\u017eku vy\u017eivia a navr\u00e1tia jej aj d\u00e1vno straten\u00fa vitalitu<br \/>\n&gt; pr\u00edrodn\u00e9 esenci\u00e1lne oleje zabezpe\u010dia nezabudnute\u013en\u00fd z\u00e1\u017eitok a prevo\u0148aj\u00fa poko\u017eku na dlh\u00e9 hodiny<br \/>\n&gt; farbiv\u00e1 reprezentovan\u00e9 v\u00fdhradne pr\u00edrodn\u00fdmi rastlinn\u00fdmi pr\u00e1\u0161kami dodaj\u00fa k\u00fape\u013eu \u0161mrnc a vy\u010daria pocit v\u00fdnimo\u010dnosti<br \/>\n&gt; \u0161umivky do k\u00fape\u013ea s\u00fa skvel\u00fdm dar\u010dekom, ktor\u00fd pote\u0161\u00ed mal\u00fdch i ve\u013ek\u00fdch \ud83d\ude42<\/p>\n<p>&gt; VEGAN \u0160UMIVKA DO K\u00daPE\u013dA<br \/>\n&gt; S OB\u013d\u00daBENOU WELLNESS V\u00d4\u0147OU<br \/>\n&gt; PRE V\u00ddNIMO\u010cN\u00dd Z\u00c1\u017dITOK<br \/>\n&gt;\u00a0O\u0160ETRUJE POKO\u017dKU<\/p>\n<p>cca 85g<\/p>\n","protected":false},"featured_media":2051,"comment_status":"open","ping_status":"closed","template":"","meta":{"site-sidebar-layout":"default","site-content-layout":"","ast-site-content-layout":"default","site-content-style":"default","site-sidebar-style":"default","ast-global-header-display":"","ast-banner-title-visibility":"","ast-main-header-display":"","ast-hfb-above-header-display":"","ast-hfb-below-header-display":"","ast-hfb-mobile-header-display":"","site-post-title":"","ast-breadcrumbs-content":"","ast-featured-img":"","footer-sml-layout":"","theme-transparent-header-meta":"default","adv-header-id-meta":"","stick-header-meta":"","header-above-stick-meta":"","header-main-stick-meta":"","header-below-stick-meta":"","astra-migrate-meta-layouts":"set","ast-page-background-enabled":"default","ast-page-background-meta":{"desktop":{"background-color":"var(--ast-global-color-4)","background-image":"","background-repeat":"repeat","background-position":"center center","background-size":"auto","background-attachment":"scroll","background-type":"","background-media":"","overlay-type":"","overlay-color":"","overlay-opacity":"","overlay-gradient":""},"tablet":{"background-color":"","background-image":"","background-repeat":"repeat","background-position":"center center","background-size":"auto","background-attachment":"scroll","background-type":"","background-media":"","overlay-type":"","overlay-color":"","overlay-opacity":"","overlay-gradient":""},"mobile":{"background-color":"","background-image":"","background-repeat":"repeat","background-position":"center center","background-size":"auto","background-attachment":"scroll","background-type":"","background-media":"","overlay-type":"","overlay-color":"","overlay-opacity":"","overlay-gradient":""}},"ast-content-background-meta":{"desktop":{"background-color":"var(--ast-global-color-5)","background-image":"","background-repeat":"repeat","background-position":"center center","background-size":"auto","background-attachment":"scroll","background-type":"","background-media":"","overlay-type":"","overlay-color":"","overlay-opacity":"","overlay-gradient":""},"tablet":{"background-color":"var(--ast-global-color-5)","background-image":"","background-repeat":"repeat","background-position":"center center","background-size":"auto","background-attachment":"scroll","background-type":"","background-media":"","overlay-type":"","overlay-color":"","overlay-opacity":"","overlay-gradient":""},"mobile":{"background-color":"var(--ast-global-color-5)","background-image":"","background-repeat":"repeat","background-position":"center center","background-size":"auto","background-attachment":"scroll","background-type":"","background-media":"","overlay-type":"","overlay-color":"","overlay-opacity":"","overlay-gradient":""}}},"product_cat":[30,40,67,38],"product_tag":[],"class_list":{"0":"post-2050","1":"product","2":"type-product","3":"status-publish","4":"has-post-thumbnail","6":"product_cat-kozmetika","7":"product_cat-sprchovanie-a-kupel","8":"product_cat-sumive-bomby-do-kupela","9":"product_cat-telo","10":"desktop-align-center","11":"tablet-align-center","12":"mobile-align-center","14":"first","15":"instock","16":"taxable","17":"shipping-taxable","18":"purchasable","19":"product-type-simple"},"_links":{"self":[{"href":"https:\/\/mmtest1.top\/index.php?rest_route=\/wp\/v2\/product\/2050","targetHints":{"allow":["GET"]}}],"collection":[{"href":"https:\/\/mmtest1.top\/index.php?rest_route=\/wp\/v2\/product"}],"about":[{"href":"https:\/\/mmtest1.top\/index.php?rest_route=\/wp\/v2\/types\/product"}],"replies":[{"embeddable":true,"href":"https:\/\/mmtest1.top\/index.php?rest_route=%2Fwp%2Fv2%2Fcomments&post=2050"}],"wp:featuredmedia":[{"embeddable":true,"href":"https:\/\/mmtest1.top\/index.php?rest_route=\/wp\/v2\/media\/2051"}],"wp:attachment":[{"href":"https:\/\/mmtest1.top\/index.php?rest_route=%2Fwp%2Fv2%2Fmedia&parent=2050"}],"wp:term":[{"taxonomy":"product_cat","embeddable":true,"href":"https:\/\/mmtest1.top\/index.php?rest_route=%2Fwp%2Fv2%2Fproduct_cat&post=2050"},{"taxonomy":"product_tag","embeddable":true,"href":"https:\/\/mmtest1.top\/index.php?rest_route=%2Fwp%2Fv2%2Fproduct_tag&post=2050"}],"curies":[{"name":"wp","href":"https:\/\/api.w.org\/{rel}","templated":true}]}}