{"id":2032,"date":"2024-07-24T13:34:01","date_gmt":"2024-07-24T11:34:01","guid":{"rendered":"https:\/\/mmtest1.top\/?post_type=product&#038;p=2032"},"modified":"2024-07-24T13:34:02","modified_gmt":"2024-07-24T11:34:02","slug":"sensiderma-vyzivny-upokojujuci-sprchovy-krem-panthenol-aloe","status":"publish","type":"product","link":"https:\/\/mmtest1.top\/?product=sensiderma-vyzivny-upokojujuci-sprchovy-krem-panthenol-aloe","title":{"rendered":"SENSIDERMA+ V\u00dd\u017dIVN\u00dd UPOKOJUJ\u00daCI SPRCHOV\u00dd KR\u00c9M PANTHENOL &#038; ALOE"},"content":{"rendered":"<p>Organick\u00fd sprchovac\u00ed kr\u00e9m vytvoren\u00fd z pr\u00edrodn\u00fdch surov\u00edn \u0161etrne \u010dist\u00ed povrch poko\u017eky a z\u00e1rove\u0148 ju vy\u017eivuje a upokojuje. Zlo\u017eenie na b\u00e1ze organick\u00fdch olejov a masiel v kombin\u00e1cii s ultra jemn\u00fdmi rastinn\u00fdmi myc\u00edmi tenzidmi nenar\u00fa\u0161a prirodzen\u00fa ochrann\u00fa bari\u00e9ru, ktor\u00fa si poko\u017eka sama vytv\u00e1ra, preto je ako stvoren\u00fd aj pre extr\u00e9mne citliv\u00fa, ve\u013emi dehydratovan\u00fa a vysu\u0161en\u00fa poko\u017eku. V\u00fdrobok bez obsahu sulf\u00e1tov, silik\u00f3nov a parab\u00e9nov je vhodn\u00fd aj pre atopick\u00fd a ekzematick\u00fd typ poko\u017eky pre ka\u017edodenn\u00fa starostlivos\u0165 s \u00fa\u010dinkom hydrat\u00e1cie, v\u00fd\u017eivy a podpory regener\u00e1cie. Pridan\u00e9 akt\u00edvne l\u00e1tky p\u00f4sobia ochra\u0148uj\u00faco na zachovanie celistvosti ko\u017enej bari\u00e9ry, aby vynikla jej kr\u00e1sa a zdrav\u00fd vzh\u013ead. Produkt je ako stvoren\u00fd na \u010distenie a uk\u013eudnenie za\u010dervenanej, nam\u00e1hanej \u010di sp\u00e1lenej poko\u017eky po dlhom slnen\u00ed. Zmier\u0148uje prejavy podr\u00e1\u017edenia, eliminuje \u0161upinatos\u0165 a l\u00fapanie ko\u017ee, upokojuje poko\u017eku trpiacu diskomfortom, svrbiacu, pop\u00e1len\u00fa po slnen\u00ed \u010di mechanicky po\u0161koden\u00fa alebo po u\u0161tipnut\u00ed hmyzom.<\/p>\n<p>Such\u00e1, reakt\u00edvna, nam\u00e1han\u00e1 \u010di inak diskomfortom pozna\u010den\u00e1 poko\u017eka trp\u00ed a potrebuje hydrat\u00e1ciu a zvl\u00e1\u010dnenie. V\u00fd\u017eivn\u00fd sprchovac\u00ed kr\u00e9m s obsahom pantenolu a bambuck\u00e9ho masla svojou v\u00fddatnou kr\u00e9movou konzistenciou \u0161etrne \u010dist\u00ed poko\u017eku, ale aj rozmazn\u00e1va a zjem\u0148uje. Pridan\u00e9 akt\u00edvne l\u00e1tky p\u00f4sobia ochra\u0148uj\u00faco na zachovanie celistvosti ko\u017enej bari\u00e9ry, aby vynikla jej kr\u00e1sa a zdrav\u00fd vzh\u013ead.<\/p>\n<p><strong>HLAVN\u00c9 ZLO\u017dKY<\/strong><br \/>\n&gt;\u00a0<strong>bambuck\u00e9 maslo<\/strong>\u00a0vy\u017eivuje, zjem\u0148uje, uzamyk\u00e1 vlahu v bunk\u00e1ch a dod\u00e1va \u017eiviny<br \/>\n&gt;\u00a0<strong>olivov\u00fd, slne\u010dnicov\u00fd, kokosov\u00fd a jojobov\u00fd olej<\/strong>\u00a0zvl\u00e1\u010d\u0148uj\u00fa a rozmazn\u00e1vaj\u00fa poko\u017eku a eliminuj\u00fa nepr\u00edjemn\u00fd pocit pnutia<br \/>\n&gt;\u00a0<strong>pantenol<\/strong>\u00a0podporuje udr\u017eanie celistvosti a obranyschopnosti ko\u017enej bari\u00e9ry a eliminuje suchos\u0165 a \u0161upinatos\u0165 poko\u017eky<br \/>\n&gt;\u00a0<strong>esenci\u00e1lny olej z guajakov\u00e9ho dreva<\/strong>\u00a0podporuje regener\u00e1ciu aj ve\u013emi citlivej poko\u017eky a p\u00f4sob\u00ed ochra\u0148uj\u00faco<br \/>\n&gt;\u00a0<strong>aloe vera<\/strong>\u00a0upokojuje podr\u00e1\u017edenie, napom\u00e1ha udr\u017eiava\u0165 hydrat\u00e1ciu<\/p>\n<p><strong>OBSAH<\/strong><br \/>\n250ml<\/p>\n<p><strong>N\u00c1\u0160 TIP<\/strong><br \/>\nMysl\u00edme na \u017eivotn\u00e9 prostredie &#8211; v\u00fdrobok je balen\u00fd v recyklovate\u013enom PET alebo recyklovanom rPET obale, ktor\u00fd n\u00e1m po jeho spotrebovan\u00ed m\u00f4\u017eete vr\u00e1ti\u0165. Obal v\u00fdrobku je navy\u0161e vybaven\u00fd praktickou pumpi\u010dkou pre \u0161etrn\u00e9 d\u00e1vkovanie. Myslite na \u017eivotn\u00e9 prostredie aj vy a zastavte vodu, k\u00fdm v\u00fdrobok pou\u017e\u00edvate.<\/p>\n<p><strong>ODPOR\u00da\u010cAME KOMBINOVA\u0164<\/strong><br \/>\nV\u00fdrobky l\u00ednie Dermacare+ sa medzi sebou v\u00fdborne kombinuj\u00fa a dopl\u0148uj\u00fa svojimi \u00fa\u010dinkami.<\/p>\n<p><strong>V\u00d4\u0147A V\u00ddROBKU<\/strong><br \/>\nProdukt neobsahuje pridan\u00e9 vonn\u00e9 zlo\u017eky.<\/p>\n<p><strong>FARBA V\u00ddROBKU<\/strong><br \/>\nProdukt pr\u00edrodnej b\u00e9\u017eovej farby bez obsahu syntetick\u00fdch a miner\u00e1lnych farb\u00edv.<\/p>\n<p><strong>KONZISTENCIA V\u00ddROBKU<\/strong><br \/>\nV\u00fdrobok \u013eahkej kr\u00e9movej konzistencie.<\/p>\n<p><strong>KONZERVA\u010cN\u00dd SYST\u00c9M V\u00ddROBKU A DOBA POU\u017dITIA<\/strong><br \/>\nBezpe\u010dnos\u0165 z\u00e1kazn\u00edka je pre n\u00e1s prvorad\u00e1, preto pre garanciu mikrobiologickej nez\u00e1vadnosti a stability sme vybrali aj vhodn\u00fd konzerva\u010dn\u00fd syst\u00e9m. V\u0161etky obsiahnut\u00e9 l\u00e1tky s\u00fa bez GMO a nanomateri\u00e1lu a samozrejme netestovan\u00e9 na zvierat\u00e1ch.<br \/>\nPo otvoren\u00ed v\u00fdrobok odpor\u00fa\u010dame spotrebova\u0165 do 9 mesiacov.<\/p>\n<p><strong>OBAL V\u00ddROBKU A N\u00c1VRH NA RECYKL\u00c1CIU<\/strong><br \/>\nOrganick\u00fd sprchov\u00fd kr\u00e9m je balen\u00fd v recyklovate\u013enom PET alebo v recyklovanom rPET obale s praktickou pumpou a je vratn\u00e9 v r\u00e1mci n\u00e1\u0161ho recykla\u010dn\u00e9ho programu.<br \/>\nV pr\u00edpade, \u017ee sa rozhodnete po spotrebovan\u00ed obal v\u00fdrobku vyhodi\u0165, vho\u010fte ho do \u017elt\u00e9ho kontajnera na plastov\u00fd separovan\u00fd odpad.<\/p>\n<p><strong>APLIK\u00c1CIA<\/strong><br \/>\nPrimeran\u00e9 mno\u017estvo pr\u00edpravku naneste na mokr\u00fa ko\u017eu a kr\u00fa\u017eiv\u00fdmi pohybmi ju o\u010distite, n\u00e1sledne opl\u00e1chnite vodou vhodnej teploty.<\/p>\n<p><strong>UPOZORNENIA<\/strong><br \/>\nUr\u010den\u00e9 na ka\u017edodenn\u00e9 pou\u017eitie. Len na vonkaj\u0161ie pou\u017eitie. Uchov\u00e1vajte mimo dosahu det\u00ed. Skladujte na chladnom a suchom mieste a nevystavujte priamemu slne\u010dn\u00e9mu \u017eiareniu a mrazu. Nepou\u017e\u00edva\u0165 na otvoren\u00e9 rany. Vyhnite sa oblasti o\u010d\u00ed. Pri zasiahnut\u00ed o\u010d\u00ed vyplachujte vla\u017enou vodou po dobu minim\u00e1lne 15 min\u00fat bez preru\u0161enia smerom od vn\u00fatorn\u00e9ho k\u00fatika k vonkaj\u0161iemu (v pr\u00edpade nosenia kontaktn\u00fdch \u0161o\u0161oviek ich odstr\u00e1ni\u0165 vopred). Ak d\u00f4jde k podr\u00e1\u017edeniu, vyh\u013eadajte lek\u00e1rsku pomoc.<\/p>\n<p>Pred prv\u00fdm pou\u017eit\u00edm sa odpor\u00fa\u010da previes\u0165 tzv. Patch test, t. j. aplikova\u0165 a otestova\u0165 kozmetick\u00fd pr\u00edpravok na jeho zn\u00e1\u0161anlivos\u0165 na malej pl\u00f4\u0161ke poko\u017eky, najlep\u0161ie na z\u00e1p\u00e4st\u00ed a po\u010dka\u0165 24h. Touto met\u00f3dou sa m\u00f4\u017ee pred\u00eds\u0165 n\u00e1stupu alergick\u00fdch reakci\u00ed a precitlivenosti na dan\u00fd v\u00fdrobok. Ak po aplik\u00e1cii sa prejav\u00ed alergick\u00e1 reakcia, povrch poko\u017eky zmyte vla\u017enou vodou. V\u00fdrobok okam\u017eite presta\u0148te pou\u017e\u00edva\u0165. Ak alergick\u00e1 reakcia pretrv\u00e1 po dlh\u0161iu dobu vyh\u013eadajte lek\u00e1rsku pomoc.<\/p>\n<p><strong>ZLO\u017dENIE<\/strong><br \/>\nIngredients\/Zlo\u017eenie: Aqua, Cetearyl Alcohol, Betaine, Coco \u2013 Glucoside, Butyrospermum Parkii Butter, Olea Europaea Fruit Oil, Helianthus Annuus Seed Oil, Cocos Nucifera Oil, Ethylhexylglycerin, Simmondsia Chinensis Seed Oil, Bulnesia Sarmientoi Wood Oil, Aloe Barbadensis Leaf Juice Powder, Xanthan Gum, Citric Acid, Panthenol, Lactic Acid, Tocopherol<\/p>\n","protected":false},"excerpt":{"rendered":"<p><strong>BENEFITY:<\/strong>\u00a0\u010dist\u00ed bez podr\u00e1\u017edenia a vysu\u0161ovania, hydratuje, regeneruje, upokojuje, vyrovn\u00e1va zdrav\u00fa hodnotu pH ko\u017ee, navracia rovnov\u00e1hu, posil\u0148uje imunitu ko\u017ee<\/p>\n<p><strong>&gt; organick\u00e9 zlo\u017eenie nedr\u00e1\u017edi a nevysu\u0161uje, optim\u00e1lne \u010dist\u00ed a rehydratuje a napom\u00e1ha poko\u017eke udr\u017eiava\u0165 vlahu\u00a0<\/strong><br \/>\n<strong>&gt; biokarit\u00e9 vy\u017eivuje, zjem\u0148uje, uzamyk\u00e1 vlahu v bunk\u00e1ch a dod\u00e1va \u017eiviny<\/strong><br \/>\n<strong>&gt; olivov\u00fd, slne\u010dnicov\u00fd, kokosov\u00fd a jojobov\u00fd olej zvl\u00e1\u010d\u0148uj\u00fa a rozmazn\u00e1vaj\u00fa aj t\u00fa najcitlivej\u0161iu poko\u017eku<\/strong><br \/>\n<strong>&gt; pr\u00edrodn\u00e9 tenzidy z kokosov\u00e9ho oleja \u0161etrne \u010distia a z\u00e1rove\u0148 re\u0161pektuj\u00fa prirodzen\u00fa ochrann\u00fa vrstvu poko\u017eky<\/strong><br \/>\n<strong>&gt; aloe vera upokojuje poko\u017eku trpiacu diskomfortom<\/strong><br \/>\n<strong>&gt; pantenol podporuje udr\u017eanie celistvosti ko\u017enej bari\u00e9ry, eliminuje suchos\u0165 a \u0161upinatos\u0165 poko\u017eky<\/strong><br \/>\n<strong>&gt; ide\u00e1lny sprchovac\u00ed kr\u00e9m pre o\u0161etrenie vysu\u0161enej, podr\u00e1\u017edenej \u010di za\u010dervenanej poko\u017eky<\/strong><\/p>\n<p><strong>PRE KOHO JE UR\u010cEN\u00dd:<\/strong><br \/>\nOrganick\u00fd sprchovac\u00ed kr\u00e9m je ide\u00e1lny pre ka\u017edodenn\u00e9 pou\u017eitie a vhodn\u00fd pre v\u0161etky typy poko\u017eky a vekov\u00e9 kateg\u00f3rie, najm\u00e4 v\u0161ak pre precitliven\u00fa a reakt\u00edvnu, such\u00fa \u010di alergick\u00fa ko\u017eu a pri lie\u010dbe atopick\u00e9ho ekz\u00e9mu, psori\u00e1zy a ekz\u00e9mov r\u00f4zneho druhu. Produkt je vhodn\u00fd aj pre onkologick\u00fdch pacientov podstupuj\u00facich lie\u010dbu.<br \/>\n<strong>\u00a0 VEGAN SPRCHOVAC\u00cd KR\u00c9M BEZ ALERG\u00c9NOV\u00a0\u00a0<\/strong><br \/>\n<strong>\u00a0 ZVL\u00c1\u0160\u0164 VHODN\u00dd NA SUCH\u00da A REAKT\u00cdVNU POKO\u017dKU\u00a0\u00a0<\/strong><br \/>\n<strong>\u00a0 VHODN\u00c9 NA TELO A VLASY\u00a0\u00a0<\/strong><br \/>\n<strong>\u00a0 SO ZVL\u00c1\u010c\u0147UJ\u00daCIM A EXTRA V\u00dd\u017dIVN\u00ddM ZLO\u017dEN\u00cdM\u00a0\u00a0<\/strong><br \/>\n<strong>\u00a0 BEZ PARFUM\u00c1CIE, FARB\u00cdV, SULF\u00c1TOV, SILIK\u00d3NOV A PARAB\u00c9NOV\u00a0\u00a0<\/strong><\/p>\n<p>250ml<\/p>\n","protected":false},"featured_media":2033,"comment_status":"open","ping_status":"closed","template":"","meta":{"site-sidebar-layout":"default","site-content-layout":"","ast-site-content-layout":"default","site-content-style":"default","site-sidebar-style":"default","ast-global-header-display":"","ast-banner-title-visibility":"","ast-main-header-display":"","ast-hfb-above-header-display":"","ast-hfb-below-header-display":"","ast-hfb-mobile-header-display":"","site-post-title":"","ast-breadcrumbs-content":"","ast-featured-img":"","footer-sml-layout":"","theme-transparent-header-meta":"default","adv-header-id-meta":"","stick-header-meta":"","header-above-stick-meta":"","header-main-stick-meta":"","header-below-stick-meta":"","astra-migrate-meta-layouts":"set","ast-page-background-enabled":"default","ast-page-background-meta":{"desktop":{"background-color":"var(--ast-global-color-4)","background-image":"","background-repeat":"repeat","background-position":"center center","background-size":"auto","background-attachment":"scroll","background-type":"","background-media":"","overlay-type":"","overlay-color":"","overlay-opacity":"","overlay-gradient":""},"tablet":{"background-color":"","background-image":"","background-repeat":"repeat","background-position":"center center","background-size":"auto","background-attachment":"scroll","background-type":"","background-media":"","overlay-type":"","overlay-color":"","overlay-opacity":"","overlay-gradient":""},"mobile":{"background-color":"","background-image":"","background-repeat":"repeat","background-position":"center center","background-size":"auto","background-attachment":"scroll","background-type":"","background-media":"","overlay-type":"","overlay-color":"","overlay-opacity":"","overlay-gradient":""}},"ast-content-background-meta":{"desktop":{"background-color":"var(--ast-global-color-5)","background-image":"","background-repeat":"repeat","background-position":"center center","background-size":"auto","background-attachment":"scroll","background-type":"","background-media":"","overlay-type":"","overlay-color":"","overlay-opacity":"","overlay-gradient":""},"tablet":{"background-color":"var(--ast-global-color-5)","background-image":"","background-repeat":"repeat","background-position":"center center","background-size":"auto","background-attachment":"scroll","background-type":"","background-media":"","overlay-type":"","overlay-color":"","overlay-opacity":"","overlay-gradient":""},"mobile":{"background-color":"var(--ast-global-color-5)","background-image":"","background-repeat":"repeat","background-position":"center center","background-size":"auto","background-attachment":"scroll","background-type":"","background-media":"","overlay-type":"","overlay-color":"","overlay-opacity":"","overlay-gradient":""}}},"product_cat":[30,65,40,38],"product_tag":[],"class_list":{"0":"post-2032","1":"product","2":"type-product","3":"status-publish","4":"has-post-thumbnail","6":"product_cat-kozmetika","7":"product_cat-organicke-sprchove-gely","8":"product_cat-sprchovanie-a-kupel","9":"product_cat-telo","10":"desktop-align-center","11":"tablet-align-center","12":"mobile-align-center","14":"first","15":"instock","16":"taxable","17":"shipping-taxable","18":"purchasable","19":"product-type-simple"},"_links":{"self":[{"href":"https:\/\/mmtest1.top\/index.php?rest_route=\/wp\/v2\/product\/2032","targetHints":{"allow":["GET"]}}],"collection":[{"href":"https:\/\/mmtest1.top\/index.php?rest_route=\/wp\/v2\/product"}],"about":[{"href":"https:\/\/mmtest1.top\/index.php?rest_route=\/wp\/v2\/types\/product"}],"replies":[{"embeddable":true,"href":"https:\/\/mmtest1.top\/index.php?rest_route=%2Fwp%2Fv2%2Fcomments&post=2032"}],"wp:featuredmedia":[{"embeddable":true,"href":"https:\/\/mmtest1.top\/index.php?rest_route=\/wp\/v2\/media\/2033"}],"wp:attachment":[{"href":"https:\/\/mmtest1.top\/index.php?rest_route=%2Fwp%2Fv2%2Fmedia&parent=2032"}],"wp:term":[{"taxonomy":"product_cat","embeddable":true,"href":"https:\/\/mmtest1.top\/index.php?rest_route=%2Fwp%2Fv2%2Fproduct_cat&post=2032"},{"taxonomy":"product_tag","embeddable":true,"href":"https:\/\/mmtest1.top\/index.php?rest_route=%2Fwp%2Fv2%2Fproduct_tag&post=2032"}],"curies":[{"name":"wp","href":"https:\/\/api.w.org\/{rel}","templated":true}]}}