{"id":2024,"date":"2024-07-24T13:14:58","date_gmt":"2024-07-24T11:14:58","guid":{"rendered":"https:\/\/mmtest1.top\/?post_type=product&#038;p=2024"},"modified":"2024-07-24T13:14:58","modified_gmt":"2024-07-24T11:14:58","slug":"organicky-sprchovaci-gel-sampon-na-vlasy","status":"publish","type":"product","link":"https:\/\/mmtest1.top\/?product=organicky-sprchovaci-gel-sampon-na-vlasy","title":{"rendered":"ORGANICK\u00dd SPRCHOVAC\u00cd G\u00c9L &#038; \u0160AMP\u00d3N NA VLASY"},"content":{"rendered":"<p><strong>Poko\u017eka deti\u010diek, zvl\u00e1\u0161\u0165 novorodencov a batoliat do veku dvoch rokov, si vy\u017eaduje \u0161peci\u00e1lnu starostlivos\u0165.<\/strong>\u00a0Krehk\u00e1 detsk\u00e1 poko\u017eka toti\u017e\u00a0<strong>m\u00f4\u017ee na r\u00f4zne podnety reagova\u0165<\/strong>\u00a0precitlivelo \u010di inak, ne\u017e poko\u017eka v\u00e4\u010d\u0161\u00edch deti\u010diek alebo n\u00e1s, dospel\u00fdch. Preto rovnako ako zara\u010fovanie r\u00f4znych druhov potrav\u00edn do jed\u00e1lni\u010dka ratolesti, aj\u00a0<strong>spr\u00e1vny v\u00fdber prv\u00fdch kozmetick\u00fdch produktov na starostlivos\u0165 o poko\u017eku die\u0165atka je nesmierne d\u00f4le\u017eit\u00fd<\/strong>.<\/p>\n<p><strong>HLAVN\u00c9 ZLO\u017dKY<\/strong><br \/>\n&gt;\u00a0<strong>olivov\u00fd a mand\u013eov\u00fd olej \u2013\u00a0<\/strong>jemn\u00e9 a z\u00e1rove\u0148 v\u00fd\u017eivn\u00e9 organick\u00e9 oleje v ekocertifikovanej bio kvalite zvl\u00e1\u010d\u0148uj\u00fa poko\u017eku a vlasy a pom\u00e1haj\u00fa predch\u00e1dza\u0165 ich vysu\u0161ovaniu<br \/>\n&gt;\u00a0<strong>mandar\u00ednkov\u00e1 silica a lipov\u00fd extrakt<\/strong>\u00a0\u2013 dod\u00e1vaj\u00fa v\u00fdrobku nie len \u00fa\u017easne jemn\u00fa a ve\u013emi pr\u00edjemn\u00fa v\u00f4\u0148u, ale tie\u017e podporuj\u00fa obranyschopnos\u0165 poko\u017eky<strong><br \/>\n<\/strong><br \/>\n<strong>OBSAH<\/strong><br \/>\n250ml<\/p>\n<p><strong>N\u00c1\u0160 TIP<\/strong><br \/>\nOrganick\u00fd sprchovac\u00ed g\u00e9l a \u0161amp\u00f3n 2v1 je ide\u00e1lny pre starostlivos\u0165 o poko\u017eku a vlasy deti\u010diek od dvoch rokov veku. Praktick\u00e9 balenie s pumpi\u010dkou je vhodn\u00e9 na presn\u00e9 d\u00e1vkovanie. V z\u00e1ujme bezpe\u010dnosti je v\u00fdrobok balen\u00fd v PET obale.<\/p>\n<p><strong>ODPOR\u00da\u010cAME KOMBINOVA\u0164<\/strong><br \/>\nV\u00fdrobky ed\u00edcie Babyphoria s\u00fa starostlivo navrhnut\u00e9 tak, aby sa navz\u00e1jom dop\u013a\u0148ali. Odpor\u00fa\u010dame ich kombinova\u0165 medzi sebou a vyh\u00fdba\u0165 sa s\u00fa\u010dasn\u00e9mu pou\u017e\u00edvaniu komer\u010dn\u00fdch kozmetick\u00fdch produktov, ktor\u00e9 ich \u00fa\u010dinnos\u0165 m\u00f4\u017eu ovplyv\u0148ova\u0165.<\/p>\n<p><strong>V\u00d4\u0147A V\u00ddROBKU<\/strong><br \/>\nZa svoju ve\u013emi jemn\u00fa a nevtierav\u00fa v\u00f4\u0148u v\u00fdrobok v\u010fa\u010d\u00ed obsiahnutej mandar\u00ednkovej silici a lipov\u00e9mu extraktu.<\/p>\n<p><strong>FARBA V\u00ddROBKU<\/strong><br \/>\nV\u00fdrobok neobsahuje pridan\u00e9 farbiv\u00e1. Farba v\u00fdrobku je prirodzene \u017eltkast\u00e1 v\u010faka obsiahnut\u00fdm organick\u00fdm olejom.<\/p>\n<p><strong>KONZISTENCIA V\u00ddROBKU<\/strong><br \/>\nSprchovac\u00ed g\u00e9l je jemnej g\u00e9lovitej konzistencie. Vplyvom pridan\u00fdch esenci\u00e1lnych olejov m\u00f4\u017ee by\u0165 konzistencia prirodzene red\u0161ia \u010di hustej\u0161ia, zmeny konzistencie v\u0161ak nezna\u010dia vadu v\u00fdrobku.<\/p>\n<p><strong>OBAL V\u00ddROBKU A N\u00c1VRH NA RECYKL\u00c1CIU<\/strong><br \/>\nOrganick\u00fd sprchovac\u00ed g\u00e9l je balen\u00fd v recyklovate\u013enej PET f\u013ea\u0161ti\u010dke o objeme 250ml, alebo v recyklovanej rPET f\u013ea\u0161ti\u010dke v toto\u017enom objeme. Oba typy obalov\u00fdch materi\u00e1lov s\u00fa vratn\u00e9 v r\u00e1mci n\u00e1\u0161ho recykla\u010dn\u00e9ho programu.<br \/>\nV pr\u00edpade, \u017ee sa rozhodnete po spotrebovan\u00ed obal v\u00fdrobku vyhodi\u0165, vho\u010fte ho do \u017elt\u00e9ho kontajnera na plastov\u00fd separovan\u00fd odpad.<\/p>\n<p><strong>APLIK\u00c1CIA<\/strong><br \/>\nPrimeran\u00e9 mno\u017estvo v\u00fdrobku naneste na mokr\u00fa poko\u017eku tela, hlavy i vlasy a kr\u00fa\u017eiv\u00fdmi pohybmi vytvorte penu, n\u00e1sledne opl\u00e1chnite vodou vhodnej teploty.<\/p>\n<p><strong>UPOZORNENIA<\/strong><br \/>\nUr\u010den\u00e9 na ka\u017edodenn\u00e9 pou\u017eitie. Len na vonkaj\u0161ie pu\u017eitie. Uchov\u00e1vajte mimo dosahu det\u00ed. Skladujte na chladnom a suchom mieste, pri teplote do +30\u00b0C a nevystavujte priamemu slne\u010dn\u00e9mu \u017eiareniu a mrazu. Nepou\u017e\u00edva\u0165 na otvoren\u00e9 rany. Vyhnite sa oblasti o\u010d\u00ed. Pri zasiahnut\u00ed o\u010d\u00ed vyplachujte vla\u017enou vodou po dobu minim\u00e1lne 15 min\u00fat bez preru\u0161enia smerom od vn\u00fatorn\u00e9ho k\u00fatika k vonkaj\u0161iemu (v pr\u00edpade nosenia kontaktn\u00fdch \u0161o\u0161oviek ich odstr\u00e1ni\u0165 vopred). Ak d\u00f4jde k podr\u00e1\u017edeniu, vyh\u013eadajte lek\u00e1rsku pomoc.<br \/>\nPred prv\u00fdm pou\u017eit\u00edm sa odpor\u00fa\u010da previes\u0165 tzv. Patch test, t. j. aplikova\u0165 a otestova\u0165 kozmetick\u00fd pr\u00edpravok na jeho zn\u00e1\u0161anlivos\u0165 na malej pl\u00f4\u0161ke poko\u017eky, najlep\u0161ie na z\u00e1p\u00e4st\u00ed a po\u010dka\u0165 24h. Touto met\u00f3dou sa m\u00f4\u017ee pred\u00eds\u0165 n\u00e1stupu alergick\u00fdch reakci\u00ed a precitlivenosti na dan\u00fd v\u00fdrobok. Ak po aplik\u00e1cii sa prejav\u00ed alergick\u00e1 reakcia, povrch poko\u017eky zmyte vla\u017enou vodou. V\u00fdrobok okam\u017eite presta\u0148te pou\u017e\u00edva\u0165. Ak alergick\u00e1 reakcia pretrv\u00e1 po dlh\u0161iu dobu vyh\u013eadajte lek\u00e1rsku pomoc.<\/p>\n<p><strong>ZLO\u017dENIE<\/strong><br \/>\nAqua (voda), Decyl Glucoside (povrchovo akt\u00edvna zlo\u017eka rastlinn\u00e9ho p\u00f4vodu)*, Lauryl Betaine (povrchovo akt\u00edvna zlo\u017eka rastlinn\u00e9ho p\u00f4vodu)*, Xanthan Gum (stabiliz\u00e1tor rastlinn\u00e9ho p\u00f4vodu)*, Tilia Cordata Extract (lipa malolist\u00e1)*, Citrus Nobilis Peel Oil (mandar\u00ednkovn\u00edk)*, Olea Europaea Fruit Oil (olivov\u00fd olej)*, Prunus Amygdalus Dulcis Oil (olej zo sladk\u00fdch mandl\u00ed)*, Aloe Barbadensis Leaf Juice Powder (aloe vera)*, Ethylhexylglycerin (konzervant), Citric Acid (kyselina citr\u00f3nov\u00e1)*, Sorbic Acid (konzervant), Formic Acid (konzervant), ***Limonene, ***Linalool<br \/>\n*certifikovan\u00e1 organick\u00e1 zlo\u017eka<br \/>\n***vyskytuj\u00face sa prirodzene v esenci\u00e1lnych olejoch a pr\u00edrodn\u00fdch v\u00f4\u0148ach<\/p>\n","protected":false},"excerpt":{"rendered":"<p><strong>Organick\u00fd sprchovac\u00ed g\u00e9l a \u0161amp\u00f3n na vlasy 2v1<\/strong>\u00a0so starostlivo vyberan\u00fdm zlo\u017een\u00edm navrhnut\u00fdm vyslovene\u00a0<strong>pre potreby jemnej detskej poko\u017eky a vl\u00e1skov<\/strong>.\u00a0<strong>Univerz\u00e1lny detsk\u00fd \u0161amp\u00f3n a sprch\u00e1\u010d v jednom<\/strong>\u00a0v\u010faka \u0161etrn\u00e9mu zlo\u017eeniu\u00a0<strong>re\u0161pektuje prirodzen\u00fa bari\u00e9ru detskej poko\u017eky a nenar\u00fa\u0161a ju<\/strong>,\u00a0<strong>nedr\u00e1\u017edi a nevysu\u0161uje<\/strong>, ale jemne ju zbavuje ne\u010dist\u00f4t. V\u010faka pridan\u00fdm zvl\u00e1\u010d\u0148uj\u00facim olejom<strong>\u00a0pom\u00e1ha predch\u00e1dza\u0165 vysu\u0161ovaniu poko\u017eky<\/strong>, ktor\u00fa u\u017e po\u010das sprchovania jemne o\u0161etruje. Rovnako\u00a0<strong>\u0161etrn\u00fd je k detsk\u00fdm vl\u00e1skom a poko\u017eke hlavy<\/strong>, ktor\u00fa zbyto\u010dne neza\u0165a\u017euje.\u00a0<strong>Neobsahuje sulf\u00e1ty, silik\u00f3ny, ropn\u00e9 deriv\u00e1ty ani syntetick\u00e9 farbiv\u00e1 alebo parfum\u00e1ciu.<\/strong><\/p>\n<p><strong>Organick\u00fd sprchovac\u00ed g\u00e9l a \u0161amp\u00f3n 2v1 je ide\u00e1lnou vo\u013ebou pre \u010distenie a o\u0161etrovanie krehkej, citlivej, podr\u00e1\u017edenej \u010di v\u00fdrazne suchej poko\u017eky det\u00ed.<\/strong><\/p>\n<p>&gt; extra jemn\u00e9 pr\u00edrodn\u00e9 veg\u00e1nske zlo\u017eenie vytvoren\u00e9 \u0161peci\u00e1lne pre potreby citlivej detskej poko\u017eky a vlasov<br \/>\n&gt; jemn\u00e9 tenzidy z deriv\u00e1tov z kokosov\u00e9ho oleja \u0161etrne ale \u00fa\u010dinne o\u010distia poko\u017eku tela, hlavy a vlasy, pri\u010dom re\u0161pektuj\u00fa prirodzen\u00fa ochrann\u00fa bari\u00e9ru<br \/>\n&gt; zvl\u00e1\u010d\u0148uj\u00face oleje ako s\u00fa olivov\u00fd a mand\u013eov\u00fd olej v ekocertifikovanej kvalite s pr\u00eddavkom mandar\u00ednkovej silice a lipov\u00e9ho extraktu jemne o\u0161etria poko\u017eku i vlasy a pom\u00f4\u017eu predch\u00e1dza\u0165 ich vysu\u0161ovaniu<br \/>\n&gt; organick\u00fd detsk\u00fd sprchovac\u00ed g\u00e9l a \u0161amp\u00f3n na vlasy je ide\u00e1lny pre pravideln\u00e9 o\u010distn\u00e9<br \/>\n&gt; vhodn\u00fd pre CGM, low-poo \u0161amp\u00f3n bez prote\u00ednu<\/p>\n<div id=\"gtx-trans\">\n<div class=\"gtx-trans-icon\">\n<div>\n<div class=\"gtx-trans-icon\">\n<p>\u00a0&gt; VEGAN DETSK\u00dd SPRCHOVAC\u00c9 G\u00c9L A \u0160AMP\u00d3N<br \/>\n&gt; JEMN\u00dd SPRCH\u00c1\u010c A \u0160AMP\u00d3N 2V1<br \/>\n&gt; \u010cIST\u00cd A HYDRATUJE<br \/>\n&gt;\u00a0NEDR\u00c1\u017dDI A NEVYSU\u0160UJE<\/p>\n<p>250ml<\/p>\n<\/div>\n<\/div>\n<\/div>\n<\/div>\n","protected":false},"featured_media":2025,"comment_status":"open","ping_status":"closed","template":"","meta":{"site-sidebar-layout":"default","site-content-layout":"","ast-site-content-layout":"default","site-content-style":"default","site-sidebar-style":"default","ast-global-header-display":"","ast-banner-title-visibility":"","ast-main-header-display":"","ast-hfb-above-header-display":"","ast-hfb-below-header-display":"","ast-hfb-mobile-header-display":"","site-post-title":"","ast-breadcrumbs-content":"","ast-featured-img":"","footer-sml-layout":"","theme-transparent-header-meta":"default","adv-header-id-meta":"","stick-header-meta":"","header-above-stick-meta":"","header-main-stick-meta":"","header-below-stick-meta":"","astra-migrate-meta-layouts":"set","ast-page-background-enabled":"default","ast-page-background-meta":{"desktop":{"background-color":"var(--ast-global-color-4)","background-image":"","background-repeat":"repeat","background-position":"center center","background-size":"auto","background-attachment":"scroll","background-type":"","background-media":"","overlay-type":"","overlay-color":"","overlay-opacity":"","overlay-gradient":""},"tablet":{"background-color":"","background-image":"","background-repeat":"repeat","background-position":"center center","background-size":"auto","background-attachment":"scroll","background-type":"","background-media":"","overlay-type":"","overlay-color":"","overlay-opacity":"","overlay-gradient":""},"mobile":{"background-color":"","background-image":"","background-repeat":"repeat","background-position":"center center","background-size":"auto","background-attachment":"scroll","background-type":"","background-media":"","overlay-type":"","overlay-color":"","overlay-opacity":"","overlay-gradient":""}},"ast-content-background-meta":{"desktop":{"background-color":"var(--ast-global-color-5)","background-image":"","background-repeat":"repeat","background-position":"center center","background-size":"auto","background-attachment":"scroll","background-type":"","background-media":"","overlay-type":"","overlay-color":"","overlay-opacity":"","overlay-gradient":""},"tablet":{"background-color":"var(--ast-global-color-5)","background-image":"","background-repeat":"repeat","background-position":"center center","background-size":"auto","background-attachment":"scroll","background-type":"","background-media":"","overlay-type":"","overlay-color":"","overlay-opacity":"","overlay-gradient":""},"mobile":{"background-color":"var(--ast-global-color-5)","background-image":"","background-repeat":"repeat","background-position":"center center","background-size":"auto","background-attachment":"scroll","background-type":"","background-media":"","overlay-type":"","overlay-color":"","overlay-opacity":"","overlay-gradient":""}}},"product_cat":[30,65,40,38],"product_tag":[],"class_list":{"0":"post-2024","1":"product","2":"type-product","3":"status-publish","4":"has-post-thumbnail","6":"product_cat-kozmetika","7":"product_cat-organicke-sprchove-gely","8":"product_cat-sprchovanie-a-kupel","9":"product_cat-telo","10":"desktop-align-center","11":"tablet-align-center","12":"mobile-align-center","14":"first","15":"instock","16":"taxable","17":"shipping-taxable","18":"purchasable","19":"product-type-simple"},"_links":{"self":[{"href":"https:\/\/mmtest1.top\/index.php?rest_route=\/wp\/v2\/product\/2024","targetHints":{"allow":["GET"]}}],"collection":[{"href":"https:\/\/mmtest1.top\/index.php?rest_route=\/wp\/v2\/product"}],"about":[{"href":"https:\/\/mmtest1.top\/index.php?rest_route=\/wp\/v2\/types\/product"}],"replies":[{"embeddable":true,"href":"https:\/\/mmtest1.top\/index.php?rest_route=%2Fwp%2Fv2%2Fcomments&post=2024"}],"wp:featuredmedia":[{"embeddable":true,"href":"https:\/\/mmtest1.top\/index.php?rest_route=\/wp\/v2\/media\/2025"}],"wp:attachment":[{"href":"https:\/\/mmtest1.top\/index.php?rest_route=%2Fwp%2Fv2%2Fmedia&parent=2024"}],"wp:term":[{"taxonomy":"product_cat","embeddable":true,"href":"https:\/\/mmtest1.top\/index.php?rest_route=%2Fwp%2Fv2%2Fproduct_cat&post=2024"},{"taxonomy":"product_tag","embeddable":true,"href":"https:\/\/mmtest1.top\/index.php?rest_route=%2Fwp%2Fv2%2Fproduct_tag&post=2024"}],"curies":[{"name":"wp","href":"https:\/\/api.w.org\/{rel}","templated":true}]}}