{"id":2014,"date":"2024-07-24T12:26:51","date_gmt":"2024-07-24T10:26:51","guid":{"rendered":"https:\/\/mmtest1.top\/?post_type=product&#038;p=2014"},"modified":"2024-07-24T13:01:19","modified_gmt":"2024-07-24T11:01:19","slug":"muz-organicky-sprchovaci-gel","status":"publish","type":"product","link":"https:\/\/mmtest1.top\/?product=muz-organicky-sprchovaci-gel","title":{"rendered":"MU\u017d &#8211; ORGANICK\u00dd SPRCHOVAC\u00cd G\u00c9L"},"content":{"rendered":"<p>Po n\u00e1ro\u010dnom dni \u010di v skor\u00e9 r\u00e1no nie je ni\u010d lep\u0161ie ako pr\u00edjemn\u00e1, uvo\u013e\u0148uj\u00faca sprcha. Pr\u00edrodn\u00fd sprchovac\u00ed g\u00e9l svojou jemnou penou a vyberan\u00fdm v\u00fd\u017eivn\u00fdm zlo\u017een\u00edm priate\u013esk\u00fdm k \u017eivotn\u00e9mu prostrediu rozmazn\u00e1 poko\u017eku, spolo\u010dne s padaj\u00facimi kvapkami vody zmyj\u00fa ne\u010distoty z jej povrchu a z\u00e1rove\u0148 odplavia aj nap\u00e4tie \u010di stres, ktor\u00fd sa v n\u00e1s po\u010das d\u0148a nahromad\u00ed. Pridan\u00e9 esenci\u00e1lne oleje pozdvihn\u00fa myse\u013e, zaistia pocit svie\u017eosti a premenia ka\u017edodenn\u00fa rutinu na v\u00fdnimo\u010dn\u00fd z\u00e1\u017eitok.\u00a0<strong>Doprajme si pravideln\u00fa o\u010distu s dobr\u00fdm pocitom, \u017ee n\u00e1\u0161 sprchovac\u00ed g\u00e9l neza\u0165a\u017euje ako na\u0161u poko\u017eku, tak ani \u017eivotn\u00e9 prostredie.<\/strong><\/p>\n<p><strong>HLAVN\u00c9 ZLO\u017dKY<\/strong><br \/>\n&gt;<strong>\u00a0<\/strong><strong>zmes esenci\u00e1lnych olejov g\u00e1for, koriander, santalov\u00e9 drevo a in\u00e9<\/strong>\u00a0&#8211; afrodiziak\u00e1lna svie\u017ea a povzbudzuj\u00faca p\u00e1nska v\u00f4\u0148a s mierne korenist\u00fdm koncom<br \/>\n&gt;\u00a0<strong>jojobov\u00fd olej<\/strong>\u00a0&#8211; zjem\u0148uje, zv\u00e1\u010d\u0148uje a vy\u017eivuje poko\u017eku<br \/>\n&gt;\u00a0<strong>aloe vera<\/strong>\u00a0&#8211; upokojuje podr\u00e1\u017edenie, napom\u00e1ha udr\u017eiava\u0165 hydrat\u00e1ciu<\/p>\n<p><strong>OBSAH<\/strong><br \/>\n250ml<\/p>\n<p><strong>N\u00c1\u0160 TIP<\/strong><br \/>\nPou\u017eite organick\u00fd sprchovac\u00ed g\u00e9l aj namiesto peny do k\u00fape\u013ea. Aplikujte mal\u00e9 mno\u017estvo v\u00fdrobku pod te\u010d\u00facu vodu pri pr\u00edprave k\u00fape\u013ea a nechajte sa rozmazn\u00e1va\u0165 kr\u00e9movou penou, ktor\u00fa vytvor\u00ed.<br \/>\nOrganick\u00fd sprchovac\u00ed g\u00e9l m\u00f4\u017eete v\u010faka jeho v\u00fdnimo\u010dne jemn\u00e9mu pr\u00edrodn\u00e9mu zlo\u017eeniu pou\u017ei\u0165 aj ako \u0161etrn\u00fd vlasov\u00fd \u0161amp\u00f3n.<br \/>\nMysl\u00edme na \u017eivotn\u00e9 prostredie &#8211; v\u00fdrobok je balen\u00fd v recyklovate\u013enom PET alebo recyklovanom rPET obale, ktor\u00fd n\u00e1m po jeho spotrebovan\u00ed m\u00f4\u017eete vr\u00e1ti\u0165. Obal v\u00fdrobku je navy\u0161e vybaven\u00fd praktickou pumpi\u010dkou pre \u0161etrn\u00e9 d\u00e1vkovanie. Myslite na \u017eivotn\u00e9 prostredie aj vy &#8211; zastavte vodu, k\u00fdm v\u00fdrobok pou\u017e\u00edvate.<\/p>\n<p><strong>ODPOR\u00da\u010cAME KOMBINOVA\u0164<\/strong><br \/>\nOrganick\u00fd sprchovac\u00ed g\u00e9l odpor\u00fa\u010dame kombinova\u0165 s v\u00fdrobkami toto\u017enej vonnej ed\u00edcie, obzvl\u00e1\u0161\u0165 v\u0161ak s telov\u00fdm jogurtom, telovou manou \u010di telov\u00fdm sufl\u00e9 va\u0161ej ob\u013e\u00fabenej v\u00f4ne.<\/p>\n<p><strong>V\u00d4\u0147A V\u00ddROBKU<\/strong><br \/>\nVrchn\u00e9 t\u00f3ny bergamotu a m\u00e4ty piepornej a g\u00e1fra ud\u00e1vaj\u00fa charakterizuj\u00fa kompoz\u00edciu, ktor\u00e9 s\u00fa viac preh\u013aben\u00e9 \u010drtami ger\u00e1nia a levandule. Cel\u00fa kompoz\u00edciu dola\u010fuj\u00fa machov\u00e9 t\u00f3ny koriandra a tajomn\u00e9 santalov\u00e9 a c\u00e9drov\u00e9 drevo.<\/p>\n<p><strong>FARBA V\u00ddROBKU<\/strong><br \/>\nV\u00fdrobok bez obsahu syntetick\u00fdch farb\u00edv v\u010fa\u010d\u00ed za svoje modr\u00e9 sfarbenie v\u00fdhradne pr\u00edrodn\u00fdm rastlinn\u00fdm extraktom a pr\u00e1\u0161kom.<\/p>\n<p><strong>KONZISTENCIA V\u00ddROBKU<\/strong><br \/>\nSprchovac\u00ed g\u00e9l je jemnej g\u00e9lovitej konzistencie. Vplyvom pridan\u00fdch esenci\u00e1lnych olejov m\u00f4\u017ee by\u0165 konzistencia prirodzene red\u0161ia \u010di hustej\u0161ia, zmeny konzistencie v\u0161ak nezna\u010dia vadu v\u00fdrobku.<\/p>\n<p><strong>KONZERVA\u010cN\u00dd SYST\u00c9M V\u00ddROBKU A DOBA POU\u017dITIA<\/strong><br \/>\n\u00da\u010dinn\u00fd a v pr\u00edrodnej kozmetike vyh\u013ead\u00e1van\u00fd stabiliza\u010dn\u00fd komplex\u00a0<a href=\"https:\/\/www.soaphoria.sk\/sk\/info\/dermorganics-1388-60\">dermorganics\u00ae 1388<\/a>\u00a0je zalo\u017een\u00fd na zmesi rastlinn\u00fdch zlo\u017eiek v kombin\u00e1cii s rastlinn\u00fdm glycerolom v organickej kvalite. Jednotliv\u00e9 zlo\u017eky komplexu maj\u00fa p\u00f4vod v cukrovej trstine, badi\u00e1ne, s\u00f3ji \u010di kukurici. Po otvoren\u00ed v\u00fdrobok odpor\u00fa\u010dame spotrebova\u0165 do 9 mesiacov.<\/p>\n<p><strong>OBAL V\u00ddROBKU A N\u00c1VRH NA RECYKL\u00c1CIU<\/strong><br \/>\nOrganick\u00fd sprchovac\u00ed g\u00e9l je balen\u00fd v recyklovate\u013enej PET f\u013ea\u0161ti\u010dke o objeme 250ml, alebo v recyklovanej rPET f\u013ea\u0161ti\u010dke v toto\u017enom objeme. Oba typy obalov\u00fdch materi\u00e1lov s\u00fa vratn\u00e9 v r\u00e1mci n\u00e1\u0161ho\u00a0<a href=\"https:\/\/www.soaphoria.sk\/sk\/info\/recyklacny-program-17\">recykla\u010dn\u00e9ho programu<\/a>.<br \/>\nV pr\u00edpade, \u017ee sa rozhodnete po spotrebovan\u00ed obal v\u00fdrobku vyhodi\u0165, vho\u010fte ho do \u017elt\u00e9ho kontajnera na plastov\u00fd separovan\u00fd odpad.<\/p>\n<p><strong>APLIK\u00c1CIA<\/strong><br \/>\nPrimeran\u00e9 mno\u017estvo pr\u00edpravku naneste na mokr\u00fa poko\u017eku a kr\u00fa\u017eiv\u00fdmi pohybmi vytvorte penu, n\u00e1sledne opl\u00e1chnite vodou vhodnej teploty.<\/p>\n<p><strong>UPOZORNENIA<\/strong><br \/>\nUr\u010den\u00e9 na ka\u017edodenn\u00e9 pou\u017eitie. Uchov\u00e1vajte mimo dosahu det\u00ed. Skladujte na chladnom a suchom mieste, pri teplote do +30\u00b0C a nevystavujte priamemu slne\u010dn\u00e9mu \u017eiareniu a mrazu. Nepou\u017e\u00edva\u0165 na otvoren\u00e9 rany. Pri zasiahnut\u00ed o\u010d\u00ed vyplachujte vla\u017enou vodou po dobu minim\u00e1lne 15 min\u00fat bez preru\u0161enia smerom od vn\u00fatorn\u00e9ho k\u00fatika k vonkaj\u0161iemu (v pr\u00edpade nosenia kontaktn\u00fdch \u0161o\u0161oviek ich odstr\u00e1ni\u0165 vopred). Ak d\u00f4jde k podr\u00e1\u017edeniu, vyh\u013eadajte lek\u00e1rsku pomoc.<br \/>\nPred prv\u00fdm pou\u017eit\u00edm sa odpor\u00fa\u010da previes\u0165 tzv. Patch test, t. j. aplikova\u0165 a otestova\u0165 kozmetick\u00fd pr\u00edpravok na jeho zn\u00e1\u0161anlivos\u0165 na malej pl\u00f4\u0161ke poko\u017eky, najlep\u0161ie na z\u00e1p\u00e4st\u00ed a po\u010dka\u0165 24h. Touto met\u00f3dou sa m\u00f4\u017ee pred\u00eds\u0165 n\u00e1stupu alergick\u00fdch reakci\u00ed a precitlivenosti na dan\u00fd v\u00fdrobok. Ak po aplik\u00e1cii sa prejav\u00ed alergick\u00e1 reakcia, povrch poko\u017eky zmyte vla\u017enou vodou. V\u00fdrobok okam\u017eite presta\u0148te pou\u017e\u00edva\u0165. Ak alergick\u00e1 reakcia pretrv\u00e1 po dlh\u0161iu dobu vyh\u013eadajte lek\u00e1rsku pomoc.<\/p>\n<p><strong>ZLO\u017dENIE<\/strong><br \/>\nAqua (voda), Decyl Glucoside (povrchovo akt\u00edvna zlo\u017eka rastlinn\u00e9ho p\u00f4vodu)*, Lauryl Betaine (povrchovo akt\u00edvna zlo\u017eka rastlinn\u00e9ho p\u00f4vodu)*, Xanthan Gum (stabiliz\u00e1tor rastlinn\u00e9ho p\u00f4vodu)*, Citrus Aurantium Bergamia Fruit Oil (citr\u00f3novn\u00edk bergamotov\u00fd)*, Mentha Piperita Oil (m\u00e4ta pieporn\u00e1 olej)*, Cinnamomum Camphora Wood Extract (g\u00e1frovn\u00edk lek\u00e1rsky)*, Pelargonium Graveolens Oil (mu\u0161k\u00e1t omamn\u00fd olej)*, Lavandula Angustifolia Oil (levandu\u013ea lek\u00e1rska)*, Coriandrum Sativum Oil (koriander siaty olej)*, Santalum Album Oil (santalovn\u00edk biely olej)*, Cedrus Atlantica Bark Oil (C\u00e9der atlantsk\u00fd)*, Simmondsia Chinensis Seed Oil (jojobov\u00fd olej)*, Aloe Barbadensis Leaf Juice Powder (aloe vera)*,\u00a0 dermorganics\u00ae 1388 (Sodium Levulinate, Sodium Anisate, Glycerin, Aqua), Citric Acid, Baphicacanthus Cusia (Nees) Bremek Powder (pr\u00e1\u0161ok z indiga), ***Citronellol, ***Geraniol, ***Linalool<\/p>\n<p>*certifikovan\u00e1 organick\u00e1 zlo\u017eka<br \/>\n***vyskytuj\u00face sa prirodzene v esenci\u00e1lnych olejoch<\/p>\n","protected":false},"excerpt":{"rendered":"<p>Jedine\u010dn\u00fd organick\u00fd sprchovac\u00ed g\u00e9l pre mu\u017eov\u00a0<strong>vytvoren\u00fd z t\u00fdch najlep\u0161\u00edch pr\u00edrodn\u00fdch surov\u00edn<\/strong>\u00a0<strong>\u0161etrne \u010dist\u00ed povrch poko\u017eky a z\u00e1rove\u0148 ju hydratuje a tonizuje.<\/strong>\u00a0Zlo\u017eenie na b\u00e1ze deriv\u00e1tov z kokosov\u00e9ho oleja\u00a0<strong>bez obsahu sulf\u00e1tov, silik\u00f3nov a parab\u00e9nov nenar\u00fa\u0161a prirodzen\u00fa ochrann\u00fa bari\u00e9ru<\/strong>, ktor\u00fa si poko\u017eka sama vytv\u00e1ra, v\u010faka \u010domu je i<strong>de\u00e1lne aj pre citliv\u00fa \u010di vysu\u0161en\u00fa poko\u017eku<\/strong>. Pridan\u00fd\u00a0<strong>jojobov\u00fd olej vy\u017eiv\u00ed a zjemn\u00ed<\/strong>, zatia\u013e \u010do\u00a0<strong>aloe vera upokoj\u00ed podr\u00e1\u017edenie ak\u00e9hoko\u013evek p\u00f4vodu<\/strong>\u00a0a vz\u00e1cne\u00a0<strong>\u00e9terick\u00e9 oleje poskytn\u00fa neodolate\u013en\u00fa v\u00f4\u0148u<\/strong>\u00a0a premenia ka\u017ed\u00e9 sprchovanie na zmyseln\u00fd z\u00e1\u017eitok. V\u00fd\u017eivn\u00fd\u00a0<strong>sprchovac\u00ed g\u00e9l jemn\u00e9ho pr\u00edrodn\u00e9ho zlo\u017eenia<\/strong>\u00a0pre ka\u017edodenn\u00e9 pou\u017eitie\u00a0<strong>vo vratnom obale s praktickou pumpi\u010dkou<\/strong>\u00a0je povinnou s\u00fa\u010das\u0165ou ka\u017edej modernej k\u00fape\u013ene.<\/p>\n<p>Organick\u00fd sprchovac\u00ed g\u00e9l je ide\u00e1lny\u00a0<strong>pre ka\u017edodenn\u00e9 pou\u017eitie a vhodn\u00fd pre v\u0161etky typy poko\u017eky.<\/strong><\/p>\n<p>&gt; pr\u00edrodn\u00e9 tenzidy vo forme deriv\u00e1tov z kokosov\u00e9ho oleja \u0161etrne \u010distia a zvl\u00e1\u010d\u0148uj\u00fa a z\u00e1rove\u0148 re\u0161pektuj\u00fa prirodzen\u00fa ochrann\u00fa vrstvu poko\u017eky<br \/>\n&gt; organick\u00e9 zlo\u017eenie nedr\u00e1\u017edi a nevysu\u0161uje, naopak napom\u00e1ha poko\u017eke udr\u017eiava\u0165 hydrat\u00e1ciu<br \/>\n&gt; jojobov\u00fd olej jemne vy\u017eivuje a rozmazn\u00e1va aj t\u00fa najcitlivej\u0161iu poko\u017eku, aloe vera upokoj\u00ed podr\u00e1\u017edenie napr\u00edklad aj po opa\u013eovan\u00ed<br \/>\n&gt; pridan\u00e9 esenci\u00e1lne oleje zabezpe\u010duj\u00fa dokonal\u00fd zmyslov\u00fd z\u00e1\u017eitok a dlhotrvaj\u00faci svie\u017ei pocit<br \/>\n&gt; ide\u00e1lny sprchovac\u00ed g\u00e9l pre o\u0161etrenie jemnej, citlivej, podr\u00e1\u017edenej \u010di ve\u013emi suchej poko\u017eky<\/p>\n<p>&gt; VEGAN SPRCHOVAC\u00cd G\u00c9L<br \/>\n&gt; ENERGIZUJ\u00daCA SVIE\u017dA V\u00d4\u0147A<br \/>\n&gt; SO ZVL\u00c1\u010c\u0147UJ\u00daCIMI OLEJMI<br \/>\n&gt;\u00a0BEZ SILIK\u00d3NOV A PARAB\u00c9NOV<\/p>\n<p>250ml<\/p>\n","protected":false},"featured_media":2015,"comment_status":"open","ping_status":"closed","template":"","meta":{"site-sidebar-layout":"default","site-content-layout":"","ast-site-content-layout":"default","site-content-style":"default","site-sidebar-style":"default","ast-global-header-display":"","ast-banner-title-visibility":"","ast-main-header-display":"","ast-hfb-above-header-display":"","ast-hfb-below-header-display":"","ast-hfb-mobile-header-display":"","site-post-title":"","ast-breadcrumbs-content":"","ast-featured-img":"","footer-sml-layout":"","theme-transparent-header-meta":"default","adv-header-id-meta":"","stick-header-meta":"","header-above-stick-meta":"","header-main-stick-meta":"","header-below-stick-meta":"","astra-migrate-meta-layouts":"set","ast-page-background-enabled":"default","ast-page-background-meta":{"desktop":{"background-color":"var(--ast-global-color-4)","background-image":"","background-repeat":"repeat","background-position":"center center","background-size":"auto","background-attachment":"scroll","background-type":"","background-media":"","overlay-type":"","overlay-color":"","overlay-opacity":"","overlay-gradient":""},"tablet":{"background-color":"","background-image":"","background-repeat":"repeat","background-position":"center center","background-size":"auto","background-attachment":"scroll","background-type":"","background-media":"","overlay-type":"","overlay-color":"","overlay-opacity":"","overlay-gradient":""},"mobile":{"background-color":"","background-image":"","background-repeat":"repeat","background-position":"center center","background-size":"auto","background-attachment":"scroll","background-type":"","background-media":"","overlay-type":"","overlay-color":"","overlay-opacity":"","overlay-gradient":""}},"ast-content-background-meta":{"desktop":{"background-color":"var(--ast-global-color-5)","background-image":"","background-repeat":"repeat","background-position":"center center","background-size":"auto","background-attachment":"scroll","background-type":"","background-media":"","overlay-type":"","overlay-color":"","overlay-opacity":"","overlay-gradient":""},"tablet":{"background-color":"var(--ast-global-color-5)","background-image":"","background-repeat":"repeat","background-position":"center center","background-size":"auto","background-attachment":"scroll","background-type":"","background-media":"","overlay-type":"","overlay-color":"","overlay-opacity":"","overlay-gradient":""},"mobile":{"background-color":"var(--ast-global-color-5)","background-image":"","background-repeat":"repeat","background-position":"center center","background-size":"auto","background-attachment":"scroll","background-type":"","background-media":"","overlay-type":"","overlay-color":"","overlay-opacity":"","overlay-gradient":""}}},"product_cat":[30,65,40,38],"product_tag":[],"class_list":{"0":"post-2014","1":"product","2":"type-product","3":"status-publish","4":"has-post-thumbnail","6":"product_cat-kozmetika","7":"product_cat-organicke-sprchove-gely","8":"product_cat-sprchovanie-a-kupel","9":"product_cat-telo","10":"desktop-align-center","11":"tablet-align-center","12":"mobile-align-center","14":"first","15":"instock","16":"taxable","17":"shipping-taxable","18":"purchasable","19":"product-type-simple"},"_links":{"self":[{"href":"https:\/\/mmtest1.top\/index.php?rest_route=\/wp\/v2\/product\/2014","targetHints":{"allow":["GET"]}}],"collection":[{"href":"https:\/\/mmtest1.top\/index.php?rest_route=\/wp\/v2\/product"}],"about":[{"href":"https:\/\/mmtest1.top\/index.php?rest_route=\/wp\/v2\/types\/product"}],"replies":[{"embeddable":true,"href":"https:\/\/mmtest1.top\/index.php?rest_route=%2Fwp%2Fv2%2Fcomments&post=2014"}],"wp:featuredmedia":[{"embeddable":true,"href":"https:\/\/mmtest1.top\/index.php?rest_route=\/wp\/v2\/media\/2015"}],"wp:attachment":[{"href":"https:\/\/mmtest1.top\/index.php?rest_route=%2Fwp%2Fv2%2Fmedia&parent=2014"}],"wp:term":[{"taxonomy":"product_cat","embeddable":true,"href":"https:\/\/mmtest1.top\/index.php?rest_route=%2Fwp%2Fv2%2Fproduct_cat&post=2014"},{"taxonomy":"product_tag","embeddable":true,"href":"https:\/\/mmtest1.top\/index.php?rest_route=%2Fwp%2Fv2%2Fproduct_tag&post=2014"}],"curies":[{"name":"wp","href":"https:\/\/api.w.org\/{rel}","templated":true}]}}