{"id":1988,"date":"2024-05-30T14:16:25","date_gmt":"2024-05-30T12:16:25","guid":{"rendered":"https:\/\/mmtest1.top\/?post_type=product&#038;p=1988"},"modified":"2024-05-30T14:16:26","modified_gmt":"2024-05-30T12:16:26","slug":"kostihoj-obkladova-pasta-55g","status":"publish","type":"product","link":"https:\/\/mmtest1.top\/?product=kostihoj-obkladova-pasta-55g","title":{"rendered":"Kostihoj (obkladov\u00e1 pasta) 55g"},"content":{"rendered":"<div class=\"div_podnadpis\">Podpora tvorby kalusu pri zlomenin\u00e1ch, regener\u00e1cia tkan\u00edv,protiz\u00e1palov\u00e9 \u00fa\u010dinky, mierne tlmiv\u00fd vplyv na boles\u0165.<\/div>\n<div><\/div>\n<div class=\"div_text_left\"><span class=\"bold\">Indik\u00e1cie:<\/span><\/div>\n<div class=\"div_text_right\">Mechanick\u00e9 po\u0161kodenia a z\u00e1palov\u00e9 procesy spojivov\u00fdch tkan\u00edv (kost\u00ed, okostice, chrupavky, \u0161liach, svalov), zlomeniny, vyvrtnutia, pomlia\u017edeniny, krvn\u00e9 podliatiny, z\u00e1paly okostice, \u017e\u00edl, k\u013abov a svalov, tzv. tenisov\u00fd lake\u0165, k\u0155\u010dov\u00e9 \u017eily, opuchliny<\/div>\n<div><\/div>\n<div class=\"div_pouzitie\">\n<div class=\"div_text_fullWidth\"><span class=\"bold\">D\u00e1vkovanie:<\/span><\/div>\n<div class=\"div_text_fullWidth\">Na postihnut\u00e9 miesto nanesieme asi 1 mm hrub\u00fa vrstvu pr\u00edpravku a d\u00f4kladne prekryjeme polyetyl\u00e9novou f\u00f3liou a n\u00e1sledne tepl\u00fdm odevom. Obklad nech\u00e1me p\u00f4sobi\u0165 aspo\u0148 jednu hodinu, pr\u00edpadne dlh\u0161ie (najviac po\u010das trvania no\u010dn\u00e9ho sp\u00e1nku).<\/div>\n<div class=\"div_text_fullWidth\">Po odstr\u00e1nen\u00ed obkladu o\u0161etren\u00e9 miesto o\u010dist\u00edme od pr\u00edpravku hygienick\u00fdm papierom, zaschnut\u00e9 miesta umyjeme teplou vodou. Aplikujeme 1 a\u017e 2 kr\u00e1t denne. Pri dlhodobom ka\u017edodennom pou\u017eit\u00ed je vhodn\u00e9 po troch t\u00fd\u017ed\u0148och lie\u010dbu na jeden t\u00fd\u017ede\u0148 preru\u0161i\u0165. Pr\u00edpravok sa nesmie aplikova\u0165 na otvoren\u00e9 rany.<\/div>\n<div><\/div>\n<\/div>\n<div class=\"div_text_left\"><img decoding=\"async\" class=\"upozornenieImg\" src=\"https:\/\/www.hanus.sk\/grafika\/caution.png\" \/><span class=\"bold\">Upozornenie:<\/span><\/div>\n<div class=\"div_text_right\">\n<p>Pr\u00edpravok sa smie aplikova\u0165 iba na neporu\u0161en\u00fa poko\u017eku. Pou\u017eitie po\u010das tehotenstva je vhodn\u00e9 konzultova\u0165 s lek\u00e1rom.<\/p>\n<p>Pr\u00edpravok obsahuje jemne zhomogenizovan\u00fd \u010derstv\u00fd kore\u0148 kostihoja lek\u00e1rskeho. Pomocn\u00e9 l\u00e1tky s\u00fa pridan\u00e9 iba z d\u00f4vodu stabiliz\u00e1cie a vhodnej aplikovate\u013enosti pr\u00edpravku na poko\u017eku.<\/p>\n<\/div>\n<div><\/div>\n<div class=\"div_text_left\"><span class=\"bold\">Zlo\u017eenie:<\/span><\/div>\n<div class=\"div_text_right\">100 g pr\u00edpravku obsahuje:<br \/>\nSymphyti radix recens 55,7g<br \/>\nEthanolum 95% 17,7g<br \/>\nPropylenglycolum 26,6g<\/div>\n<p>&nbsp;<\/p>\n<div class=\"div_text_left\"><span class=\"bold\">EAN: <\/span>8588000736034<\/div>\n","protected":false},"excerpt":{"rendered":"<div class=\"div_podnadpis\">Podpora tvorby kalusu pri zlomenin\u00e1ch, regener\u00e1cia tkan\u00edv,protiz\u00e1palov\u00e9 \u00fa\u010dinky, mierne tlmiv\u00fd vplyv na boles\u0165.<\/div>\n<div><\/div>\n<div class=\"div_text_left\"><span class=\"bold\">Indik\u00e1cie:<\/span><\/div>\n<div class=\"div_text_right\">Mechanick\u00e9 po\u0161kodenia a z\u00e1palov\u00e9 procesy spojivov\u00fdch tkan\u00edv (kost\u00ed, okostice, chrupavky, \u0161liach, svalov), zlomeniny, vyvrtnutia, pomlia\u017edeniny, krvn\u00e9 podliatiny, z\u00e1paly okostice, \u017e\u00edl, k\u013abov a svalov, tzv. tenisov\u00fd lake\u0165, k\u0155\u010dov\u00e9 \u017eily, opuchliny<\/div>\n<div><\/div>\n","protected":false},"featured_media":1989,"comment_status":"open","ping_status":"closed","template":"","meta":{"site-sidebar-layout":"default","site-content-layout":"","ast-site-content-layout":"default","site-content-style":"default","site-sidebar-style":"default","ast-global-header-display":"","ast-banner-title-visibility":"","ast-main-header-display":"","ast-hfb-above-header-display":"","ast-hfb-below-header-display":"","ast-hfb-mobile-header-display":"","site-post-title":"","ast-breadcrumbs-content":"","ast-featured-img":"","footer-sml-layout":"","theme-transparent-header-meta":"default","adv-header-id-meta":"","stick-header-meta":"","header-above-stick-meta":"","header-main-stick-meta":"","header-below-stick-meta":"","astra-migrate-meta-layouts":"set","ast-page-background-enabled":"default","ast-page-background-meta":{"desktop":{"background-color":"var(--ast-global-color-4)","background-image":"","background-repeat":"repeat","background-position":"center center","background-size":"auto","background-attachment":"scroll","background-type":"","background-media":"","overlay-type":"","overlay-color":"","overlay-opacity":"","overlay-gradient":""},"tablet":{"background-color":"","background-image":"","background-repeat":"repeat","background-position":"center center","background-size":"auto","background-attachment":"scroll","background-type":"","background-media":"","overlay-type":"","overlay-color":"","overlay-opacity":"","overlay-gradient":""},"mobile":{"background-color":"","background-image":"","background-repeat":"repeat","background-position":"center center","background-size":"auto","background-attachment":"scroll","background-type":"","background-media":"","overlay-type":"","overlay-color":"","overlay-opacity":"","overlay-gradient":""}},"ast-content-background-meta":{"desktop":{"background-color":"var(--ast-global-color-5)","background-image":"","background-repeat":"repeat","background-position":"center center","background-size":"auto","background-attachment":"scroll","background-type":"","background-media":"","overlay-type":"","overlay-color":"","overlay-opacity":"","overlay-gradient":""},"tablet":{"background-color":"var(--ast-global-color-5)","background-image":"","background-repeat":"repeat","background-position":"center center","background-size":"auto","background-attachment":"scroll","background-type":"","background-media":"","overlay-type":"","overlay-color":"","overlay-opacity":"","overlay-gradient":""},"mobile":{"background-color":"var(--ast-global-color-5)","background-image":"","background-repeat":"repeat","background-position":"center center","background-size":"auto","background-attachment":"scroll","background-type":"","background-media":"","overlay-type":"","overlay-color":"","overlay-opacity":"","overlay-gradient":""}}},"product_cat":[52],"product_tag":[],"class_list":{"0":"post-1988","1":"product","2":"type-product","3":"status-publish","4":"has-post-thumbnail","6":"product_cat-prirodna-lekare","7":"desktop-align-center","8":"tablet-align-center","9":"mobile-align-center","11":"first","12":"instock","13":"taxable","14":"shipping-taxable","15":"purchasable","16":"product-type-simple"},"_links":{"self":[{"href":"https:\/\/mmtest1.top\/index.php?rest_route=\/wp\/v2\/product\/1988","targetHints":{"allow":["GET"]}}],"collection":[{"href":"https:\/\/mmtest1.top\/index.php?rest_route=\/wp\/v2\/product"}],"about":[{"href":"https:\/\/mmtest1.top\/index.php?rest_route=\/wp\/v2\/types\/product"}],"replies":[{"embeddable":true,"href":"https:\/\/mmtest1.top\/index.php?rest_route=%2Fwp%2Fv2%2Fcomments&post=1988"}],"wp:featuredmedia":[{"embeddable":true,"href":"https:\/\/mmtest1.top\/index.php?rest_route=\/wp\/v2\/media\/1989"}],"wp:attachment":[{"href":"https:\/\/mmtest1.top\/index.php?rest_route=%2Fwp%2Fv2%2Fmedia&parent=1988"}],"wp:term":[{"taxonomy":"product_cat","embeddable":true,"href":"https:\/\/mmtest1.top\/index.php?rest_route=%2Fwp%2Fv2%2Fproduct_cat&post=1988"},{"taxonomy":"product_tag","embeddable":true,"href":"https:\/\/mmtest1.top\/index.php?rest_route=%2Fwp%2Fv2%2Fproduct_tag&post=1988"}],"curies":[{"name":"wp","href":"https:\/\/api.w.org\/{rel}","templated":true}]}}