{"id":1984,"date":"2024-05-30T13:56:50","date_gmt":"2024-05-30T11:56:50","guid":{"rendered":"https:\/\/mmtest1.top\/?post_type=product&#038;p=1984"},"modified":"2024-05-30T13:56:50","modified_gmt":"2024-05-30T11:56:50","slug":"matova-luka-ulava-pri-migrene-20-ml","status":"publish","type":"product","link":"https:\/\/mmtest1.top\/?product=matova-luka-ulava-pri-migrene-20-ml","title":{"rendered":"M\u00e4tov\u00e1 l\u00faka, \u00da\u013eava pri migr\u00e9ne 20 ml"},"content":{"rendered":"<p><span class=\"div_text_left\">Typ v\u00f4ne:<\/span>\u00a0<span class=\"div_text_right\">V\u00fdrazn\u00e1 m\u00e4tov\u00e1 v\u00f4\u0148a s kvetinovo ovocn\u00fdmi t\u00f3nmi a balzamick\u00fdm santalov\u00fdm z\u00e1kladom<\/span><\/p>\n<div class=\"div_pouzitie\"><span class=\"div_text_left\">Zmes sil\u00edc:<\/span><\/div>\n<div class=\"div_pouzitie\"><span class=\"div_text_right\">\u2022 m\u00e4ta pieporn\u00e1<br \/>\n\u2022 m\u00e4ta ku\u010derv\u00e1<br \/>\n\u2022 g\u00e1frovn\u00edk<br \/>\n\u2022 ruman\u010dek kamilkov\u00fd<br \/>\n\u2022 santal austr\u00e1lsky<br \/>\n\u2022 litsea cubeba<br \/>\n\u2022 citr\u00f3n<\/span><\/div>\n<div><\/div>\n<div class=\"div_pouzitie\"><span class=\"div_text_left\">Inhal\u00e1cia \/ difuz\u00e9r \/ aromalampa:<\/span>\u00a0<span class=\"div_text_right\">Uvo\u013enenie d\u00fdchac\u00edch ciest<\/span><\/div>\n<div class=\"div_pouzitie\"><span class=\"div_text_left\">Aromaterapeutick\u00e9 mas\u00e1\u017ee:<\/span>\u00a0<span class=\"div_text_right\">Bolesti hlavy a svalov, povzbudenie pri vy\u010derpan\u00ed<\/span><\/div>\n<div class=\"div_pouzitie\"><span class=\"div_text_left\">Parf\u00e9m:<\/span>\u00a0<span class=\"div_text_right\">Migr\u00e9na<\/span><\/div>\n<div class=\"div_pouzitie\"><span class=\"div_text_left\">Va\u0148ov\u00fd k\u00fape\u013e:<\/span>\u00a0<span class=\"div_text_right\">Nervov\u00e9 vyp\u00e4tie, svalov\u00e1 \u00fanava, predmen\u0161trua\u010dn\u00e9 \u0165a\u017ekosti<\/span><\/div>\n<div><\/div>\n<div class=\"div_cudzojazycne_nazvy\"><span class=\"div_text_left\"><img decoding=\"async\" class=\"upozornenieImg\" src=\"https:\/\/www.hanus.sk\/grafika\/caution.png\" \/>Upozornenie:<\/span>\u00a0<span class=\"div_text_right\">Nevhodn\u00e9 na pou\u017eitie u det\u00ed do 3 rokov<\/span><\/div>\n<div class=\"div_cudzojazycne_nazvy\"><\/div>\n<p><span class=\"div_text_left\">EAN:<\/span>\u00a0<span class=\"div_text_right\">8588008728123<\/span><\/p>\n","protected":false},"excerpt":{"rendered":"<p><span class=\"div_text_left\">Typ v\u00f4ne:<\/span>\u00a0<span class=\"div_text_right\">V\u00fdrazn\u00e1 m\u00e4tov\u00e1 v\u00f4\u0148a s kvetinovo ovocn\u00fdmi t\u00f3nmi a balzamick\u00fdm santalov\u00fdm z\u00e1kladom<\/span><\/p>\n<div class=\"div_pouzitie\"><span class=\"div_text_left\">Zmes sil\u00edc:<\/span><\/div>\n<div class=\"div_pouzitie\"><span class=\"div_text_right\">\u2022 m\u00e4ta pieporn\u00e1<br \/>\n\u2022 m\u00e4ta ku\u010derv\u00e1<br \/>\n\u2022 g\u00e1frovn\u00edk<br \/>\n\u2022 ruman\u010dek kamilkov\u00fd<br \/>\n\u2022 santal austr\u00e1lsky<br \/>\n\u2022 litsea cubeba<br \/>\n\u2022 citr\u00f3n<\/span><\/div>\n","protected":false},"featured_media":1985,"comment_status":"open","ping_status":"closed","template":"","meta":{"site-sidebar-layout":"default","site-content-layout":"","ast-site-content-layout":"default","site-content-style":"default","site-sidebar-style":"default","ast-global-header-display":"","ast-banner-title-visibility":"","ast-main-header-display":"","ast-hfb-above-header-display":"","ast-hfb-below-header-display":"","ast-hfb-mobile-header-display":"","site-post-title":"","ast-breadcrumbs-content":"","ast-featured-img":"","footer-sml-layout":"","theme-transparent-header-meta":"default","adv-header-id-meta":"","stick-header-meta":"","header-above-stick-meta":"","header-main-stick-meta":"","header-below-stick-meta":"","astra-migrate-meta-layouts":"set","ast-page-background-enabled":"default","ast-page-background-meta":{"desktop":{"background-color":"var(--ast-global-color-4)","background-image":"","background-repeat":"repeat","background-position":"center center","background-size":"auto","background-attachment":"scroll","background-type":"","background-media":"","overlay-type":"","overlay-color":"","overlay-opacity":"","overlay-gradient":""},"tablet":{"background-color":"","background-image":"","background-repeat":"repeat","background-position":"center center","background-size":"auto","background-attachment":"scroll","background-type":"","background-media":"","overlay-type":"","overlay-color":"","overlay-opacity":"","overlay-gradient":""},"mobile":{"background-color":"","background-image":"","background-repeat":"repeat","background-position":"center center","background-size":"auto","background-attachment":"scroll","background-type":"","background-media":"","overlay-type":"","overlay-color":"","overlay-opacity":"","overlay-gradient":""}},"ast-content-background-meta":{"desktop":{"background-color":"var(--ast-global-color-5)","background-image":"","background-repeat":"repeat","background-position":"center center","background-size":"auto","background-attachment":"scroll","background-type":"","background-media":"","overlay-type":"","overlay-color":"","overlay-opacity":"","overlay-gradient":""},"tablet":{"background-color":"var(--ast-global-color-5)","background-image":"","background-repeat":"repeat","background-position":"center center","background-size":"auto","background-attachment":"scroll","background-type":"","background-media":"","overlay-type":"","overlay-color":"","overlay-opacity":"","overlay-gradient":""},"mobile":{"background-color":"var(--ast-global-color-5)","background-image":"","background-repeat":"repeat","background-position":"center center","background-size":"auto","background-attachment":"scroll","background-type":"","background-media":"","overlay-type":"","overlay-color":"","overlay-opacity":"","overlay-gradient":""}}},"product_cat":[52,63],"product_tag":[],"class_list":{"0":"post-1984","1":"product","2":"type-product","3":"status-publish","4":"has-post-thumbnail","6":"product_cat-prirodna-lekare","7":"product_cat-prirodne-silice","8":"desktop-align-center","9":"tablet-align-center","10":"mobile-align-center","12":"first","13":"instock","14":"taxable","15":"shipping-taxable","16":"purchasable","17":"product-type-simple"},"_links":{"self":[{"href":"https:\/\/mmtest1.top\/index.php?rest_route=\/wp\/v2\/product\/1984","targetHints":{"allow":["GET"]}}],"collection":[{"href":"https:\/\/mmtest1.top\/index.php?rest_route=\/wp\/v2\/product"}],"about":[{"href":"https:\/\/mmtest1.top\/index.php?rest_route=\/wp\/v2\/types\/product"}],"replies":[{"embeddable":true,"href":"https:\/\/mmtest1.top\/index.php?rest_route=%2Fwp%2Fv2%2Fcomments&post=1984"}],"wp:featuredmedia":[{"embeddable":true,"href":"https:\/\/mmtest1.top\/index.php?rest_route=\/wp\/v2\/media\/1985"}],"wp:attachment":[{"href":"https:\/\/mmtest1.top\/index.php?rest_route=%2Fwp%2Fv2%2Fmedia&parent=1984"}],"wp:term":[{"taxonomy":"product_cat","embeddable":true,"href":"https:\/\/mmtest1.top\/index.php?rest_route=%2Fwp%2Fv2%2Fproduct_cat&post=1984"},{"taxonomy":"product_tag","embeddable":true,"href":"https:\/\/mmtest1.top\/index.php?rest_route=%2Fwp%2Fv2%2Fproduct_tag&post=1984"}],"curies":[{"name":"wp","href":"https:\/\/api.w.org\/{rel}","templated":true}]}}