{"id":1980,"date":"2024-05-30T13:49:47","date_gmt":"2024-05-30T11:49:47","guid":{"rendered":"https:\/\/mmtest1.top\/?post_type=product&#038;p=1980"},"modified":"2024-05-30T13:49:47","modified_gmt":"2024-05-30T11:49:47","slug":"eukalyptovy-les-dychacie-cesty-20-ml","status":"publish","type":"product","link":"https:\/\/mmtest1.top\/?product=eukalyptovy-les-dychacie-cesty-20-ml","title":{"rendered":"Eukalyptov\u00fd les, D\u00fdchacie cesty 20 ml"},"content":{"rendered":"<p><span class=\"div_text_left\">Typ v\u00f4ne:<\/span>\u00a0<span class=\"div_text_right\">V\u00fdrazn\u00e1 cineolov\u00e1 v\u00f4\u0148a s citrusovo drevit\u00fdmi t\u00f3nmi<\/span><\/p>\n<div class=\"div_pouzitie\"><span class=\"div_text_left\">Zmes sil\u00edc:<\/span>\u00a0<span class=\"div_text_right\">\u2022 austr\u00e1lsky eukalyptus gu\u013eatoplod\u00fd<br \/>\n\u2022 zelen\u00fd citr\u00f3n<br \/>\n\u2022 bergamot<br \/>\n\u2022 mandar\u00ednka zelen\u00e1<br \/>\n\u2022 c\u00e9der atlas<br \/>\n\u2022 g\u00e1frovn\u00edk<\/span><\/div>\n<div class=\"div_pouzitie\"><span class=\"div_text_left\">Inhal\u00e1cia \/ difuz\u00e9r \/ aromalampa:<\/span>\u00a0<span class=\"div_text_right\">N\u00e1dcha, uvo\u013enenie d\u00fdchac\u00edch ciest<\/span><\/div>\n<div class=\"div_pouzitie\"><span class=\"div_text_left\">Aromaterapeutick\u00e9 mas\u00e1\u017ee:<\/span>\u00a0<span class=\"div_text_right\">Uvo\u013enenie svalov\u00e9ho nap\u00e4tia<\/span><\/div>\n<div class=\"div_pouzitie\"><span class=\"div_text_left\">Parf\u00e9m:<\/span>\u00a0<span class=\"div_text_right\">Povzbudenie pri vy\u010derpan\u00ed<\/span><\/div>\n<div class=\"div_pouzitie\"><span class=\"div_text_left\">Va\u0148ov\u00fd k\u00fape\u013e:<\/span>\u00a0<span class=\"div_text_right\">Nervov\u00e9 vyp\u00e4tie, svalov\u00e1 \u00fanava, prechladnutie<\/span><\/div>\n<div><\/div>\n<div class=\"div_cudzojazycne_nazvy\"><span class=\"div_text_left\"><img decoding=\"async\" class=\"upozornenieImg\" src=\"https:\/\/www.hanus.sk\/grafika\/caution.png\" \/>Upozornenie:<\/span>\u00a0<span class=\"div_text_right\">Nevhodn\u00e9 na pou\u017eitie u det\u00ed do 2 rokov.<\/span><\/div>\n<div class=\"div_cudzojazycne_nazvy\"><\/div>\n<p><span class=\"div_text_left\">EAN:<\/span>\u00a0<span class=\"div_text_right\">8588008728093<\/span><\/p>\n","protected":false},"excerpt":{"rendered":"<p><span class=\"div_text_left\">Typ v\u00f4ne:<\/span>\u00a0<span class=\"div_text_right\">V\u00fdrazn\u00e1 cineolov\u00e1 v\u00f4\u0148a s citrusovo drevit\u00fdmi t\u00f3nmi<\/span><\/p>\n<div class=\"div_pouzitie\"><span class=\"div_text_left\">Zmes sil\u00edc:<\/span>\u00a0<span class=\"div_text_right\">\u2022 austr\u00e1lsky eukalyptus gu\u013eatoplod\u00fd<br \/>\n\u2022 zelen\u00fd citr\u00f3n<br \/>\n\u2022 bergamot<br \/>\n\u2022 mandar\u00ednka zelen\u00e1<br \/>\n\u2022 c\u00e9der atlas<br \/>\n\u2022 g\u00e1frovn\u00edk<\/span><\/div>\n","protected":false},"featured_media":1981,"comment_status":"open","ping_status":"closed","template":"","meta":{"site-sidebar-layout":"default","site-content-layout":"","ast-site-content-layout":"default","site-content-style":"default","site-sidebar-style":"default","ast-global-header-display":"","ast-banner-title-visibility":"","ast-main-header-display":"","ast-hfb-above-header-display":"","ast-hfb-below-header-display":"","ast-hfb-mobile-header-display":"","site-post-title":"","ast-breadcrumbs-content":"","ast-featured-img":"","footer-sml-layout":"","theme-transparent-header-meta":"default","adv-header-id-meta":"","stick-header-meta":"","header-above-stick-meta":"","header-main-stick-meta":"","header-below-stick-meta":"","astra-migrate-meta-layouts":"set","ast-page-background-enabled":"default","ast-page-background-meta":{"desktop":{"background-color":"var(--ast-global-color-4)","background-image":"","background-repeat":"repeat","background-position":"center center","background-size":"auto","background-attachment":"scroll","background-type":"","background-media":"","overlay-type":"","overlay-color":"","overlay-opacity":"","overlay-gradient":""},"tablet":{"background-color":"","background-image":"","background-repeat":"repeat","background-position":"center center","background-size":"auto","background-attachment":"scroll","background-type":"","background-media":"","overlay-type":"","overlay-color":"","overlay-opacity":"","overlay-gradient":""},"mobile":{"background-color":"","background-image":"","background-repeat":"repeat","background-position":"center center","background-size":"auto","background-attachment":"scroll","background-type":"","background-media":"","overlay-type":"","overlay-color":"","overlay-opacity":"","overlay-gradient":""}},"ast-content-background-meta":{"desktop":{"background-color":"var(--ast-global-color-5)","background-image":"","background-repeat":"repeat","background-position":"center center","background-size":"auto","background-attachment":"scroll","background-type":"","background-media":"","overlay-type":"","overlay-color":"","overlay-opacity":"","overlay-gradient":""},"tablet":{"background-color":"var(--ast-global-color-5)","background-image":"","background-repeat":"repeat","background-position":"center center","background-size":"auto","background-attachment":"scroll","background-type":"","background-media":"","overlay-type":"","overlay-color":"","overlay-opacity":"","overlay-gradient":""},"mobile":{"background-color":"var(--ast-global-color-5)","background-image":"","background-repeat":"repeat","background-position":"center center","background-size":"auto","background-attachment":"scroll","background-type":"","background-media":"","overlay-type":"","overlay-color":"","overlay-opacity":"","overlay-gradient":""}}},"product_cat":[52,63],"product_tag":[],"class_list":{"0":"post-1980","1":"product","2":"type-product","3":"status-publish","4":"has-post-thumbnail","6":"product_cat-prirodna-lekare","7":"product_cat-prirodne-silice","8":"desktop-align-center","9":"tablet-align-center","10":"mobile-align-center","12":"first","13":"instock","14":"taxable","15":"shipping-taxable","16":"purchasable","17":"product-type-simple"},"_links":{"self":[{"href":"https:\/\/mmtest1.top\/index.php?rest_route=\/wp\/v2\/product\/1980","targetHints":{"allow":["GET"]}}],"collection":[{"href":"https:\/\/mmtest1.top\/index.php?rest_route=\/wp\/v2\/product"}],"about":[{"href":"https:\/\/mmtest1.top\/index.php?rest_route=\/wp\/v2\/types\/product"}],"replies":[{"embeddable":true,"href":"https:\/\/mmtest1.top\/index.php?rest_route=%2Fwp%2Fv2%2Fcomments&post=1980"}],"wp:featuredmedia":[{"embeddable":true,"href":"https:\/\/mmtest1.top\/index.php?rest_route=\/wp\/v2\/media\/1981"}],"wp:attachment":[{"href":"https:\/\/mmtest1.top\/index.php?rest_route=%2Fwp%2Fv2%2Fmedia&parent=1980"}],"wp:term":[{"taxonomy":"product_cat","embeddable":true,"href":"https:\/\/mmtest1.top\/index.php?rest_route=%2Fwp%2Fv2%2Fproduct_cat&post=1980"},{"taxonomy":"product_tag","embeddable":true,"href":"https:\/\/mmtest1.top\/index.php?rest_route=%2Fwp%2Fv2%2Fproduct_tag&post=1980"}],"curies":[{"name":"wp","href":"https:\/\/api.w.org\/{rel}","templated":true}]}}