{"id":1974,"date":"2024-05-30T13:37:41","date_gmt":"2024-05-30T11:37:41","guid":{"rendered":"https:\/\/mmtest1.top\/?post_type=product&#038;p=1974"},"modified":"2024-05-30T13:37:42","modified_gmt":"2024-05-30T11:37:42","slug":"cierne-korenie-silica-5-ml","status":"publish","type":"product","link":"https:\/\/mmtest1.top\/?product=cierne-korenie-silica-5-ml","title":{"rendered":"\u010cierne korenie silica 5 ml"},"content":{"rendered":"<p><span class=\"div_text_left\">Typ v\u00f4ne:<\/span>\u00a0<span class=\"div_text_right\">svie\u017ea korenist\u00e1 v\u00f4\u0148a s drevit\u00fdmi t\u00f3nmi<\/span><\/p>\n<p><span class=\"div_text_left\">Sp\u00f4sob z\u00edskania silice:<\/span>\u00a0<span class=\"div_text_right\">destil\u00e1ciou plodov vodnou parou<\/span><\/p>\n<p><span class=\"div_text_left\">Proveniencia silice:<\/span>\u00a0<span class=\"div_text_right\">India<\/span><\/p>\n<p><span class=\"div_text_left\">Pou\u017eitie a \u00fa\u010dinky:<\/span>\u00a0<span class=\"div_text_right\">uvo\u013enenie pri \u00fazkosti, nespavos\u0165, mas\u00e1\u017ee: prekrvenie poko\u017eky, reumatizmus, boles\u0165 k\u013abov, mas\u00e1\u017ee vlasovej poko\u017eky: podpora rastu vlasov<\/span><\/p>\n<div><\/div>\n<div class=\"div_pouzitie\"><span class=\"div_text_left\"><img decoding=\"async\" src=\"https:\/\/www.hanus.sk\/grafika\/piktogram\/inhalacia.gif\" \/>Inhal\u00e1cia:<\/span>\u00a0<span class=\"div_text_right\">3 kvapky silice prida\u0165 do 1 l takmer vriacej vody. Inhalova\u0165 pri nespavosti a \u00fazkostn\u00fdch stavoch<\/span><\/div>\n<div class=\"div_pouzitie\"><span class=\"div_text_left\"><img decoding=\"async\" src=\"https:\/\/www.hanus.sk\/grafika\/piktogram\/riedena.gif\" \/>Kr\u00e9m, rieden\u00e1 silica, mas\u00e1\u017ena emulzia:<\/span>\u00a0<span class=\"div_text_right\">prekrvenie poko\u017eky, reumatizmus, boles\u0165 k\u013abov<\/span><\/div>\n<div class=\"div_pouzitie\"><span class=\"div_text_left\"><img decoding=\"async\" src=\"https:\/\/www.hanus.sk\/grafika\/piktogram\/riedena.gif\" \/>Podanie riedenej silice:<\/span>\u00a0<span class=\"div_text_right\">Pred umyt\u00edm vlasov zmie\u0161ajte v dlani 4 kvapky silice z \u010dierneho korenia v nosnom oleji (napr. marhu\u013eovom, olivovom, agranovom). Zmes vmas\u00edrujte do vlasovej poko\u017eky a nechajte p\u00f4sobi\u0165 pribli\u017ene 15 min. Vlasy n\u00e1sledne umyte \u0161amp\u00f3nom. Zmes zv\u00fd\u0161i prekrvenie vo vlasov\u00fdch korienkoch \u010d\u00edm sa podpor\u00ed rast.<\/span><\/div>\n<div><\/div>\n<div class=\"div_cudzojazycne_nazvy\"><span class=\"div_text_left\"><img decoding=\"async\" class=\"upozornenieImg\" src=\"https:\/\/www.hanus.sk\/grafika\/caution.png\" \/>Upozornenie:<\/span>\u00a0<span class=\"div_text_right\">Nepou\u017e\u00edva\u0165 po\u010das tehotenstva<\/span><\/div>\n<div><\/div>\n<div class=\"div_cudzojazycne_nazvy\"><span class=\"div_text_left\">Anglick\u00fd n\u00e1zov silice:<\/span>\u00a0<span class=\"div_text_right\">Black pepper oil<\/span><\/div>\n<div class=\"div_cudzojazycne_nazvy\"><span class=\"div_text_left\">Slov. n\u00e1zov materskej rastliny a \u010de\u013eade:<\/span>\u00a0<span class=\"div_text_right\">Piepor \u010dierny, Pieprovit\u00e9<\/span><\/div>\n<div class=\"div_cudzojazycne_nazvy\"><span class=\"div_text_left\">Lat. n\u00e1zov materskej rastliny a \u010de\u013eade:<\/span>\u00a0<span class=\"div_text_right\">Piper Nigrum, Piperaceae<\/span><\/div>\n<div><\/div>\n<p><span class=\"div_text_left\">Obsahov\u00e9 l\u00e1tky v silici:<\/span>\u00a0<span class=\"div_text_right\">beta &#8211; karyofyl\u00e9n 10 a\u017e 33,7 %, limon\u00e9n 10,8 a\u017e 27 %, 3-car\u00e9n, alfa pin\u00e9n, beta-pin\u00e9n, myrc\u00e9n, germakr\u00e9n, sabin\u00e9n<\/span><\/p>\n<p><span class=\"div_text_left\">EAN:<\/span> 8588008728208<\/p>\n<p>&nbsp;<\/p>\n","protected":false},"excerpt":{"rendered":"<p><span class=\"div_text_left\">Typ v\u00f4ne:<\/span>\u00a0<span class=\"div_text_right\">svie\u017ea korenist\u00e1 v\u00f4\u0148a s drevit\u00fdmi t\u00f3nmi<\/span><\/p>\n<p><span class=\"div_text_left\">Sp\u00f4sob z\u00edskania silice:<\/span>\u00a0<span class=\"div_text_right\">destil\u00e1ciou plodov vodnou parou<\/span><\/p>\n<p><span class=\"div_text_left\">Proveniencia silice:<\/span>\u00a0<span class=\"div_text_right\">India<\/span><\/p>\n<p><span class=\"div_text_left\">Pou\u017eitie a \u00fa\u010dinky:<\/span>\u00a0<span class=\"div_text_right\">uvo\u013enenie pri \u00fazkosti, nespavos\u0165, mas\u00e1\u017ee: prekrvenie poko\u017eky, reumatizmus, boles\u0165 k\u013abov, mas\u00e1\u017ee vlasovej poko\u017eky: podpora rastu vlasov<\/span><\/p>\n","protected":false},"featured_media":1975,"comment_status":"open","ping_status":"closed","template":"","meta":{"site-sidebar-layout":"default","site-content-layout":"","ast-site-content-layout":"default","site-content-style":"default","site-sidebar-style":"default","ast-global-header-display":"","ast-banner-title-visibility":"","ast-main-header-display":"","ast-hfb-above-header-display":"","ast-hfb-below-header-display":"","ast-hfb-mobile-header-display":"","site-post-title":"","ast-breadcrumbs-content":"","ast-featured-img":"","footer-sml-layout":"","theme-transparent-header-meta":"default","adv-header-id-meta":"","stick-header-meta":"","header-above-stick-meta":"","header-main-stick-meta":"","header-below-stick-meta":"","astra-migrate-meta-layouts":"set","ast-page-background-enabled":"default","ast-page-background-meta":{"desktop":{"background-color":"var(--ast-global-color-4)","background-image":"","background-repeat":"repeat","background-position":"center center","background-size":"auto","background-attachment":"scroll","background-type":"","background-media":"","overlay-type":"","overlay-color":"","overlay-opacity":"","overlay-gradient":""},"tablet":{"background-color":"","background-image":"","background-repeat":"repeat","background-position":"center center","background-size":"auto","background-attachment":"scroll","background-type":"","background-media":"","overlay-type":"","overlay-color":"","overlay-opacity":"","overlay-gradient":""},"mobile":{"background-color":"","background-image":"","background-repeat":"repeat","background-position":"center center","background-size":"auto","background-attachment":"scroll","background-type":"","background-media":"","overlay-type":"","overlay-color":"","overlay-opacity":"","overlay-gradient":""}},"ast-content-background-meta":{"desktop":{"background-color":"var(--ast-global-color-5)","background-image":"","background-repeat":"repeat","background-position":"center center","background-size":"auto","background-attachment":"scroll","background-type":"","background-media":"","overlay-type":"","overlay-color":"","overlay-opacity":"","overlay-gradient":""},"tablet":{"background-color":"var(--ast-global-color-5)","background-image":"","background-repeat":"repeat","background-position":"center center","background-size":"auto","background-attachment":"scroll","background-type":"","background-media":"","overlay-type":"","overlay-color":"","overlay-opacity":"","overlay-gradient":""},"mobile":{"background-color":"var(--ast-global-color-5)","background-image":"","background-repeat":"repeat","background-position":"center center","background-size":"auto","background-attachment":"scroll","background-type":"","background-media":"","overlay-type":"","overlay-color":"","overlay-opacity":"","overlay-gradient":""}}},"product_cat":[52,63],"product_tag":[],"class_list":{"0":"post-1974","1":"product","2":"type-product","3":"status-publish","4":"has-post-thumbnail","6":"product_cat-prirodna-lekare","7":"product_cat-prirodne-silice","8":"desktop-align-center","9":"tablet-align-center","10":"mobile-align-center","12":"first","13":"instock","14":"taxable","15":"shipping-taxable","16":"purchasable","17":"product-type-simple"},"_links":{"self":[{"href":"https:\/\/mmtest1.top\/index.php?rest_route=\/wp\/v2\/product\/1974","targetHints":{"allow":["GET"]}}],"collection":[{"href":"https:\/\/mmtest1.top\/index.php?rest_route=\/wp\/v2\/product"}],"about":[{"href":"https:\/\/mmtest1.top\/index.php?rest_route=\/wp\/v2\/types\/product"}],"replies":[{"embeddable":true,"href":"https:\/\/mmtest1.top\/index.php?rest_route=%2Fwp%2Fv2%2Fcomments&post=1974"}],"wp:featuredmedia":[{"embeddable":true,"href":"https:\/\/mmtest1.top\/index.php?rest_route=\/wp\/v2\/media\/1975"}],"wp:attachment":[{"href":"https:\/\/mmtest1.top\/index.php?rest_route=%2Fwp%2Fv2%2Fmedia&parent=1974"}],"wp:term":[{"taxonomy":"product_cat","embeddable":true,"href":"https:\/\/mmtest1.top\/index.php?rest_route=%2Fwp%2Fv2%2Fproduct_cat&post=1974"},{"taxonomy":"product_tag","embeddable":true,"href":"https:\/\/mmtest1.top\/index.php?rest_route=%2Fwp%2Fv2%2Fproduct_tag&post=1974"}],"curies":[{"name":"wp","href":"https:\/\/api.w.org\/{rel}","templated":true}]}}