{"id":1963,"date":"2024-05-30T11:56:33","date_gmt":"2024-05-30T09:56:33","guid":{"rendered":"https:\/\/mmtest1.top\/?post_type=product&#038;p=1963"},"modified":"2024-05-30T11:56:33","modified_gmt":"2024-05-30T09:56:33","slug":"kajeputova-silica-10-ml","status":"publish","type":"product","link":"https:\/\/mmtest1.top\/?product=kajeputova-silica-10-ml","title":{"rendered":"Kajeputova silica 10 ml"},"content":{"rendered":"<p><span class=\"div_text_left\">Typ v\u00f4ne:<\/span>\u00a0<span class=\"div_text_right\">svie\u017ea, eukalyptovo g\u00e1frov\u00e1 v\u00f4\u0148a s terpenick\u00fdm n\u00e1dychom<\/span><\/p>\n<p><span class=\"div_text_left\">Sp\u00f4sob z\u00edskania silice:<\/span>\u00a0<span class=\"div_text_right\">destil\u00e1ciou mlad\u00fdch v\u00fdhonkov a listov vodnou parou<\/span><\/p>\n<p><span class=\"div_text_left\">Proveniencia silice:<\/span>\u00a0<span class=\"div_text_right\">Indon\u00e9zia<\/span><\/p>\n<p><span class=\"div_text_left\">Pou\u017eitie a \u00fa\u010dinky:<\/span>\u00a0<span class=\"div_text_right\">antiseptick\u00e9 \u00fa\u010dinky, ochorenia ko\u017ee, herpes, bolesti zubov, prostriedok proti vlasov\u00e9mu parazitu v\u0161i detskej<\/span><\/p>\n<div><\/div>\n<div class=\"div_pouzitie\"><span class=\"div_text_left\"><img decoding=\"async\" src=\"https:\/\/www.hanus.sk\/grafika\/piktogram\/inhalacia.gif\" \/>Inhal\u00e1cia:<\/span>\u00a0<span class=\"div_text_right\">7 kvapiek silice prida\u0165 do 1 l takmer vriacej vody. Inhalova\u0165 pri bronchit\u00edde<\/span><\/div>\n<div class=\"div_pouzitie\"><span class=\"div_text_left\"><img decoding=\"async\" src=\"https:\/\/www.hanus.sk\/grafika\/piktogram\/vana.gif\" \/>Va\u0148ov\u00fd k\u00fape\u013e:<\/span>\u00a0<span class=\"div_text_right\">9 kvapiek silice do vody teplej 37 \u00b0C. Pri poraneniach poko\u017eky<\/span><\/div>\n<div class=\"div_pouzitie\"><span class=\"div_text_left\"><img decoding=\"async\" src=\"https:\/\/www.hanus.sk\/grafika\/piktogram\/riedena.gif\" \/>Voda na ple\u0165:<\/span>\u00a0<span class=\"div_text_right\">ochorenia ko\u017ee<\/span><\/div>\n<div class=\"div_pouzitie\"><span class=\"div_text_left\"><img decoding=\"async\" src=\"https:\/\/www.hanus.sk\/grafika\/piktogram\/riedena.gif\" \/>Vlasov\u00fd parazit:<\/span>\u00a0<span class=\"div_text_right\">vo\u0161 detsk\u00e1<\/span><\/div>\n<div class=\"div_pouzitie\"><span class=\"div_text_left\"><img decoding=\"async\" src=\"https:\/\/www.hanus.sk\/grafika\/piktogram\/riedena.gif\" \/>Kr\u00e9m:<\/span>\u00a0<span class=\"div_text_right\">antiseptick\u00e9 \u00fa\u010dinky<\/span><\/div>\n<div class=\"div_pouzitie\"><span class=\"div_text_left\"><img decoding=\"async\" src=\"https:\/\/www.hanus.sk\/grafika\/piktogram\/neriedena.gif\" \/>Podanie neriedenej silice:<\/span>\u00a0<span class=\"div_text_right\">boles\u0165 zubov, z\u00e1pal \u010fasien, ochorenia ko\u017ee, herpes<\/span><\/div>\n<div class=\"div_pouzitie\"><span class=\"div_text_left\"><img decoding=\"async\" src=\"https:\/\/www.hanus.sk\/grafika\/piktogram\/riedena.gif\" \/>Liehov\u00fd roztok silice:<\/span>\u00a0<span class=\"div_text_right\">herpes<\/span><\/div>\n<div><\/div>\n<div class=\"div_cudzojazycne_nazvy\"><span class=\"div_text_left\"><img decoding=\"async\" class=\"upozornenieImg\" src=\"https:\/\/www.hanus.sk\/grafika\/caution.png\" \/>Upozornenie:<\/span>\u00a0<span class=\"div_text_right\">Len na vonkaj\u0161ie pou\u017eitie<\/span><\/div>\n<div><\/div>\n<div class=\"div_cudzojazycne_nazvy\"><span class=\"div_text_left\">Anglick\u00fd n\u00e1zov silice:<\/span>\u00a0<span class=\"div_text_right\">Cajeput oil<\/span><\/div>\n<div class=\"div_cudzojazycne_nazvy\"><span class=\"div_text_left\">Latinsk\u00fd n\u00e1zov silice:<\/span>\u00a0<span class=\"div_text_right\">Cajeputi aetheroleum<\/span><\/div>\n<div class=\"div_cudzojazycne_nazvy\"><span class=\"div_text_left\">Slov. n\u00e1zov materskej rastliny a \u010de\u013eade:<\/span>\u00a0<span class=\"div_text_right\">Melaleuka kajeputov\u00e1 (kajeput), Myrtovit\u00e9<\/span><\/div>\n<div class=\"div_cudzojazycne_nazvy\"><span class=\"div_text_left\">Lat. n\u00e1zov materskej rastliny a \u010de\u013eade:<\/span>\u00a0<span class=\"div_text_right\">Melaleuca leucadendron, Myrtaceae<\/span><\/div>\n<div><\/div>\n<p><span class=\"div_text_left\">Obsahov\u00e9 l\u00e1tky v silici:<\/span>\u00a0<span class=\"div_text_right\">1,8-cineol 60%, \u03b1+\u03b2-pin\u00e9n 27%, \u03b1-terpineol, \u03b2-eudesmol<\/span><\/p>\n<p><span class=\"div_text_left\">CAS<\/span>\u00a0<span class=\"div_text_right\">CAS 8008-98-8<\/span><\/p>\n<p><span class=\"div_text_left\">EAN:<\/span>\u00a0<span class=\"div_text_right\">8588000736591<\/span><\/p>\n","protected":false},"excerpt":{"rendered":"<p><span class=\"div_text_left\">Typ v\u00f4ne:<\/span>\u00a0<span class=\"div_text_right\">svie\u017ea, eukalyptovo g\u00e1frov\u00e1 v\u00f4\u0148a s terpenick\u00fdm n\u00e1dychom<\/span><\/p>\n<p><span class=\"div_text_left\">Sp\u00f4sob z\u00edskania silice:<\/span>\u00a0<span class=\"div_text_right\">destil\u00e1ciou mlad\u00fdch v\u00fdhonkov a listov vodnou parou<\/span><\/p>\n<p><span class=\"div_text_left\">Proveniencia silice:<\/span>\u00a0<span class=\"div_text_right\">Indon\u00e9zia<\/span><\/p>\n<p><span class=\"div_text_left\">Pou\u017eitie a \u00fa\u010dinky:<\/span>\u00a0<span class=\"div_text_right\">antiseptick\u00e9 \u00fa\u010dinky, ochorenia ko\u017ee, herpes, bolesti zubov, prostriedok proti vlasov\u00e9mu parazitu v\u0161i detskej<\/span><\/p>\n","protected":false},"featured_media":1964,"comment_status":"open","ping_status":"closed","template":"","meta":{"site-sidebar-layout":"default","site-content-layout":"","ast-site-content-layout":"default","site-content-style":"default","site-sidebar-style":"default","ast-global-header-display":"","ast-banner-title-visibility":"","ast-main-header-display":"","ast-hfb-above-header-display":"","ast-hfb-below-header-display":"","ast-hfb-mobile-header-display":"","site-post-title":"","ast-breadcrumbs-content":"","ast-featured-img":"","footer-sml-layout":"","theme-transparent-header-meta":"default","adv-header-id-meta":"","stick-header-meta":"","header-above-stick-meta":"","header-main-stick-meta":"","header-below-stick-meta":"","astra-migrate-meta-layouts":"set","ast-page-background-enabled":"default","ast-page-background-meta":{"desktop":{"background-color":"var(--ast-global-color-4)","background-image":"","background-repeat":"repeat","background-position":"center center","background-size":"auto","background-attachment":"scroll","background-type":"","background-media":"","overlay-type":"","overlay-color":"","overlay-opacity":"","overlay-gradient":""},"tablet":{"background-color":"","background-image":"","background-repeat":"repeat","background-position":"center center","background-size":"auto","background-attachment":"scroll","background-type":"","background-media":"","overlay-type":"","overlay-color":"","overlay-opacity":"","overlay-gradient":""},"mobile":{"background-color":"","background-image":"","background-repeat":"repeat","background-position":"center center","background-size":"auto","background-attachment":"scroll","background-type":"","background-media":"","overlay-type":"","overlay-color":"","overlay-opacity":"","overlay-gradient":""}},"ast-content-background-meta":{"desktop":{"background-color":"var(--ast-global-color-5)","background-image":"","background-repeat":"repeat","background-position":"center center","background-size":"auto","background-attachment":"scroll","background-type":"","background-media":"","overlay-type":"","overlay-color":"","overlay-opacity":"","overlay-gradient":""},"tablet":{"background-color":"var(--ast-global-color-5)","background-image":"","background-repeat":"repeat","background-position":"center center","background-size":"auto","background-attachment":"scroll","background-type":"","background-media":"","overlay-type":"","overlay-color":"","overlay-opacity":"","overlay-gradient":""},"mobile":{"background-color":"var(--ast-global-color-5)","background-image":"","background-repeat":"repeat","background-position":"center center","background-size":"auto","background-attachment":"scroll","background-type":"","background-media":"","overlay-type":"","overlay-color":"","overlay-opacity":"","overlay-gradient":""}}},"product_cat":[52,63],"product_tag":[],"class_list":{"0":"post-1963","1":"product","2":"type-product","3":"status-publish","4":"has-post-thumbnail","6":"product_cat-prirodna-lekare","7":"product_cat-prirodne-silice","8":"desktop-align-center","9":"tablet-align-center","10":"mobile-align-center","12":"first","13":"instock","14":"taxable","15":"shipping-taxable","16":"purchasable","17":"product-type-simple"},"_links":{"self":[{"href":"https:\/\/mmtest1.top\/index.php?rest_route=\/wp\/v2\/product\/1963","targetHints":{"allow":["GET"]}}],"collection":[{"href":"https:\/\/mmtest1.top\/index.php?rest_route=\/wp\/v2\/product"}],"about":[{"href":"https:\/\/mmtest1.top\/index.php?rest_route=\/wp\/v2\/types\/product"}],"replies":[{"embeddable":true,"href":"https:\/\/mmtest1.top\/index.php?rest_route=%2Fwp%2Fv2%2Fcomments&post=1963"}],"wp:featuredmedia":[{"embeddable":true,"href":"https:\/\/mmtest1.top\/index.php?rest_route=\/wp\/v2\/media\/1964"}],"wp:attachment":[{"href":"https:\/\/mmtest1.top\/index.php?rest_route=%2Fwp%2Fv2%2Fmedia&parent=1963"}],"wp:term":[{"taxonomy":"product_cat","embeddable":true,"href":"https:\/\/mmtest1.top\/index.php?rest_route=%2Fwp%2Fv2%2Fproduct_cat&post=1963"},{"taxonomy":"product_tag","embeddable":true,"href":"https:\/\/mmtest1.top\/index.php?rest_route=%2Fwp%2Fv2%2Fproduct_tag&post=1963"}],"curies":[{"name":"wp","href":"https:\/\/api.w.org\/{rel}","templated":true}]}}