{"id":1945,"date":"2024-05-30T11:21:54","date_gmt":"2024-05-30T09:21:54","guid":{"rendered":"https:\/\/mmtest1.top\/?post_type=product&#038;p=1945"},"modified":"2024-05-30T11:21:54","modified_gmt":"2024-05-30T09:21:54","slug":"litsea-cubeba-silica-10-ml","status":"publish","type":"product","link":"https:\/\/mmtest1.top\/?product=litsea-cubeba-silica-10-ml","title":{"rendered":"Litsea cubeba silica 10 ml"},"content":{"rendered":"<p><span class=\"div_text_left\">Typ v\u00f4ne:<\/span>\u00a0<span class=\"div_text_right\">intenz\u00edvne v\u00fdrazn\u00e1 citr\u00f3nov\u00e1 a sladk\u00e1 v\u00f4\u0148a<\/span><\/p>\n<p><span class=\"div_text_left\">Sp\u00f4sob\u00a0<\/span><span class=\"div_text_left\">z\u00edskania silice:<\/span>\u00a0<span class=\"div_text_right\">destil\u00e1ciou plodov<\/span><\/p>\n<p><span class=\"div_text_left\">Proveniencia silice:<\/span>\u00a0<span class=\"div_text_right\">Vietnam<\/span><\/p>\n<p><span class=\"div_text_left\">Pou\u017eitie a \u00fa\u010dinky:<\/span>\u00a0<span class=\"div_text_right\">v\u00fdrazn\u00e9 antiseptick\u00e9 \u00fa\u010dinky, akn\u00e9, mastn\u00e1 poko\u017eka, herpes, svalov\u00e1 \u00fanava, infekcie d\u00fdchac\u00edch ciest, protik\u0155\u010dov\u00e9 \u00fa\u010dinky, povzbuduj\u00face \u00fa\u010dinky, zlep\u0161enie koncentr\u00e1cie, antidepres\u00edvne \u00fa\u010dinky<\/span><\/p>\n<div class=\"div_pouzitie\"><span class=\"div_text_left\"><img decoding=\"async\" src=\"https:\/\/www.hanus.sk\/grafika\/piktogram\/inhalacia.gif\" \/>Inhal\u00e1cia:<\/span>\u00a0<span class=\"div_text_right\">7 kvapiek silice prida\u0165 do 1 l takmer vriacej vody. Pri infekci\u00e1ch d\u00fdchac\u00edch ciest.<\/span><\/div>\n<div class=\"div_pouzitie\"><span class=\"div_text_left\"><img decoding=\"async\" src=\"https:\/\/www.hanus.sk\/grafika\/piktogram\/vana.gif\" \/>Va\u0148ov\u00fd k\u00fape\u013e:<\/span>\u00a0<span class=\"div_text_right\">9 kvapiek silice do vody teplej 37 \u00b0C. P\u00f4sob\u00ed na zlep\u0161enie koncentr\u00e1cie.<\/span><\/div>\n<div class=\"div_pouzitie\"><span class=\"div_text_left\"><img decoding=\"async\" src=\"https:\/\/www.hanus.sk\/grafika\/piktogram\/neriedena.gif\" \/>Podanie neriedenej silice:<\/span>\u00a0<span class=\"div_text_right\">antiseptick\u00e9 \u00fa\u010dinky, akn\u00e9, herpes.<\/span><\/div>\n<div class=\"div_pouzitie\"><span class=\"div_text_left\"><img decoding=\"async\" src=\"https:\/\/www.hanus.sk\/grafika\/piktogram\/riedena.gif\" \/>Podanie riedenej silice:<\/span>\u00a0<span class=\"div_text_right\">vmas\u00edrovanie riedenej silice a kr\u00e9mu do poko\u017eky. Mastn\u00e1 poko\u017eka, svalov\u00e1 \u00fanava.<\/span><\/div>\n<div><\/div>\n<div class=\"div_cudzojazycne_nazvy\"><span class=\"div_text_left\"><img decoding=\"async\" class=\"upozornenieImg\" src=\"https:\/\/www.hanus.sk\/grafika\/caution.png\" \/>Upozornenie:<\/span>\u00a0<span class=\"div_text_right\">Len na vonkaj\u0161ie pou\u017eitie.<\/span><\/div>\n<div><\/div>\n<div class=\"div_cudzojazycne_nazvy\"><span class=\"div_text_left\">Anglick\u00fd n\u00e1zov silice:<\/span>\u00a0<span class=\"div_text_right\">litsea cubeba fruit oil<\/span><\/div>\n<div class=\"div_cudzojazycne_nazvy\"><span class=\"div_text_left\">Latinsk\u00fd n\u00e1zov silice:<\/span>\u00a0<span class=\"div_text_right\">Litseae cubebae aetheroleum<\/span><\/div>\n<div class=\"div_cudzojazycne_nazvy\"><span class=\"div_text_left\">Slov. n\u00e1zov materskej rastliny a \u010de\u013eade:<\/span>\u00a0<span class=\"div_text_right\">Vavr\u00edn kub\u00e9bov\u00fd, Vavr\u00ednovit\u00e9<\/span><\/div>\n<div class=\"div_cudzojazycne_nazvy\"><span class=\"div_text_left\">Lat. n\u00e1zov materskej rastliny a \u010de\u013eade:<\/span>\u00a0<span class=\"div_text_right\">Litsea cubeba Pers., Lauraceae<\/span><\/div>\n<div><\/div>\n<p><span class=\"div_text_left\">Obsahov\u00e9 l\u00e1tky v silici:<\/span>\u00a0<span class=\"div_text_right\">citral (neral 28 %+geranial 36 %) min. 60 %, D-limon\u00e9n 23 %, \u03b2-myrc\u00e9n, pin\u00e9ny<\/span><\/p>\n<p><span class=\"div_text_left\">CAS<\/span>\u00a0<span class=\"div_text_right\">68855-99-2<\/span><\/p>\n<p><span class=\"div_text_left\">EAN:<\/span>\u00a0<span class=\"div_text_right\">8588000736683<\/span><\/p>\n","protected":false},"excerpt":{"rendered":"<p><span class=\"div_text_left\">Typ v\u00f4ne:<\/span>\u00a0<span class=\"div_text_right\">intenz\u00edvne v\u00fdrazn\u00e1 citr\u00f3nov\u00e1 a sladk\u00e1 v\u00f4\u0148a<\/span><\/p>\n<p><span class=\"div_text_left\">Sp\u00f4sob\u00a0<\/span><span class=\"div_text_left\">z\u00edskania silice:<\/span>\u00a0<span class=\"div_text_right\">destil\u00e1ciou plodov<\/span><\/p>\n<p><span class=\"div_text_left\">Proveniencia silice:<\/span>\u00a0<span class=\"div_text_right\">Vietnam<\/span><\/p>\n<p><span class=\"div_text_left\">Pou\u017eitie a \u00fa\u010dinky:<\/span>\u00a0<span class=\"div_text_right\">v\u00fdrazn\u00e9 antiseptick\u00e9 \u00fa\u010dinky, akn\u00e9, mastn\u00e1 poko\u017eka, herpes, svalov\u00e1 \u00fanava, infekcie d\u00fdchac\u00edch ciest, protik\u0155\u010dov\u00e9 \u00fa\u010dinky, povzbuduj\u00face \u00fa\u010dinky, zlep\u0161enie koncentr\u00e1cie, antidepres\u00edvne \u00fa\u010dinky<\/span><\/p>\n<div class=\"div_pouzitie\"><\/div>\n","protected":false},"featured_media":1946,"comment_status":"open","ping_status":"closed","template":"","meta":{"site-sidebar-layout":"default","site-content-layout":"","ast-site-content-layout":"default","site-content-style":"default","site-sidebar-style":"default","ast-global-header-display":"","ast-banner-title-visibility":"","ast-main-header-display":"","ast-hfb-above-header-display":"","ast-hfb-below-header-display":"","ast-hfb-mobile-header-display":"","site-post-title":"","ast-breadcrumbs-content":"","ast-featured-img":"","footer-sml-layout":"","theme-transparent-header-meta":"default","adv-header-id-meta":"","stick-header-meta":"","header-above-stick-meta":"","header-main-stick-meta":"","header-below-stick-meta":"","astra-migrate-meta-layouts":"set","ast-page-background-enabled":"default","ast-page-background-meta":{"desktop":{"background-color":"var(--ast-global-color-4)","background-image":"","background-repeat":"repeat","background-position":"center center","background-size":"auto","background-attachment":"scroll","background-type":"","background-media":"","overlay-type":"","overlay-color":"","overlay-opacity":"","overlay-gradient":""},"tablet":{"background-color":"","background-image":"","background-repeat":"repeat","background-position":"center center","background-size":"auto","background-attachment":"scroll","background-type":"","background-media":"","overlay-type":"","overlay-color":"","overlay-opacity":"","overlay-gradient":""},"mobile":{"background-color":"","background-image":"","background-repeat":"repeat","background-position":"center center","background-size":"auto","background-attachment":"scroll","background-type":"","background-media":"","overlay-type":"","overlay-color":"","overlay-opacity":"","overlay-gradient":""}},"ast-content-background-meta":{"desktop":{"background-color":"var(--ast-global-color-5)","background-image":"","background-repeat":"repeat","background-position":"center center","background-size":"auto","background-attachment":"scroll","background-type":"","background-media":"","overlay-type":"","overlay-color":"","overlay-opacity":"","overlay-gradient":""},"tablet":{"background-color":"var(--ast-global-color-5)","background-image":"","background-repeat":"repeat","background-position":"center center","background-size":"auto","background-attachment":"scroll","background-type":"","background-media":"","overlay-type":"","overlay-color":"","overlay-opacity":"","overlay-gradient":""},"mobile":{"background-color":"var(--ast-global-color-5)","background-image":"","background-repeat":"repeat","background-position":"center center","background-size":"auto","background-attachment":"scroll","background-type":"","background-media":"","overlay-type":"","overlay-color":"","overlay-opacity":"","overlay-gradient":""}}},"product_cat":[52,63],"product_tag":[],"class_list":{"0":"post-1945","1":"product","2":"type-product","3":"status-publish","4":"has-post-thumbnail","6":"product_cat-prirodna-lekare","7":"product_cat-prirodne-silice","8":"desktop-align-center","9":"tablet-align-center","10":"mobile-align-center","12":"first","13":"instock","14":"taxable","15":"shipping-taxable","16":"purchasable","17":"product-type-simple"},"_links":{"self":[{"href":"https:\/\/mmtest1.top\/index.php?rest_route=\/wp\/v2\/product\/1945","targetHints":{"allow":["GET"]}}],"collection":[{"href":"https:\/\/mmtest1.top\/index.php?rest_route=\/wp\/v2\/product"}],"about":[{"href":"https:\/\/mmtest1.top\/index.php?rest_route=\/wp\/v2\/types\/product"}],"replies":[{"embeddable":true,"href":"https:\/\/mmtest1.top\/index.php?rest_route=%2Fwp%2Fv2%2Fcomments&post=1945"}],"wp:featuredmedia":[{"embeddable":true,"href":"https:\/\/mmtest1.top\/index.php?rest_route=\/wp\/v2\/media\/1946"}],"wp:attachment":[{"href":"https:\/\/mmtest1.top\/index.php?rest_route=%2Fwp%2Fv2%2Fmedia&parent=1945"}],"wp:term":[{"taxonomy":"product_cat","embeddable":true,"href":"https:\/\/mmtest1.top\/index.php?rest_route=%2Fwp%2Fv2%2Fproduct_cat&post=1945"},{"taxonomy":"product_tag","embeddable":true,"href":"https:\/\/mmtest1.top\/index.php?rest_route=%2Fwp%2Fv2%2Fproduct_tag&post=1945"}],"curies":[{"name":"wp","href":"https:\/\/api.w.org\/{rel}","templated":true}]}}