{"id":1937,"date":"2024-05-30T11:00:48","date_gmt":"2024-05-30T09:00:48","guid":{"rendered":"https:\/\/mmtest1.top\/?post_type=product&#038;p=1937"},"modified":"2024-05-30T11:00:48","modified_gmt":"2024-05-30T09:00:48","slug":"geraniova-silica-5-ml","status":"publish","type":"product","link":"https:\/\/mmtest1.top\/?product=geraniova-silica-5-ml","title":{"rendered":"Geraniov\u00e1 silica 5 ml"},"content":{"rendered":"<p><span class=\"div_text_left\">Typ v\u00f4ne:<\/span>\u00a0<span class=\"div_text_right\">v\u00fdrazn\u00e1 svie\u017ea kvetinovo ru\u017eov\u00e1 v\u00f4\u0148a s korenist\u00fdm n\u00e1dychom<\/span><\/p>\n<p><span class=\"div_text_left\">Sp\u00f4sob z\u00edskania silice:<\/span>\u00a0<span class=\"div_text_right\">destil\u00e1ciou \u010derstvej v\u0148ate vodnou parou<\/span><\/p>\n<p><span class=\"div_text_left\">Proveniencia silice:<\/span>\u00a0<span class=\"div_text_right\">Egypt<\/span><\/p>\n<p><span class=\"div_text_left\">Pou\u017eitie a \u00fa\u010dinky:<\/span>\u00a0<span class=\"div_text_right\">protiz\u00e1palov\u00e9 a hojiv\u00e9 \u00fa\u010dinky, starostlivos\u0165 o ple\u0165, ekz\u00e9m, lupiny, herpes, hnisav\u00e9 zubn\u00e9 l\u00f4\u017eko, prevencia stri\u00ed pri gravidite, mal\u00e9 pop\u00e1leniny, nervov\u00e9 vyp\u00e4tie, predmen\u0161trua\u010dn\u00e9 bolesti, vo\u0161 detsk\u00e1, repelentn\u00e9 \u00fa\u010dinky<\/span><\/p>\n<div><\/div>\n<div class=\"div_pouzitie\"><span class=\"div_text_left\"><img decoding=\"async\" src=\"https:\/\/www.hanus.sk\/grafika\/piktogram\/vana.gif\" \/>Va\u0148ov\u00fd k\u00fape\u013e:<\/span>\u00a0<span class=\"div_text_right\">4 kvapky silice do vody teplej 37 \u00b0C. Pri nervovom vyp\u00e4t\u00ed, predmen\u0161trua\u010dn\u00fdch a klimakterick\u00fdch stavoch, pri starostlivosti o ple\u0165<\/span><\/div>\n<div class=\"div_pouzitie\"><span class=\"div_text_left\"><img decoding=\"async\" src=\"https:\/\/www.hanus.sk\/grafika\/piktogram\/riedena.gif\" \/>Voda na ple\u0165:<\/span>\u00a0<span class=\"div_text_right\">v\u0161etky typy pleti, akn\u00e9, normalizuje tvorbu mazu<\/span><\/div>\n<div class=\"div_pouzitie\"><span class=\"div_text_left\"><img decoding=\"async\" src=\"https:\/\/www.hanus.sk\/grafika\/piktogram\/riedena.gif\" \/>Voda na vlasov\u00fa poko\u017eku:<\/span>\u00a0<span class=\"div_text_right\">lupiny vo vlasovej poko\u017eke<\/span><\/div>\n<div class=\"div_pouzitie\"><span class=\"div_text_left\"><img decoding=\"async\" src=\"https:\/\/www.hanus.sk\/grafika\/piktogram\/riedena.gif\" \/>Vlasov\u00fd parazit:<\/span>\u00a0<span class=\"div_text_right\">vo\u0161 detsk\u00e1<\/span><\/div>\n<div class=\"div_pouzitie\"><span class=\"div_text_left\"><img decoding=\"async\" src=\"https:\/\/www.hanus.sk\/grafika\/piktogram\/riedena.gif\" \/>Kr\u00e9m:<\/span>\u00a0<span class=\"div_text_right\">starostlivos\u0165 o ple\u0165, hojiv\u00e9 \u00fa\u010dinky, celulit\u00edda<\/span><\/div>\n<div class=\"div_pouzitie\"><span class=\"div_text_left\"><img decoding=\"async\" src=\"https:\/\/www.hanus.sk\/grafika\/piktogram\/neriedena.gif\" \/>Podanie neriedenej silice:<\/span>\u00a0<span class=\"div_text_right\">podpora hojenia r\u00e1n, herpes, ekz\u00e9m, mal\u00e9 pop\u00e1leniny ni\u017e\u0161ieho stup\u0148a, hnisav\u00e9 zubn\u00e9 l\u00f4\u017eko<\/span><\/div>\n<div class=\"div_pouzitie\">\u00a0<span class=\"div_text_left\"><img decoding=\"async\" src=\"https:\/\/www.hanus.sk\/grafika\/piktogram\/riedena.gif\" \/>Liehov\u00fd roztok silice:<\/span>\u00a0<span class=\"div_text_right\">herpes<\/span><\/div>\n<div class=\"div_pouzitie\"><span class=\"div_text_left\">In\u00e9 vyu\u017eitie:<\/span>\u00a0<span class=\"div_text_right\">pri poten\u00ed n\u00f4h potrie\u0165 chodidl\u00e1 navlh\u010den\u00fdm vatov\u00fdm tamp\u00f3nom s geraniovou silicou. Ako ochrana pred klie\u0161\u0165ami (nakvapka\u0165 silicu na z\u00e1p\u00e4stie a \u010dlenky n\u00f4h)<\/span><\/div>\n<div><\/div>\n<div class=\"div_cudzojazycne_nazvy\"><span class=\"div_text_left\"><img decoding=\"async\" class=\"upozornenieImg\" src=\"https:\/\/www.hanus.sk\/grafika\/caution.png\" \/>Upozornenie:<\/span>\u00a0<span class=\"div_text_right\">Len na vonkaj\u0161ie pou\u017eitie. Mo\u017eno riedi\u0165 vodou. Pri citlivej poko\u017eke m\u00f4\u017ee vyvola\u0165 podr\u00e1\u017edenie.<\/span><\/div>\n<div><\/div>\n<div class=\"div_cudzojazycne_nazvy\"><span class=\"div_text_left\">Anglick\u00fd n\u00e1zov silice:<\/span>\u00a0<span class=\"div_text_right\">Geranium oil<\/span><\/div>\n<div class=\"div_cudzojazycne_nazvy\"><span class=\"div_text_left\">Latinsk\u00fd n\u00e1zov silice:<\/span>\u00a0<span class=\"div_text_right\">Pelargonii aetheroleum<\/span><\/div>\n<div class=\"div_cudzojazycne_nazvy\"><span class=\"div_text_left\">Slov. n\u00e1zov materskej rastliny a \u010de\u013eade:<\/span>\u00a0<span class=\"div_text_right\">Mu\u0161k\u00e1t citr\u00f3nov\u00fd omamn\u00fd, Pakostovit\u00e9<\/span><\/div>\n<div class=\"div_cudzojazycne_nazvy\"><span class=\"div_text_left\">Lat. n\u00e1zov materskej rastliny a \u010de\u013eade:<\/span>\u00a0<span class=\"div_text_right\">Pelargonium graveolens, Geraniaceae<\/span><\/div>\n<div><\/div>\n<p><span class=\"div_text_left\">Obsahov\u00e9 l\u00e1tky v silici:<\/span>\u00a0<span class=\"div_text_right\">geraniol 60 a\u017e 75 %, linalol, citronelol, \u03b1 -terpineol, borneol, mentol<\/span><\/p>\n<p><span class=\"div_text_left\">CAS<\/span>\u00a0<span class=\"div_text_right\">CAS 8000-46-2<\/span><\/p>\n<p><span class=\"div_text_left\">EAN:<\/span>\u00a0<span class=\"div_text_right\">8588000736546<\/span><\/p>\n","protected":false},"excerpt":{"rendered":"<p><span class=\"div_text_left\">Typ v\u00f4ne:<\/span>\u00a0<span class=\"div_text_right\">v\u00fdrazn\u00e1 svie\u017ea kvetinovo ru\u017eov\u00e1 v\u00f4\u0148a s korenist\u00fdm n\u00e1dychom<\/span><\/p>\n<p><span class=\"div_text_left\">Sp\u00f4sob z\u00edskania silice:<\/span>\u00a0<span class=\"div_text_right\">destil\u00e1ciou \u010derstvej v\u0148ate vodnou parou<\/span><\/p>\n<p><span class=\"div_text_left\">Proveniencia silice:<\/span>\u00a0<span class=\"div_text_right\">Egypt<\/span><\/p>\n<p><span class=\"div_text_left\">Pou\u017eitie a \u00fa\u010dinky:<\/span>\u00a0<span class=\"div_text_right\">protiz\u00e1palov\u00e9 a hojiv\u00e9 \u00fa\u010dinky, starostlivos\u0165 o ple\u0165, ekz\u00e9m, lupiny, herpes, hnisav\u00e9 zubn\u00e9 l\u00f4\u017eko, prevencia stri\u00ed pri gravidite, mal\u00e9 pop\u00e1leniny, nervov\u00e9 vyp\u00e4tie, predmen\u0161trua\u010dn\u00e9 bolesti, vo\u0161 detsk\u00e1, repelentn\u00e9 \u00fa\u010dinky<\/span><\/p>\n<div><\/div>\n","protected":false},"featured_media":1938,"comment_status":"open","ping_status":"closed","template":"","meta":{"site-sidebar-layout":"default","site-content-layout":"","ast-site-content-layout":"default","site-content-style":"default","site-sidebar-style":"default","ast-global-header-display":"","ast-banner-title-visibility":"","ast-main-header-display":"","ast-hfb-above-header-display":"","ast-hfb-below-header-display":"","ast-hfb-mobile-header-display":"","site-post-title":"","ast-breadcrumbs-content":"","ast-featured-img":"","footer-sml-layout":"","theme-transparent-header-meta":"default","adv-header-id-meta":"","stick-header-meta":"","header-above-stick-meta":"","header-main-stick-meta":"","header-below-stick-meta":"","astra-migrate-meta-layouts":"set","ast-page-background-enabled":"default","ast-page-background-meta":{"desktop":{"background-color":"var(--ast-global-color-4)","background-image":"","background-repeat":"repeat","background-position":"center center","background-size":"auto","background-attachment":"scroll","background-type":"","background-media":"","overlay-type":"","overlay-color":"","overlay-opacity":"","overlay-gradient":""},"tablet":{"background-color":"","background-image":"","background-repeat":"repeat","background-position":"center center","background-size":"auto","background-attachment":"scroll","background-type":"","background-media":"","overlay-type":"","overlay-color":"","overlay-opacity":"","overlay-gradient":""},"mobile":{"background-color":"","background-image":"","background-repeat":"repeat","background-position":"center center","background-size":"auto","background-attachment":"scroll","background-type":"","background-media":"","overlay-type":"","overlay-color":"","overlay-opacity":"","overlay-gradient":""}},"ast-content-background-meta":{"desktop":{"background-color":"var(--ast-global-color-5)","background-image":"","background-repeat":"repeat","background-position":"center center","background-size":"auto","background-attachment":"scroll","background-type":"","background-media":"","overlay-type":"","overlay-color":"","overlay-opacity":"","overlay-gradient":""},"tablet":{"background-color":"var(--ast-global-color-5)","background-image":"","background-repeat":"repeat","background-position":"center center","background-size":"auto","background-attachment":"scroll","background-type":"","background-media":"","overlay-type":"","overlay-color":"","overlay-opacity":"","overlay-gradient":""},"mobile":{"background-color":"var(--ast-global-color-5)","background-image":"","background-repeat":"repeat","background-position":"center center","background-size":"auto","background-attachment":"scroll","background-type":"","background-media":"","overlay-type":"","overlay-color":"","overlay-opacity":"","overlay-gradient":""}}},"product_cat":[52,63],"product_tag":[],"class_list":{"0":"post-1937","1":"product","2":"type-product","3":"status-publish","4":"has-post-thumbnail","6":"product_cat-prirodna-lekare","7":"product_cat-prirodne-silice","8":"desktop-align-center","9":"tablet-align-center","10":"mobile-align-center","12":"first","13":"instock","14":"taxable","15":"shipping-taxable","16":"purchasable","17":"product-type-simple"},"_links":{"self":[{"href":"https:\/\/mmtest1.top\/index.php?rest_route=\/wp\/v2\/product\/1937","targetHints":{"allow":["GET"]}}],"collection":[{"href":"https:\/\/mmtest1.top\/index.php?rest_route=\/wp\/v2\/product"}],"about":[{"href":"https:\/\/mmtest1.top\/index.php?rest_route=\/wp\/v2\/types\/product"}],"replies":[{"embeddable":true,"href":"https:\/\/mmtest1.top\/index.php?rest_route=%2Fwp%2Fv2%2Fcomments&post=1937"}],"wp:featuredmedia":[{"embeddable":true,"href":"https:\/\/mmtest1.top\/index.php?rest_route=\/wp\/v2\/media\/1938"}],"wp:attachment":[{"href":"https:\/\/mmtest1.top\/index.php?rest_route=%2Fwp%2Fv2%2Fmedia&parent=1937"}],"wp:term":[{"taxonomy":"product_cat","embeddable":true,"href":"https:\/\/mmtest1.top\/index.php?rest_route=%2Fwp%2Fv2%2Fproduct_cat&post=1937"},{"taxonomy":"product_tag","embeddable":true,"href":"https:\/\/mmtest1.top\/index.php?rest_route=%2Fwp%2Fv2%2Fproduct_tag&post=1937"}],"curies":[{"name":"wp","href":"https:\/\/api.w.org\/{rel}","templated":true}]}}