{"id":1929,"date":"2024-05-29T13:57:26","date_gmt":"2024-05-29T11:57:26","guid":{"rendered":"https:\/\/mmtest1.top\/?post_type=product&#038;p=1929"},"modified":"2024-05-29T14:02:54","modified_gmt":"2024-05-29T12:02:54","slug":"echinacea-detsky-sirup-50ml","status":"publish","type":"product","link":"https:\/\/mmtest1.top\/?product=echinacea-detsky-sirup-50ml","title":{"rendered":"Echinacea (detsk\u00fd sirup) 50ml"},"content":{"rendered":"<div class=\"div_podnadpis\">Vhodn\u00fd pre re deti od 6 mesiacov, obsahuje vitam\u00edn C, bez konzerva\u010dn\u00fdch l\u00e1tok, ne\u0161kodn\u00fd pre detsk\u00fd chrup a jeho v\u00fdvin a vhodn\u00fd pre diabetikov<\/div>\n<div class=\"div_text_left\"><span class=\"bold\">Indik\u00e1cie: <\/span>ak\u00fatne a chronick\u00e9 infekcie d\u00fdchac\u00edch ciest, n\u00e1dcha, ka\u0161e\u013e, ang\u00edna, bronchit\u00edda<\/div>\n<div class=\"div_text_left\"><span class=\"bold\">\u00da\u010dinky: <\/span>podporn\u00e9 zv\u00fd\u0161enie ne\u0161pecifickej imunity organizmu<\/div>\n<div class=\"div_pouzitie\">\n<div class=\"div_text_left\"><span class=\"bold\">D\u00e1vkovanie: <\/span><span style=\"font-size: 16px;\">Pr\u00edpravok pod\u00e1va\u0165 de\u0165om 3x denne ly\u017ei\u010dkou alebo ho primie\u0161a\u0165 do \u010daju, ovocnej \u0161\u0165avy, pr\u00edpadne ka\u0161e.<\/span><\/div>\n<div><\/div>\n<div class=\"div_text_left\">Deti vo veku:<\/div>\n<div class=\"div_text_right\">\n<table cellspacing=\"0\" cellpadding=\"0\">\n<tbody>\n<tr>\n<td>od 6 mesiacov do 2 rokov:<\/td>\n<td>max. 3x denne 5 a\u017e 20 kvapiek<\/td>\n<\/tr>\n<tr>\n<td>od 2 do 6 rokov:<\/td>\n<td>max. 3x denne 20 a\u017e 40 kvapiek<\/td>\n<\/tr>\n<tr>\n<td>od 6 do 10 rokov:<\/td>\n<td>max. 3x denne 40 a\u017e 50 kvapiek<\/td>\n<\/tr>\n<\/tbody>\n<\/table>\n<\/div>\n<div class=\"div_text_fullWidth\">Pri vy\u0161\u0161\u00edch d\u00e1vkach je mo\u017en\u00e9 vybra\u0165 kvapkaciu vlo\u017eku a u\u017e\u00edva\u0165 1 k\u00e1vov\u00fa ly\u017ei\u010dku sirupu, \u010do je z\u00e1rove\u0148 i jednorazov\u00e1 d\u00e1vka pre dospel\u00fdch.<\/div>\n<div class=\"div_text_fullWidth\">Pri ak\u00fatnych ochoreniach alebo v za\u010diato\u010dn\u00fdch \u0161t\u00e1di\u00e1ch choroby je vhodn\u00e9 pod\u00e1va\u0165 pr\u00edpravok 5x denne po dobu troch dn\u00ed. Pr\u00edpravok je potrebn\u00e9 pod\u00e1va\u0165 minim\u00e1lne 5 dn\u00ed, nie v\u0161ak viac ako 2 mesiace bez aspo\u0148 10 d\u0148ovej prest\u00e1vky v u\u017e\u00edvan\u00ed.<\/div>\n<div><\/div>\n<\/div>\n<div class=\"div_text_left\"><img decoding=\"async\" class=\"upozornenieImg\" src=\"https:\/\/www.hanus.sk\/grafika\/caution.png\" \/><span class=\"bold\">Pozor!<\/span><\/div>\n<div class=\"div_text_right\">Pr\u00edpravok neobsahuje konzerva\u010dn\u00e9 l\u00e1tky a preto je potrebn\u00e9 po pou\u017eit\u00ed f\u013ea\u0161ku d\u00f4kladne uzavrie\u0165 a pod\u013ea mo\u017enosti skladova\u0165 v chladni\u010dke. Po prvom otvoren\u00ed spotrebova\u0165 do 14 dn\u00ed. Pr\u00edpadn\u00fd z\u00e1kal nie je na z\u00e1vadu. Pred pou\u017eit\u00edm pretrepa\u0165. Kvapkajte vo zvislej polohe hore dnom.<\/div>\n<p>&nbsp;<\/p>\n<div class=\"div_text_left\"><span class=\"bold\">Kontraindik\u00e1cie: <\/span>Nesmie sa pod\u00e1va\u0165 pri tuberkul\u00f3ze, leuk\u00e9mii a autoimunitn\u00fdch ochoreniach.<\/div>\n<div class=\"div_text_left\"><span class=\"bold\">Upozornenie: <\/span>Nepod\u00e1va\u0165 pri zn\u00e1mej alergii na pr\u00edpravok. Neprekra\u010dova\u0165 d\u00e1vkovanie.<\/div>\n<div class=\"div_text_left\"><span class=\"bold\">Zlo\u017eenie:<\/span><\/div>\n<div class=\"div_text_right\">100 g sirupu obsahuje:<br \/>\n<i>Extractum echinaceae purpureae herba 64 g<br \/>\nSorbitolum 35 g<br \/>\nAcidum L \u2013 ascorbicum (vitam\u00edn C) 1 g<br \/>\nPr\u00edrodne identick\u00e1 ar\u00f3ma: 0,44 g\/100 g<\/i><\/div>\n<p>&nbsp;<\/p>\n<div class=\"div_text_left\"><span class=\"bold\">EAN: <\/span>8588000736010<\/div>\n","protected":false},"excerpt":{"rendered":"<div class=\"div_podnadpis\">Vhodn\u00fd pre re deti od 6 mesiacov, obsahuje vitam\u00edn C, bez konzerva\u010dn\u00fdch l\u00e1tok, ne\u0161kodn\u00fd pre detsk\u00fd chrup a jeho v\u00fdvin a vhodn\u00fd pre diabetikov<\/div>\n<div class=\"div_text_left\"><span class=\"bold\">Indik\u00e1cie: <\/span>ak\u00fatne a chronick\u00e9 infekcie d\u00fdchac\u00edch ciest, n\u00e1dcha, ka\u0161e\u013e, ang\u00edna, bronchit\u00edda<\/div>\n<div class=\"div_text_left\"><span class=\"bold\">\u00da\u010dinky: <\/span>podporn\u00e9 zv\u00fd\u0161enie ne\u0161pecifickej imunity organizmu<\/div>\n<div class=\"div_pouzitie\">\n<div class=\"div_text_left\"><span class=\"bold\">D\u00e1vkovanie: <\/span><span style=\"font-size: 16px;\">Pr\u00edpravok pod\u00e1va\u0165 de\u0165om 3x denne ly\u017ei\u010dkou alebo ho primie\u0161a\u0165 do \u010daju, ovocnej \u0161\u0165avy, pr\u00edpadne ka\u0161e.<\/span><\/div>\n<div><\/div>\n<\/div>\n","protected":false},"featured_media":1930,"comment_status":"open","ping_status":"closed","template":"","meta":{"site-sidebar-layout":"default","site-content-layout":"","ast-site-content-layout":"default","site-content-style":"default","site-sidebar-style":"default","ast-global-header-display":"","ast-banner-title-visibility":"","ast-main-header-display":"","ast-hfb-above-header-display":"","ast-hfb-below-header-display":"","ast-hfb-mobile-header-display":"","site-post-title":"","ast-breadcrumbs-content":"","ast-featured-img":"","footer-sml-layout":"","theme-transparent-header-meta":"default","adv-header-id-meta":"","stick-header-meta":"","header-above-stick-meta":"","header-main-stick-meta":"","header-below-stick-meta":"","astra-migrate-meta-layouts":"set","ast-page-background-enabled":"default","ast-page-background-meta":{"desktop":{"background-color":"var(--ast-global-color-4)","background-image":"","background-repeat":"repeat","background-position":"center center","background-size":"auto","background-attachment":"scroll","background-type":"","background-media":"","overlay-type":"","overlay-color":"","overlay-opacity":"","overlay-gradient":""},"tablet":{"background-color":"","background-image":"","background-repeat":"repeat","background-position":"center center","background-size":"auto","background-attachment":"scroll","background-type":"","background-media":"","overlay-type":"","overlay-color":"","overlay-opacity":"","overlay-gradient":""},"mobile":{"background-color":"","background-image":"","background-repeat":"repeat","background-position":"center center","background-size":"auto","background-attachment":"scroll","background-type":"","background-media":"","overlay-type":"","overlay-color":"","overlay-opacity":"","overlay-gradient":""}},"ast-content-background-meta":{"desktop":{"background-color":"var(--ast-global-color-5)","background-image":"","background-repeat":"repeat","background-position":"center center","background-size":"auto","background-attachment":"scroll","background-type":"","background-media":"","overlay-type":"","overlay-color":"","overlay-opacity":"","overlay-gradient":""},"tablet":{"background-color":"var(--ast-global-color-5)","background-image":"","background-repeat":"repeat","background-position":"center center","background-size":"auto","background-attachment":"scroll","background-type":"","background-media":"","overlay-type":"","overlay-color":"","overlay-opacity":"","overlay-gradient":""},"mobile":{"background-color":"var(--ast-global-color-5)","background-image":"","background-repeat":"repeat","background-position":"center center","background-size":"auto","background-attachment":"scroll","background-type":"","background-media":"","overlay-type":"","overlay-color":"","overlay-opacity":"","overlay-gradient":""}}},"product_cat":[52,58],"product_tag":[],"class_list":{"0":"post-1929","1":"product","2":"type-product","3":"status-publish","4":"has-post-thumbnail","6":"product_cat-prirodna-lekare","7":"product_cat-unikatne-produkty","8":"desktop-align-center","9":"tablet-align-center","10":"mobile-align-center","12":"first","13":"instock","14":"taxable","15":"shipping-taxable","16":"purchasable","17":"product-type-simple"},"_links":{"self":[{"href":"https:\/\/mmtest1.top\/index.php?rest_route=\/wp\/v2\/product\/1929","targetHints":{"allow":["GET"]}}],"collection":[{"href":"https:\/\/mmtest1.top\/index.php?rest_route=\/wp\/v2\/product"}],"about":[{"href":"https:\/\/mmtest1.top\/index.php?rest_route=\/wp\/v2\/types\/product"}],"replies":[{"embeddable":true,"href":"https:\/\/mmtest1.top\/index.php?rest_route=%2Fwp%2Fv2%2Fcomments&post=1929"}],"wp:featuredmedia":[{"embeddable":true,"href":"https:\/\/mmtest1.top\/index.php?rest_route=\/wp\/v2\/media\/1930"}],"wp:attachment":[{"href":"https:\/\/mmtest1.top\/index.php?rest_route=%2Fwp%2Fv2%2Fmedia&parent=1929"}],"wp:term":[{"taxonomy":"product_cat","embeddable":true,"href":"https:\/\/mmtest1.top\/index.php?rest_route=%2Fwp%2Fv2%2Fproduct_cat&post=1929"},{"taxonomy":"product_tag","embeddable":true,"href":"https:\/\/mmtest1.top\/index.php?rest_route=%2Fwp%2Fv2%2Fproduct_tag&post=1929"}],"curies":[{"name":"wp","href":"https:\/\/api.w.org\/{rel}","templated":true}]}}