{"id":1927,"date":"2024-05-29T13:53:56","date_gmt":"2024-05-29T11:53:56","guid":{"rendered":"https:\/\/mmtest1.top\/?post_type=product&#038;p=1927"},"modified":"2024-05-29T13:53:56","modified_gmt":"2024-05-29T11:53:56","slug":"echinacea-liehovy-extrakt-100ml","status":"publish","type":"product","link":"https:\/\/mmtest1.top\/?product=echinacea-liehovy-extrakt-100ml","title":{"rendered":"Echinacea (liehov\u00fd extrakt) 100ml"},"content":{"rendered":"<div class=\"div_podnadpis\">Extrakt z \u010derstvej kvitn\u00facej v\u0148ate rastliny Echinacea purpurov\u00e1 obsahuje l\u00e1tky,<br \/>\nktor\u00e9 zlep\u0161uj\u00fa prirodzen\u00e9 obrann\u00e9 vlastnosti \u013eudsk\u00e9ho organizmu vo\u010di infekci\u00e1m.<\/div>\n<div class=\"div_text_fullWidth\"><img decoding=\"async\" src=\"https:\/\/www.hanus.sk\/grafika\/piktogram\/lyzicka.gif\" width=\"26\" border=\"0\" \/>\u00a0<span class=\"bold\">Pr\u00edpravok sa odpor\u00fa\u010da vn\u00fatorne pou\u017e\u00edva\u0165 v nasledovn\u00fdch pr\u00edpadoch:<\/span><\/div>\n<table>\n<tbody>\n<tr>\n<td>\u00a0\u25cf<\/td>\n<td>zv\u00fd\u0161en\u00e9 riziko ochorenia na chr\u00edpku a chor\u00f4b z prechladnutia<\/td>\n<\/tr>\n<tr>\n<td>\u00a0\u25cf<\/td>\n<td>infekcie respira\u010dn\u00e9ho traktu (z\u00e1paly horn\u00fdch d\u00fdchac\u00edch ciest)<\/td>\n<\/tr>\n<tr>\n<td>\u00a0\u25cf<\/td>\n<td>infekcie mo\u010dov\u00e9ho traktu (z\u00e1paly mo\u010dov\u00fdch ciest, mo\u010dov\u00e9ho mech\u00fara, prostaty a \u017eensk\u00fdch pohlavn\u00fdch org\u00e1nov)<\/td>\n<\/tr>\n<tr>\n<td>\u00a0\u25cf<\/td>\n<td>opakovan\u00e9 ochorenia z prechladnutia<\/td>\n<\/tr>\n<tr>\n<td>\u00a0\u25cf<\/td>\n<td>po\u010das dlhodobej aplik\u00e1cie antibiotik pri chronick\u00fdch infekci\u00e1ch respira\u010dn\u00e9ho alebo mo\u010dov\u00e9ho traktu<\/td>\n<\/tr>\n<tr>\n<td>\u00a0\u25cf<\/td>\n<td>reumatoidn\u00e9 z\u00e1paly k\u013abov<\/td>\n<\/tr>\n<\/tbody>\n<\/table>\n<div class=\"div_text_fullWidth\"><img decoding=\"async\" src=\"https:\/\/www.hanus.sk\/grafika\/piktogram\/neriedena.gif\" width=\"23\" border=\"0\" \/>\u00a0<span class=\"bold\">Vonkaj\u0161ie pou\u017eitie pr\u00edpravku:<\/span><\/div>\n<table>\n<tbody>\n<tr>\n<td>\u00a0\u25cf<\/td>\n<td>drobn\u00e9 poranenia poko\u017eky a kandidov\u00e9 (ples\u0148ov\u00e9) ochorenia poko\u017eky a \u00fastnej dutiny<\/td>\n<\/tr>\n<\/tbody>\n<\/table>\n<div class=\"div_pouzitie\">\n<div class=\"div_text_fullWidth\"><img decoding=\"async\" src=\"https:\/\/www.hanus.sk\/grafika\/piktogram\/lyzicka.gif\" width=\"26\" border=\"0\" \/>\u00a0<span class=\"bold\">D\u00e1vkovanie pri vn\u00fatornom pou\u017eit\u00ed:<\/span><\/div>\n<p><span class=\"div_text_left\">\u00a0\u25cf\u00a0Dospel\u00ed a deti nad 12 rokov:<\/span>\u00a0<span class=\"div_text_right\">5 kr\u00e1t denne 3 ml<\/span>\u00a0<span class=\"div_text_left\">\u00a0<\/span><\/div>\n<div class=\"div_pouzitie\"><span class=\"div_text_left\">\u25cf\u00a0Deti od 6 do 12 rokov:<\/span>\u00a0<span class=\"div_text_right\">3 kr\u00e1t denne 1 ml<\/span>\u00a0<span class=\"div_text_left\">\u00a0<\/span><\/div>\n<div class=\"div_pouzitie\"><span class=\"div_text_left\">\u25cf\u00a0Deti od 3 do 6 rokov:<\/span>\u00a0<span class=\"div_text_right\">2 kr\u00e1t denne 1 ml<\/span><\/p>\n<div class=\"div_text_fullWidth\">Pr\u00edpravok je vhodn\u00e9 u\u017e\u00edva\u0165 nala\u010dno 15 min\u00fat pred jedlom, pod\u013ea mo\u017enosti neriedi\u0165 a nezap\u00edja\u0165 tekutinou, pred prehltnut\u00edm ponecha\u0165 chv\u00ed\u013eu v \u00fastach.<\/div>\n<div class=\"div_text_fullWidth\">U dospel\u00fdch je mo\u017en\u00e9 pri \u0165a\u017e\u0161om priebehu ochorenia alebo v za\u010diato\u010dn\u00fdch \u0161t\u00e1di\u00e1ch ochorenia u\u017ei\u0165 prv\u00fdkr\u00e1t dvojn\u00e1sobn\u00fa jednotliv\u00fa d\u00e1vku a potom dva dni u\u017e\u00edva\u0165 uveden\u00e9 jednotliv\u00e9 d\u00e1vky ka\u017ed\u00e9 dve hodiny okrem no\u010dn\u00e9ho sp\u00e1nku. Po dvoch d\u0148och pokra\u010dova\u0165 v norm\u00e1lnom d\u00e1vkovan\u00ed.<\/div>\n<div class=\"div_text_fullWidth\"><b>Pr\u00edpravok je pre dosiahnutie uspokojiv\u00e9ho \u00fa\u010dinku potrebn\u00e9 u\u017e\u00edva\u0165 najmenej 7 dn\u00ed, nie v\u0161ak viac ako 8 t\u00fd\u017ed\u0148ov bez preru\u0161enia u\u017e\u00edvania. Neprekra\u010dujte odpor\u00fa\u010dan\u00e9 d\u00e1vkovanie.<\/b><\/div>\n<\/div>\n<div class=\"div_pouzitie\">\n<div class=\"div_text_fullWidth\"><img decoding=\"async\" src=\"https:\/\/www.hanus.sk\/grafika\/piktogram\/neriedena.gif\" width=\"23\" border=\"0\" \/>\u00a0<span class=\"bold\">D\u00e1vkovanie pri vonkaj\u0161om pou\u017eit\u00ed:<\/span><\/div>\n<div class=\"div_text_fullWidth\">\u00a0\u25cf\u00a03 a\u017e 4 kr\u00e1t denne potrie\u0165 postihnut\u00e9 miesta vatou, pr\u00edpadne tamp\u00f3nom navlh\u010den\u00fdm v pr\u00edpravku a necha\u0165 zaschn\u00fa\u0165.<\/div>\n<div><\/div>\n<\/div>\n<div class=\"div_cudzojazycne_nazvy\">\n<div>\n<div class=\"div_text_left\"><img decoding=\"async\" class=\"upozornenieImg\" src=\"https:\/\/www.hanus.sk\/grafika\/caution.png\" \/><span class=\"bold\">Upozornenie:<\/span><\/div>\n<div class=\"div_text_right\"><strong><span class=\"bold\">Pr\u00edpravok sa nesmie u\u017e\u00edva\u0165 v nasleduj\u00facich pr\u00edpadoch:<\/span><span style=\"font-size: 16px;\">\u00a0<\/span><\/strong><\/div>\n<\/div>\n<div>\n<div class=\"div_text_right\">\u25cf zn\u00e1ma precitlivenos\u0165 na rastliny z \u010de\u013eade Astrovit\u00e9<\/div>\n<\/div>\n<div>\n<div class=\"div_text_right\">\u25cf\u00a0Progres\u00edvne syst\u00e9mov\u00e9 ochorenia: tuberkul\u00f3za, leuk\u00f3za, kolagen\u00f3za, roztr\u00fasen\u00e1 mozgomie\u0161na skler\u00f3za, infekcia HIV v\u00edrusom a in\u00e9 autoimunitn\u00e9 ochorenia.<\/div>\n<div><\/div>\n<\/div>\n<\/div>\n<div class=\"div_text_left\"><span class=\"bold\">Zlo\u017eenie:<\/span><\/div>\n<div class=\"div_text_right\">Vodnoetanolov\u00fd extrakt [1,2:1] z \u010derstvej kvitn\u00facej rastliny Echinacea purpurov\u00e1 (L) Moench. Asteraceae<br \/>\nObsah etanolu 24,5 % obj.<\/div>\n<div class=\"div_text_left\"><span class=\"bold\">EAN: <\/span>8588000736058<\/div>\n","protected":false},"excerpt":{"rendered":"<p>Extrakt z \u010derstvej kvitn\u00facej v\u0148ate rastliny Echinacea purpurov\u00e1 obsahuje l\u00e1tky,<br \/>\nktor\u00e9 zlep\u0161uj\u00fa prirodzen\u00e9 obrann\u00e9 vlastnosti \u013eudsk\u00e9ho organizmu vo\u010di infekci\u00e1m.<\/p>\n","protected":false},"featured_media":1928,"comment_status":"open","ping_status":"closed","template":"","meta":{"site-sidebar-layout":"default","site-content-layout":"","ast-site-content-layout":"default","site-content-style":"default","site-sidebar-style":"default","ast-global-header-display":"","ast-banner-title-visibility":"","ast-main-header-display":"","ast-hfb-above-header-display":"","ast-hfb-below-header-display":"","ast-hfb-mobile-header-display":"","site-post-title":"","ast-breadcrumbs-content":"","ast-featured-img":"","footer-sml-layout":"","theme-transparent-header-meta":"default","adv-header-id-meta":"","stick-header-meta":"","header-above-stick-meta":"","header-main-stick-meta":"","header-below-stick-meta":"","astra-migrate-meta-layouts":"set","ast-page-background-enabled":"default","ast-page-background-meta":{"desktop":{"background-color":"var(--ast-global-color-4)","background-image":"","background-repeat":"repeat","background-position":"center center","background-size":"auto","background-attachment":"scroll","background-type":"","background-media":"","overlay-type":"","overlay-color":"","overlay-opacity":"","overlay-gradient":""},"tablet":{"background-color":"","background-image":"","background-repeat":"repeat","background-position":"center center","background-size":"auto","background-attachment":"scroll","background-type":"","background-media":"","overlay-type":"","overlay-color":"","overlay-opacity":"","overlay-gradient":""},"mobile":{"background-color":"","background-image":"","background-repeat":"repeat","background-position":"center center","background-size":"auto","background-attachment":"scroll","background-type":"","background-media":"","overlay-type":"","overlay-color":"","overlay-opacity":"","overlay-gradient":""}},"ast-content-background-meta":{"desktop":{"background-color":"var(--ast-global-color-5)","background-image":"","background-repeat":"repeat","background-position":"center center","background-size":"auto","background-attachment":"scroll","background-type":"","background-media":"","overlay-type":"","overlay-color":"","overlay-opacity":"","overlay-gradient":""},"tablet":{"background-color":"var(--ast-global-color-5)","background-image":"","background-repeat":"repeat","background-position":"center center","background-size":"auto","background-attachment":"scroll","background-type":"","background-media":"","overlay-type":"","overlay-color":"","overlay-opacity":"","overlay-gradient":""},"mobile":{"background-color":"var(--ast-global-color-5)","background-image":"","background-repeat":"repeat","background-position":"center center","background-size":"auto","background-attachment":"scroll","background-type":"","background-media":"","overlay-type":"","overlay-color":"","overlay-opacity":"","overlay-gradient":""}}},"product_cat":[52],"product_tag":[],"class_list":{"0":"post-1927","1":"product","2":"type-product","3":"status-publish","4":"has-post-thumbnail","6":"product_cat-prirodna-lekare","7":"desktop-align-center","8":"tablet-align-center","9":"mobile-align-center","11":"first","12":"instock","13":"taxable","14":"shipping-taxable","15":"purchasable","16":"product-type-simple"},"_links":{"self":[{"href":"https:\/\/mmtest1.top\/index.php?rest_route=\/wp\/v2\/product\/1927","targetHints":{"allow":["GET"]}}],"collection":[{"href":"https:\/\/mmtest1.top\/index.php?rest_route=\/wp\/v2\/product"}],"about":[{"href":"https:\/\/mmtest1.top\/index.php?rest_route=\/wp\/v2\/types\/product"}],"replies":[{"embeddable":true,"href":"https:\/\/mmtest1.top\/index.php?rest_route=%2Fwp%2Fv2%2Fcomments&post=1927"}],"wp:featuredmedia":[{"embeddable":true,"href":"https:\/\/mmtest1.top\/index.php?rest_route=\/wp\/v2\/media\/1928"}],"wp:attachment":[{"href":"https:\/\/mmtest1.top\/index.php?rest_route=%2Fwp%2Fv2%2Fmedia&parent=1927"}],"wp:term":[{"taxonomy":"product_cat","embeddable":true,"href":"https:\/\/mmtest1.top\/index.php?rest_route=%2Fwp%2Fv2%2Fproduct_cat&post=1927"},{"taxonomy":"product_tag","embeddable":true,"href":"https:\/\/mmtest1.top\/index.php?rest_route=%2Fwp%2Fv2%2Fproduct_tag&post=1927"}],"curies":[{"name":"wp","href":"https:\/\/api.w.org\/{rel}","templated":true}]}}