{"id":1925,"date":"2024-05-29T13:45:30","date_gmt":"2024-05-29T11:45:30","guid":{"rendered":"https:\/\/mmtest1.top\/?post_type=product&#038;p=1925"},"modified":"2024-05-29T13:45:30","modified_gmt":"2024-05-29T11:45:30","slug":"citronelova-silica-sri-lanka-10-ml","status":"publish","type":"product","link":"https:\/\/mmtest1.top\/?product=citronelova-silica-sri-lanka-10-ml","title":{"rendered":"Citronelov\u00e1 silica, Sr\u00ed Lanka 10 ml"},"content":{"rendered":"<div class=\"search-box\"><\/div>\n<div class=\"content\">\n<div class=\"div_left\">\n<div><b>Porovnanie s citronelovou silicou typu J\u00e1va:<\/b><br \/>\ncitronelov\u00e1 silica typ Ceyl\u00f3n m\u00e1 ni\u017e\u0161\u00ed obsah citronelolu a vy\u0161\u0161\u00ed obsah geraniolu ako v type J\u00e1va, \u010do sa prejavuje ni\u017e\u0161ou derm\u00e1lnou a inhala\u010dnou dr\u00e1\u017edivostou a jemnej\u0161ou v\u00f4\u0148ou. Pre pr\u00edtomnos\u0165 (E)-metylizoeugenolu, ktor\u00fd v type J\u00e1va absentuje m\u00e1 pr\u00edjemn\u00fa klin\u010dekovo kvetinov\u00fa notu.<\/div>\n<p><span class=\"div_text_left\">Typ v\u00f4ne:<\/span>\u00a0<span class=\"div_text_right\">v\u00fdrazn\u00e1 ostr\u00e1 svie\u017ea aldehydick\u00e1 v\u00f4\u0148a pripom\u00ednaj\u00faca citr\u00f3n s kvetinovo klin\u010dekovou notou<\/span><\/div>\n<div class=\"div_left\"><span class=\"div_text_left\">Sp\u00f4sob z\u00edskania silice:<\/span>\u00a0<span class=\"div_text_right\">na destil\u00e1ciu silice sa pou\u017e\u00edva nadzemn\u00e1 \u010das\u0165 tr\u00e1vy, ktor\u00e1 sa zrez\u00e1va asi 5 cm nad povrchom a po asi 8 hodinovom zav\u00e4dnut\u00ed sa destiluje s vodnou parou<\/span><\/div>\n<div class=\"div_left\"><span class=\"div_text_left\">Proveniencia silice:<\/span>\u00a0<span class=\"div_text_right\">Cejl\u00f3n &#8211; Sr\u00ed Lanka<\/span><\/div>\n<div class=\"div_left\"><span class=\"div_text_left\">Pou\u017eitie a \u00fa\u010dinky:<\/span>\u00a0<span class=\"div_text_right\">antiseptick\u00e9, upokojuj\u00face \u00fa\u010dinky, migr\u00e9ny, prechladnutie<\/span><\/p>\n<div><\/div>\n<div class=\"div_pouzitie\"><span class=\"div_text_left\"><img decoding=\"async\" src=\"https:\/\/www.hanus.sk\/grafika\/piktogram\/inhalacia.gif\" \/>Inhal\u00e1cia:<\/span>\u00a0<span class=\"div_text_right\">2 kvapky silice na prechladnutie a bolesti hlavy<\/span><\/div>\n<div class=\"div_pouzitie\"><span class=\"div_text_left\"><img decoding=\"async\" src=\"https:\/\/www.hanus.sk\/grafika\/piktogram\/vana.gif\" \/>Va\u0148ov\u00fd k\u00fape\u013e:<\/span>\u00a0<span class=\"div_text_right\">4 kvapky silice do vody teplej 37 \u00b0C m\u00e1 antiseptick\u00e9 a upokojuj\u00face \u00fa\u010dinky<\/span><\/div>\n<div class=\"div_pouzitie\"><span class=\"div_text_left\"><img decoding=\"async\" src=\"https:\/\/www.hanus.sk\/grafika\/piktogram\/riedena.gif\" \/>Podanie riedenej silice:<\/span>\u00a0<span class=\"div_text_right\">repelentn\u00e9 \u00fa\u010dinky<\/span><\/div>\n<div><\/div>\n<div class=\"div_cudzojazycne_nazvy\"><span class=\"div_text_left\"><img decoding=\"async\" class=\"upozornenieImg\" src=\"https:\/\/www.hanus.sk\/grafika\/caution.png\" \/>Upozornenie:<\/span>\u00a0<span class=\"div_text_right\">Len na vonkaj\u0161ie pou\u017eitie. Mo\u017enos\u0165 podr\u00e1\u017edenia poko\u017eky. Pri vonkaj\u0161om pou\u017eit\u00ed je potrebn\u00e9 silicu riedi\u0165 s rastlinn\u00fdm olejom.<\/span><\/div>\n<div><\/div>\n<div class=\"div_cudzojazycne_nazvy\"><span class=\"div_text_left\">Anglick\u00fd n\u00e1zov silice:<\/span>\u00a0<span class=\"div_text_right\">Citronella oil Ceylon<\/span><\/div>\n<div class=\"div_cudzojazycne_nazvy\"><span class=\"div_text_left\">Latinsk\u00fd n\u00e1zov silice:<\/span>\u00a0<span class=\"div_text_right\">Cymbopogon nardus aetheroleum<\/span><\/div>\n<div class=\"div_cudzojazycne_nazvy\"><span class=\"div_text_left\">Lat. n\u00e1zov materskej rastliny a \u010de\u013eade:<\/span>\u00a0<span class=\"div_text_right\">Cymbopogon nardus Rendle, Poaceae<\/span><\/div>\n<p><span class=\"div_text_left\">Obsahov\u00e9 l\u00e1tky v silici:<\/span>\u00a0<span class=\"div_text_right\">ronelal 5 &#8211; 15 %, geraniol 18 \u2013 29 %, citronelol 5 &#8211; 10 %, limon\u00e9n 9 &#8211; 11 %, metylizoeugenol 7 &#8211; 11 %<\/span><\/div>\n<div class=\"div_left\"><span class=\"div_text_left\">CAS<\/span>\u00a0<span class=\"div_text_right\">89998-15-2<\/span><\/div>\n<div class=\"div_left\"><span class=\"div_text_left\">EAN:<\/span>\u00a0<span class=\"div_text_right\">8588000736942<\/span><\/div>\n<\/div>\n","protected":false},"excerpt":{"rendered":"<div class=\"div_left\"><span class=\"div_text_left\">Typ v\u00f4ne:<\/span>\u00a0<span class=\"div_text_right\">v\u00fdrazn\u00e1 ostr\u00e1 svie\u017ea aldehydick\u00e1 v\u00f4\u0148a pripom\u00ednaj\u00faca citr\u00f3n s kvetinovo klin\u010dekovou notou<\/span><\/div>\n<div class=\"div_left\"><span class=\"div_text_left\">Sp\u00f4sob z\u00edskania silice:<\/span>\u00a0<span class=\"div_text_right\">na destil\u00e1ciu silice sa pou\u017e\u00edva nadzemn\u00e1 \u010das\u0165 tr\u00e1vy, ktor\u00e1 sa zrez\u00e1va asi 5 cm nad povrchom a po asi 8 hodinovom zav\u00e4dnut\u00ed sa destiluje s vodnou parou<\/span><\/div>\n<div class=\"div_left\"><span class=\"div_text_left\">Proveniencia silice:<\/span>\u00a0<span class=\"div_text_right\">Cejl\u00f3n &#8211; Sr\u00ed Lanka<\/span><\/div>\n<div class=\"div_left\"><span class=\"div_text_left\">Pou\u017eitie a \u00fa\u010dinky:<\/span>\u00a0<span class=\"div_text_right\">antiseptick\u00e9, upokojuj\u00face \u00fa\u010dinky, migr\u00e9ny, prechladnutie<\/span><\/div>\n","protected":false},"featured_media":1926,"comment_status":"open","ping_status":"closed","template":"","meta":{"site-sidebar-layout":"default","site-content-layout":"","ast-site-content-layout":"default","site-content-style":"default","site-sidebar-style":"default","ast-global-header-display":"","ast-banner-title-visibility":"","ast-main-header-display":"","ast-hfb-above-header-display":"","ast-hfb-below-header-display":"","ast-hfb-mobile-header-display":"","site-post-title":"","ast-breadcrumbs-content":"","ast-featured-img":"","footer-sml-layout":"","theme-transparent-header-meta":"default","adv-header-id-meta":"","stick-header-meta":"","header-above-stick-meta":"","header-main-stick-meta":"","header-below-stick-meta":"","astra-migrate-meta-layouts":"set","ast-page-background-enabled":"default","ast-page-background-meta":{"desktop":{"background-color":"var(--ast-global-color-4)","background-image":"","background-repeat":"repeat","background-position":"center center","background-size":"auto","background-attachment":"scroll","background-type":"","background-media":"","overlay-type":"","overlay-color":"","overlay-opacity":"","overlay-gradient":""},"tablet":{"background-color":"","background-image":"","background-repeat":"repeat","background-position":"center center","background-size":"auto","background-attachment":"scroll","background-type":"","background-media":"","overlay-type":"","overlay-color":"","overlay-opacity":"","overlay-gradient":""},"mobile":{"background-color":"","background-image":"","background-repeat":"repeat","background-position":"center center","background-size":"auto","background-attachment":"scroll","background-type":"","background-media":"","overlay-type":"","overlay-color":"","overlay-opacity":"","overlay-gradient":""}},"ast-content-background-meta":{"desktop":{"background-color":"var(--ast-global-color-5)","background-image":"","background-repeat":"repeat","background-position":"center center","background-size":"auto","background-attachment":"scroll","background-type":"","background-media":"","overlay-type":"","overlay-color":"","overlay-opacity":"","overlay-gradient":""},"tablet":{"background-color":"var(--ast-global-color-5)","background-image":"","background-repeat":"repeat","background-position":"center center","background-size":"auto","background-attachment":"scroll","background-type":"","background-media":"","overlay-type":"","overlay-color":"","overlay-opacity":"","overlay-gradient":""},"mobile":{"background-color":"var(--ast-global-color-5)","background-image":"","background-repeat":"repeat","background-position":"center center","background-size":"auto","background-attachment":"scroll","background-type":"","background-media":"","overlay-type":"","overlay-color":"","overlay-opacity":"","overlay-gradient":""}}},"product_cat":[52,63],"product_tag":[],"class_list":{"0":"post-1925","1":"product","2":"type-product","3":"status-publish","4":"has-post-thumbnail","6":"product_cat-prirodna-lekare","7":"product_cat-prirodne-silice","8":"desktop-align-center","9":"tablet-align-center","10":"mobile-align-center","12":"first","13":"instock","14":"taxable","15":"shipping-taxable","16":"purchasable","17":"product-type-simple"},"_links":{"self":[{"href":"https:\/\/mmtest1.top\/index.php?rest_route=\/wp\/v2\/product\/1925","targetHints":{"allow":["GET"]}}],"collection":[{"href":"https:\/\/mmtest1.top\/index.php?rest_route=\/wp\/v2\/product"}],"about":[{"href":"https:\/\/mmtest1.top\/index.php?rest_route=\/wp\/v2\/types\/product"}],"replies":[{"embeddable":true,"href":"https:\/\/mmtest1.top\/index.php?rest_route=%2Fwp%2Fv2%2Fcomments&post=1925"}],"wp:featuredmedia":[{"embeddable":true,"href":"https:\/\/mmtest1.top\/index.php?rest_route=\/wp\/v2\/media\/1926"}],"wp:attachment":[{"href":"https:\/\/mmtest1.top\/index.php?rest_route=%2Fwp%2Fv2%2Fmedia&parent=1925"}],"wp:term":[{"taxonomy":"product_cat","embeddable":true,"href":"https:\/\/mmtest1.top\/index.php?rest_route=%2Fwp%2Fv2%2Fproduct_cat&post=1925"},{"taxonomy":"product_tag","embeddable":true,"href":"https:\/\/mmtest1.top\/index.php?rest_route=%2Fwp%2Fv2%2Fproduct_tag&post=1925"}],"curies":[{"name":"wp","href":"https:\/\/api.w.org\/{rel}","templated":true}]}}