{"id":1917,"date":"2024-05-29T12:57:11","date_gmt":"2024-05-29T10:57:11","guid":{"rendered":"https:\/\/mmtest1.top\/?post_type=product&#038;p=1917"},"modified":"2024-05-29T12:57:11","modified_gmt":"2024-05-29T10:57:11","slug":"rozmarinova-silica-10-ml","status":"publish","type":"product","link":"https:\/\/mmtest1.top\/?product=rozmarinova-silica-10-ml","title":{"rendered":"Rozmar\u00ednov\u00e1 silica 10 ml"},"content":{"rendered":"<p><span class=\"div_text_left\">Typ v\u00f4ne:<\/span>\u00a0<span class=\"div_text_right\">svie\u017ea bylinnobalzamick\u00e1 v\u00f4\u0148a s eukalyptov\u00fdm n\u00e1dychom<\/span><\/p>\n<p><span class=\"div_text_left\">Sp\u00f4sob z\u00edskania silice:<\/span>\u00a0<span class=\"div_text_right\">destil\u00e1ciou kvitn\u00facej v\u0148ate vodnou parou<\/span><\/p>\n<p><span class=\"div_text_left\">Proveniencia silice:<\/span>\u00a0<span class=\"div_text_right\">Tunisko<\/span><\/p>\n<p><span class=\"div_text_left\">Pou\u017eitie a \u00fa\u010dinky:<\/span>\u00a0<span class=\"div_text_right\">antiseptick\u00e9 \u00fa\u010dinky, zap\u00e1len\u00e1 ple\u0165, reumatizmus, svalov\u00e9 bolesti, fyzick\u00e1 slabos\u0165, k\u0155\u010de, nervov\u00e1 podr\u00e1\u017edenos\u0165<\/span><\/p>\n<p>&nbsp;<\/p>\n<div class=\"div_pouzitie\"><span class=\"div_text_left\"><img decoding=\"async\" src=\"https:\/\/www.hanus.sk\/grafika\/piktogram\/vana.gif\" \/>Va\u0148ov\u00fd k\u00fape\u013e:<\/span>\u00a0<span class=\"div_text_right\">6 kvapiek silice do vody teplej 37 \u00b0C. Pri reumatizme, svalovej \u00fanave, nachladen\u00ed, celulit\u00edde, podpore hojenia r\u00e1n<\/span>\u00a0<span class=\"div_text_left\"><img decoding=\"async\" src=\"https:\/\/www.hanus.sk\/grafika\/piktogram\/riedena.gif\" \/>Voda na ple\u0165:<\/span>\u00a0<span class=\"div_text_right\">mastn\u00e1, zap\u00e1len\u00e1 ple\u0165, akn\u00e9, o\u0161etrenie pleti po holen\u00ed s dezinfek\u010dn\u00fdm \u00fa\u010dinkom<\/span><\/div>\n<div class=\"div_pouzitie\"><span class=\"div_text_left\"><img decoding=\"async\" src=\"https:\/\/www.hanus.sk\/grafika\/piktogram\/riedena.gif\" \/>Voda na vlasov\u00fa poko\u017eku:<\/span>\u00a0<span class=\"div_text_right\">lupiny, siln\u00e1 produkcia mazu vo vlasovej poko\u017eke<\/span><\/div>\n<div class=\"div_pouzitie\"><span class=\"div_text_left\"><img decoding=\"async\" src=\"https:\/\/www.hanus.sk\/grafika\/piktogram\/riedena.gif\" \/>Kr\u00e9m, rieden\u00e1 silica, mas\u00e1\u017ena emulzia:<\/span>\u00a0<span class=\"div_text_right\">reumatizmus, svalov\u00e9 a k\u013abov\u00e9 bolesti<\/span><\/div>\n<div class=\"div_pouzitie\">\u00a0<span class=\"div_text_left\"><img decoding=\"async\" src=\"https:\/\/www.hanus.sk\/grafika\/piktogram\/riedena.gif\" \/>Kr\u00e9m:<\/span>\u00a0<span class=\"div_text_right\">zap\u00e1len\u00e1 poko\u017eka<\/span><\/div>\n<div class=\"div_pouzitie\">\u00a0<span class=\"div_text_left\"><img decoding=\"async\" src=\"https:\/\/www.hanus.sk\/grafika\/piktogram\/neriedena.gif\" \/>Podanie neriedenej silice:<\/span>\u00a0<span class=\"div_text_right\">reumatizmus<\/span>\u00a0<span class=\"div_text_left\">In\u00e9 vyu\u017eitie:<\/span>\u00a0<span class=\"div_text_right\">repelentn\u00e9 \u00fa\u010dinky<\/span><\/div>\n<div><\/div>\n<div class=\"div_cudzojazycne_nazvy\"><span class=\"div_text_left\"><img decoding=\"async\" class=\"upozornenieImg\" src=\"https:\/\/www.hanus.sk\/grafika\/caution.png\" \/>Kontraindik\u00e1cie:<\/span>\u00a0<span class=\"div_text_right\">Nepou\u017e\u00edva\u0165 po\u010das tehotenstva, pri epilepsii, vysokom krvnom tlaku a pri chorob\u00e1ch obli\u010diek.<\/span><\/div>\n<div class=\"div_cudzojazycne_nazvy\"><span class=\"div_text_left\"><img decoding=\"async\" class=\"upozornenieImg\" src=\"https:\/\/www.hanus.sk\/grafika\/caution.png\" \/>Upozornenie:<\/span>\u00a0<span class=\"div_text_right\">Nemas\u00edrova\u0165 priamo na k\u0155\u010dov\u00e9 \u017eily.<\/span><\/div>\n<div><\/div>\n<div class=\"div_cudzojazycne_nazvy\"><span class=\"div_text_left\">Anglick\u00fd n\u00e1zov silice:<\/span>\u00a0<span class=\"div_text_right\">Rosemary oil<\/span><\/div>\n<div class=\"div_cudzojazycne_nazvy\"><span class=\"div_text_left\">Latinsk\u00fd n\u00e1zov silice:<\/span>\u00a0<span class=\"div_text_right\">Rosmarini aetheroleum<\/span><\/div>\n<div class=\"div_cudzojazycne_nazvy\"><span class=\"div_text_left\">Slov. n\u00e1zov materskej rastliny a \u010de\u013eade:<\/span>\u00a0<span class=\"div_text_right\">Rozmar\u00edn lek\u00e1rsky, Hluchavkovit\u00e9<\/span><\/div>\n<div class=\"div_cudzojazycne_nazvy\"><span class=\"div_text_left\">Lat. n\u00e1zov materskej rastliny a \u010de\u013eade:<\/span>\u00a0<span class=\"div_text_right\">Rosmarinus officinalis, Lamiaceae<\/span><\/div>\n<div><\/div>\n<p><span class=\"div_text_left\">Obsahov\u00e9 l\u00e1tky v silici:<\/span>\u00a0<span class=\"div_text_right\">1,8 cineol 38-55%, g\u00e1for 5-15 %, a+\u03b2 pin\u00e9n 13-23 %, limon\u00e9n 1-4 %, borneol 1-5 %<\/span><\/p>\n<p><span class=\"div_text_left\">CAS<\/span>\u00a0<span class=\"div_text_right\">CAS 8000-25-7<\/span><\/p>\n<p><span class=\"div_text_left\">Eur\u00f3psky liekopis:<\/span>\u00a0<span class=\"div_text_right\">PhEur 6.0 Rosmarini aetheroleum<\/span><\/p>\n<p><span class=\"div_text_left\">EAN:<\/span>\u00a0<span class=\"div_text_right\">8588000736805<\/span><\/p>\n","protected":false},"excerpt":{"rendered":"<p><span class=\"div_text_left\">Typ v\u00f4ne:<\/span>\u00a0<span class=\"div_text_right\">svie\u017ea bylinnobalzamick\u00e1 v\u00f4\u0148a s eukalyptov\u00fdm n\u00e1dychom<\/span><\/p>\n<p><span class=\"div_text_left\">Sp\u00f4sob z\u00edskania silice:<\/span>\u00a0<span class=\"div_text_right\">destil\u00e1ciou kvitn\u00facej v\u0148ate vodnou parou<\/span><\/p>\n<p><span class=\"div_text_left\">Proveniencia silice:<\/span>\u00a0<span class=\"div_text_right\">Tunisko<\/span><\/p>\n<p><span class=\"div_text_left\">Pou\u017eitie a \u00fa\u010dinky:<\/span>\u00a0<span class=\"div_text_right\">antiseptick\u00e9 \u00fa\u010dinky, zap\u00e1len\u00e1 ple\u0165, reumatizmus, svalov\u00e9 bolesti, fyzick\u00e1 slabos\u0165, k\u0155\u010de, nervov\u00e1 podr\u00e1\u017edenos\u0165<\/span><\/p>\n<p>&nbsp;<\/p>\n","protected":false},"featured_media":1918,"comment_status":"open","ping_status":"closed","template":"","meta":{"site-sidebar-layout":"default","site-content-layout":"","ast-site-content-layout":"default","site-content-style":"default","site-sidebar-style":"default","ast-global-header-display":"","ast-banner-title-visibility":"","ast-main-header-display":"","ast-hfb-above-header-display":"","ast-hfb-below-header-display":"","ast-hfb-mobile-header-display":"","site-post-title":"","ast-breadcrumbs-content":"","ast-featured-img":"","footer-sml-layout":"","theme-transparent-header-meta":"default","adv-header-id-meta":"","stick-header-meta":"","header-above-stick-meta":"","header-main-stick-meta":"","header-below-stick-meta":"","astra-migrate-meta-layouts":"set","ast-page-background-enabled":"default","ast-page-background-meta":{"desktop":{"background-color":"var(--ast-global-color-4)","background-image":"","background-repeat":"repeat","background-position":"center center","background-size":"auto","background-attachment":"scroll","background-type":"","background-media":"","overlay-type":"","overlay-color":"","overlay-opacity":"","overlay-gradient":""},"tablet":{"background-color":"","background-image":"","background-repeat":"repeat","background-position":"center center","background-size":"auto","background-attachment":"scroll","background-type":"","background-media":"","overlay-type":"","overlay-color":"","overlay-opacity":"","overlay-gradient":""},"mobile":{"background-color":"","background-image":"","background-repeat":"repeat","background-position":"center center","background-size":"auto","background-attachment":"scroll","background-type":"","background-media":"","overlay-type":"","overlay-color":"","overlay-opacity":"","overlay-gradient":""}},"ast-content-background-meta":{"desktop":{"background-color":"var(--ast-global-color-5)","background-image":"","background-repeat":"repeat","background-position":"center center","background-size":"auto","background-attachment":"scroll","background-type":"","background-media":"","overlay-type":"","overlay-color":"","overlay-opacity":"","overlay-gradient":""},"tablet":{"background-color":"var(--ast-global-color-5)","background-image":"","background-repeat":"repeat","background-position":"center center","background-size":"auto","background-attachment":"scroll","background-type":"","background-media":"","overlay-type":"","overlay-color":"","overlay-opacity":"","overlay-gradient":""},"mobile":{"background-color":"var(--ast-global-color-5)","background-image":"","background-repeat":"repeat","background-position":"center center","background-size":"auto","background-attachment":"scroll","background-type":"","background-media":"","overlay-type":"","overlay-color":"","overlay-opacity":"","overlay-gradient":""}}},"product_cat":[52,63],"product_tag":[],"class_list":{"0":"post-1917","1":"product","2":"type-product","3":"status-publish","4":"has-post-thumbnail","6":"product_cat-prirodna-lekare","7":"product_cat-prirodne-silice","8":"desktop-align-center","9":"tablet-align-center","10":"mobile-align-center","12":"first","13":"instock","14":"taxable","15":"shipping-taxable","16":"purchasable","17":"product-type-simple"},"_links":{"self":[{"href":"https:\/\/mmtest1.top\/index.php?rest_route=\/wp\/v2\/product\/1917","targetHints":{"allow":["GET"]}}],"collection":[{"href":"https:\/\/mmtest1.top\/index.php?rest_route=\/wp\/v2\/product"}],"about":[{"href":"https:\/\/mmtest1.top\/index.php?rest_route=\/wp\/v2\/types\/product"}],"replies":[{"embeddable":true,"href":"https:\/\/mmtest1.top\/index.php?rest_route=%2Fwp%2Fv2%2Fcomments&post=1917"}],"wp:featuredmedia":[{"embeddable":true,"href":"https:\/\/mmtest1.top\/index.php?rest_route=\/wp\/v2\/media\/1918"}],"wp:attachment":[{"href":"https:\/\/mmtest1.top\/index.php?rest_route=%2Fwp%2Fv2%2Fmedia&parent=1917"}],"wp:term":[{"taxonomy":"product_cat","embeddable":true,"href":"https:\/\/mmtest1.top\/index.php?rest_route=%2Fwp%2Fv2%2Fproduct_cat&post=1917"},{"taxonomy":"product_tag","embeddable":true,"href":"https:\/\/mmtest1.top\/index.php?rest_route=%2Fwp%2Fv2%2Fproduct_tag&post=1917"}],"curies":[{"name":"wp","href":"https:\/\/api.w.org\/{rel}","templated":true}]}}