{"id":1907,"date":"2024-05-29T12:38:17","date_gmt":"2024-05-29T10:38:17","guid":{"rendered":"https:\/\/mmtest1.top\/?post_type=product&#038;p=1907"},"modified":"2024-05-29T12:38:17","modified_gmt":"2024-05-29T10:38:17","slug":"borievkova-silica-10-ml","status":"publish","type":"product","link":"https:\/\/mmtest1.top\/?product=borievkova-silica-10-ml","title":{"rendered":"Borievkov\u00e1 silica 10 ml"},"content":{"rendered":"<p><span class=\"div_text_left\">Typ v\u00f4ne:<\/span>\u00a0<span class=\"div_text_right\">typick\u00e1 borievkov\u00e1 horkoaromatick\u00e1 v\u00f4\u0148a<\/span><\/p>\n<p><span class=\"div_text_left\">Sp\u00f4sob z\u00edskania silice:<\/span>\u00a0<span class=\"div_text_right\">destil\u00e1ciou su\u0161en\u00fdch nefermentovan\u00fdch bob\u00fa\u013e vodnou parou<\/span><\/p>\n<p><span class=\"div_text_left\">Proveniencia silice:<\/span>\u00a0<span class=\"div_text_right\">Slovensko<\/span><\/p>\n<p><span class=\"div_text_left\">Pou\u017eitie a \u00fa\u010dinky:<\/span>\u00a0<span class=\"div_text_right\">infekcie d\u00fdchac\u00edch a mo\u010dov\u00fdch ciest, prekrvenie poko\u017eky, celulit\u00edda, reumatizmus, ka\u0161e\u013e, protik\u0155\u010dov\u00e9 \u00fa\u010dinky, podpora tr\u00e1venia, mo\u010dopudn\u00e9 \u00fa\u010dinky, mastn\u00e1 ple\u0165, ekz\u00e9m, repelentn\u00e9 \u00fa\u010dinky<\/span><\/p>\n<div><\/div>\n<div class=\"div_pouzitie\"><span class=\"div_text_left\"><img decoding=\"async\" src=\"https:\/\/www.hanus.sk\/grafika\/piktogram\/pohar.gif\" \/>Vn\u00fatorn\u00e9 pou\u017eitie:<\/span>\u00a0<span class=\"div_text_right\">2 kvapky silice premie\u0161a\u0165 v 1 dl vody. Pi\u0165 pri podpore tr\u00e1venia, infekci\u00e1ch mo\u010dov\u00fdch ciest, z\u00e1paloch prostaty, men\u0161trua\u010dn\u00fdch bolestiach. Neu\u017e\u00edva\u0165 pri z\u00e1pale obli\u010dkov\u00e9ho parench\u00fdmu.<\/span><\/div>\n<div class=\"div_pouzitie\"><span class=\"div_text_left\"><img decoding=\"async\" src=\"https:\/\/www.hanus.sk\/grafika\/piktogram\/inhalacia.gif\" \/>Inhal\u00e1cia:<\/span>\u00a0<span class=\"div_text_right\">7 kvapiek silice prida\u0165 do 1 l takmer vriacej vody. Inhalova\u0165 pri infekci\u00e1ch horn\u00fdch d\u00fdchac\u00edch ciest.<\/span><\/div>\n<div class=\"div_pouzitie\"><span class=\"div_text_left\"><img decoding=\"async\" src=\"https:\/\/www.hanus.sk\/grafika\/piktogram\/vana.gif\" \/>Va\u0148ov\u00fd k\u00fape\u013e:<\/span>\u00a0<span class=\"div_text_right\">7 kvapiek silice do vody teplej 37 \u00b0C. Pri reumatizme a prekrven\u00ed poko\u017eky.<\/span><\/div>\n<div class=\"div_pouzitie\"><span class=\"div_text_left\"><img decoding=\"async\" src=\"https:\/\/www.hanus.sk\/grafika\/piktogram\/riedena.gif\" \/>Voda na ple\u0165:<\/span>\u00a0<span class=\"div_text_right\">mastn\u00e1 poko\u017eka, akn\u00e9<\/span><\/div>\n<div class=\"div_pouzitie\"><span class=\"div_text_left\"><img decoding=\"async\" src=\"https:\/\/www.hanus.sk\/grafika\/piktogram\/riedena.gif\" \/>Kr\u00e9m, rieden\u00e1 silica, mas\u00e1\u017ena emulzia:<\/span>\u00a0<span class=\"div_text_right\">reumatizmus, celulit\u00edda, opuch n\u00f4h<\/span><\/div>\n<div class=\"div_pouzitie\"><span class=\"div_text_left\"><img decoding=\"async\" src=\"https:\/\/www.hanus.sk\/grafika\/piktogram\/neriedena.gif\" \/>Podanie neriedenej silice:<\/span>\u00a0<span class=\"div_text_right\">svalov\u00e1 \u00fanava, prekrvenie poko\u017eky, mokvaj\u00faci ekz\u00e9m<\/span><\/div>\n<div class=\"div_pouzitie\"><span class=\"div_text_left\"><img decoding=\"async\" src=\"https:\/\/www.hanus.sk\/grafika\/piktogram\/riedena.gif\" \/>Liehov\u00fd roztok silice:<\/span>\u00a0<span class=\"div_text_right\">herpes<\/span><\/div>\n<div class=\"div_pouzitie\"><span class=\"div_text_left\">In\u00e9 vyu\u017eitie:<\/span>\u00a0<span class=\"div_text_right\">ako ochrana pred klie\u0161\u0165mi (nakvapka\u0165 silicu na z\u00e1p\u00e4stie a \u010dlenky n\u00f4h)<\/span><\/div>\n<div><\/div>\n<div class=\"div_cudzojazycne_nazvy\"><span class=\"div_text_left\"><img decoding=\"async\" class=\"upozornenieImg\" src=\"https:\/\/www.hanus.sk\/grafika\/caution.png\" \/>Kontraindik\u00e1cie:<\/span>\u00a0<span class=\"div_text_right\">Nepou\u017e\u00edva\u0165 v tehotenstve a pri chorob\u00e1ch obli\u010diek.<\/span><\/div>\n<div class=\"div_cudzojazycne_nazvy\"><span class=\"div_text_left\"><img decoding=\"async\" class=\"upozornenieImg\" src=\"https:\/\/www.hanus.sk\/grafika\/caution.png\" \/>Upozornenie:<\/span>\u00a0<span class=\"div_text_right\">Pri vonkaj\u0161om pou\u017eit\u00ed v\u00e4\u010d\u0161ie mno\u017estvo ako je predp\u00edsan\u00e9 vyvol\u00e1va podr\u00e1\u017edenie poko\u017eky.<\/span><\/div>\n<div><\/div>\n<div class=\"div_cudzojazycne_nazvy\"><span class=\"div_text_left\">Anglick\u00fd n\u00e1zov silice:<\/span>\u00a0<span class=\"div_text_right\">Juniperberry oil<\/span><\/div>\n<div class=\"div_cudzojazycne_nazvy\"><span class=\"div_text_left\">Latinsk\u00fd n\u00e1zov silice:<\/span>\u00a0<span class=\"div_text_right\">Iuniperi aetheroleum<\/span><\/div>\n<div class=\"div_cudzojazycne_nazvy\"><span class=\"div_text_left\">Slov. n\u00e1zov materskej rastliny a \u010de\u013eade:<\/span>\u00a0<span class=\"div_text_right\">Borievka oby\u010dajn\u00e1, Cyprusovit\u00e9<\/span><\/div>\n<div class=\"div_cudzojazycne_nazvy\"><span class=\"div_text_left\">Lat. n\u00e1zov materskej rastliny a \u010de\u013eade:<\/span>\u00a0<span class=\"div_text_right\">Juniperus communis, Cupressaceae<\/span><\/div>\n<p><span class=\"div_text_left\">Historick\u00e9 korene a \u013eudov\u00e9 trad\u00edcie:<\/span>\u00a0<span class=\"div_text_right\">V\u00fdroba silice v staroveku je historicky sporn\u00e1. Najstar\u0161\u00ed dochovan\u00fd z\u00e1pis o terapeutickom vyu\u017eit\u00ed borievky (ako prostriedku proti p\u00e1somniciam v podobe olejov\u00e9ho extraktu) poch\u00e1dza z egyptskej knihy m\u0155tvych. \u010ealej sa v Egypte s ob\u013eubou pou\u017e\u00edvala na kozmetick\u00e9 \u00fa\u010dely a ako prostriedok proti boleniu hlavy. Plody sa spa\u013eovali v chr\u00e1moch nielen ako kadidlo, ale \u010dasto i za \u00fa\u010delom dezinfekcie vzduchu. Pou\u017eitie rastliny ako kadidla sa opakovane vyu\u017e\u00edvalo v stredovekej Eur\u00f3pe zu\u017eovanej morov\u00fdmi a t\u00fdfov\u00fdmi epid\u00e9miami. <\/span><\/p>\n<p><span class=\"div_text_right\">V\u00fdroba silice za\u010dala na Slovensku po\u010das obdobia olejk\u00e1rov a pretrvala dodnes.<\/span><\/p>\n<p><span class=\"div_text_left\">Obsahov\u00e9 l\u00e1tky v silici:<\/span>\u00a0<span class=\"div_text_right\">\u03b1 -pin\u00e9n min. 30%, limon\u00e9n, bornylacet\u00e1t, borneol, 1-terpin\u00e9n-4-ol<\/span><\/p>\n<p><span class=\"div_text_left\">CAS<\/span>\u00a0<span class=\"div_text_right\">CAS 8012-91-7<\/span><\/p>\n<p><span class=\"div_text_left\">Eur\u00f3psky liekopis:<\/span>\u00a0<span class=\"div_text_right\">Iuniperi aetheroleum (PhEur 6.0)<\/span><\/p>\n<p><span class=\"div_text_left\">EAN:<\/span>\u00a0<span class=\"div_text_right\">8588000736416<\/span><\/p>\n","protected":false},"excerpt":{"rendered":"<p><span class=\"div_text_left\">Typ v\u00f4ne:<\/span>\u00a0<span class=\"div_text_right\">typick\u00e1 borievkov\u00e1 horkoaromatick\u00e1 v\u00f4\u0148a<\/span><\/p>\n<p><span class=\"div_text_left\">Sp\u00f4sob z\u00edskania silice:<\/span>\u00a0<span class=\"div_text_right\">destil\u00e1ciou su\u0161en\u00fdch nefermentovan\u00fdch bob\u00fa\u013e vodnou parou<\/span><\/p>\n<p><span class=\"div_text_left\">Proveniencia silice:<\/span>\u00a0<span class=\"div_text_right\">Slovensko<\/span><\/p>\n<p><span class=\"div_text_left\">Pou\u017eitie a \u00fa\u010dinky:<\/span>\u00a0<span class=\"div_text_right\">infekcie d\u00fdchac\u00edch a mo\u010dov\u00fdch ciest, prekrvenie poko\u017eky, celulit\u00edda, reumatizmus, ka\u0161e\u013e, protik\u0155\u010dov\u00e9 \u00fa\u010dinky, podpora tr\u00e1venia, mo\u010dopudn\u00e9 \u00fa\u010dinky, mastn\u00e1 ple\u0165, ekz\u00e9m, repelentn\u00e9 \u00fa\u010dinky<\/span><\/p>\n","protected":false},"featured_media":1908,"comment_status":"open","ping_status":"closed","template":"","meta":{"site-sidebar-layout":"default","site-content-layout":"","ast-site-content-layout":"default","site-content-style":"default","site-sidebar-style":"default","ast-global-header-display":"","ast-banner-title-visibility":"","ast-main-header-display":"","ast-hfb-above-header-display":"","ast-hfb-below-header-display":"","ast-hfb-mobile-header-display":"","site-post-title":"","ast-breadcrumbs-content":"","ast-featured-img":"","footer-sml-layout":"","theme-transparent-header-meta":"default","adv-header-id-meta":"","stick-header-meta":"","header-above-stick-meta":"","header-main-stick-meta":"","header-below-stick-meta":"","astra-migrate-meta-layouts":"set","ast-page-background-enabled":"default","ast-page-background-meta":{"desktop":{"background-color":"var(--ast-global-color-4)","background-image":"","background-repeat":"repeat","background-position":"center center","background-size":"auto","background-attachment":"scroll","background-type":"","background-media":"","overlay-type":"","overlay-color":"","overlay-opacity":"","overlay-gradient":""},"tablet":{"background-color":"","background-image":"","background-repeat":"repeat","background-position":"center center","background-size":"auto","background-attachment":"scroll","background-type":"","background-media":"","overlay-type":"","overlay-color":"","overlay-opacity":"","overlay-gradient":""},"mobile":{"background-color":"","background-image":"","background-repeat":"repeat","background-position":"center center","background-size":"auto","background-attachment":"scroll","background-type":"","background-media":"","overlay-type":"","overlay-color":"","overlay-opacity":"","overlay-gradient":""}},"ast-content-background-meta":{"desktop":{"background-color":"var(--ast-global-color-5)","background-image":"","background-repeat":"repeat","background-position":"center center","background-size":"auto","background-attachment":"scroll","background-type":"","background-media":"","overlay-type":"","overlay-color":"","overlay-opacity":"","overlay-gradient":""},"tablet":{"background-color":"var(--ast-global-color-5)","background-image":"","background-repeat":"repeat","background-position":"center center","background-size":"auto","background-attachment":"scroll","background-type":"","background-media":"","overlay-type":"","overlay-color":"","overlay-opacity":"","overlay-gradient":""},"mobile":{"background-color":"var(--ast-global-color-5)","background-image":"","background-repeat":"repeat","background-position":"center center","background-size":"auto","background-attachment":"scroll","background-type":"","background-media":"","overlay-type":"","overlay-color":"","overlay-opacity":"","overlay-gradient":""}}},"product_cat":[52,63],"product_tag":[],"class_list":{"0":"post-1907","1":"product","2":"type-product","3":"status-publish","4":"has-post-thumbnail","6":"product_cat-prirodna-lekare","7":"product_cat-prirodne-silice","8":"desktop-align-center","9":"tablet-align-center","10":"mobile-align-center","12":"first","13":"instock","14":"taxable","15":"shipping-taxable","16":"purchasable","17":"product-type-simple"},"_links":{"self":[{"href":"https:\/\/mmtest1.top\/index.php?rest_route=\/wp\/v2\/product\/1907","targetHints":{"allow":["GET"]}}],"collection":[{"href":"https:\/\/mmtest1.top\/index.php?rest_route=\/wp\/v2\/product"}],"about":[{"href":"https:\/\/mmtest1.top\/index.php?rest_route=\/wp\/v2\/types\/product"}],"replies":[{"embeddable":true,"href":"https:\/\/mmtest1.top\/index.php?rest_route=%2Fwp%2Fv2%2Fcomments&post=1907"}],"wp:featuredmedia":[{"embeddable":true,"href":"https:\/\/mmtest1.top\/index.php?rest_route=\/wp\/v2\/media\/1908"}],"wp:attachment":[{"href":"https:\/\/mmtest1.top\/index.php?rest_route=%2Fwp%2Fv2%2Fmedia&parent=1907"}],"wp:term":[{"taxonomy":"product_cat","embeddable":true,"href":"https:\/\/mmtest1.top\/index.php?rest_route=%2Fwp%2Fv2%2Fproduct_cat&post=1907"},{"taxonomy":"product_tag","embeddable":true,"href":"https:\/\/mmtest1.top\/index.php?rest_route=%2Fwp%2Fv2%2Fproduct_tag&post=1907"}],"curies":[{"name":"wp","href":"https:\/\/api.w.org\/{rel}","templated":true}]}}