{"id":1899,"date":"2024-05-29T12:13:12","date_gmt":"2024-05-29T10:13:12","guid":{"rendered":"https:\/\/mmtest1.top\/?post_type=product&#038;p=1899"},"modified":"2024-05-29T12:13:12","modified_gmt":"2024-05-29T10:13:12","slug":"cyprusova-silica-10-ml","status":"publish","type":"product","link":"https:\/\/mmtest1.top\/?product=cyprusova-silica-10-ml","title":{"rendered":"Cyprusov\u00e1 silica 10 ml"},"content":{"rendered":"<p><span class=\"div_text_left\">Typ v\u00f4ne:<\/span>\u00a0<span class=\"div_text_right\">g\u00e1frovoterpenick\u00e1 ihli\u010dnat\u00e1 v\u00f4\u0148a<\/span><\/p>\n<p><span class=\"div_text_left\">Sp\u00f4sob z\u00edskania silice:<\/span>\u00a0<span class=\"div_text_right\">destil\u00e1ciou \u010derstv\u00e9ho ihli\u010dia vodnou parou<\/span><\/p>\n<p><span class=\"div_text_left\">Proveniencia silice:<\/span>\u00a0<span class=\"div_text_right\">Franc\u00fazsko<\/span><\/p>\n<p><span class=\"div_text_left\">Pou\u017eitie a \u00fa\u010dinky:<\/span>\u00a0<span class=\"div_text_right\">infekcie d\u00fdchac\u00edch ciest, k\u0155\u010dov\u00e9 \u017eily ( nie na zap\u00e1len\u00e9 alebo otvoren\u00e9 rany! ), svalov\u00e1 \u00fanava, reuma, ka\u0161e\u013e, astma, men\u0161trua\u010dn\u00e9 a klimakterick\u00e9 potia\u017ee, mo\u010dopudn\u00e9 \u00fa\u010dinky<\/span><\/p>\n<div><\/div>\n<div class=\"div_pouzitie\"><span class=\"div_text_left\"><img decoding=\"async\" src=\"https:\/\/www.hanus.sk\/grafika\/piktogram\/pohar.gif\" \/>Vn\u00fatorn\u00e9 pou\u017eitie:<\/span>\u00a0<span class=\"div_text_right\">2 kvapky silice premie\u0161a\u0165 v 1 dl vody. Pi\u0165 pri ochoreniach mo\u010dov\u00fdch ciest<\/span><\/div>\n<div class=\"div_pouzitie\"><span class=\"div_text_left\"><img decoding=\"async\" src=\"https:\/\/www.hanus.sk\/grafika\/piktogram\/inhalacia.gif\" \/>Inhal\u00e1cia:<\/span>\u00a0<span class=\"div_text_right\">7 kvapiek silice prida\u0165 do 1 l takmer vriacej vody. Inhalova\u0165 pri infekci\u00e1ch horn\u00fdch d\u00fdchac\u00edch ciest, astme<\/span><\/div>\n<div class=\"div_pouzitie\"><span class=\"div_text_left\"><img decoding=\"async\" src=\"https:\/\/www.hanus.sk\/grafika\/piktogram\/vana.gif\" \/>Va\u0148ov\u00fd k\u00fape\u013e:<\/span>\u00a0<span class=\"div_text_right\">9 kvapiek silice do vody teplej 37 \u00b0C. Pri svalovej \u00fanave, klimakterick\u00fdch \u0165a\u017ekostiach<\/span><\/div>\n<div class=\"div_pouzitie\"><span class=\"div_text_left\"><img decoding=\"async\" src=\"https:\/\/www.hanus.sk\/grafika\/piktogram\/riedena.gif\" \/>Voda na ple\u0165:<\/span>\u00a0<span class=\"div_text_right\">mastn\u00e1 ple\u0165, podpora hojenia r\u00e1n, siln\u00e9 potenie<\/span><\/div>\n<div class=\"div_pouzitie\"><span class=\"div_text_left\"><img decoding=\"async\" src=\"https:\/\/www.hanus.sk\/grafika\/piktogram\/riedena.gif\" \/>Kr\u00e9m, rieden\u00e1 silica, mas\u00e1\u017ena emulzia:<\/span>\u00a0<span class=\"div_text_right\">reumatizmus, celulit\u00edda, hemoroidy, k\u0155\u010dov\u00e9 \u017eily ( nie na zap\u00e1len\u00e9 a otvoren\u00e9 rany)<\/span>\u00a0<span class=\"div_text_left\"><img decoding=\"async\" src=\"https:\/\/www.hanus.sk\/grafika\/piktogram\/neriedena.gif\" \/>Podanie neriedenej silice:<\/span>\u00a0<span class=\"div_text_right\">svalov\u00e1 \u00fanava<\/span><\/div>\n<div class=\"div_pouzitie\"><span class=\"div_text_left\">In\u00e9 vyu\u017eitie:<\/span>\u00a0<span class=\"div_text_right\">repelentn\u00e9 \u00fa\u010dinky<\/span><\/div>\n<div><\/div>\n<div class=\"div_cudzojazycne_nazvy\"><span class=\"div_text_left\"><img decoding=\"async\" class=\"upozornenieImg\" src=\"https:\/\/www.hanus.sk\/grafika\/caution.png\" \/>Kontraindik\u00e1cie:<\/span>\u00a0<span class=\"div_text_right\">Nepou\u017e\u00edva\u0165 v tehotenstve, pri chorob\u00e1ch obli\u010diek a z\u00e1pale prsnej \u017e\u013eazy.<\/span><\/div>\n<div><\/div>\n<div class=\"div_cudzojazycne_nazvy\"><span class=\"div_text_left\">Anglick\u00fd n\u00e1zov silice:<\/span>\u00a0<span class=\"div_text_right\">Cypress oil<\/span><\/div>\n<div class=\"div_cudzojazycne_nazvy\"><span class=\"div_text_left\">Latinsk\u00fd n\u00e1zov silice:<\/span>\u00a0<span class=\"div_text_right\">Cupressi aetheroleum<\/span><\/div>\n<div class=\"div_cudzojazycne_nazvy\"><span class=\"div_text_left\">Slov. n\u00e1zov materskej rastliny a \u010de\u013eade:<\/span>\u00a0<span class=\"div_text_right\">Cyprus v\u017edyzelen\u00fd, Cyprusovit\u00e9<\/span><\/div>\n<div class=\"div_cudzojazycne_nazvy\"><span class=\"div_text_left\">Lat. n\u00e1zov materskej rastliny a \u010de\u013eade:<\/span>\u00a0<span class=\"div_text_right\">Cupressus sempervirens, Cupressaceae<\/span><\/div>\n<div><\/div>\n<p><span class=\"div_text_left\">Obsahov\u00e9 l\u00e1tky v silici:<\/span>\u00a0<span class=\"div_text_right\">monoterp\u00e9ny min. 98% (\u03b1 -pin\u00e9n, \u03b2-pin\u00e9n, sabin\u00e9n, kamf\u00e9n, silvestr\u00e9n)<\/span><\/p>\n<p><span class=\"div_text_left\">CAS<\/span>\u00a0<span class=\"div_text_right\">CAS 84696-07-1<\/span><\/p>\n<p><span class=\"div_text_left\">EAN:<\/span>\u00a0<span class=\"div_text_right\">8588000736454<\/span><\/p>\n","protected":false},"excerpt":{"rendered":"<p><span class=\"div_text_left\">Typ v\u00f4ne:<\/span>\u00a0<span class=\"div_text_right\">g\u00e1frovoterpenick\u00e1 ihli\u010dnat\u00e1 v\u00f4\u0148a<\/span><\/p>\n<p><span class=\"div_text_left\">Sp\u00f4sob z\u00edskania silice:<\/span>\u00a0<span class=\"div_text_right\">destil\u00e1ciou \u010derstv\u00e9ho ihli\u010dia vodnou parou<\/span><\/p>\n<p><span class=\"div_text_left\">Proveniencia silice:<\/span>\u00a0<span class=\"div_text_right\">Franc\u00fazsko<\/span><\/p>\n<p><span class=\"div_text_left\">Pou\u017eitie a \u00fa\u010dinky:<\/span>\u00a0<span class=\"div_text_right\">infekcie d\u00fdchac\u00edch ciest, k\u0155\u010dov\u00e9 \u017eily ( nie na zap\u00e1len\u00e9 alebo otvoren\u00e9 rany! ), svalov\u00e1 \u00fanava, reuma, ka\u0161e\u013e, astma, men\u0161trua\u010dn\u00e9 a klimakterick\u00e9 potia\u017ee, mo\u010dopudn\u00e9 \u00fa\u010dinky<\/span><\/p>\n","protected":false},"featured_media":1900,"comment_status":"open","ping_status":"closed","template":"","meta":{"site-sidebar-layout":"default","site-content-layout":"","ast-site-content-layout":"default","site-content-style":"default","site-sidebar-style":"default","ast-global-header-display":"","ast-banner-title-visibility":"","ast-main-header-display":"","ast-hfb-above-header-display":"","ast-hfb-below-header-display":"","ast-hfb-mobile-header-display":"","site-post-title":"","ast-breadcrumbs-content":"","ast-featured-img":"","footer-sml-layout":"","theme-transparent-header-meta":"default","adv-header-id-meta":"","stick-header-meta":"","header-above-stick-meta":"","header-main-stick-meta":"","header-below-stick-meta":"","astra-migrate-meta-layouts":"set","ast-page-background-enabled":"default","ast-page-background-meta":{"desktop":{"background-color":"var(--ast-global-color-4)","background-image":"","background-repeat":"repeat","background-position":"center center","background-size":"auto","background-attachment":"scroll","background-type":"","background-media":"","overlay-type":"","overlay-color":"","overlay-opacity":"","overlay-gradient":""},"tablet":{"background-color":"","background-image":"","background-repeat":"repeat","background-position":"center center","background-size":"auto","background-attachment":"scroll","background-type":"","background-media":"","overlay-type":"","overlay-color":"","overlay-opacity":"","overlay-gradient":""},"mobile":{"background-color":"","background-image":"","background-repeat":"repeat","background-position":"center center","background-size":"auto","background-attachment":"scroll","background-type":"","background-media":"","overlay-type":"","overlay-color":"","overlay-opacity":"","overlay-gradient":""}},"ast-content-background-meta":{"desktop":{"background-color":"var(--ast-global-color-5)","background-image":"","background-repeat":"repeat","background-position":"center center","background-size":"auto","background-attachment":"scroll","background-type":"","background-media":"","overlay-type":"","overlay-color":"","overlay-opacity":"","overlay-gradient":""},"tablet":{"background-color":"var(--ast-global-color-5)","background-image":"","background-repeat":"repeat","background-position":"center center","background-size":"auto","background-attachment":"scroll","background-type":"","background-media":"","overlay-type":"","overlay-color":"","overlay-opacity":"","overlay-gradient":""},"mobile":{"background-color":"var(--ast-global-color-5)","background-image":"","background-repeat":"repeat","background-position":"center center","background-size":"auto","background-attachment":"scroll","background-type":"","background-media":"","overlay-type":"","overlay-color":"","overlay-opacity":"","overlay-gradient":""}}},"product_cat":[52,63],"product_tag":[],"class_list":{"0":"post-1899","1":"product","2":"type-product","3":"status-publish","4":"has-post-thumbnail","6":"product_cat-prirodna-lekare","7":"product_cat-prirodne-silice","8":"desktop-align-center","9":"tablet-align-center","10":"mobile-align-center","12":"first","13":"instock","14":"taxable","15":"shipping-taxable","16":"purchasable","17":"product-type-simple"},"_links":{"self":[{"href":"https:\/\/mmtest1.top\/index.php?rest_route=\/wp\/v2\/product\/1899","targetHints":{"allow":["GET"]}}],"collection":[{"href":"https:\/\/mmtest1.top\/index.php?rest_route=\/wp\/v2\/product"}],"about":[{"href":"https:\/\/mmtest1.top\/index.php?rest_route=\/wp\/v2\/types\/product"}],"replies":[{"embeddable":true,"href":"https:\/\/mmtest1.top\/index.php?rest_route=%2Fwp%2Fv2%2Fcomments&post=1899"}],"wp:featuredmedia":[{"embeddable":true,"href":"https:\/\/mmtest1.top\/index.php?rest_route=\/wp\/v2\/media\/1900"}],"wp:attachment":[{"href":"https:\/\/mmtest1.top\/index.php?rest_route=%2Fwp%2Fv2%2Fmedia&parent=1899"}],"wp:term":[{"taxonomy":"product_cat","embeddable":true,"href":"https:\/\/mmtest1.top\/index.php?rest_route=%2Fwp%2Fv2%2Fproduct_cat&post=1899"},{"taxonomy":"product_tag","embeddable":true,"href":"https:\/\/mmtest1.top\/index.php?rest_route=%2Fwp%2Fv2%2Fproduct_tag&post=1899"}],"curies":[{"name":"wp","href":"https:\/\/api.w.org\/{rel}","templated":true}]}}