{"id":1897,"date":"2024-05-29T12:04:36","date_gmt":"2024-05-29T10:04:36","guid":{"rendered":"https:\/\/mmtest1.top\/?post_type=product&#038;p=1897"},"modified":"2024-05-29T12:05:26","modified_gmt":"2024-05-29T10:05:26","slug":"citronova-silica-10-ml","status":"publish","type":"product","link":"https:\/\/mmtest1.top\/?product=citronova-silica-10-ml","title":{"rendered":"Citr\u00f3nov\u00e1 silica 10 ml"},"content":{"rendered":"<p><span class=\"div_text_left\">Typ v\u00f4ne:<\/span>\u00a0<span class=\"div_text_right\">typick\u00e1 svie\u017ea citr\u00f3nov\u00e1 v\u00f4\u0148a<\/span><\/p>\n<p><span class=\"div_text_left\">Sp\u00f4sob z\u00edskania silice:<\/span>\u00a0<span class=\"div_text_right\">lisovan\u00edm \u010derstv\u00e9ho oplodia za studena<\/span><\/p>\n<p><span class=\"div_text_left\">Proveniencia silice:<\/span>\u00a0<span class=\"div_text_right\">\u0160panielsko<\/span><\/p>\n<p><span class=\"div_text_left\">Pou\u017eitie a \u00fa\u010dinky:<\/span>\u00a0<span class=\"div_text_right\">infekcie d\u00fdchac\u00edch ciest, v\u00fdrazn\u00e9 antibakteri\u00e1lne \u00fa\u010dinky, mastn\u00e1 poko\u017eka, lupiny, akn\u00e9, protik\u0155\u010dov\u00e9 \u00fa\u010dinky, tr\u00e1viace \u0165a\u017ekosti, stres, zlep\u0161enie koncentr\u00e1cie<\/span><\/p>\n<div><\/div>\n<div class=\"div_pouzitie\"><span class=\"div_text_left\"><img decoding=\"async\" src=\"https:\/\/www.hanus.sk\/grafika\/piktogram\/pohar.gif\" \/>Vn\u00fatorn\u00e9 pou\u017eitie:<\/span>\u00a0<span class=\"div_text_right\">3 kvapky silice premie\u0161a\u0165 v 1 dl vody. Pi\u0165 pri podpore tr\u00e1venia, predmen\u0161trua\u010dn\u00fdch probl\u00e9moch, pri k\u0155\u010doch<\/span>\u00a0<span class=\"div_text_left\"><img decoding=\"async\" src=\"https:\/\/www.hanus.sk\/grafika\/piktogram\/inhalacia.gif\" \/>Inhal\u00e1cia:<\/span>\u00a0<span class=\"div_text_right\">7 kvapiek silice prida\u0165 do 1 l takmer vriacej vody. Inhalova\u0165 pri infekci\u00e1ch horn\u00fdch d\u00fdchac\u00edch ciest, n\u00e1dche<\/span><\/div>\n<div class=\"div_pouzitie\"><span class=\"div_text_left\"><img decoding=\"async\" src=\"https:\/\/www.hanus.sk\/grafika\/piktogram\/vana.gif\" \/>Va\u0148ov\u00fd k\u00fape\u013e:<\/span>\u00a0<span class=\"div_text_right\">9 kvapiek silice do vody teplej 37 \u00b0C. Pri starostlivosti o ple\u0165 a strese<\/span><\/div>\n<div class=\"div_pouzitie\"><span class=\"div_text_left\"><img decoding=\"async\" src=\"https:\/\/www.hanus.sk\/grafika\/piktogram\/riedena.gif\" \/>Voda na ple\u0165:<\/span>\u00a0<span class=\"div_text_right\">akn\u00e9, mastn\u00e1 ple\u0165<\/span><\/div>\n<div class=\"div_pouzitie\"><span class=\"div_text_left\"><img decoding=\"async\" src=\"https:\/\/www.hanus.sk\/grafika\/piktogram\/riedena.gif\" \/>Voda na vlasov\u00fa poko\u017eku:<\/span>\u00a0<span class=\"div_text_right\">lupiny<\/span><\/div>\n<div class=\"div_pouzitie\"><span class=\"div_text_left\"><img decoding=\"async\" src=\"https:\/\/www.hanus.sk\/grafika\/piktogram\/riedena.gif\" \/>Kr\u00e9m:<\/span>\u00a0<span class=\"div_text_right\">starostlivos\u0165 o ple\u0165, celulit\u00edda<\/span><\/div>\n<div class=\"div_pouzitie\"><span class=\"div_text_left\"><img decoding=\"async\" src=\"https:\/\/www.hanus.sk\/grafika\/piktogram\/riedena.gif\" \/>Liehov\u00fd roztok silice:<\/span>\u00a0<span class=\"div_text_right\">herpes<\/span><\/div>\n<div class=\"div_pouzitie\"><span class=\"div_text_left\">In\u00e9 vyu\u017eitie:<\/span>\u00a0<span class=\"div_text_right\">ako ochrana pred klie\u0161\u0165ami (nakvapka\u0165 silicu na z\u00e1p\u00e4stie a \u010dlenky n\u00f4h)<\/span><\/div>\n<div><\/div>\n<div class=\"div_cudzojazycne_nazvy\"><span class=\"div_text_left\"><img decoding=\"async\" class=\"upozornenieImg\" src=\"https:\/\/www.hanus.sk\/grafika\/caution.png\" \/>Upozornenie:<\/span>\u00a0<span class=\"div_text_right\">Mo\u017enos\u0165 alergickej reakcie. Po aplik\u00e1cii sa nevystavujte slnku.<\/span><\/div>\n<div><\/div>\n<div class=\"div_cudzojazycne_nazvy\"><span class=\"div_text_left\">Anglick\u00fd n\u00e1zov silice:<\/span>\u00a0<span class=\"div_text_right\">Lemon oil<\/span><\/div>\n<div class=\"div_cudzojazycne_nazvy\"><span class=\"div_text_left\">Latinsk\u00fd n\u00e1zov silice:<\/span>\u00a0<span class=\"div_text_right\">Limonis aetheroleum<\/span><\/div>\n<div class=\"div_cudzojazycne_nazvy\"><span class=\"div_text_left\">Slov. n\u00e1zov materskej rastliny a \u010de\u013eade:<\/span>\u00a0<span class=\"div_text_right\">Citr\u00f3novn\u00edk prav\u00fd, Rutovit\u00e9<\/span><\/div>\n<div class=\"div_cudzojazycne_nazvy\"><span class=\"div_text_left\">Lat. n\u00e1zov materskej rastliny a \u010de\u013eade:<\/span>\u00a0<span class=\"div_text_right\">Citrus limon (L.),Rutaceae<\/span><\/div>\n<div><\/div>\n<p><span class=\"div_text_left\">Obsahov\u00e9 l\u00e1tky v silici:<\/span>\u00a0<span class=\"div_text_right\">citral (neral a geranial) 3,0-5,5 %, d-limon\u00e9n 56-78 %, \u03b2-pin\u00e9n 7-17 %<\/span><\/p>\n<p><span class=\"div_text_left\">CAS<\/span>\u00a0<span class=\"div_text_right\">CAS 84929-31-7<\/span><\/p>\n<p><span class=\"div_text_left\">Eur\u00f3psky liekopis:<\/span>\u00a0<span class=\"div_text_right\">Limonis aetheroleum (Ph.Eur. 6.0)<\/span>\u00a0<span class=\"div_text_left\">EAN:<\/span>\u00a0<span class=\"div_text_right\">8588000736430<\/span><\/p>\n","protected":false},"excerpt":{"rendered":"<p><span class=\"div_text_left\">Typ v\u00f4ne:<\/span>\u00a0<span class=\"div_text_right\">typick\u00e1 svie\u017ea citr\u00f3nov\u00e1 v\u00f4\u0148a<\/span><\/p>\n<p><span class=\"div_text_left\">Sp\u00f4sob z\u00edskania silice:<\/span>\u00a0<span class=\"div_text_right\">lisovan\u00edm \u010derstv\u00e9ho oplodia za studena<\/span><\/p>\n<p><span class=\"div_text_left\">Proveniencia silice:<\/span>\u00a0<span class=\"div_text_right\">\u0160panielsko<\/span><\/p>\n<p><span class=\"div_text_left\">Pou\u017eitie a \u00fa\u010dinky:<\/span>\u00a0<span class=\"div_text_right\">infekcie d\u00fdchac\u00edch ciest, v\u00fdrazn\u00e9 antibakteri\u00e1lne \u00fa\u010dinky, mastn\u00e1 poko\u017eka, lupiny, akn\u00e9, protik\u0155\u010dov\u00e9 \u00fa\u010dinky, tr\u00e1viace \u0165a\u017ekosti, stres, zlep\u0161enie koncentr\u00e1cie<\/span><\/p>\n","protected":false},"featured_media":1898,"comment_status":"open","ping_status":"closed","template":"","meta":{"site-sidebar-layout":"default","site-content-layout":"","ast-site-content-layout":"default","site-content-style":"default","site-sidebar-style":"default","ast-global-header-display":"","ast-banner-title-visibility":"","ast-main-header-display":"","ast-hfb-above-header-display":"","ast-hfb-below-header-display":"","ast-hfb-mobile-header-display":"","site-post-title":"","ast-breadcrumbs-content":"","ast-featured-img":"","footer-sml-layout":"","theme-transparent-header-meta":"default","adv-header-id-meta":"","stick-header-meta":"","header-above-stick-meta":"","header-main-stick-meta":"","header-below-stick-meta":"","astra-migrate-meta-layouts":"set","ast-page-background-enabled":"default","ast-page-background-meta":{"desktop":{"background-color":"var(--ast-global-color-4)","background-image":"","background-repeat":"repeat","background-position":"center center","background-size":"auto","background-attachment":"scroll","background-type":"","background-media":"","overlay-type":"","overlay-color":"","overlay-opacity":"","overlay-gradient":""},"tablet":{"background-color":"","background-image":"","background-repeat":"repeat","background-position":"center center","background-size":"auto","background-attachment":"scroll","background-type":"","background-media":"","overlay-type":"","overlay-color":"","overlay-opacity":"","overlay-gradient":""},"mobile":{"background-color":"","background-image":"","background-repeat":"repeat","background-position":"center center","background-size":"auto","background-attachment":"scroll","background-type":"","background-media":"","overlay-type":"","overlay-color":"","overlay-opacity":"","overlay-gradient":""}},"ast-content-background-meta":{"desktop":{"background-color":"var(--ast-global-color-5)","background-image":"","background-repeat":"repeat","background-position":"center center","background-size":"auto","background-attachment":"scroll","background-type":"","background-media":"","overlay-type":"","overlay-color":"","overlay-opacity":"","overlay-gradient":""},"tablet":{"background-color":"var(--ast-global-color-5)","background-image":"","background-repeat":"repeat","background-position":"center center","background-size":"auto","background-attachment":"scroll","background-type":"","background-media":"","overlay-type":"","overlay-color":"","overlay-opacity":"","overlay-gradient":""},"mobile":{"background-color":"var(--ast-global-color-5)","background-image":"","background-repeat":"repeat","background-position":"center center","background-size":"auto","background-attachment":"scroll","background-type":"","background-media":"","overlay-type":"","overlay-color":"","overlay-opacity":"","overlay-gradient":""}}},"product_cat":[52,63],"product_tag":[],"class_list":{"0":"post-1897","1":"product","2":"type-product","3":"status-publish","4":"has-post-thumbnail","6":"product_cat-prirodna-lekare","7":"product_cat-prirodne-silice","8":"desktop-align-center","9":"tablet-align-center","10":"mobile-align-center","12":"first","13":"instock","14":"taxable","15":"shipping-taxable","16":"purchasable","17":"product-type-simple"},"_links":{"self":[{"href":"https:\/\/mmtest1.top\/index.php?rest_route=\/wp\/v2\/product\/1897","targetHints":{"allow":["GET"]}}],"collection":[{"href":"https:\/\/mmtest1.top\/index.php?rest_route=\/wp\/v2\/product"}],"about":[{"href":"https:\/\/mmtest1.top\/index.php?rest_route=\/wp\/v2\/types\/product"}],"replies":[{"embeddable":true,"href":"https:\/\/mmtest1.top\/index.php?rest_route=%2Fwp%2Fv2%2Fcomments&post=1897"}],"wp:featuredmedia":[{"embeddable":true,"href":"https:\/\/mmtest1.top\/index.php?rest_route=\/wp\/v2\/media\/1898"}],"wp:attachment":[{"href":"https:\/\/mmtest1.top\/index.php?rest_route=%2Fwp%2Fv2%2Fmedia&parent=1897"}],"wp:term":[{"taxonomy":"product_cat","embeddable":true,"href":"https:\/\/mmtest1.top\/index.php?rest_route=%2Fwp%2Fv2%2Fproduct_cat&post=1897"},{"taxonomy":"product_tag","embeddable":true,"href":"https:\/\/mmtest1.top\/index.php?rest_route=%2Fwp%2Fv2%2Fproduct_tag&post=1897"}],"curies":[{"name":"wp","href":"https:\/\/api.w.org\/{rel}","templated":true}]}}