{"id":1369,"date":"2024-02-14T09:04:51","date_gmt":"2024-02-14T08:04:51","guid":{"rendered":"https:\/\/mmtest1.top\/?post_type=product&#038;p=1369"},"modified":"2024-02-14T09:04:51","modified_gmt":"2024-02-14T08:04:51","slug":"organicke-mydlo-s-vlastnou-tinkturou-na-ekzemy-a-dermatitidy","status":"publish","type":"product","link":"https:\/\/mmtest1.top\/?product=organicke-mydlo-s-vlastnou-tinkturou-na-ekzemy-a-dermatitidy","title":{"rendered":"ORGANICK\u00c9 MYDLO S VLASTNOU TINKT\u00daROU NA EKZ\u00c9MY A DERMATIT\u00cdDY"},"content":{"rendered":"<p><strong>Tuh\u00e9 mydlo je neodmyslite\u013enou s\u00fa\u010das\u0165ou ka\u017edej dom\u00e1cnosti<\/strong>.\u00a0<strong>Pr\u00edrodn\u00e9 mydl\u00e1 Soaphoria vytvoren\u00e9 z \u010disto pr\u00edrodn\u00fdch surov\u00edn<\/strong>, zabalen\u00e9 v eko materi\u00e1li povy\u0161uj\u00fa dennodenn\u00e9 o\u010distn\u00e9 ritu\u00e1ly na zmyslov\u00e9 z\u00e1\u017eitky.\u00a0<strong>Sprchov\u00e9 mydlo poskytuje nad\u0161tandardn\u00fa starostlivos\u0165 a prin\u00e1\u0161a pote\u0161enie pri ka\u017edom pou\u017eit\u00ed<\/strong>. Pridan\u00e9 zvl\u00e1\u010d\u0148uj\u00face oleje a masl\u00e1 spolu s blahodarn\u00fdmi rastlinn\u00fdmi extraktmi\u00a0<strong>rozmazn\u00e1vaj\u00fa poko\u017eku a pom\u00e1haj\u00fa udr\u017eiava\u0165 jej zdravie a vitalitu<\/strong>.<br \/>\n<strong>\u00a0<\/strong><br \/>\n<strong>HLAVN\u00c9 ZLO\u017dKY<\/strong><br \/>\n&gt;\u00a0<strong>tinkt\u00fara z byl\u00edn echinacea, lastovi\u010dn\u00edk a dvojzub<\/strong>\u00a0\u2013 tieto bylinky a ich v\u00fd\u0165a\u017eky podporuj\u00fa regener\u00e1ciu a s\u00fa pr\u00edrodn\u00fdmi dezinfek\u010dn\u00fdmi prostriedkami<br \/>\n&gt;\u00a0<strong>morsk\u00e1 so\u013e a ovsen\u00e9 prote\u00edny<\/strong>\u00a0\u2013 zmier\u0148uj\u00fa prejavy ko\u017en\u00fdch ochoren\u00ed, upokojuj\u00fa a podporuj\u00fa obnovu ko\u017en\u00fdch buniek<br \/>\n&gt;\u00a0<strong>kombin\u00e1cia organick\u00fdch olejov a masiel<\/strong>\u00a0\u2013 zjem\u0148uje, predch\u00e1dza suchosti a \u0161upinatosti poko\u017eky, zmier\u0148uje svrbenie a regeneruje<\/p>\n<p><strong>OBSAH<\/strong><br \/>\ncca 150g<\/p>\n<p><strong>N\u00c1\u0160 TIP<\/strong><br \/>\nPou\u017eite pr\u00edrodn\u00e9 tuh\u00e9 mydlo ako zero waste alternat\u00edvu sprchovacieho g\u00e9lu. Poko\u017eku kr\u00e1sne o\u010dist\u00ed a prevonia.<br \/>\nDizajnov\u00e9 mydielko na um\u00fdvadle naozaj vynikne, rozvonia a dotvor\u00ed atmosf\u00e9ru ka\u017edej k\u00fape\u013ene.<br \/>\nPr\u00edrodn\u00e9 mydlo Soaphoria je kr\u00e1snym a u\u017eito\u010dn\u00fdm dar\u010dekom pre v\u0161etk\u00fdch milovn\u00edkov pr\u00edrody.<br \/>\nPo pou\u017eit\u00ed uchov\u00e1vajte mydlo na suchom mieste bez kontaktu s vodou.<\/p>\n<p><strong>ODPOR\u00da\u010cAME KOMBINOVA\u0164<\/strong><br \/>\nOrganick\u00e9 tuh\u00e9 mydlo odpor\u00fa\u010dame kombinova\u0165 so soaphoristick\u00fdmi lah\u00f4dkami ako pr\u00edrodn\u00e9 telov\u00e9 kr\u00e9my a balzamy. V\u00fdborn\u00fdm doplnkom m\u00f4\u017ee by\u0165 i organick\u00fd sprchovac\u00ed g\u00e9l alebo pena.<\/p>\n<p><strong>V\u00d4\u0147A V\u00ddROBKU<\/strong><br \/>\nV\u00fdrobok neobsahuje pridan\u00e9 esenci\u00e1lne oleje ani in\u00e9 vonn\u00e9 zlo\u017eky. Jeho v\u00f4\u0148a je ve\u013emi \u010dist\u00e1 a jemn\u00e1, takmer nebadate\u013en\u00e1.<\/p>\n<p><strong>FARBA V\u00ddROBKU<\/strong><br \/>\nV\u00fdrobok bez obsahu syntetick\u00fdch farb\u00edv v\u010fa\u010d\u00ed za svoje biele a\u017e slonovinov\u00e9 sfarbenie v\u00fdhradne obsiahnut\u00fdm pr\u00edrodn\u00fdm zlo\u017ek\u00e1m.<\/p>\n<p><strong>KONZISTENCIA V\u00ddROBKU<\/strong><br \/>\nPr\u00edrodn\u00e9 mydlo m\u00e1 tuh\u00fa konzistenciu.<\/p>\n<p><strong>OBAL V\u00ddROBKU A N\u00c1VRH NA RECYKL\u00c1CIU<\/strong><br \/>\nV\u00fdrobok je balen\u00fd v recyklovate\u013enom papierovom obale s papierovou etiketou potla\u010denou biologicky \u013eahko odb\u00farate\u013en\u00fdm farbivom. Obal v\u00fdrobku m\u00f4\u017eete po jeho spotrebovan\u00ed jednoducho skompostova\u0165, alebo vhodi\u0165 do modr\u00e9ho kontajnera ur\u010den\u00e9ho na zber papierov\u00e9ho trieden\u00e9ho odpadu.<\/p>\n<p><strong>APLIK\u00c1CIA<\/strong><br \/>\nPrimeran\u00e9 mno\u017estvo pr\u00edpravku naneste na mokr\u00fa poko\u017eku a kr\u00fa\u017eiv\u00fdmi pohybmi vytvorte penu, n\u00e1sledne opl\u00e1chnite vodou vhodnej teploty.<\/p>\n<p><strong>UPOZORNENIA<\/strong><br \/>\nUr\u010den\u00e9 na ka\u017edodenn\u00e9 pou\u017eitie. Uchov\u00e1vajte mimo dosahu det\u00ed. Skladujte na chladnom a suchom mieste, pri teplote do +30\u00b0C a nevystavujte priamemu slne\u010dn\u00e9mu \u017eiareniu a mrazu. Nepou\u017e\u00edva\u0165 na otvoren\u00e9 rany. Pri zasiahnut\u00ed o\u010d\u00ed vyplachujte vla\u017enou vodou po dobu minim\u00e1lne 15 min\u00fat bez preru\u0161enia smerom od vn\u00fatorn\u00e9ho k\u00fatika k vonkaj\u0161iemu (v pr\u00edpade nosenia kontaktn\u00fdch \u0161o\u0161oviek ich odstr\u00e1ni\u0165 vopred). Ak d\u00f4jde k podr\u00e1\u017edeniu, vyh\u013eadajte lek\u00e1rsku pomoc.<br \/>\nPred prv\u00fdm pou\u017eit\u00edm sa odpor\u00fa\u010da previes\u0165 tzv. Patch test, t. j. aplikova\u0165 a otestova\u0165 kozmetick\u00fd pr\u00edpravok na jeho zn\u00e1\u0161anlivos\u0165 na malej pl\u00f4\u0161ke poko\u017eky, najlep\u0161ie na z\u00e1p\u00e4st\u00ed a po\u010dka\u0165 24h. Touto met\u00f3dou sa m\u00f4\u017ee pred\u00eds\u0165 n\u00e1stupu alergick\u00fdch reakci\u00ed a precitlivenosti na dan\u00fd v\u00fdrobok. Ak po aplik\u00e1cii sa prejav\u00ed alergick\u00e1 reakcia, povrch poko\u017eky zmyte vla\u017enou vodou. V\u00fdrobok okam\u017eite presta\u0148te pou\u017e\u00edva\u0165. Ak alergick\u00e1 reakcia pretrv\u00e1 po dlh\u0161iu dobu vyh\u013eadajte lek\u00e1rsku pomoc.<\/p>\n<p><strong>ZLO\u017dENIE<\/strong><br \/>\nCocos Nucifera Oil (kokosov\u00fd olej)*, Olea Europaea Fruit Oil (olivov\u00fd olej)*, Aqua (voda), Butyrospermum Parkii Butter (bambuck\u00e9 maslo)*, Linum Usitassimum Seed Oil (\u013eanov\u00fd olej)*, Ricinus Communis Seed Oil (ric\u00ednov\u00fd olej)*, Simmondsia Chinensis Seed Oil (jojobov\u00fd olej), *Theobroma Cacao Seed Extract (kakaov\u00e9 maslo)*, Maris Sal (morsk\u00e1 so\u013e)*, Echinacea Purpurea (echinacea purpurov\u00e1)*, Bidens Tripartita (dvojzub trojdielny)*, Chelidonium Majus (lastovi\u010dn\u00edk v\u00e4\u010d\u0161\u00ed)*, Avena Sativa (ovos)*, ***Limonene, ***Linalool, Sodium Hydroxide (hydroxid sodn\u00fd)<br \/>\n*certifikovan\u00e1 organick\u00e1 zlo\u017eka<br \/>\n***vyskytuj\u00face sa prirodzene v esenci\u00e1lnych olejoch a pr\u00edrodn\u00fdch v\u00f4\u0148ach<\/p>\n","protected":false},"excerpt":{"rendered":"<p>Organick\u00e9 mydlo starostlivo vyvinut\u00e9 na\u00a0<strong>o\u0161etrenie poko\u017eky postihnutej dermatit\u00eddami, psori\u00e1zou, ekz\u00e9mami, alergiami<\/strong>\u00a0a mno\u017estvom \u010fal\u0161\u00edch kozmetick\u00fdch probl\u00e9mov.\u00a0<strong>Obsahuje vlastn\u00fa tinkt\u00faru z echinacey purpurovej, lastovi\u010dn\u00edka v\u00e4\u010d\u0161ieho a dvojzuba trojdielneho<\/strong>. Tieto bylinky sa vyzna\u010duj\u00fa\u00a0<strong>silne antibakteri\u00e1lnymi a antiseptick\u00fdmi vlastnos\u0165ami<\/strong>. \u00da\u010dinne\u00a0<strong>podporuj\u00fa regener\u00e1ciu a upokojenie poko\u017eky<\/strong>. Obsiahnut\u00e9\u00a0<strong>oleje a masl\u00e1 podporuj\u00fa ich prirodzen\u00e9 \u00fa\u010dinky a navy\u0161e z\u00e1sobuj\u00fa poko\u017eku \u017eivinami<\/strong>. Bambuck\u00e9 maslo, kokosov\u00fd, ric\u00ednov\u00fd a olivov\u00fd olej\u00a0<strong>priaznivo vpl\u00fdvaj\u00fa na podr\u00e1\u017eden\u00fa a problematick\u00fa poko\u017eku, zjem\u0148uj\u00fa ju a zmier\u0148uj\u00fa svrbenie a za\u010dervenanie, eliminuj\u00fa \u0161upinatos\u0165 a pom\u00e1haj\u00fa udr\u017eiava\u0165 hydrat\u00e1ciu<\/strong>.\u00a0<strong>Morsk\u00e1 so\u013e a ovsen\u00e9 prote\u00edny podporuj\u00fa zmiernenie dermatologick\u00fdch probl\u00e9mov<\/strong>\u00a0<strong>a napom\u00e1haj\u00fa obnove poko\u017eky<\/strong>\u00a0postihnutej ekz\u00e9mom, psori\u00e1zou, seboreou, rosaceou \u010di dermatit\u00eddou.<\/p>\n<p>Organick\u00e9\u00a0<strong>mydlo na ekz\u00e9my a psori\u00e1zu<\/strong>\u00a0sa v\u00fdborne hod\u00ed\u00a0<strong>na v\u0161etky typy poko\u017eky, najm\u00e4 na poko\u017eku trpiacu ekz\u00e9mom, psori\u00e1zou, seboreou, alergiami, ples\u0148ami \u010di dermatit\u00eddami.<\/strong><\/p>\n<p>&gt; vegan pr\u00edrodn\u00e9 zlo\u017eenie mydla bez sulf\u00e1tov jemne, ale \u00fa\u010dinne \u010dist\u00ed a pritom re\u0161pektuje prirodzen\u00fa bari\u00e9ru poko\u017eky<br \/>\n&gt; starostlivo vyberan\u00e9 pr\u00edrodn\u00e9 zlo\u017eky podporuj\u00fa rovnov\u00e1hu poko\u017eky, zmier\u0148uj\u00fa z\u00e1palov\u00e9 prejavy a podporuj\u00fa regener\u00e1ciu<br \/>\n&gt; bez \u017eivo\u010d\u00ed\u0161nych tukov, sulf\u00e1tov, silik\u00f3nov, ropn\u00fdch deriv\u00e1tov, syntetick\u00fdch farb\u00edv a parf\u00e9mov<br \/>\n&gt; tinkt\u00fara z echinacey, lastovi\u010dn\u00edka a dvojzuba podporuje upokojenie poko\u017eky po podr\u00e1\u017eden\u00ed a zmier\u0148uje svrbenie<br \/>\n&gt; bambuck\u00e9 maslo a ric\u00ednov\u00fd olej priaznivo p\u00f4sobia na such\u00fa a \u0161upinat\u00fa poko\u017eku, zbavuj\u00fa dehydrat\u00e1cie a pocitov nap\u00e4tia<br \/>\n&gt; olivov\u00fd a kokosov\u00fd olej poskytuj\u00fa \u017eiviny a zm\u00e4k\u010duj\u00fa, zjem\u0148uj\u00fa poko\u017eku<\/p>\n","protected":false},"featured_media":1370,"comment_status":"open","ping_status":"closed","template":"","meta":{"site-sidebar-layout":"default","site-content-layout":"","ast-site-content-layout":"default","site-content-style":"default","site-sidebar-style":"default","ast-global-header-display":"","ast-banner-title-visibility":"","ast-main-header-display":"","ast-hfb-above-header-display":"","ast-hfb-below-header-display":"","ast-hfb-mobile-header-display":"","site-post-title":"","ast-breadcrumbs-content":"","ast-featured-img":"","footer-sml-layout":"","theme-transparent-header-meta":"default","adv-header-id-meta":"","stick-header-meta":"","header-above-stick-meta":"","header-main-stick-meta":"","header-below-stick-meta":"","astra-migrate-meta-layouts":"set","ast-page-background-enabled":"default","ast-page-background-meta":{"desktop":{"background-color":"var(--ast-global-color-4)","background-image":"","background-repeat":"repeat","background-position":"center center","background-size":"auto","background-attachment":"scroll","background-type":"","background-media":"","overlay-type":"","overlay-color":"","overlay-opacity":"","overlay-gradient":""},"tablet":{"background-color":"","background-image":"","background-repeat":"repeat","background-position":"center center","background-size":"auto","background-attachment":"scroll","background-type":"","background-media":"","overlay-type":"","overlay-color":"","overlay-opacity":"","overlay-gradient":""},"mobile":{"background-color":"","background-image":"","background-repeat":"repeat","background-position":"center center","background-size":"auto","background-attachment":"scroll","background-type":"","background-media":"","overlay-type":"","overlay-color":"","overlay-opacity":"","overlay-gradient":""}},"ast-content-background-meta":{"desktop":{"background-color":"var(--ast-global-color-5)","background-image":"","background-repeat":"repeat","background-position":"center center","background-size":"auto","background-attachment":"scroll","background-type":"","background-media":"","overlay-type":"","overlay-color":"","overlay-opacity":"","overlay-gradient":""},"tablet":{"background-color":"var(--ast-global-color-5)","background-image":"","background-repeat":"repeat","background-position":"center center","background-size":"auto","background-attachment":"scroll","background-type":"","background-media":"","overlay-type":"","overlay-color":"","overlay-opacity":"","overlay-gradient":""},"mobile":{"background-color":"var(--ast-global-color-5)","background-image":"","background-repeat":"repeat","background-position":"center center","background-size":"auto","background-attachment":"scroll","background-type":"","background-media":"","overlay-type":"","overlay-color":"","overlay-opacity":"","overlay-gradient":""}}},"product_cat":[34,61],"product_tag":[],"class_list":{"0":"post-1369","1":"product","2":"type-product","3":"status-publish","4":"has-post-thumbnail","6":"product_cat-cistenie-a-odlicenie-pleti","7":"product_cat-prirodne-mydla","8":"desktop-align-center","9":"tablet-align-center","10":"mobile-align-center","12":"first","13":"instock","14":"taxable","15":"shipping-taxable","16":"purchasable","17":"product-type-simple"},"_links":{"self":[{"href":"https:\/\/mmtest1.top\/index.php?rest_route=\/wp\/v2\/product\/1369","targetHints":{"allow":["GET"]}}],"collection":[{"href":"https:\/\/mmtest1.top\/index.php?rest_route=\/wp\/v2\/product"}],"about":[{"href":"https:\/\/mmtest1.top\/index.php?rest_route=\/wp\/v2\/types\/product"}],"replies":[{"embeddable":true,"href":"https:\/\/mmtest1.top\/index.php?rest_route=%2Fwp%2Fv2%2Fcomments&post=1369"}],"wp:featuredmedia":[{"embeddable":true,"href":"https:\/\/mmtest1.top\/index.php?rest_route=\/wp\/v2\/media\/1370"}],"wp:attachment":[{"href":"https:\/\/mmtest1.top\/index.php?rest_route=%2Fwp%2Fv2%2Fmedia&parent=1369"}],"wp:term":[{"taxonomy":"product_cat","embeddable":true,"href":"https:\/\/mmtest1.top\/index.php?rest_route=%2Fwp%2Fv2%2Fproduct_cat&post=1369"},{"taxonomy":"product_tag","embeddable":true,"href":"https:\/\/mmtest1.top\/index.php?rest_route=%2Fwp%2Fv2%2Fproduct_tag&post=1369"}],"curies":[{"name":"wp","href":"https:\/\/api.w.org\/{rel}","templated":true}]}}