{"id":1363,"date":"2024-02-14T08:54:30","date_gmt":"2024-02-14T07:54:30","guid":{"rendered":"https:\/\/mmtest1.top\/?post_type=product&#038;p=1363"},"modified":"2024-02-14T08:54:30","modified_gmt":"2024-02-14T07:54:30","slug":"carbone-prirodne-cistiace-mydlo-s-aktivnym-uhlim","status":"publish","type":"product","link":"https:\/\/mmtest1.top\/?product=carbone-prirodne-cistiace-mydlo-s-aktivnym-uhlim","title":{"rendered":"CARBONE &#8211; PR\u00cdRODN\u00c9 \u010cISTIACE MYDLO S AKT\u00cdVNYM UHL\u00cdM"},"content":{"rendered":"<p><strong>Tuh\u00e9 mydlo je neodmyslite\u013enou s\u00fa\u010das\u0165ou ka\u017edej dom\u00e1cnosti<\/strong>.\u00a0<strong>Pr\u00edrodn\u00e9 mydl\u00e1 Soaphoria vytvoren\u00e9 z \u010disto pr\u00edrodn\u00fdch surov\u00edn<\/strong>, zabalen\u00e9 v eko certifikovanej papierovej \u0161katu\u013eke povy\u0161uj\u00fa dennodenn\u00e9 o\u010distn\u00e9 ritu\u00e1ly na zmyslov\u00e9 z\u00e1\u017eitky.\u00a0<strong>Sprchov\u00e9 mydlo poskytuje nad\u0161tandardn\u00fa starostlivos\u0165 a prin\u00e1\u0161a pote\u0161enie pri ka\u017edom pou\u017eit\u00ed.<\/strong>\u00a0Pridan\u00e9 zvl\u00e1\u010d\u0148uj\u00face oleje a masl\u00e1 spolu s blahodarn\u00fdmi rastlinn\u00fdmi extraktmi\u00a0<strong>rozmazn\u00e1vaj\u00fa poko\u017eku a pom\u00e1haj\u00fa udr\u017eiava\u0165 jej zdravie a vitalitu.<\/strong><\/p>\n<p><strong>HLAVN\u00c9 ZLO\u017dKY<\/strong><br \/>\n&gt;\u00a0<strong>akt\u00edvne uhlie<\/strong>\u00a0\u2013 vyh\u013ead\u00e1van\u00e1 a \u00fa\u010dinn\u00e1 zbra\u0148 v boji proti akn\u00e9, vyu\u017e\u00edva sa v\u010faka svojim vysoko absorb\u010dn\u00fdm a \u010distiacim schopnostiam<br \/>\n&gt;\u00a0<strong>\u010dajovn\u00edkov\u00fd a rakytn\u00edkov\u00fd olej<\/strong>\u00a0\u2013 dvojica olejov sa ide\u00e1lne dop\u013a\u0148a, poko\u017eku zjednocuj\u00fa, pre\u010dis\u0165uj\u00fa a ochra\u0148uj\u00fa pred ne\u017eiad\u00facimi prejavmi<\/p>\n<p><strong>OBSAH<\/strong><br \/>\ncca 110g<\/p>\n<p><strong>N\u00c1\u0160 TIP<\/strong><br \/>\nPou\u017eite pr\u00edrodn\u00e9 tuh\u00e9 mydlo ako zero waste alternat\u00edvu sprchovacieho g\u00e9lu. Poko\u017eku kr\u00e1sne o\u010dist\u00ed a prevonia.<br \/>\nDizajnov\u00e9 mydielko na um\u00fdvadle naozaj vynikne, rozvonia a dotvor\u00ed atmosf\u00e9ru ka\u017edej k\u00fape\u013ene.<br \/>\nPr\u00edrodn\u00e9 mydlo Soaphoria je kr\u00e1snym a u\u017eito\u010dn\u00fdm dar\u010dekom pre v\u0161etk\u00fdch milovn\u00edkov pr\u00edrody.<br \/>\nPo pou\u017eit\u00ed uchov\u00e1vajte mydlo na suchom mieste bez kontaktu s vodou.<\/p>\n<p><strong>V\u00d4\u0147A V\u00ddROBKU<\/strong><br \/>\nMydielko carbone vonia jemne po \u010dajovn\u00edkovom oleji.<\/p>\n<p><strong>FARBA V\u00ddROBKU<\/strong><br \/>\nV\u00fdrobok bez obsahu syntetick\u00fdch farb\u00edv v\u010fa\u010d\u00ed za svoje tmavosiv\u00e9 sfarbenie pr\u00e1ve obsahu akt\u00edvneho uhlia.<\/p>\n<p><strong>KONZISTENCIA V\u00ddROBKU<\/strong><br \/>\nPr\u00edrodn\u00e9 mydlo m\u00e1 tuh\u00fa konzistenciu.<\/p>\n<p><strong>OBAL V\u00ddROBKU A N\u00c1VRH NA RECYKL\u00c1CIU<\/strong><br \/>\nV\u00fdrobok je balen\u00fd v zero waste papierovej krabi\u010dke opatrenej eko-certifik\u00e1tmi FSC, CN, Green-e a Recycled Content, s papierovou etiketou potla\u010denou biologicky \u013eahko odb\u00farate\u013en\u00fdm farbivom. Obal v\u00fdrobku m\u00f4\u017eete po jeho spotrebovan\u00ed jednoducho skompostova\u0165, alebo vhodi\u0165 do modr\u00e9ho kontajnera ur\u010den\u00e9ho na zber papierov\u00e9ho trieden\u00e9ho odpadu.<br \/>\n\u010co znamenaj\u00fa jednotliv\u00e9 certifik\u00e1ty?<br \/>\n&gt;\u00a0<a href=\"https:\/\/fsc.org\/en\">FSC<\/a>\u00a0(Forest Stewardship Council) &#8211; Zaru\u010duje, \u017ee drevo pou\u017eit\u00e9 na v\u00fdrobu papiera bolo vy\u0165a\u017een\u00e9 zodpovedne s oh\u013eadom na trval\u00fa udr\u017eate\u013enos\u0165 lesa, \u017eivotn\u00e9 prostredie a miestnu komunitu.<br \/>\n&gt;\u00a0<a href=\"https:\/\/www.carbonneutral.com\/\">CN<\/a>\u00a0(Made Carbon Neutral) &#8211; Ozna\u010denie CN na\u010d\u00ed z\u00e1v\u00e4zok podporova\u0165 starostlivos\u0165 o na\u0161u kl\u00edmu a \u017eivotn\u00e9 prostredie prostredn\u00edctvom uhl\u00edkov\u00fdch kreditov alebo v\u00fdsadby plant\u00e1\u017e\u00ed, ktor\u00e9 s\u013eubuj\u00fa \u010fal\u0161ie zn\u00ed\u017eenie emisi\u00ed pod priamym doh\u013eadom nez\u00e1vislej in\u0161tit\u00facie.<br \/>\n&gt;\u00a0<a href=\"https:\/\/www.green-e.org\/\">Green-e<\/a>\u00a0&#8211; Pri v\u00fdrobe sa pou\u017e\u00edva v\u00fdhradne vetern\u00e1 energia \u0161etrn\u00e1 k na\u0161ej plan\u00e9te.<br \/>\n&gt;\u00a0<a href=\"https:\/\/www.scsglobalservices.com\/services\/recycled-content-certification\">Recyklovan\u00fd pomer\u00a0<\/a>(Recycled content) &#8211; Na v\u00fdrobu \u0161katuliek sa vyu\u017e\u00edva tak vysok\u00e9 percento recyklovan\u00e9ho materi\u00e1lu, ako sa len d\u00e1.<\/p>\n<p><img decoding=\"async\" src=\"https:\/\/www.soaphoria.sk\/img\/cms\/certifikaty-krabicky(1).jpg\" alt=\"certifikaty-krabicky.jpg\" width=\"166\" height=\"41\" \/><\/p>\n<p><strong>APLIK\u00c1CIA<\/strong><br \/>\nPrimeran\u00e9 mno\u017estvo pr\u00edpravku naneste na mokr\u00fa poko\u017eku a kr\u00fa\u017eiv\u00fdmi pohybmi vytvorte penu, n\u00e1sledne opl\u00e1chnite vodou vhodnej teploty.<\/p>\n<p><strong>UPOZORNENIA<\/strong><br \/>\nUr\u010den\u00e9 na ka\u017edodenn\u00e9 pou\u017eitie. Uchov\u00e1vajte mimo dosahu det\u00ed. Skladujte na chladnom a suchom mieste, pri teplote do +30\u00b0C a nevystavujte priamemu slne\u010dn\u00e9mu \u017eiareniu a mrazu. Nepou\u017e\u00edva\u0165 na otvoren\u00e9 rany. Pri zasiahnut\u00ed o\u010d\u00ed vyplachujte vla\u017enou vodou po dobu minim\u00e1lne 15 min\u00fat bez preru\u0161enia smerom od vn\u00fatorn\u00e9ho k\u00fatika k vonkaj\u0161iemu (v pr\u00edpade nosenia kontaktn\u00fdch \u0161o\u0161oviek ich odstr\u00e1ni\u0165 vopred). Ak d\u00f4jde k podr\u00e1\u017edeniu, vyh\u013eadajte lek\u00e1rsku pomoc.<br \/>\nPred prv\u00fdm pou\u017eit\u00edm sa odpor\u00fa\u010da previes\u0165 tzv. Patch test, t. j. aplikova\u0165 a otestova\u0165 kozmetick\u00fd pr\u00edpravok na jeho zn\u00e1\u0161anlivos\u0165 na malej pl\u00f4\u0161ke poko\u017eky, najlep\u0161ie na z\u00e1p\u00e4st\u00ed a po\u010dka\u0165 24h. Touto met\u00f3dou sa m\u00f4\u017ee pred\u00eds\u0165 n\u00e1stupu alergick\u00fdch reakci\u00ed a precitlivenosti na dan\u00fd v\u00fdrobok. Ak po aplik\u00e1cii sa prejav\u00ed alergick\u00e1 reakcia, povrch poko\u017eky zmyte vla\u017enou vodou. V\u00fdrobok okam\u017eite presta\u0148te pou\u017e\u00edva\u0165. Ak alergick\u00e1 reakcia pretrv\u00e1 po dlh\u0161iu dobu vyh\u013eadajte lek\u00e1rsku pomoc.<\/p>\n<p><strong>ZLO\u017dENIE<\/strong><br \/>\nAqua (voda), Cocos Nucifera Oil (kokosov\u00fd olej)*, Olea Europaea Fruit Oil (olivov\u00fd olej)*, Glycerin (glycer\u00edn rastlinn\u00e9ho p\u00f4vodu)*, Sucrose (sachar\u00f3za)*, Decyl Glucoside (povrchovo akt\u00edvna zlo\u017eka rastlinn\u00e9ho p\u00f4vodu), Activated Charcoal (akt\u00edvne uhlie)*, Melaleuca Alternifolia Leaf Extract (\u010dajovn\u00edkov\u00fd olej)*, Hippophae Rhamnoides Oil (rakytn\u00edkov\u00fd olej)*, Sodium Chloride (kuchynsk\u00e1 so\u013e)*, Citric Acid (kyselina citr\u00f3nov\u00e1)*, Sodium Citrate, Sodium Hydroxide (hydroxid sodn\u00fd)<br \/>\n*certifikovan\u00e1 organick\u00e1 zlo\u017eka<\/p>\n","protected":false},"excerpt":{"rendered":"<p><strong>Vegan \u010distiace mydlo s akt\u00edvnym uhl\u00edm<\/strong>, alebo aj<strong>\u00a0\u201e\u010dierne mydlo na akn\u00e9\u201c<\/strong>, ako ho mnoh\u00ed Soaphoristi naz\u00fdvaj\u00fa, predstavuje\u00a0<strong>\u0161peci\u00e1lne pr\u00edrodn\u00e9 mydlo s akt\u00edvnym uhl\u00edm, \u010dajovn\u00edkov\u00fdm a rakytn\u00edkov\u00fdm olejom<\/strong>, ktor\u00e9ho \u00falohou je\u00a0<strong>vy\u010disti\u0165 ple\u0165 a pom\u00f4c\u0165 pri probl\u00e9moch s akn\u00e9, vyr\u00e1\u017ekami a opakuj\u00facimi sa ko\u017en\u00fdmi nedostatkami<\/strong>. \u010cierne uhlie sa v<strong>yzna\u010duje vysokou absorb\u010dnou schopnos\u0165ou a teda nas\u00e1va tox\u00edny<\/strong>, zatia\u013e \u010do\u00a0<strong>\u010dajovn\u00edkov\u00fd olej posl\u00fa\u017ei antiseptick\u00fdmi a s\u0165ahuj\u00facimi \u00fa\u010dinkami<\/strong>. V kombin\u00e1cii\u00a0<strong>s rakytn\u00edkov\u00fdm olejom tieto zlo\u017eky kr\u00e1sne zabojuj\u00fa s ko\u017en\u00fdmi nedokonalos\u0165ami<\/strong>, jemne upravia zv\u00fd\u0161en\u00fa tvorbu ko\u017en\u00e9ho mazu a t\u00fdm\u00a0<strong>pom\u00f4\u017eu predch\u00e1dza\u0165 op\u00e4tovn\u00e9mu v\u00fdskytu akn\u00e9<\/strong>\u00a0v d\u00f4sledku zan\u00e1\u0161ania p\u00f3rov.\u00a0<strong>Poko\u017eka sa pravideln\u00fdm pou\u017e\u00edvan\u00edm \u00fa\u010dinne \u010dist\u00ed,<\/strong>\u00a0upravuje sa jej t\u00f3nus, zbavuje sa prebyto\u010dnej mastnoty a na poh\u013ead sa roz\u017eiaruje kr\u00e1sou a zdrav\u00edm.<\/p>\n<p><strong>Carbone \u2013 \u010dierne mydlo na \u010distenie pleti<\/strong>\u00a0je ide\u00e1lne\u00a0<strong>pre mastn\u00fa a zmie\u0161an\u00fa, problematick\u00fa a akn\u00f3znu poko\u017eku<\/strong>.<\/p>\n<p>&gt; vegan pr\u00edrodn\u00e9 zlo\u017eenie mydla bez sulf\u00e1tov jemne, ale \u00fa\u010dinne \u010dist\u00ed a pritom re\u0161pektuje prirodzen\u00fa bari\u00e9ru poko\u017eky<br \/>\n&gt; starostlivo vyberan\u00e9 pr\u00edrodn\u00e9 zlo\u017eky podporuj\u00fa rovnov\u00e1hu poko\u017eky a pravideln\u00fdm pou\u017e\u00edvan\u00edm ju zbavuj\u00fa zanesen\u00fdch ne\u010dist\u00f4t, ktor\u00e9 sp\u00f4sobuj\u00fa ko\u017en\u00e9 probl\u00e9my<br \/>\n&gt; bez \u017eivo\u010d\u00ed\u0161nych tukov, sulf\u00e1tov, silik\u00f3nov, ropn\u00fdch deriv\u00e1tov, syntetick\u00fdch farb\u00edv a parf\u00e9mov<br \/>\n&gt; \u010dierne akt\u00edvne uhlie \u00fa\u010dinne \u201enas\u00e1va\u201c ne\u010distoty a tox\u00edny, \u010dist\u00ed p\u00f3ry a bojuje proti \u010diernym bodk\u00e1m<br \/>\n&gt; \u010dajovn\u00edkov\u00fd olej vyzna\u010duj\u00faci sa antiseptick\u00fdmi a antibakteri\u00e1lnymi \u00fa\u010dinkami podporuje rovnov\u00e1hu a p\u00f4sob\u00ed priaznivo na elimin\u00e1ciu vyr\u00e1\u017eok a akn\u00e9<br \/>\n&gt; rakytn\u00edkov\u00fd olej sa podie\u013ea na elimin\u00e1cii z\u00e1palov\u00fdch procesov, regeneruje ko\u017en\u00e9 bunky a napom\u00e1ha predch\u00e1dza\u0165 op\u00e4tovn\u00e9mu v\u00fdskytu problematick\u00fdch prejavov<\/p>\n","protected":false},"featured_media":1364,"comment_status":"open","ping_status":"closed","template":"","meta":{"site-sidebar-layout":"default","site-content-layout":"","ast-site-content-layout":"default","site-content-style":"default","site-sidebar-style":"default","ast-global-header-display":"","ast-banner-title-visibility":"","ast-main-header-display":"","ast-hfb-above-header-display":"","ast-hfb-below-header-display":"","ast-hfb-mobile-header-display":"","site-post-title":"","ast-breadcrumbs-content":"","ast-featured-img":"","footer-sml-layout":"","theme-transparent-header-meta":"default","adv-header-id-meta":"","stick-header-meta":"","header-above-stick-meta":"","header-main-stick-meta":"","header-below-stick-meta":"","astra-migrate-meta-layouts":"set","ast-page-background-enabled":"default","ast-page-background-meta":{"desktop":{"background-color":"var(--ast-global-color-4)","background-image":"","background-repeat":"repeat","background-position":"center center","background-size":"auto","background-attachment":"scroll","background-type":"","background-media":"","overlay-type":"","overlay-color":"","overlay-opacity":"","overlay-gradient":""},"tablet":{"background-color":"","background-image":"","background-repeat":"repeat","background-position":"center center","background-size":"auto","background-attachment":"scroll","background-type":"","background-media":"","overlay-type":"","overlay-color":"","overlay-opacity":"","overlay-gradient":""},"mobile":{"background-color":"","background-image":"","background-repeat":"repeat","background-position":"center center","background-size":"auto","background-attachment":"scroll","background-type":"","background-media":"","overlay-type":"","overlay-color":"","overlay-opacity":"","overlay-gradient":""}},"ast-content-background-meta":{"desktop":{"background-color":"var(--ast-global-color-5)","background-image":"","background-repeat":"repeat","background-position":"center center","background-size":"auto","background-attachment":"scroll","background-type":"","background-media":"","overlay-type":"","overlay-color":"","overlay-opacity":"","overlay-gradient":""},"tablet":{"background-color":"var(--ast-global-color-5)","background-image":"","background-repeat":"repeat","background-position":"center center","background-size":"auto","background-attachment":"scroll","background-type":"","background-media":"","overlay-type":"","overlay-color":"","overlay-opacity":"","overlay-gradient":""},"mobile":{"background-color":"var(--ast-global-color-5)","background-image":"","background-repeat":"repeat","background-position":"center center","background-size":"auto","background-attachment":"scroll","background-type":"","background-media":"","overlay-type":"","overlay-color":"","overlay-opacity":"","overlay-gradient":""}}},"product_cat":[34,61],"product_tag":[],"class_list":{"0":"post-1363","1":"product","2":"type-product","3":"status-publish","4":"has-post-thumbnail","6":"product_cat-cistenie-a-odlicenie-pleti","7":"product_cat-prirodne-mydla","8":"desktop-align-center","9":"tablet-align-center","10":"mobile-align-center","12":"first","13":"instock","14":"taxable","15":"shipping-taxable","16":"purchasable","17":"product-type-simple"},"_links":{"self":[{"href":"https:\/\/mmtest1.top\/index.php?rest_route=\/wp\/v2\/product\/1363","targetHints":{"allow":["GET"]}}],"collection":[{"href":"https:\/\/mmtest1.top\/index.php?rest_route=\/wp\/v2\/product"}],"about":[{"href":"https:\/\/mmtest1.top\/index.php?rest_route=\/wp\/v2\/types\/product"}],"replies":[{"embeddable":true,"href":"https:\/\/mmtest1.top\/index.php?rest_route=%2Fwp%2Fv2%2Fcomments&post=1363"}],"wp:featuredmedia":[{"embeddable":true,"href":"https:\/\/mmtest1.top\/index.php?rest_route=\/wp\/v2\/media\/1364"}],"wp:attachment":[{"href":"https:\/\/mmtest1.top\/index.php?rest_route=%2Fwp%2Fv2%2Fmedia&parent=1363"}],"wp:term":[{"taxonomy":"product_cat","embeddable":true,"href":"https:\/\/mmtest1.top\/index.php?rest_route=%2Fwp%2Fv2%2Fproduct_cat&post=1363"},{"taxonomy":"product_tag","embeddable":true,"href":"https:\/\/mmtest1.top\/index.php?rest_route=%2Fwp%2Fv2%2Fproduct_tag&post=1363"}],"curies":[{"name":"wp","href":"https:\/\/api.w.org\/{rel}","templated":true}]}}