{"id":1361,"date":"2024-02-14T08:50:49","date_gmt":"2024-02-14T07:50:49","guid":{"rendered":"https:\/\/mmtest1.top\/?post_type=product&#038;p=1361"},"modified":"2025-11-29T06:12:23","modified_gmt":"2025-11-29T05:12:23","slug":"cista-aloe-prirodne-mydlo","status":"publish","type":"product","link":"https:\/\/mmtest1.top\/?product=cista-aloe-prirodne-mydlo","title":{"rendered":"\u010cIST\u00c1 ALOE &#8211; PR\u00cdRODN\u00c9 MYDLO"},"content":{"rendered":"<p>Tuh\u00e9 mydlo je neodmyslite\u013enou s\u00fa\u010das\u0165ou ka\u017edej dom\u00e1cnosti.\u00a0<strong>Pr\u00edrodn\u00e9 mydl\u00e1 Soaphoria vytvoren\u00e9 z \u010disto pr\u00edrodn\u00fdch surov\u00edn, zabalen\u00e9 v eko certifikovanej papierovej \u0161katu\u013eke povy\u0161uj\u00fa dennodenn\u00e9 o\u010distn\u00e9 ritu\u00e1ly na zmyslov\u00e9 z\u00e1\u017eitky<\/strong>. Sprchov\u00e9 mydlo\u00a0<strong>poskytuje nad\u0161tandardn\u00fa starostlivos\u0165 a prin\u00e1\u0161a pote\u0161enie pri ka\u017edom pou\u017eit\u00ed<\/strong>. Pridan\u00e9 zvl\u00e1\u010d\u0148uj\u00face oleje a masl\u00e1 spolu s blahodarn\u00fdmi rastlinn\u00fdmi extraktmi rozmazn\u00e1vaj\u00fa poko\u017eku a pom\u00e1haj\u00fa udr\u017eiava\u0165 jej zdravie a vitalitu.<\/p>\n<p><strong>HLAVN\u00c9 ZLO\u017dKY<\/strong><br \/>\n&gt;\u00a0<strong>aloe vera<\/strong>\u00a0\u2013 zn\u00e1ma antiseptick\u00fdmi a regenera\u010dn\u00fdmi vlastnos\u0165ami, upokojuje a zjem\u0148uje, podporuje hydrat\u00e1ciu a zmier\u0148uje prejavy podr\u00e1\u017edenia<br \/>\n&gt;\u00a0<strong>olivov\u00fd olej<\/strong>\u00a0 &#8211; v\u00fdborne hydratuje a zm\u00e4k\u010duje, ide\u00e1lne sa hod\u00ed pre o\u0161etrenie suchej, popraskanej a podr\u00e1\u017edenej poko\u017eky<\/p>\n<p><strong>OBSAH<\/strong><br \/>\ncca 110g<\/p>\n<p><strong>N\u00c1\u0160 TIP<\/strong><br \/>\nPou\u017eite pr\u00edrodn\u00e9 tuh\u00e9 mydlo ako zero waste alternat\u00edvu sprchovacieho g\u00e9lu. Poko\u017eku kr\u00e1sne o\u010dist\u00ed a prevonia.<br \/>\nDizajnov\u00e9 mydielko na um\u00fdvadle naozaj vynikne, rozvonia a dotvor\u00ed atmosf\u00e9ru ka\u017edej k\u00fape\u013ene.<br \/>\nPr\u00edrodn\u00e9 mydlo Soaphoria je kr\u00e1snym a u\u017eito\u010dn\u00fdm dar\u010dekom pre v\u0161etk\u00fdch milovn\u00edkov pr\u00edrody.<br \/>\nPo pou\u017eit\u00ed uchov\u00e1vajte mydlo na suchom mieste bez kontaktu s vodou.<\/p>\n<p><strong>ODPOR\u00da\u010cAME KOMBINOVA\u0164<\/strong><br \/>\nOrganick\u00e9 tuh\u00e9 mydlo odpor\u00fa\u010dame kombinova\u0165 so soaphoristick\u00fdmi lah\u00f4dkami ako pr\u00edrodn\u00e9 telov\u00e9 kr\u00e9my a balzamy. V\u00fdborn\u00fdm doplnkom m\u00f4\u017ee by\u0165 i organick\u00fd sprchovac\u00ed g\u00e9l alebo pena.<\/p>\n<p><strong>V\u00d4\u0147A V\u00ddROBKU<\/strong><br \/>\n\u013dahk\u00e1, skoro nebadate\u013en\u00e1 unisex v\u00f4\u0148a, vhodn\u00e1 pre alergikov, deti od 24m+ a dospel\u00fdch, ktor\u00fdm nelichotia siln\u00e9 vonn\u00e9 kompoz\u00edcie.<\/p>\n<p><strong>FARBA V\u00ddROBKU<\/strong><br \/>\nV\u00fdrobok bez obsahu syntetick\u00fdch farb\u00edv v\u010fa\u010d\u00ed za svoje zelenkast\u00e9 sfarbenie v\u00fdhradne pr\u00edrodn\u00fdm rastlinn\u00fdm extraktom a pr\u00e1\u0161kom.<\/p>\n<p><strong>KONZISTENCIA V\u00ddROBKU<\/strong><br \/>\nPr\u00edrodn\u00e9 mydlo m\u00e1 tuh\u00fa konzistenciu.<\/p>\n<p><strong>OBAL V\u00ddROBKU A N\u00c1VRH NA RECYKL\u00c1CIU<\/strong><br \/>\nV\u00fdrobok je balen\u00fd v zero waste papierovej krabi\u010dke opatrenej eko-certifik\u00e1tmi FSC, CN, Green-e a Recycled Content, s papierovou etiketou potla\u010denou biologicky \u013eahko odb\u00farate\u013en\u00fdm farbivom. Obal v\u00fdrobku m\u00f4\u017eete po jeho spotrebovan\u00ed jednoducho skompostova\u0165, alebo vhodi\u0165 do modr\u00e9ho kontajnera ur\u010den\u00e9ho na zber papierov\u00e9ho trieden\u00e9ho odpadu.<br \/>\n\u010co znamenaj\u00fa jednotliv\u00e9 certifik\u00e1ty?<br \/>\n&gt;\u00a0<a href=\"https:\/\/fsc.org\/en\">FSC<\/a>\u00a0(Forest Stewardship Council) &#8211; Zaru\u010duje, \u017ee drevo pou\u017eit\u00e9 na v\u00fdrobu papiera bolo vy\u0165a\u017een\u00e9 zodpovedne s oh\u013eadom na trval\u00fa udr\u017eate\u013enos\u0165 lesa, \u017eivotn\u00e9 prostredie a miestnu komunitu.<br \/>\n&gt;\u00a0<a href=\"https:\/\/www.carbonneutral.com\/\">CN<\/a>\u00a0(Made Carbon Neutral) &#8211; Ozna\u010denie CN na\u010d\u00ed z\u00e1v\u00e4zok podporova\u0165 starostlivos\u0165 o na\u0161u kl\u00edmu a \u017eivotn\u00e9 prostredie prostredn\u00edctvom uhl\u00edkov\u00fdch kreditov alebo v\u00fdsadby plant\u00e1\u017e\u00ed, ktor\u00e9 s\u013eubuj\u00fa \u010fal\u0161ie zn\u00ed\u017eenie emisi\u00ed pod priamym doh\u013eadom nez\u00e1vislej in\u0161tit\u00facie.<br \/>\n&gt;\u00a0<a href=\"https:\/\/www.green-e.org\/\">Green-e<\/a>\u00a0&#8211; Pri v\u00fdrobe sa pou\u017e\u00edva v\u00fdhradne vetern\u00e1 energia \u0161etrn\u00e1 k na\u0161ej plan\u00e9te.<br \/>\n&gt;\u00a0<a href=\"https:\/\/www.scsglobalservices.com\/services\/recycled-content-certification\">Recyklovan\u00fd pomer\u00a0<\/a>(Recycled content) &#8211; Na v\u00fdrobu \u0161katuliek sa vyu\u017e\u00edva tak vysok\u00e9 percento recyklovan\u00e9ho materi\u00e1lu, ako sa len d\u00e1.<\/p>\n<p><img decoding=\"async\" src=\"https:\/\/www.soaphoria.sk\/img\/cms\/certifikaty-krabicky(1).jpg\" alt=\"certifikaty-krabicky.jpg\" width=\"166\" height=\"41\" \/><\/p>\n<p><strong>APLIK\u00c1CIA<\/strong><br \/>\nPrimeran\u00e9 mno\u017estvo pr\u00edpravku naneste na mokr\u00fa poko\u017eku a kr\u00fa\u017eiv\u00fdmi pohybmi vytvorte penu, n\u00e1sledne opl\u00e1chnite vodou vhodnej teploty.<\/p>\n<p><strong>UPOZORNENIA<\/strong><br \/>\nUr\u010den\u00e9 na ka\u017edodenn\u00e9 pou\u017eitie. Uchov\u00e1vajte mimo dosahu det\u00ed. Skladujte na chladnom a suchom mieste, pri teplote do +30\u00b0C a nevystavujte priamemu slne\u010dn\u00e9mu \u017eiareniu a mrazu. Nepou\u017e\u00edva\u0165 na otvoren\u00e9 rany. Pri zasiahnut\u00ed o\u010d\u00ed vyplachujte vla\u017enou vodou po dobu minim\u00e1lne 15 min\u00fat bez preru\u0161enia smerom od vn\u00fatorn\u00e9ho k\u00fatika k vonkaj\u0161iemu (v pr\u00edpade nosenia kontaktn\u00fdch \u0161o\u0161oviek ich odstr\u00e1ni\u0165 vopred). Ak d\u00f4jde k podr\u00e1\u017edeniu, vyh\u013eadajte lek\u00e1rsku pomoc.<br \/>\nPred prv\u00fdm pou\u017eit\u00edm sa odpor\u00fa\u010da previes\u0165 tzv. Patch test, t. j. aplikova\u0165 a otestova\u0165 kozmetick\u00fd pr\u00edpravok na jeho zn\u00e1\u0161anlivos\u0165 na malej pl\u00f4\u0161ke poko\u017eky, najlep\u0161ie na z\u00e1p\u00e4st\u00ed a po\u010dka\u0165 24h. Touto met\u00f3dou sa m\u00f4\u017ee pred\u00eds\u0165 n\u00e1stupu alergick\u00fdch reakci\u00ed a precitlivenosti na dan\u00fd v\u00fdrobok. Ak po aplik\u00e1cii sa prejav\u00ed alergick\u00e1 reakcia, povrch poko\u017eky zmyte vla\u017enou vodou. V\u00fdrobok okam\u017eite presta\u0148te pou\u017e\u00edva\u0165. Ak alergick\u00e1 reakcia pretrv\u00e1 po dlh\u0161iu dobu vyh\u013eadajte lek\u00e1rsku pomoc.<\/p>\n<p><strong>ZLO\u017dENIE<\/strong><br \/>\nAqua (voda), Cocos Nucifera Oil (kokosov\u00fd olej)*, Olea Europaea Fruit Oil (olivov\u00fd olej)*, Glycerin (glycer\u00edn rastlinn\u00e9ho p\u00f4vodu)*, Sucrose (sachar\u00f3za)*, Decyl Glucoside (povrchovo akt\u00edvna zlo\u017eka rastlinn\u00e9ho p\u00f4vodu), Aloe Barbadensis Leaf Juice Powder (aloa prav\u00e1)*, Sodium Chloride (kuchynsk\u00e1 so\u013e)*, Citric Acid (kyselina citr\u00f3nov\u00e1)*, Sodium Citrate, Sodium Hydroxide (hydroxid sodn\u00fd), Titanium Dioxide (miner\u00e1lna farbiaca zlo\u017eka), Spirulina Maxima Powder (pr\u00e1\u0161ok zo spiruliny)<\/p>\n<p>*certifikovan\u00e1 organick\u00e1 zlo\u017eka<\/p>\n","protected":false},"excerpt":{"rendered":"<p>Kr\u00e1sa a sila pr\u00edrody ukryt\u00e1 v unik\u00e1tnom,\u00a0<strong>ru\u010dne vyrobenom mydle<\/strong>.\u00a0<strong>Vegan pr\u00edrodn\u00e9 mydlo vytvoren\u00e9 z organick\u00fdch rastlinn\u00fdch olejov a masiel a rastlinn\u00e9ho glycer\u00ednu nevysu\u0161uje a nedr\u00e1\u017edi poko\u017eku<\/strong>. \u00da\u010dinne ale z\u00e1rove\u0148 \u0161etrne \u010dist\u00ed a pritom\u00a0<strong>re\u0161pektuje prirodzen\u00fa ochrann\u00fa bari\u00e9ru<\/strong>\u00a0poko\u017eky. Zvl\u00e1\u010d\u0148uje a pom\u00e1ha udr\u017eiava\u0165 spr\u00e1vnu hladinu hydrat\u00e1cie.\u00a0<strong>Aloe vera upokoj\u00ed podr\u00e1\u017edenie, zjemn\u00ed a podpor\u00ed hydrat\u00e1ciu poko\u017eky<\/strong>. Vyzna\u010duje sa antiseptick\u00fdm a vysoko regenera\u010dn\u00fdm \u00fa\u010dinkom.<\/p>\n<p><strong>Pr\u00edrodn\u00e9 mydlo s aloe vera<\/strong>\u00a0je ide\u00e1lne\u00a0<strong>pre such\u00fa, podr\u00e1\u017eden\u00fa, ekzematick\u00fa psoriatick\u00fa poko\u017eku a poko\u017eku trpiacu dermatit\u00eddou<\/strong>.<\/p>\n<p>&gt; vegan pr\u00edrodn\u00e9 zlo\u017eenie mydla bez sulf\u00e1tov jemne, ale \u00fa\u010dinne \u010dist\u00ed a pritom re\u0161pektuje prirodzen\u00fa bari\u00e9ru poko\u017eky<br \/>\n&gt; nedr\u00e1\u017edi a nevysu\u0161uje, v\u010faka starostlivo vyberan\u00fdm pr\u00edrodn\u00fdm zlo\u017ek\u00e1m napom\u00e1ha udr\u017eiava\u0165 poko\u017eku hydratovan\u00fa a vy\u017eiven\u00fa<br \/>\n&gt;bez \u017eivo\u010d\u00ed\u0161nych tukov, sulf\u00e1tov, silik\u00f3nov, ropn\u00fdch deriv\u00e1tov, syntetick\u00fdch farb\u00edv a parf\u00e9mov<br \/>\n&gt; aloe vera zjem\u0148uje a upokojuje podr\u00e1\u017edenie, zmier\u0148uje svrbenie a podporuje regenera\u010dn\u00e9 procesy<br \/>\n&gt; jemn\u00e1 v\u00f4\u0148a, ktor\u00fa mydielku dod\u00e1vaj\u00fa \u010disto pr\u00edrodn\u00e9 esenci\u00e1lne oleje rozmazn\u00e1va myse\u013e<br \/>\n&gt; ide\u00e1lne pr\u00edrodn\u00e9 mydlo na such\u00fa, citliv\u00fa \u010di podr\u00e1\u017eden\u00fa poko\u017eku<\/p>\n","protected":false},"featured_media":1362,"comment_status":"open","ping_status":"closed","template":"","meta":{"site-sidebar-layout":"default","site-content-layout":"","ast-site-content-layout":"default","site-content-style":"default","site-sidebar-style":"default","ast-global-header-display":"","ast-banner-title-visibility":"","ast-main-header-display":"","ast-hfb-above-header-display":"","ast-hfb-below-header-display":"","ast-hfb-mobile-header-display":"","site-post-title":"","ast-breadcrumbs-content":"","ast-featured-img":"","footer-sml-layout":"","theme-transparent-header-meta":"default","adv-header-id-meta":"","stick-header-meta":"","header-above-stick-meta":"","header-main-stick-meta":"","header-below-stick-meta":"","astra-migrate-meta-layouts":"set","ast-page-background-enabled":"default","ast-page-background-meta":{"desktop":{"background-color":"var(--ast-global-color-4)","background-image":"","background-repeat":"repeat","background-position":"center center","background-size":"auto","background-attachment":"scroll","background-type":"","background-media":"","overlay-type":"","overlay-color":"","overlay-opacity":"","overlay-gradient":""},"tablet":{"background-color":"","background-image":"","background-repeat":"repeat","background-position":"center center","background-size":"auto","background-attachment":"scroll","background-type":"","background-media":"","overlay-type":"","overlay-color":"","overlay-opacity":"","overlay-gradient":""},"mobile":{"background-color":"","background-image":"","background-repeat":"repeat","background-position":"center center","background-size":"auto","background-attachment":"scroll","background-type":"","background-media":"","overlay-type":"","overlay-color":"","overlay-opacity":"","overlay-gradient":""}},"ast-content-background-meta":{"desktop":{"background-color":"var(--ast-global-color-5)","background-image":"","background-repeat":"repeat","background-position":"center center","background-size":"auto","background-attachment":"scroll","background-type":"","background-media":"","overlay-type":"","overlay-color":"","overlay-opacity":"","overlay-gradient":""},"tablet":{"background-color":"var(--ast-global-color-5)","background-image":"","background-repeat":"repeat","background-position":"center center","background-size":"auto","background-attachment":"scroll","background-type":"","background-media":"","overlay-type":"","overlay-color":"","overlay-opacity":"","overlay-gradient":""},"mobile":{"background-color":"var(--ast-global-color-5)","background-image":"","background-repeat":"repeat","background-position":"center center","background-size":"auto","background-attachment":"scroll","background-type":"","background-media":"","overlay-type":"","overlay-color":"","overlay-opacity":"","overlay-gradient":""}}},"product_cat":[61],"product_tag":[],"class_list":{"0":"post-1361","1":"product","2":"type-product","3":"status-publish","4":"has-post-thumbnail","6":"product_cat-prirodne-mydla","7":"desktop-align-center","8":"tablet-align-center","9":"mobile-align-center","11":"first","12":"instock","13":"taxable","14":"shipping-taxable","15":"purchasable","16":"product-type-simple"},"_links":{"self":[{"href":"https:\/\/mmtest1.top\/index.php?rest_route=\/wp\/v2\/product\/1361","targetHints":{"allow":["GET"]}}],"collection":[{"href":"https:\/\/mmtest1.top\/index.php?rest_route=\/wp\/v2\/product"}],"about":[{"href":"https:\/\/mmtest1.top\/index.php?rest_route=\/wp\/v2\/types\/product"}],"replies":[{"embeddable":true,"href":"https:\/\/mmtest1.top\/index.php?rest_route=%2Fwp%2Fv2%2Fcomments&post=1361"}],"wp:featuredmedia":[{"embeddable":true,"href":"https:\/\/mmtest1.top\/index.php?rest_route=\/wp\/v2\/media\/1362"}],"wp:attachment":[{"href":"https:\/\/mmtest1.top\/index.php?rest_route=%2Fwp%2Fv2%2Fmedia&parent=1361"}],"wp:term":[{"taxonomy":"product_cat","embeddable":true,"href":"https:\/\/mmtest1.top\/index.php?rest_route=%2Fwp%2Fv2%2Fproduct_cat&post=1361"},{"taxonomy":"product_tag","embeddable":true,"href":"https:\/\/mmtest1.top\/index.php?rest_route=%2Fwp%2Fv2%2Fproduct_tag&post=1361"}],"curies":[{"name":"wp","href":"https:\/\/api.w.org\/{rel}","templated":true}]}}