{"id":1336,"date":"2024-02-13T16:14:55","date_gmt":"2024-02-13T15:14:55","guid":{"rendered":"https:\/\/mmtest1.top\/?post_type=product&#038;p=1336"},"modified":"2024-02-13T16:14:55","modified_gmt":"2024-02-13T15:14:55","slug":"s-o-s-osetrujuci-olejovy-korektor-na-nedokonalosti-pleti","status":"publish","type":"product","link":"https:\/\/mmtest1.top\/?product=s-o-s-osetrujuci-olejovy-korektor-na-nedokonalosti-pleti","title":{"rendered":"S.O.S. O\u0160ETRUJ\u00daCI OLEJOV\u00dd KOREKTOR NA NEDOKONALOSTI PLETI"},"content":{"rendered":"<p>S.O.S. o\u0161etruj\u00faci olejov\u00fd korektor na nedokonalosti pleti zabojuje proti nedokonalostiam pleti jednoducho a \u00fa\u010dinne. Praktick\u00fd a ve\u013emi \u0161ikovn\u00fd pomocn\u00edk je st\u00e1le po ruke v pr\u00edpade nutnosti pou\u017eitia. O\u0161etruj\u00faci olejov\u00fd komplex s akt\u00edvnymi l\u00e1tkami ako je bisabolol, kyselina salicylov\u00e1 alebo vybran\u00e9 esenci\u00e1lne oleje, okam\u017eite prin\u00e1\u0161a \u00fatechu na vyr\u00e1\u017eky, akn\u00e9 i jazvy po akn\u00e9 a nedokonalosti s\u00fa za kr\u00e1tku dobu u\u017e minulos\u0165ou. Upokojuje zap\u00e1len\u00e9 lo\u017eisk\u00e1, eliminuje za\u010dervenanie a opuch a ur\u00fdch\u013euje regener\u00e1ciu.<\/p>\n<p><strong>Obsahuje cenn\u00e9 l\u00e1tky ako:<\/strong><br \/>\n&gt; vyv\u00e1\u017een\u00e1 kombin\u00e1cia olejov z \u010diernej rasce, \u010dajovn\u00edka austr\u00e1lskeho, tamanu, ric\u00edna, nimbovn\u00edka a necht\u00edka \u00fa\u010dinne o\u0161etr\u00ed vyr\u00e1\u017eky, akn\u00e9 i jazvy po akn\u00e9 a in\u00e9 nedokonalosti<br \/>\n&gt; bisabolol upokojuje z\u00e1pal a ur\u00fdch\u013euje regener\u00e1ciu<br \/>\n&gt; kyselina salicylov\u00e1 prenik\u00e1 do p\u00f3rov, p\u00f4sob\u00ed pre\u010dis\u0165uj\u00faco a antibakteri\u00e1lne, zjem\u0148uje \u0161kvrny<br \/>\n&gt;esenci\u00e1lny olej z tymi\u00e1nu oby\u010dajn\u00e9ho, \u0161alvie lek\u00e1rskej a rozmar\u00ednu lek\u00e1rskeho p\u00f4sobia antisepticky a dezinfek\u010dne, uti\u0161uj\u00fa z\u00e1palov\u00e9 lo\u017eisk\u00e1, zmier\u0148uj\u00fa opuchy, nastavia rovnov\u00e1hu v tvorbe ko\u017en\u00e9ho mazu.<\/p>\n<p><strong>VLASTNOSTI<\/strong><br \/>\n&gt; bezlepkov\u00fd, veg\u00e1nsky, bezlakt\u00f3zov\u00fd<br \/>\nBez GMO, sulf\u00e1tov, glykolov, silik\u00f3nov, ropn\u00fdch deriv\u00e1tov, \u017eivo\u010d\u00ed\u0161nych tukov, parab\u00e9nov a konzerva\u010dn\u00fdch l\u00e1tok, syntetick\u00fdch farb\u00edv a parfum\u00e1cie.<\/p>\n<p>&nbsp;<\/p>\n<p><strong>OBSAH<\/strong><br \/>\n10ml<\/p>\n<p><strong>ODPOR\u00da\u010cAME KOMBINOVA\u0164<\/strong><br \/>\nS.O.S.\u00a0 o\u0161etruj\u00faci olejov\u00fd korektor na nedokonalosti pleti sa v\u00fdborne kombinuje s ostatn\u00fdmi v\u00fdrobkami navrhnut\u00fdmi na o\u0161etrenie pleti pod\u013ea jej typol\u00f3gie. Uprednostnite minim\u00e1lne trojkrokov\u00fd syst\u00e9m o\u0161etrenia pozost\u00e1vaj\u00faci z \u010distenia, toniz\u00e1cie a hydrat\u00e1cie\/v\u00fd\u017eivy. Zvo\u013ete vhodn\u00fd \u010distiaci v\u00fdrobok, n\u00e1sledne hydrol\u00e1tom do\u010distite a tonizujte ple\u0165 a o\u0161etrite kr\u00e9mom pre dodanie akt\u00edvnych l\u00e1tok a \u017eiv\u00edn. Ako doplnkov\u00fa starostlivos\u0165 si doprajte ple\u0165ov\u00fd peeling a masku minim\u00e1lne raz za t\u00fd\u017ede\u0148.<\/p>\n<p><strong>V\u00d4\u0147A V\u00ddROBKU<\/strong><br \/>\nOlejov\u00fd korektor s charakteristickou bylinnou v\u00f4\u0148ou v kombin\u00e1cii organick\u00fdch olejov a sil\u00edc rozmar\u00ednu, tymi\u00e1nu a \u0161alvie.<\/p>\n<p><strong>FARBA V\u00ddROBKU<\/strong><br \/>\nProdukt transparentnej zlato-hnedej olejovej farby bez obsahu syntetick\u00fdch a miner\u00e1lnych farb\u00edv.<\/p>\n<p><strong>KONZISTENCIA V\u00ddROBKU<\/strong><br \/>\nNevisk\u00f3zna olejov\u00e1 konzistencia.<\/p>\n<p><strong>KONZERVA\u010cN\u00dd SYST\u00c9M V\u00ddROBKU A DOBA POU\u017dITIA<\/strong><br \/>\nOrganick\u00e9 zlo\u017eenie v\u00fdrobku bez obsahu vodnej f\u00e1zy nevy\u017eaduje pou\u017eitie konzerva\u010dn\u00fdch l\u00e1tok a predsa je v\u00fdrobok stabiln\u00fd. Po otvoren\u00ed odpor\u00fa\u010dame v\u00fdrobok spotrebova\u0165 do 6 mesiacov.<\/p>\n<p><strong>OBAL V\u00ddROBKU A N\u00c1VRH NA RECYKL\u00c1CIU<\/strong><br \/>\nProdukt je balen\u00fd v ekologickom sklenom obale s praktick\u00fdm gu\u013e\u00f4\u010dkov\u00fdm aplik\u00e1torom a tesniacim uz\u00e1verom. Sklo predstavuje odoln\u00fd inertn\u00fd materi\u00e1l, v\u010faka \u010domu je obsah v\u00fdrobku chr\u00e1nen\u00fd. Navy\u0161e je sklen\u00e9 balenie mo\u017en\u00e9 op\u00e4tovne vyu\u017ei\u0165 alebo recyklova\u0165.<br \/>\nUprednost\u0148ujeme recyklovan\u00e9 a recyklovate\u013en\u00e9 certifikovan\u00e9 obalov\u00e9 materi\u00e1ly, ktor\u00e9 s\u00fa schv\u00e1len\u00e9 na pou\u017eitie pre kozmetick\u00e9 v\u00fdrobky. K\u00fapou tohto produktu m\u00f4\u017eete prispie\u0165 k zni\u017eovaniu nadbyto\u010dn\u00e9ho odpadu aj vy a to jednoducho zapojen\u00edm sa do recykla\u010dn\u00e9ho programu Soaphoria alebo zodpovednou recykl\u00e1ciou v\u0161etk\u00fdch obalov\u00fdch materi\u00e1lov.<\/p>\n<p><strong>APLIK\u00c1CIA<\/strong><br \/>\nPrimeran\u00e9 mno\u017estvo produktu naneste lok\u00e1lne pomocou aplik\u00e1tora na nedokonalosti pleti ako s\u00fa vyr\u00e1\u017eky, akn\u00e9, jazvy po akn\u00e9 a nechajte p\u00f4sobi\u0165. Pred pou\u017eit\u00edm poriadne pretrepa\u0165!<\/p>\n<p><strong>UPOZORNENIA<\/strong><br \/>\nUr\u010den\u00e9 na ka\u017edodenn\u00e9 pou\u017eitie. Len na vonkaj\u0161ie pou\u017eitie. Uchov\u00e1vajte mimo dosahu det\u00ed. Skladujte na chladnom a suchom mieste, pri teplote do +30\u00b0C a nevystavujte priamemu slne\u010dn\u00e9mu \u017eiareniu a mrazu. Nepou\u017e\u00edva\u0165 na otvoren\u00e9 rany. Vyhnite sa oblasti o\u010d\u00ed. Pri zasiahnut\u00ed o\u010d\u00ed vyplachujte vla\u017enou vodou po dobu minim\u00e1lne 15 min\u00fat bez preru\u0161enia smerom od vn\u00fatorn\u00e9ho k\u00fatika k vonkaj\u0161iemu (v pr\u00edpade nosenia kontaktn\u00fdch \u0161o\u0161oviek ich odstr\u00e1ni\u0165 vopred). Ak d\u00f4jde k podr\u00e1\u017edeniu, vyh\u013eadajte lek\u00e1rsku pomoc.<br \/>\nPred prv\u00fdm pou\u017eit\u00edm sa odpor\u00fa\u010da previes\u0165 tzv. Patch test, t. j. aplikova\u0165 a otestova\u0165 kozmetick\u00fd v\u00fdrobok na jeho zn\u00e1\u0161anlivos\u0165 na malej pl\u00f4\u0161ke poko\u017eky, najlep\u0161ie na z\u00e1p\u00e4st\u00ed a po\u010dka\u0165 24h. Touto met\u00f3dou sa m\u00f4\u017ee pred\u00eds\u0165 n\u00e1stupu alergick\u00fdch reakci\u00ed a precitlivenosti na dan\u00fd v\u00fdrobok. Ak po aplik\u00e1cii sa prejav\u00ed alergick\u00e1 reakcia, povrch poko\u017eky zmyte vla\u017enou vodou. V\u00fdrobok okam\u017eite presta\u0148te pou\u017e\u00edva\u0165. Ak alergick\u00e1 reakcia pretrv\u00e1 po dlh\u0161iu dobu vyh\u013eadajte lek\u00e1rsku pomoc.<\/p>\n<p><strong>ZLO\u017dENIE<\/strong><br \/>\nBorago Officinalis Seed Oil (bor\u00e1k lek\u00e1rsky)*, Glycine Soja Oil, Nigella Sativa Seed Oil (olej z \u010diernej rasce)*, Ricinus Communis Seed Oil (ric\u00ednov\u00fd olej)*, Cophyllum Inophyllum Seed Oil (tamanu olej)*, Melia Azadirachta Fruit\/Seed Oil (nimbovn\u00edkov\u00fd olej)*, Calendula Officinalis Flower Extract (necht\u00edkov\u00fd olej)*, Melaleuca Alternifolia Leaf Oil (\u010dajovn\u00edkov\u00fd olej)*, Thymus Vulgaris Flower\/Leaf Oi (tymi\u00e1n oby\u010dajn\u00fd)*, Rosmarinus Officinalis Leaf Oil (rozmar\u00edn lek\u00e1rsky)*, Bisabolol (akt\u00edvna l\u00e1tka z ruman\u010deka r\u00edmskeho)*, Salvia Officinalis Leaf Extract (\u0161alvia lek\u00e1rska)*, Salix Nigra Bark Extract (kyselina salicilov\u00e1 derivovan\u00e1 z v\u0155by \u010diernej)*, Tocopherol (antioxidant, vitam\u00edn E), ***Citronellol, ***Geraniol, ***Limonene, ***Linalool, ***Eugenol, ***Hexyl Cinnamal, ***Citral<br \/>\n*certifikovan\u00e1 organick\u00e1 zlo\u017eka<br \/>\n***vyskytuj\u00face sa prirodzene v esenci\u00e1lnych olejoch<\/p>\n<p>&nbsp;<\/p>\n","protected":false},"excerpt":{"rendered":"<p>&gt; navrhnut\u00fd pre v\u0161etky typy pleti, av\u0161ak \u0161peci\u00e1lne pre ple\u0165 s nedokonalos\u0165ami, \u010diernymi bodkami, na podr\u00e1\u017eden\u00fa so z\u00e1palov\u00fdmi lo\u017eiskami a akn\u00e9<br \/>\n&gt; pre v\u0161etky vekov\u00e9 kateg\u00f3rie<br \/>\n&gt; nelepiv\u00e1 a \u013eahk\u00e1 olejov\u00e1 konzistencia<br \/>\n&gt; praktick\u00e1 lok\u00e1lna aplik\u00e1cia<br \/>\n&gt; efekt\u00edvne si porad\u00ed so zap\u00e1len\u00fdmi vyr\u00e1\u017ekami a akn\u00e9<br \/>\n&gt; upokojuje a eliminuje za\u010dervenanie<br \/>\n&gt; normalizuje tvorbu ko\u017en\u00e9ho mazu<br \/>\n&gt; redukuje nedokonalosti pleti<br \/>\n&gt; zlep\u0161uje celkov\u00fd vzh\u013ead pleti<\/p>\n","protected":false},"featured_media":1338,"comment_status":"open","ping_status":"closed","template":"","meta":{"site-sidebar-layout":"default","site-content-layout":"","ast-site-content-layout":"default","site-content-style":"default","site-sidebar-style":"default","ast-global-header-display":"","ast-banner-title-visibility":"","ast-main-header-display":"","ast-hfb-above-header-display":"","ast-hfb-below-header-display":"","ast-hfb-mobile-header-display":"","site-post-title":"","ast-breadcrumbs-content":"","ast-featured-img":"","footer-sml-layout":"","theme-transparent-header-meta":"default","adv-header-id-meta":"","stick-header-meta":"","header-above-stick-meta":"","header-main-stick-meta":"","header-below-stick-meta":"","astra-migrate-meta-layouts":"set","ast-page-background-enabled":"default","ast-page-background-meta":{"desktop":{"background-color":"var(--ast-global-color-4)","background-image":"","background-repeat":"repeat","background-position":"center center","background-size":"auto","background-attachment":"scroll","background-type":"","background-media":"","overlay-type":"","overlay-color":"","overlay-opacity":"","overlay-gradient":""},"tablet":{"background-color":"","background-image":"","background-repeat":"repeat","background-position":"center center","background-size":"auto","background-attachment":"scroll","background-type":"","background-media":"","overlay-type":"","overlay-color":"","overlay-opacity":"","overlay-gradient":""},"mobile":{"background-color":"","background-image":"","background-repeat":"repeat","background-position":"center center","background-size":"auto","background-attachment":"scroll","background-type":"","background-media":"","overlay-type":"","overlay-color":"","overlay-opacity":"","overlay-gradient":""}},"ast-content-background-meta":{"desktop":{"background-color":"var(--ast-global-color-5)","background-image":"","background-repeat":"repeat","background-position":"center center","background-size":"auto","background-attachment":"scroll","background-type":"","background-media":"","overlay-type":"","overlay-color":"","overlay-opacity":"","overlay-gradient":""},"tablet":{"background-color":"var(--ast-global-color-5)","background-image":"","background-repeat":"repeat","background-position":"center center","background-size":"auto","background-attachment":"scroll","background-type":"","background-media":"","overlay-type":"","overlay-color":"","overlay-opacity":"","overlay-gradient":""},"mobile":{"background-color":"var(--ast-global-color-5)","background-image":"","background-repeat":"repeat","background-position":"center center","background-size":"auto","background-attachment":"scroll","background-type":"","background-media":"","overlay-type":"","overlay-color":"","overlay-opacity":"","overlay-gradient":""}}},"product_cat":[33],"product_tag":[],"class_list":{"0":"post-1336","1":"product","2":"type-product","3":"status-publish","4":"has-post-thumbnail","6":"product_cat-pletove-sera-a-oleje","7":"desktop-align-center","8":"tablet-align-center","9":"mobile-align-center","11":"first","12":"instock","13":"taxable","14":"shipping-taxable","15":"purchasable","16":"product-type-simple"},"_links":{"self":[{"href":"https:\/\/mmtest1.top\/index.php?rest_route=\/wp\/v2\/product\/1336","targetHints":{"allow":["GET"]}}],"collection":[{"href":"https:\/\/mmtest1.top\/index.php?rest_route=\/wp\/v2\/product"}],"about":[{"href":"https:\/\/mmtest1.top\/index.php?rest_route=\/wp\/v2\/types\/product"}],"replies":[{"embeddable":true,"href":"https:\/\/mmtest1.top\/index.php?rest_route=%2Fwp%2Fv2%2Fcomments&post=1336"}],"wp:featuredmedia":[{"embeddable":true,"href":"https:\/\/mmtest1.top\/index.php?rest_route=\/wp\/v2\/media\/1338"}],"wp:attachment":[{"href":"https:\/\/mmtest1.top\/index.php?rest_route=%2Fwp%2Fv2%2Fmedia&parent=1336"}],"wp:term":[{"taxonomy":"product_cat","embeddable":true,"href":"https:\/\/mmtest1.top\/index.php?rest_route=%2Fwp%2Fv2%2Fproduct_cat&post=1336"},{"taxonomy":"product_tag","embeddable":true,"href":"https:\/\/mmtest1.top\/index.php?rest_route=%2Fwp%2Fv2%2Fproduct_tag&post=1336"}],"curies":[{"name":"wp","href":"https:\/\/api.w.org\/{rel}","templated":true}]}}