{"id":1327,"date":"2024-02-13T16:01:42","date_gmt":"2024-02-13T15:01:42","guid":{"rendered":"https:\/\/mmtest1.top\/?post_type=product&#038;p=1327"},"modified":"2024-02-13T16:01:42","modified_gmt":"2024-02-13T15:01:42","slug":"herbaphoria-pletova-maska-cistic","status":"publish","type":"product","link":"https:\/\/mmtest1.top\/?product=herbaphoria-pletova-maska-cistic","title":{"rendered":"HERBAPHORIA &#8211; PLE\u0164OV\u00c1 MASKA &#038; \u010cISTI\u010c"},"content":{"rendered":"<p>K udr\u017eaniu zdravia a kr\u00e1sy \u010distej a \u017eiarivej pleti bez poch\u00fdb patria aj \u010distiace ritu\u00e1ly, v\u010faka ktor\u00fdm ple\u0165 zbav\u00edme ne\u010dist\u00f4t, pom\u00f4\u017eeme jej n\u00e1js\u0165 vlastn\u00fa rovnov\u00e1hu a priprav\u00edme ju na vstreb\u00e1vanie n\u00e1sledne aplikovan\u00fdch vy\u017eivuj\u00facich a hydrata\u010dn\u00fdch pr\u00edpravkov. Ide\u00e1lnym prostriedkom pre docielenie \u017eelan\u00fdch v\u00fdsledkov s\u00fa tie\u017e soaphoristick\u00e9 masky na tv\u00e1r.\u00a0<strong>Bylinn\u00e1 \u010distiaca ple\u0165ov\u00e1 maska a \u010disti\u010d navrhnut\u00e1 pre starostlivos\u0165 o norm\u00e1lnu a\u017e zmie\u0161an\u00fa ple\u0165 sp\u00e1ja silu v\u00fdnimo\u010dn\u00fdch kozmetick\u00fdch \u00edlov so silou vyberan\u00fdch byl\u00edn<\/strong>. Vyv\u00e1\u017eenou kombin\u00e1ciou \u010distiacich a akt\u00edvnych l\u00e1tok zabezpe\u010d\u00ed pre\u010distenie poko\u017eky a p\u00f3rov a z\u00e1rove\u0148 upokojenie pleti v pr\u00edpade podr\u00e1\u017edenia. \u010cisto pr\u00edrodn\u00e9 zlo\u017eenie pravideln\u00fdm pou\u017e\u00edvan\u00edm prispieva k zlep\u0161eniu stavu pleti, neza\u0165a\u017euje ju, ale osvie\u017euje a jemne stimuluje k r\u00fdchlej\u0161ej obnove ko\u017en\u00fdch buniek.\u00a0<strong>Zabojuje s \u010diernymi bodkami, drobn\u00fdmi vyr\u00e1\u017ekami \u010di nerovnos\u0165ami a zbav\u00ed p\u00f3ry nahromaden\u00fdch ne\u010dist\u00f4t a tox\u00ednov.<\/strong>\u00a0<strong>Nastavte rovnov\u00e1hu tvorby ko\u017en\u00e9ho mazu bez vysu\u0161ovania a objavte pocit \u010distej, \u017eiarivej a prirodzene kr\u00e1snej pleti!<\/strong><\/p>\n<p><strong>HLAVN\u00c9 ZLO\u017dKY<\/strong><br \/>\n&gt;\u00a0<strong>rozmar\u00edn, \u0161alvia a \u017eih\u013eava<\/strong>\u00a0\u2013 trojkombin\u00e1cia byl\u00edn ide\u00e1lnych pre norm\u00e1lnu, mastn\u00fa a\u017e zmie\u0161an\u00fa ple\u0165 podporuje mikrocirkul\u00e1ciu a stimuluje obnovu poko\u017eky<br \/>\n&gt;\u00a0<strong>zelen\u00fd \u00edl<\/strong>\u00a0\u2013 jemn\u00fd ale \u00fa\u010dinn\u00fd \u010disti\u010d a z\u00e1rove\u0148 pomocn\u00edk v nastavovan\u00ed rovnov\u00e1hy tvorby ko\u017en\u00e9ho mazu<br \/>\n&gt;\u00a0<strong>v\u00fd\u0165a\u017eok z algy Laminaria digitata<\/strong>\u00a0\u2013 na miner\u00e1lne a \u010fal\u0161ie prospe\u0161n\u00e9 l\u00e1tky bohat\u00e1 morsk\u00e1 riasa napom\u00e1ha v\u00fd\u017eive, spevneniu a udr\u017eaniu vitality poko\u017eky<\/p>\n<p><strong>OBSAH<\/strong><br \/>\n100 ml<\/p>\n<p><strong>N\u00c1\u0160 TIP<\/strong><br \/>\nPle\u0165ov\u00fa masku v\u017edy aplikujte na d\u00f4kladne odl\u00ed\u010den\u00fa a umyt\u00fa ple\u0165.<br \/>\nPou\u017e\u00edvajte v\u00fdrobok pravidelne, aby ste dosiahli tie najlep\u0161ie v\u00fdsledky.<br \/>\nV pr\u00edpade, \u017ee po n\u00e1ro\u010dnom dni nem\u00e1te \u010das na dlh\u00e9 \u201emaskovanie\u201c, pou\u017eite Herbaphoriu ako \u010disti\u010d \u2013 jednoducho naberte mal\u00e9 mno\u017estvo v\u00fdrobku, kr\u00fa\u017eiv\u00fdmi pohybmi ho aplikujte na ple\u0165, krk a dekolt a zmyte vodou vhodnej teploty.<br \/>\nV\u010faka obsiahnut\u00fdm drobn\u00fdm \u010diasto\u010dk\u00e1m v podobe l\u00edstkov vz\u00e1cnych byl\u00edn aplik\u00e1ciou produktu ple\u0165 z\u00e1rove\u0148 jemne premas\u00edrujete a poskytnete jej \u013eahu\u010dk\u00fd stimuluj\u00faci \u201epeeling\u201c.<\/p>\n<p><strong>ODPOR\u00da\u010cAME KOMBINOVA\u0164<\/strong><br \/>\nMasku a \u010disti\u010d Herbaphoria odpor\u00fa\u010dame kombinova\u0165 s v\u00fdrobkami ple\u0165ovej starostlivosti pod\u013ea v\u00e1\u0161ho typu pleti. Po aplik\u00e1cii masky je vhodn\u00e9 podpori\u0165 mal\u00fd ritu\u00e1l kr\u00e1sy dodan\u00edm v\u00fd\u017eivy a hydrat\u00e1cie pleti pomocou vhodne zvolen\u00e9ho ple\u0165ov\u00e9ho kr\u00e9mu \u010di s\u00e9ra.<\/p>\n<div class=\"product_second_section\">\n<div class=\"container\">\n<div class=\"row product_desc_block\">\n<div class=\"product_desc_column col-md-12\">\n<div class=\"bottom_more_info_block pro_more_info p-t-1 p-b-1 \">\n<div class=\"product_info_tabs sttab_block mobile_tab  sttab_2 sttab_2_2 \">\n<div class=\"tab-content \">\n<div id=\"extra-4\" class=\"tab-pane active\" role=\"tabpanel\" aria-expanded=\"true\">\n<div class=\"tab-pane-body\">\n<section class=\"product-tab-details base_list_line medium_list\"><strong>V\u00d4\u0147A V\u00ddROBKU<\/strong><br \/>\nV\u00fdrobok neobsahuje pridan\u00fa parfum\u00e1ciu, m\u00e1 charakteristick\u00fa pr\u00edjemn\u00fa bylinkov\u00fa v\u00f4\u0148u.<\/p>\n<p><strong>FARBA V\u00ddROBKU<\/strong><br \/>\nV\u00fdrobok za svoje s\u00fdte tmavozelen\u00e9 sfarbenie v\u010fa\u010d\u00ed najm\u00e4 obsiahnut\u00fdm \u00edlom a vysok\u00e9mu podielu bylinn\u00fdch pr\u00e1\u0161kov.<\/p>\n<p><strong>KONZISTENCIA V\u00ddROBKU<\/strong><br \/>\nV\u00fdrobok m\u00e1 nemastn\u00fa, \u013eahko aplikovate\u013en\u00fa konzistenciu hust\u00e9ho kr\u00e9mu.<\/p>\n<p><strong>KONZERVA\u010cN\u00dd SYST\u00c9M V\u00ddROBKU A DOBA POU\u017dITIA<\/strong><br \/>\nV\u00fdrobok neobsahuje syntetick\u00e9 konzerva\u010dn\u00e9 l\u00e1tky. Pri pou\u017e\u00edvan\u00ed v\u00fdrobku dbajte na \u010distotu r\u00fak a chr\u00e1\u0148te obsah pred kontaktom s vodou a ne\u010distotami. Pri spr\u00e1vnom skladovan\u00ed odpor\u00fa\u010dame v\u00fdrobok spotrebova\u0165 do 6 mesiacov od otvorenia.<\/p>\n<p><strong>OBAL V\u00ddROBKU A N\u00c1VRH NA RECYKL\u00c1CIU<\/strong><br \/>\nProdukt je balen\u00fd v ekologickom sklenom obale s praktick\u00fdm PET uz\u00e1verom. Sklo predstavuje odoln\u00fd inertn\u00fd materi\u00e1l, v\u010faka \u010domu je obsah v\u00fdrobku chr\u00e1nen\u00fd. Navy\u0161e je sklen\u00e9 balenie mo\u017en\u00e9 op\u00e4tovne vyu\u017ei\u0165 v dom\u00e1cnosti alebo plnohodnotne recyklova\u0165.<br \/>\nObal v\u00fdrobku je vratn\u00fd v r\u00e1mci n\u00e1\u0161ho recykla\u010dn\u00e9ho programu.<br \/>\nV pr\u00edpade, \u017ee sa rozhodnete obal v\u00fdrobku vyhodi\u0165, po oddelen\u00ed PET uz\u00e1veru ho vho\u010fte do zelen\u00e9ho kontajnera ur\u010den\u00e9ho na zber sklen\u00e9ho odpadu.<\/p>\n<p><strong>APLIK\u00c1CIA<\/strong><br \/>\nAko maska: Pomocou kozmetick\u00e9ho \u0161tetca \u010di \u0161pachtle, resp. prstami r\u00fak, naneste primeran\u00e9 mno\u017estvo pr\u00edpravku na ple\u0165. Vynechajte oblasti okolo o\u010d\u00ed a \u00fast. Nechajte p\u00f4sobi\u0165 do doby zaschnutia (cca. 15-20 min\u00fat) a n\u00e1sledne opl\u00e1chnite vla\u017enou vodou. Odpor\u00fa\u010dame pou\u017e\u00edva\u0165 maxim\u00e1lne trikr\u00e1t do t\u00fd\u017ed\u0148a.<br \/>\nAko \u010disti\u010d: Kr\u00fa\u017eiv\u00fdmi pohybmi r\u00fak a prstov, hubky \u010di kefy, naneste primeran\u00e9 mno\u017estvo pr\u00edpravku na navlh\u010den\u00fa ple\u0165. N\u00e1sledne opl\u00e1chnite vla\u017enou vodou. Ur\u010den\u00e9 na ka\u017edodenn\u00e9 pou\u017eitie.<\/p>\n<p><strong>UPOZORNENIA<\/strong><br \/>\nLen na vonkaj\u0161ie pou\u017eitie. Uchov\u00e1vajte mimo dosahu det\u00ed. Skladujte na chladnom a suchom mieste a nevystavujte priamemu slne\u010dn\u00e9mu \u017eiareniu a mrazu. Nepou\u017e\u00edva\u0165 na otvoren\u00e9 rany. Vyhnite sa oblasti o\u010d\u00ed. Pri zasiahnut\u00ed o\u010d\u00ed vyplachujte vla\u017enou vodou po dobu minim\u00e1lne 15 min\u00fat bez preru\u0161enia smerom od vn\u00fatorn\u00e9ho k\u00fatika k vonkaj\u0161iemu (v pr\u00edpade nosenia kontaktn\u00fdch \u0161o\u0161oviek ich odstr\u00e1ni\u0165 vopred). Ak d\u00f4jde k podr\u00e1\u017edeniu, vyh\u013eadajte lek\u00e1rsku pomoc.<br \/>\nPred prv\u00fdm pou\u017eit\u00edm sa odpor\u00fa\u010da previes\u0165 tzv. Patch test, t. j. aplikova\u0165 a otestova\u0165 kozmetick\u00fd pr\u00edpravok na jeho zn\u00e1\u0161anlivos\u0165 na malej pl\u00f4\u0161ke poko\u017eky, najlep\u0161ie na z\u00e1p\u00e4st\u00ed a po\u010dka\u0165 24h. Touto met\u00f3dou sa m\u00f4\u017ee pred\u00eds\u0165 n\u00e1stupu alergick\u00fdch reakci\u00ed a precitlivenosti na dan\u00fd v\u00fdrobok. Ak po aplik\u00e1cii sa prejav\u00ed alergick\u00e1 reakcia, povrch poko\u017eky zmyte vla\u017enou vodou. V\u00fdrobok okam\u017eite presta\u0148te pou\u017e\u00edva\u0165. Ak alergick\u00e1 reakcia pretrv\u00e1 po dlh\u0161iu dobu vyh\u013eadajte lek\u00e1rsku pomoc.<\/p>\n<p><strong>ZLO\u017dENIE<\/strong><br \/>\nBentonit (bentonitov\u00fd \u00edl)*, Kaolin (biely \u00edl)*, Montmorillonite (zelen\u00fd \u00edl)*, Glycerin (glycer\u00edn rastlinn\u00e9ho p\u00f4vodu)*, Cannabis Sativa Seed Oil (konopn\u00fd olej)*, Avena Sativa Kernel Flour (ovos)*, Spirulina Platensis Extract (Arthrospira Platensis, zelenomodr\u00e1 riasa)*, Chamomila Recutita Extract (Harman\u010dek prav\u00fd)*, Rosmarinus Officinalis Leaf\u00a0 Extract (rozmar\u00edn lek\u00e1rsky)*, Salvia Officinalis Leaf (\u0161alvia lek\u00e1rska)*, Urtica Dioica Extract (\u017eih\u013eava dvojdom\u00e1)*, Melia Azadirachta Fruit\/Seed Oil (nimbovn\u00edkov\u00fd olej)*, Laminaria Digitata Extract (hydrolizovan\u00fd v\u00fd\u0165a\u017eok z algy Laminaria digitata)*, ***Citronellol, ***Geraniol, ***Eugenol, ***Limonene, ***Linalool, ***Citral<br \/>\n*certifikovan\u00e1 organick\u00e1 zlo\u017eka<br \/>\n***vyskytuj\u00face sa prirodzene v esenci\u00e1lnych olejoch a pr\u00edrodn\u00fdch v\u00f4\u0148ach<\/p>\n<\/section>\n<\/div>\n<\/div>\n<\/div>\n<\/div>\n<\/div>\n<\/div>\n<\/div>\n<\/div>\n<\/div>\n<div class=\"product_third_section\">\n<div class=\"container\">\n<div id=\"crossselling_products_container\" class=\"crossselling_products_container block products_container\">\n<section class=\"products_section\">\n<div class=\"products_slider\">\n<div class=\"title_block flex_container title_align_0 title_style_1\"><\/div>\n<\/div>\n<\/section>\n<\/div>\n<\/div>\n<\/div>\n","protected":false},"excerpt":{"rendered":"<p><strong>Organick\u00e1 ple\u0165ov\u00e1 maska pre nastavenie rovnov\u00e1hy, regener\u00e1ciu a stabiliz\u00e1ciu tvorby ko\u017en\u00e9ho mazu<\/strong>\u00a0s pr\u00eddavkom vz\u00e1cnych pr\u00edrodn\u00fdch akt\u00edvnych l\u00e1tok.\u00a0<strong>Franc\u00fazsky zelen\u00fd \u00edl najvy\u0161\u0161ej kvality<\/strong>\u00a0je v\u00fdborn\u00fd antioxidant, h\u013abkovo\u00a0<strong>\u010dist\u00ed p\u00f3ry, reguluje mastnotu, regeneruje bunky<\/strong>.\u00a0<strong>Biely \u00edl<\/strong>\u00a0svojou jemnos\u0165ou\u00a0<strong>upokojuje citliv\u00fa ple\u0165.<\/strong>\u00a0<strong>Bentonitov\u00fd \u00edl okam\u017eite zmier\u0148uje svrbenie a podr\u00e1\u017edenie<\/strong>, vy\u0165ahuje tox\u00edny a ne\u010distoty usaden\u00e9 v p\u00f3roch pleti.\u00a0<strong>Rozmar\u00edn lek\u00e1rsky tonizuje, \u017eih\u013eava dvojdom\u00e1 a harman\u010dek prav\u00fd zanech\u00e1va ple\u0165 \u010derstv\u00fa a v rovnov\u00e1he<\/strong>.\u00a0<strong>Spirulina predstavuje jeden z naj\u00fa\u010dinnej\u0161\u00edch zdrojov B-komplexu<\/strong>\u00a0a prote\u00ednov.\u00a0<strong>Ruman\u010dek r\u00edmsky a \u0161alvia lek\u00e1rska maj\u00fa podporn\u00e9 antiseptick\u00e9 vlastnosti<\/strong>, v\u010faka ktor\u00fdm sa poko\u017eka r\u00fdchlej\u0161ie regeneruje.<\/p>\n<p>Tekut\u00e1 maska a \u010disti\u010d\u00a0<strong>Herbaphoria je vhodn\u00e1 na norm\u00e1lnu a\u017e zmie\u0161an\u00fa ple\u0165.<\/strong><\/p>\n<p>&gt; \u010disto pr\u00edrodn\u00e9, veg\u00e1nske, starostlivo vyberan\u00e9 zlo\u017eenie s vysok\u00fdm podielom akt\u00edvnych l\u00e1tok<br \/>\n&gt; \u00fa\u010dinn\u00e9 \u010distiace kozmetick\u00e9 \u00edly pre h\u013abkov\u00e9 \u010distenie<br \/>\n&gt; rozmar\u00edn, \u017eih\u013eava a harman\u010dek pre osvie\u017eenie, zjemnenie a toniz\u00e1ciu<br \/>\n&gt; spirulina ako zdroj vitam\u00ednov pre vy\u017eivenie a revitaliz\u00e1ciu<br \/>\n&gt; pr\u00edjemn\u00e1 hust\u00e1 konzistencia pre praktick\u00fa a jednoduch\u00fa aplik\u00e1ciu ako maska alebo \u010disti\u010d<\/p>\n","protected":false},"featured_media":1329,"comment_status":"open","ping_status":"closed","template":"","meta":{"site-sidebar-layout":"default","site-content-layout":"","ast-site-content-layout":"default","site-content-style":"default","site-sidebar-style":"default","ast-global-header-display":"","ast-banner-title-visibility":"","ast-main-header-display":"","ast-hfb-above-header-display":"","ast-hfb-below-header-display":"","ast-hfb-mobile-header-display":"","site-post-title":"","ast-breadcrumbs-content":"","ast-featured-img":"","footer-sml-layout":"","theme-transparent-header-meta":"default","adv-header-id-meta":"","stick-header-meta":"","header-above-stick-meta":"","header-main-stick-meta":"","header-below-stick-meta":"","astra-migrate-meta-layouts":"set","ast-page-background-enabled":"default","ast-page-background-meta":{"desktop":{"background-color":"var(--ast-global-color-4)","background-image":"","background-repeat":"repeat","background-position":"center center","background-size":"auto","background-attachment":"scroll","background-type":"","background-media":"","overlay-type":"","overlay-color":"","overlay-opacity":"","overlay-gradient":""},"tablet":{"background-color":"","background-image":"","background-repeat":"repeat","background-position":"center center","background-size":"auto","background-attachment":"scroll","background-type":"","background-media":"","overlay-type":"","overlay-color":"","overlay-opacity":"","overlay-gradient":""},"mobile":{"background-color":"","background-image":"","background-repeat":"repeat","background-position":"center center","background-size":"auto","background-attachment":"scroll","background-type":"","background-media":"","overlay-type":"","overlay-color":"","overlay-opacity":"","overlay-gradient":""}},"ast-content-background-meta":{"desktop":{"background-color":"var(--ast-global-color-5)","background-image":"","background-repeat":"repeat","background-position":"center center","background-size":"auto","background-attachment":"scroll","background-type":"","background-media":"","overlay-type":"","overlay-color":"","overlay-opacity":"","overlay-gradient":""},"tablet":{"background-color":"var(--ast-global-color-5)","background-image":"","background-repeat":"repeat","background-position":"center center","background-size":"auto","background-attachment":"scroll","background-type":"","background-media":"","overlay-type":"","overlay-color":"","overlay-opacity":"","overlay-gradient":""},"mobile":{"background-color":"var(--ast-global-color-5)","background-image":"","background-repeat":"repeat","background-position":"center center","background-size":"auto","background-attachment":"scroll","background-type":"","background-media":"","overlay-type":"","overlay-color":"","overlay-opacity":"","overlay-gradient":""}}},"product_cat":[34,36],"product_tag":[],"class_list":{"0":"post-1327","1":"product","2":"type-product","3":"status-publish","4":"has-post-thumbnail","6":"product_cat-cistenie-a-odlicenie-pleti","7":"product_cat-pletove-masky","8":"desktop-align-center","9":"tablet-align-center","10":"mobile-align-center","12":"first","13":"instock","14":"taxable","15":"shipping-taxable","16":"purchasable","17":"product-type-simple"},"_links":{"self":[{"href":"https:\/\/mmtest1.top\/index.php?rest_route=\/wp\/v2\/product\/1327","targetHints":{"allow":["GET"]}}],"collection":[{"href":"https:\/\/mmtest1.top\/index.php?rest_route=\/wp\/v2\/product"}],"about":[{"href":"https:\/\/mmtest1.top\/index.php?rest_route=\/wp\/v2\/types\/product"}],"replies":[{"embeddable":true,"href":"https:\/\/mmtest1.top\/index.php?rest_route=%2Fwp%2Fv2%2Fcomments&post=1327"}],"wp:featuredmedia":[{"embeddable":true,"href":"https:\/\/mmtest1.top\/index.php?rest_route=\/wp\/v2\/media\/1329"}],"wp:attachment":[{"href":"https:\/\/mmtest1.top\/index.php?rest_route=%2Fwp%2Fv2%2Fmedia&parent=1327"}],"wp:term":[{"taxonomy":"product_cat","embeddable":true,"href":"https:\/\/mmtest1.top\/index.php?rest_route=%2Fwp%2Fv2%2Fproduct_cat&post=1327"},{"taxonomy":"product_tag","embeddable":true,"href":"https:\/\/mmtest1.top\/index.php?rest_route=%2Fwp%2Fv2%2Fproduct_tag&post=1327"}],"curies":[{"name":"wp","href":"https:\/\/api.w.org\/{rel}","templated":true}]}}