{"id":1315,"date":"2024-02-13T14:06:06","date_gmt":"2024-02-13T13:06:06","guid":{"rendered":"https:\/\/mmtest1.top\/?post_type=product&#038;p=1315"},"modified":"2024-02-13T14:06:06","modified_gmt":"2024-02-13T13:06:06","slug":"normalizujuci-osviezujuci-cistiaci-gel-na-zmiesanu-az-mastnu-plet","status":"publish","type":"product","link":"https:\/\/mmtest1.top\/?product=normalizujuci-osviezujuci-cistiaci-gel-na-zmiesanu-az-mastnu-plet","title":{"rendered":"NORMALIZUJ\u00daCI &#038; OSVIE\u017dUJ\u00daCI \u010cISTIACI G\u00c9L NA ZMIE\u0160AN\u00da A\u017d MASTN\u00da PLE\u0164"},"content":{"rendered":"<p><strong>Normalizuj\u00faci &amp; osvie\u017euj\u00faci \u010distiaci g\u00e9l Majestic je spr\u00e1vnou vo\u013ebou pre ka\u017edodenn\u00e9 \u010distenie:<br \/>\n<\/strong>&gt; norm\u00e1lnej pleti so sklonom k upchatiu p\u00f3rov,<br \/>\n&gt; zmie\u0161anej pleti s v\u00fdraznou T &#8211; z\u00f3nou,<br \/>\n&gt; mastnej, problematickej pleti so sklonom k tvorbe vyr\u00e1\u017eok a akn\u00e9,<br \/>\n&gt; zrelej pleti pozna\u010denej nadmernou tvorbou ko\u017en\u00e9ho mazu.<\/p>\n<p><strong>Obsahuje cenn\u00e9 l\u00e1tky ako:<\/strong><br \/>\n&gt; z\u00e1klad v\u00fdrobku tvoria jemn\u00e9 mycie tenzidy rastlinn\u00e9ho p\u00f4vodu;<br \/>\n&gt; levandu\u013ea zmier\u0148uje podr\u00e1\u017edenos\u0165, podporuje regener\u00e1ciu, jemne dezinfikuje,<br \/>\n&gt; v\u00fd\u0165a\u017eok z pelarg\u00f3nie pom\u00e1ha vyrovna\u0165 prejavy hormon\u00e1lnych zmien na pleti;<br \/>\n&gt; aloe vera upokojuje, na\u0161tartuje a ur\u00fdch\u013euje regenera\u010dn\u00e9 procesy;<br \/>\n&gt; rastlinn\u00fd glycer\u00edn p\u00f4sob\u00ed ako v\u00fdborn\u00fd humektant, zvl\u00e1\u010d\u0148uje a uzamyk\u00e1 vlahu do buniek.<\/p>\n<p><strong>VLASTNOSTI<\/strong><br \/>\n&gt; bezlepkov\u00fd, veg\u00e1nsky, bezlakt\u00f3zov\u00fd<br \/>\nBez GMO, sulf\u00e1tov, glykolov, silik\u00f3nov, ropn\u00fdch deriv\u00e1tov, \u017eivo\u010d\u00ed\u0161nych tukov, parab\u00e9nov a konzerva\u010dn\u00fdch l\u00e1tok, syntetick\u00fdch farb\u00edv a parfum\u00e1cie.<\/p>\n<p><strong>OBSAH<\/strong><br \/>\n100ml<\/p>\n<p><strong>ODPOR\u00da\u010cAME KOMBINOVA\u0164<\/strong><br \/>\n\u010cistiaci g\u00e9l Majestic sa v\u00fdborne kombinuje s ostatn\u00fdmi v\u00fdrobkami navrhnut\u00fdmi na o\u0161etrenie pleti pod\u013ea jej typol\u00f3gie. Uprednostnite minim\u00e1lne trojkrokov\u00fd syst\u00e9m o\u0161etrenia pozost\u00e1vaj\u00faceho z \u010distenia, toniz\u00e1cie a hydrat\u00e1cie\/v\u00fd\u017eivy. Zvo\u013ete vhodn\u00fd \u010distiaci v\u00fdrobok, n\u00e1sledne hydrol\u00e1tom do\u010distite ple\u0165 a o\u0161etrite kr\u00e9mom. Kr\u00e9m sa vhodne kombinuje so s\u00e9rami Majestic, ktor\u00e9 predstavuj\u00fa posledn\u00fd krok skr\u00e1\u0161\u013euj\u00facej rutiny. Ako doplnkov\u00fa starostlivos\u0165 si doprajte ple\u0165ov\u00fd peeling a masku.<\/p>\n<p><strong>V\u00d4\u0147A V\u00ddROBKU<\/strong><br \/>\n\u010cistiaci g\u00e9l s charakteristickou av\u0161ak jemnou bylinno kvetinovou v\u00f4\u0148ou v kombin\u00e1cii levandule a mu\u0161k\u00e1tu.<\/p>\n<p><strong>FARBA V\u00ddROBKU<\/strong><br \/>\nProdukt transparentnej a\u017e slonovinovej farby bez obsahu syntetick\u00fdch a miner\u00e1lnych farb\u00edv.<\/p>\n<p><strong>KONZISTENCIA V\u00ddROBKU<\/strong><br \/>\n\u013dahk\u00e1, osvie\u017euj\u00faca g\u00e9lov\u00e1 konzistencia.<\/p>\n<p><strong>KONZERVA\u010cN\u00dd SYST\u00c9M V\u00ddROBKU A DOBA POU\u017dITIA<\/strong><br \/>\nDermorganics\u00ae 1388 predstavuje patentovan\u00fd konzerva\u010dn\u00fd syst\u00e9m, ktor\u00fd \u00fa\u010dinne chr\u00e1ni v\u00fdrobok aj zdravie pou\u017e\u00edvate\u013ea. Jednotliv\u00e9 zlo\u017eky komplexu maj\u00fa p\u00f4vod v cukrovej trstine, badi\u00e1ne, s\u00f3ji \u010di kukurici. V\u0161etky obsiahnut\u00e9 l\u00e1tky s\u00fa rastlinn\u00e9ho p\u00f4vodu, bez GMO a nanomateri\u00e1lu a samozrejme netestovan\u00e9 na zvierat\u00e1ch.<br \/>\nPo otvoren\u00ed v\u00fdrobok odpor\u00fa\u010dame spotrebova\u0165 do 9 mesiacov.<\/p>\n<p><strong>OBAL V\u00ddROBKU A N\u00c1VRH NA RECYKL\u00c1CIU<\/strong><br \/>\nBezpe\u010dnos\u0165 z\u00e1kazn\u00edka je pre n\u00e1s prvorad\u00e1, preto, a tie\u017e pre zabezpe\u010denie komfortu pri pou\u017e\u00edvan\u00ed v\u00fdrobku, je v\u00fdrobok balen\u00fd v PET airless obale vyrobenom v E\u00da. Vzh\u013eadom na pr\u00edrodn\u00e9 zlo\u017eenie bez vysok\u00e9ho obsahu stabiliz\u00e1torov \u010di chemick\u00fdch konzervantov je zamedzenie kontaktu so vzduchom a zan\u00e1\u0161aniu bakt\u00e9ri\u00ed do obsahu v\u00fdrobku priamym kontaktom s poko\u017ekou ide\u00e1lne pre ochranu v\u00fdrobku.<br \/>\nUprednost\u0148ujeme recyklovan\u00e9 a recyklovate\u013en\u00e9 certifikovan\u00e9 obalov\u00e9 materi\u00e1ly, ktor\u00e9 s\u00fa schv\u00e1len\u00e9 na pou\u017eitie pre kozmetick\u00e9 v\u00fdrobky. K\u00fapou tohto produktu m\u00f4\u017eete prispie\u0165 k zni\u017eovaniu nadbyto\u010dn\u00e9ho odpadu aj vy a to jednoducho zapojen\u00edm sa do recykla\u010dn\u00e9ho programu Soaphoria alebo zodpovednou recykl\u00e1ciou v\u0161etk\u00fdch obalov\u00fdch materi\u00e1lov.<br \/>\nZistite viac o\u00a0<a href=\"https:\/\/www.soaphoria.sk\/sk\/info\/obalova-politika-20\">obalovej politike Soaphoria.<\/a><\/p>\n<p><strong>APLIK\u00c1CIA<\/strong><br \/>\nPrimeran\u00e9 mno\u017estvo \u010distiaceho g\u00e9lu naneste prstami na navlh\u010den\u00fa ple\u0165, pr\u00edpadne aj krk. Jemne kr\u00fa\u017eiv\u00fdmi pohybmi vytvorte penu a nechajte chv\u00ed\u013eku p\u00f4sobi\u0165. N\u00e1sledne opl\u00e1chnite tv\u00e1r a krk vodou vhodnej teploty a usu\u0161te prilo\u017een\u00edm m\u00e4kk\u00e9ho uter\u00e1ku.<\/p>\n<p><strong>UPOZORNENIA<\/strong><br \/>\nUr\u010den\u00e9 na ka\u017edodenn\u00e9 pou\u017eitie. Len na vonkaj\u0161ie pou\u017eitie. Uchov\u00e1vajte mimo dosahu det\u00ed. Skladujte na chladnom a suchom mieste, pri teplote do +30\u00b0C a nevystavujte priamemu slne\u010dn\u00e9mu \u017eiareniu a mrazu. Nepou\u017e\u00edva\u0165 na otvoren\u00e9 rany. Vyhnite sa oblasti o\u010d\u00ed. Pri zasiahnut\u00ed o\u010d\u00ed vyplachujte vla\u017enou vodou po dobu minim\u00e1lne 15 min\u00fat bez preru\u0161enia smerom od vn\u00fatorn\u00e9ho k\u00fatika k vonkaj\u0161iemu (v pr\u00edpade nosenia kontaktn\u00fdch \u0161o\u0161oviek ich odstr\u00e1ni\u0165 vopred). Ak d\u00f4jde k podr\u00e1\u017edeniu, vyh\u013eadajte lek\u00e1rsku pomoc.<br \/>\nPred prv\u00fdm pou\u017eit\u00edm sa odpor\u00fa\u010da previes\u0165 tzv. Patch test, t. j. aplikova\u0165 a otestova\u0165 kozmetick\u00fd v\u00fdrobok na jeho zn\u00e1\u0161anlivos\u0165 na malej pl\u00f4\u0161ke poko\u017eky, najlep\u0161ie na z\u00e1p\u00e4st\u00ed a po\u010dka\u0165 24h. Touto met\u00f3dou sa m\u00f4\u017ee pred\u00eds\u0165 n\u00e1stupu alergick\u00fdch reakci\u00ed a precitlivenosti na dan\u00fd v\u00fdrobok. Ak po aplik\u00e1cii sa prejav\u00ed alergick\u00e1 reakcia, povrch poko\u017eky zmyte vla\u017enou vodou. V\u00fdrobok okam\u017eite presta\u0148te pou\u017e\u00edva\u0165. Ak alergick\u00e1 reakcia pretrv\u00e1 po dlh\u0161iu dobu vyh\u013eadajte lek\u00e1rsku pomoc.<\/p>\n<p><strong>ZLO\u017dENIE<\/strong><br \/>\nAqua (voda), Capryl\/Caprylyl Glucoside (povrchovo akt\u00edvna zlo\u017eka rastlinn\u00e9ho p\u00f4vodu), Cetyl Betaine (povrchovo akt\u00edvna zlo\u017eka rastlinn\u00e9ho p\u00f4vodu), Glycerin (glycerin rastlinn\u00e9ho p\u00f4vodu)*, Xanthan Gum (stabiliz\u00e1tor rastlinn\u00e9ho p\u00f4vodu)*, Pelargonium Graveolens Flower Oil (mu\u0161k\u00e1t omamn\u00fd)*, Lavandula Angustifolia Flower Oil (levandu\u013ea lek\u00e1rska)*, Aloe Barbadensis Leaf Powder (aloa prav\u00e1)*, dermorganics\u00ae 1388 (Sodium Levulinate, Sodium Anisate, Glycerin, Aqua) (konzervant)), Geraniol***, Linalool***, Limonene***, Citral***, Citronellol***<br \/>\n*certifikovan\u00e1 organick\u00e1 zlo\u017eka<br \/>\n***vyskytuj\u00face sa prirodzene v esenci\u00e1lnych olejoch a pr\u00edrodn\u00fdch v\u00f4\u0148ach<\/p>\n","protected":false},"excerpt":{"rendered":"<p>&gt; navrhnut\u00fd pre zmie\u0161an\u00fa a\u017e mastnej\u0161iu ple\u0165 s nedokonalos\u0165ami, \u010diernymi bodkami, na podr\u00e1\u017eden\u00fa so z\u00e1palov\u00fdmi lo\u017eiskami a akn\u00e9<br \/>\n&gt; pre v\u0161etky vekov\u00e9 kateg\u00f3rie<br \/>\n&gt; \u013eahk\u00e1, nelepiv\u00e1 g\u00e9lov\u00e1 konzistencia<br \/>\n&gt; efekt\u00edvne \u010dist\u00ed ple\u0165 od ka\u017edodenn\u00e9ho zne\u010distenia bez podr\u00e1\u017edenia<br \/>\n&gt; \u00fa\u010dinne odstra\u0148uje make-up a \u0161pinu, mierne s\u0165ahuje p\u00f3ry<br \/>\n&gt; normalizuje tvorbu ko\u017en\u00e9ho mazu a osvie\u017euje<br \/>\n&gt; redukuje tvorbu akn\u00e9 a nedokonalosti pleti<br \/>\n&gt; zjem\u0148uje, osvie\u017euje a zbyto\u010dne nevysu\u0161uje ple\u0165<br \/>\n&gt; eliminuje nezdrav\u00e9 prejavy pleti<br \/>\n&gt; zlep\u0161uje celkov\u00fd vzh\u013ead pleti a prispieva k udr\u017eaniu jej zdravo vyzeraj\u00faceho vzh\u013eadu<\/p>\n","protected":false},"featured_media":1317,"comment_status":"open","ping_status":"closed","template":"","meta":{"site-sidebar-layout":"default","site-content-layout":"","ast-site-content-layout":"default","site-content-style":"default","site-sidebar-style":"default","ast-global-header-display":"","ast-banner-title-visibility":"","ast-main-header-display":"","ast-hfb-above-header-display":"","ast-hfb-below-header-display":"","ast-hfb-mobile-header-display":"","site-post-title":"","ast-breadcrumbs-content":"","ast-featured-img":"","footer-sml-layout":"","theme-transparent-header-meta":"default","adv-header-id-meta":"","stick-header-meta":"","header-above-stick-meta":"","header-main-stick-meta":"","header-below-stick-meta":"","astra-migrate-meta-layouts":"set","ast-page-background-enabled":"default","ast-page-background-meta":{"desktop":{"background-color":"var(--ast-global-color-4)","background-image":"","background-repeat":"repeat","background-position":"center center","background-size":"auto","background-attachment":"scroll","background-type":"","background-media":"","overlay-type":"","overlay-color":"","overlay-opacity":"","overlay-gradient":""},"tablet":{"background-color":"","background-image":"","background-repeat":"repeat","background-position":"center center","background-size":"auto","background-attachment":"scroll","background-type":"","background-media":"","overlay-type":"","overlay-color":"","overlay-opacity":"","overlay-gradient":""},"mobile":{"background-color":"","background-image":"","background-repeat":"repeat","background-position":"center center","background-size":"auto","background-attachment":"scroll","background-type":"","background-media":"","overlay-type":"","overlay-color":"","overlay-opacity":"","overlay-gradient":""}},"ast-content-background-meta":{"desktop":{"background-color":"var(--ast-global-color-5)","background-image":"","background-repeat":"repeat","background-position":"center center","background-size":"auto","background-attachment":"scroll","background-type":"","background-media":"","overlay-type":"","overlay-color":"","overlay-opacity":"","overlay-gradient":""},"tablet":{"background-color":"var(--ast-global-color-5)","background-image":"","background-repeat":"repeat","background-position":"center center","background-size":"auto","background-attachment":"scroll","background-type":"","background-media":"","overlay-type":"","overlay-color":"","overlay-opacity":"","overlay-gradient":""},"mobile":{"background-color":"var(--ast-global-color-5)","background-image":"","background-repeat":"repeat","background-position":"center center","background-size":"auto","background-attachment":"scroll","background-type":"","background-media":"","overlay-type":"","overlay-color":"","overlay-opacity":"","overlay-gradient":""}}},"product_cat":[34],"product_tag":[],"class_list":{"0":"post-1315","1":"product","2":"type-product","3":"status-publish","4":"has-post-thumbnail","6":"product_cat-cistenie-a-odlicenie-pleti","7":"desktop-align-center","8":"tablet-align-center","9":"mobile-align-center","11":"first","12":"instock","13":"taxable","14":"shipping-taxable","15":"purchasable","16":"product-type-simple"},"_links":{"self":[{"href":"https:\/\/mmtest1.top\/index.php?rest_route=\/wp\/v2\/product\/1315","targetHints":{"allow":["GET"]}}],"collection":[{"href":"https:\/\/mmtest1.top\/index.php?rest_route=\/wp\/v2\/product"}],"about":[{"href":"https:\/\/mmtest1.top\/index.php?rest_route=\/wp\/v2\/types\/product"}],"replies":[{"embeddable":true,"href":"https:\/\/mmtest1.top\/index.php?rest_route=%2Fwp%2Fv2%2Fcomments&post=1315"}],"wp:featuredmedia":[{"embeddable":true,"href":"https:\/\/mmtest1.top\/index.php?rest_route=\/wp\/v2\/media\/1317"}],"wp:attachment":[{"href":"https:\/\/mmtest1.top\/index.php?rest_route=%2Fwp%2Fv2%2Fmedia&parent=1315"}],"wp:term":[{"taxonomy":"product_cat","embeddable":true,"href":"https:\/\/mmtest1.top\/index.php?rest_route=%2Fwp%2Fv2%2Fproduct_cat&post=1315"},{"taxonomy":"product_tag","embeddable":true,"href":"https:\/\/mmtest1.top\/index.php?rest_route=%2Fwp%2Fv2%2Fproduct_tag&post=1315"}],"curies":[{"name":"wp","href":"https:\/\/api.w.org\/{rel}","templated":true}]}}