{"id":1312,"date":"2024-02-13T14:01:29","date_gmt":"2024-02-13T13:01:29","guid":{"rendered":"https:\/\/mmtest1.top\/?post_type=product&#038;p=1312"},"modified":"2024-02-13T14:01:29","modified_gmt":"2024-02-13T13:01:29","slug":"hydratacny-upokojujuci-cistiaci-mousse-na-citlivu-az-normalnu-plet","status":"publish","type":"product","link":"https:\/\/mmtest1.top\/?product=hydratacny-upokojujuci-cistiaci-mousse-na-citlivu-az-normalnu-plet","title":{"rendered":"HYDRATA\u010cN\u00dd &#038; UPOKOJUJ\u00daCI \u010cISTIACI MOUSSE NA CITLIV\u00da A\u017d NORM\u00c1LNU PLE\u0164"},"content":{"rendered":"<p><strong>Hydrata\u010dn\u00fd &amp; upokojuj\u00faci \u010distiaci mousse Majestic je spr\u00e1vnou vo\u013ebou pre ka\u017edodenn\u00e9 \u010distenie:<br \/>\n<\/strong>&gt; krehkej pleti n\u00e1chylnej k podr\u00e1\u017edeniu, za\u010dervenaniu a tvorbe ekz\u00e9mov,<br \/>\n&gt; citlivej so sklonom k tvorbe \u0161up\u00edn,<br \/>\n&gt; norm\u00e1lnej pleti, mdlej a bez iskry,<br \/>\n&gt; zmie\u0161anej pleti so sklonom k zaneseniu p\u00f3rov, av\u0161ak dehydratovanej,<br \/>\n&gt; problematickej pleti so sklonom k tvorbe vyr\u00e1\u017eok zo stresu,<br \/>\n&gt; zrelej pleti pozna\u010denej zn\u00e1mkami starnutia z d\u00f4vodu dehydrat\u00e1cie pleti.<strong><br \/>\n<\/strong><br \/>\n<strong>Obsahuje cenn\u00e9 l\u00e1tky ako:<\/strong><br \/>\n&gt; z\u00e1klad tvor\u00ed myc\u00ed tenzid rastlinn\u00e9ho p\u00f4vodu, ktor\u00fd dop\u013a\u0148a v\u00fdborn\u00fd humektant vo forme rastlinn\u00e9ho glycer\u00ednu;<br \/>\n&gt; biely \u00edl bohat\u00fd na pr\u00edrodn\u00e9 miner\u00e1ly m\u00e1 v\u00fdborn\u00e9 \u010distiace a detoxika\u010dn\u00e9 vlastnosti. Zlep\u0161uje \u0161trukt\u00faru a elasticitu, redukuje suchos\u0165 a \u0161upinatos\u0165, odstra\u0148uje odumret\u00e9 bunky z pleti;<br \/>\n&gt; medov\u00fd pr\u00e1\u0161ok v\u00fdborne vy\u017eivuje a stimuluje tvorbu kolag\u00e9nu. Napom\u00e1ha pleti k akt\u00edvnej regener\u00e1cii;<br \/>\n&gt; kombin\u00e1cia olejov z bor\u00e1ka, sladk\u00fdch mandl\u00ed a z marhu\u013eov\u00fdch jadier upokojuje, fixuje a udr\u017eiava vlahu v bunk\u00e1ch a\u00a0 \u00fa\u010dinne chr\u00e1ni ple\u0165 pred starnut\u00edm, suchos\u0165ou a pocitom pnutia;<br \/>\n&gt; vitam\u00edn E ochra\u0148uje a umoc\u0148uje obranyschopnos\u0165 pleti.<\/p>\n<p><strong>VLASTNOSTI<\/strong><br \/>\n&gt; bezlepkov\u00fd, bezlakt\u00f3zov\u00fd<br \/>\nBez GMO, sulf\u00e1tov, glykolov, silik\u00f3nov, ropn\u00fdch deriv\u00e1tov, \u017eivo\u010d\u00ed\u0161nych tukov, parab\u00e9nov a konzerva\u010dn\u00fdch l\u00e1tok, syntetick\u00fdch farb\u00edv a parfum\u00e1cie.<\/p>\n<p><strong>OBSAH<\/strong><br \/>\n100ml<\/p>\n<p><strong>ODPOR\u00da\u010cAME KOMBINOVA\u0164<\/strong><br \/>\n\u010cistiaci mousse Majestic sa v\u00fdborne kombinuje s ostatn\u00fdmi v\u00fdrobkami navrhnut\u00fdmi na o\u0161etrenie pleti pod\u013ea jej typol\u00f3gie. Uprednostnite minim\u00e1lne trojkrokov\u00fd syst\u00e9m o\u0161etrenia pozost\u00e1vaj\u00faceho z \u010distenia, toniz\u00e1cie a hydrat\u00e1cie\/v\u00fd\u017eivy. Zvo\u013ete vhodn\u00fd \u010distiaci v\u00fdrobok, n\u00e1sledne hydrol\u00e1tom do\u010distite ple\u0165 a o\u0161etrite kr\u00e9mom. Kr\u00e9m sa vhodne kombinuje so s\u00e9rami Majestic, ktor\u00e9 predstavuj\u00fa posledn\u00fd krok skr\u00e1\u0161\u013euj\u00facej rutiny. Ako doplnkov\u00fa starostlivos\u0165 si doprajte ple\u0165ov\u00fd peeling a masku.<\/p>\n<p><strong>V\u00d4\u0147A V\u00ddROBKU<\/strong><br \/>\n\u010cistiaci mousse s lahodn\u00fdm podt\u00f3nom v\u00f4ne medu.<\/p>\n<p><strong>FARBA V\u00ddROBKU<\/strong><br \/>\nProdukt pastelovej \u017eltej farby bez obsahu syntetick\u00fdch a miner\u00e1lnych farb\u00edv.<\/p>\n<p><strong>KONZISTENCIA V\u00ddROBKU<\/strong><br \/>\nNad\u00fdchan\u00e1 a hust\u00e1 penov\u00e1 konzistencia.<\/p>\n<p><strong>KONZERVA\u010cN\u00dd SYST\u00c9M V\u00ddROBKU A DOBA POU\u017dITIA<\/strong><br \/>\nDermorganics\u00ae 1388 predstavuje patentovan\u00fd konzerva\u010dn\u00fd syst\u00e9m, ktor\u00fd \u00fa\u010dinne chr\u00e1ni v\u00fdrobok aj zdravie pou\u017e\u00edvate\u013ea. Jednotliv\u00e9 zlo\u017eky komplexu maj\u00fa p\u00f4vod v cukrovej trstine, badi\u00e1ne, s\u00f3ji \u010di kukurici. V\u0161etky obsiahnut\u00e9 l\u00e1tky s\u00fa rastlinn\u00e9ho p\u00f4vodu, bez GMO a nanomateri\u00e1lu a samozrejme netestovan\u00e9 na zvierat\u00e1ch.<br \/>\nPo otvoren\u00ed v\u00fdrobok odpor\u00fa\u010dame spotrebova\u0165 do 9 mesiacov.<\/p>\n<p><strong>OBAL V\u00ddROBKU A N\u00c1VRH NA RECYKL\u00c1CIU<\/strong><br \/>\nProdukt je balen\u00fd v ekologickom sklenom obale s praktick\u00fdm tesniacim uz\u00e1verom. Sklo predstavuje odoln\u00fd inertn\u00fd materi\u00e1l, v\u010faka \u010domu je obsah v\u00fdrobku chr\u00e1nen\u00fd. Navy\u0161e je sklen\u00e9 balenie mo\u017en\u00e9 op\u00e4tovne vyu\u017ei\u0165 v dom\u00e1cnosti alebo recyklova\u0165.<br \/>\nUprednost\u0148ujeme recyklovan\u00e9 a recyklovate\u013en\u00e9 certifikovan\u00e9 obalov\u00e9 materi\u00e1ly, ktor\u00e9 s\u00fa schv\u00e1len\u00e9 na pou\u017eitie pre kozmetick\u00e9 v\u00fdrobky. K\u00fapou tohto produktu m\u00f4\u017eete prispie\u0165 k zni\u017eovaniu nadbyto\u010dn\u00e9ho odpadu aj vy a to jednoducho zapojen\u00edm sa do recykla\u010dn\u00e9ho programu Soaphoria alebo zodpovednou recykl\u00e1ciou v\u0161etk\u00fdch obalov\u00fdch materi\u00e1lov.<br \/>\nZistite viac o\u00a0<a href=\"https:\/\/www.soaphoria.sk\/sk\/info\/obalova-politika-20\">obalovej politike Soaphoria.<\/a><\/p>\n<p><strong>APLIK\u00c1CIA<\/strong><br \/>\nPrimeran\u00e9 mno\u017estvo naneste na vlhk\u00fa ple\u0165 a krk pomocou prstov, hubky \u010di kefy. Kr\u00fa\u017eiv\u00fdmi pohybmi vytvorte penu a nechajte chv\u00ed\u013eku p\u00f4sobi\u0165. N\u00e1sledne opl\u00e1chnite tv\u00e1r a krk vodou vhodnej teploty a usu\u0161te prilo\u017een\u00edm m\u00e4kk\u00e9ho uter\u00e1ku.<\/p>\n<p><strong>UPOZORNENIA<\/strong><br \/>\nUr\u010den\u00e9 na ka\u017edodenn\u00e9 pou\u017eitie. Len na vonkaj\u0161ie pou\u017eitie. Uchov\u00e1vajte mimo dosahu det\u00ed. Skladujte na chladnom a suchom mieste, pri teplote do +30\u00b0C a nevystavujte priamemu slne\u010dn\u00e9mu \u017eiareniu a mrazu. Nepou\u017e\u00edva\u0165 na otvoren\u00e9 rany. Vyhnite sa oblasti o\u010d\u00ed. Pri zasiahnut\u00ed o\u010d\u00ed vyplachujte vla\u017enou vodou po dobu minim\u00e1lne 15 min\u00fat bez preru\u0161enia smerom od vn\u00fatorn\u00e9ho k\u00fatika k vonkaj\u0161iemu (v pr\u00edpade nosenia kontaktn\u00fdch \u0161o\u0161oviek ich odstr\u00e1ni\u0165 vopred). Ak d\u00f4jde k podr\u00e1\u017edeniu, vyh\u013eadajte lek\u00e1rsku pomoc.<br \/>\nPred prv\u00fdm pou\u017eit\u00edm sa odpor\u00fa\u010da previes\u0165 tzv. Patch test, t. j. aplikova\u0165 a otestova\u0165 kozmetick\u00fd v\u00fdrobok na jeho zn\u00e1\u0161anlivos\u0165 na malej pl\u00f4\u0161ke poko\u017eky, najlep\u0161ie na z\u00e1p\u00e4st\u00ed a po\u010dka\u0165 24h. Touto met\u00f3dou sa m\u00f4\u017ee pred\u00eds\u0165 n\u00e1stupu alergick\u00fdch reakci\u00ed a precitlivenosti na dan\u00fd v\u00fdrobok. Ak po aplik\u00e1cii sa prejav\u00ed alergick\u00e1 reakcia, povrch poko\u017eky zmyte vla\u017enou vodou. V\u00fdrobok okam\u017eite presta\u0148te pou\u017e\u00edva\u0165. Ak alergick\u00e1 reakcia pretrv\u00e1 po dlh\u0161iu dobu vyh\u013eadajte lek\u00e1rsku pomoc.<\/p>\n<p><strong>ZLO\u017dENIE<\/strong><br \/>\nGlycerin (glycer\u00edn rastlinn\u00e9ho p\u00f4vodu)*, Aqua (voda), Sorbitol (zvlh\u010dovadlo, alkoholick\u00fd cukor rastlinn\u00e9ho p\u00f4vodu), Sodium Cocoyl Glutamate (tenzid rastlinn\u00e9ho p\u00f4vodu),\u00a0 Disodium Lauryl Sulfosuccinate (tenzid), Sodium Chloride (kuchynsk\u00e1 so\u013e)*, Borago Officinalis Seed Oil (bor\u00e1kov\u00fd olej)*, Prunus Armeniaca Kernel Oil (marhu\u013eov\u00fd olej)*, Prunus Amygdalus Dulcis Oil (olej zo sladk\u00fdch mandl\u00ed)*, Kaolin (biely \u00edl)*, Mel Powder (med)*, Citrus Aurantium Amara Flower Oil (pomaran\u010dovn\u00edk hork\u00fd)*, dermorganics\u00ae 1388 (Sodium Levulinate, Sodium Anisate, Glycerin, Aqua), Citric Acid, Tocopherol, Citral***, Citronellol***, Geraniol***, Limonene***, Linalool***<br \/>\n*certifikovan\u00e1 organick\u00e1 zlo\u017eka<br \/>\n***vyskytuj\u00face sa prirodzene v esenci\u00e1lnych olejoch<\/p>\n","protected":false},"excerpt":{"rendered":"<p>navrhnut\u00fd pre v\u0161etky typy pleti, \u0161peci\u00e1lne na norm\u00e1lnu a\u017e ve\u013emi citliv\u00fa, sm\u00e4dn\u00fa a \u0161upinat\u00fa, podr\u00e1\u017eden\u00fa a bez jasu<br \/>\n&gt; pre v\u0161etky vekov\u00e9 kateg\u00f3rie<br \/>\n&gt; nad\u00fdchan\u00e1 penov\u00e1 konzistencia<br \/>\n&gt; efekt\u00edvne \u010dist\u00ed ple\u0165 od ka\u017edodenn\u00e9ho zne\u010distenia bez podr\u00e1\u017edenia<br \/>\n&gt; \u00fa\u010dinne odstra\u0148uje make-up a \u0161pinu, h\u013abkovo \u010dist\u00ed a mierne s\u0165ahuje p\u00f3ry<br \/>\n&gt; zvl\u00e1\u010d\u0148uje a upokojuje<br \/>\n&gt; redukuje tvorbu akn\u00e9 a nedokonalosti pleti<br \/>\n&gt; osvie\u017euje a zbyto\u010dne nevysu\u0161uje ple\u0165<br \/>\n&gt; eliminuje nezdrav\u00e9 prejavy pleti<br \/>\n&gt; zlep\u0161uje celkov\u00fd vzh\u013ead pleti a prispieva k udr\u017eaniu jej zdravo vyzeraj\u00faceho vzh\u013eadu<\/p>\n","protected":false},"featured_media":1314,"comment_status":"open","ping_status":"closed","template":"","meta":{"site-sidebar-layout":"default","site-content-layout":"","ast-site-content-layout":"default","site-content-style":"default","site-sidebar-style":"default","ast-global-header-display":"","ast-banner-title-visibility":"","ast-main-header-display":"","ast-hfb-above-header-display":"","ast-hfb-below-header-display":"","ast-hfb-mobile-header-display":"","site-post-title":"","ast-breadcrumbs-content":"","ast-featured-img":"","footer-sml-layout":"","theme-transparent-header-meta":"default","adv-header-id-meta":"","stick-header-meta":"","header-above-stick-meta":"","header-main-stick-meta":"","header-below-stick-meta":"","astra-migrate-meta-layouts":"set","ast-page-background-enabled":"default","ast-page-background-meta":{"desktop":{"background-color":"var(--ast-global-color-4)","background-image":"","background-repeat":"repeat","background-position":"center center","background-size":"auto","background-attachment":"scroll","background-type":"","background-media":"","overlay-type":"","overlay-color":"","overlay-opacity":"","overlay-gradient":""},"tablet":{"background-color":"","background-image":"","background-repeat":"repeat","background-position":"center center","background-size":"auto","background-attachment":"scroll","background-type":"","background-media":"","overlay-type":"","overlay-color":"","overlay-opacity":"","overlay-gradient":""},"mobile":{"background-color":"","background-image":"","background-repeat":"repeat","background-position":"center center","background-size":"auto","background-attachment":"scroll","background-type":"","background-media":"","overlay-type":"","overlay-color":"","overlay-opacity":"","overlay-gradient":""}},"ast-content-background-meta":{"desktop":{"background-color":"var(--ast-global-color-5)","background-image":"","background-repeat":"repeat","background-position":"center center","background-size":"auto","background-attachment":"scroll","background-type":"","background-media":"","overlay-type":"","overlay-color":"","overlay-opacity":"","overlay-gradient":""},"tablet":{"background-color":"var(--ast-global-color-5)","background-image":"","background-repeat":"repeat","background-position":"center center","background-size":"auto","background-attachment":"scroll","background-type":"","background-media":"","overlay-type":"","overlay-color":"","overlay-opacity":"","overlay-gradient":""},"mobile":{"background-color":"var(--ast-global-color-5)","background-image":"","background-repeat":"repeat","background-position":"center center","background-size":"auto","background-attachment":"scroll","background-type":"","background-media":"","overlay-type":"","overlay-color":"","overlay-opacity":"","overlay-gradient":""}}},"product_cat":[34],"product_tag":[],"class_list":{"0":"post-1312","1":"product","2":"type-product","3":"status-publish","4":"has-post-thumbnail","6":"product_cat-cistenie-a-odlicenie-pleti","7":"desktop-align-center","8":"tablet-align-center","9":"mobile-align-center","11":"first","12":"instock","13":"taxable","14":"shipping-taxable","15":"purchasable","16":"product-type-simple"},"_links":{"self":[{"href":"https:\/\/mmtest1.top\/index.php?rest_route=\/wp\/v2\/product\/1312","targetHints":{"allow":["GET"]}}],"collection":[{"href":"https:\/\/mmtest1.top\/index.php?rest_route=\/wp\/v2\/product"}],"about":[{"href":"https:\/\/mmtest1.top\/index.php?rest_route=\/wp\/v2\/types\/product"}],"replies":[{"embeddable":true,"href":"https:\/\/mmtest1.top\/index.php?rest_route=%2Fwp%2Fv2%2Fcomments&post=1312"}],"wp:featuredmedia":[{"embeddable":true,"href":"https:\/\/mmtest1.top\/index.php?rest_route=\/wp\/v2\/media\/1314"}],"wp:attachment":[{"href":"https:\/\/mmtest1.top\/index.php?rest_route=%2Fwp%2Fv2%2Fmedia&parent=1312"}],"wp:term":[{"taxonomy":"product_cat","embeddable":true,"href":"https:\/\/mmtest1.top\/index.php?rest_route=%2Fwp%2Fv2%2Fproduct_cat&post=1312"},{"taxonomy":"product_tag","embeddable":true,"href":"https:\/\/mmtest1.top\/index.php?rest_route=%2Fwp%2Fv2%2Fproduct_tag&post=1312"}],"curies":[{"name":"wp","href":"https:\/\/api.w.org\/{rel}","templated":true}]}}