{"id":1301,"date":"2024-02-13T13:25:34","date_gmt":"2024-02-13T12:25:34","guid":{"rendered":"https:\/\/mmtest1.top\/?post_type=product&#038;p=1301"},"modified":"2024-04-30T16:35:50","modified_gmt":"2024-04-30T14:35:50","slug":"poppy-beauty-me-hydratacny-ochranny-krem","status":"publish","type":"product","link":"https:\/\/mmtest1.top\/?product=poppy-beauty-me-hydratacny-ochranny-krem","title":{"rendered":"POPPY BEAUTY ME! HYDRATA\u010cN\u00dd OCHRANN\u00dd KR\u00c9M"},"content":{"rendered":"<p>Hydrata\u010dn\u00fd kr\u00e9m ur\u010den\u00fd na ka\u017edodenn\u00fa ochranu pleti proti vo\u013en\u00fdm radik\u00e1lom a vonkaj\u0161\u00edm vplyvom. Komplex peptidov pom\u00e1ha spoma\u013eova\u0165 proces starnutia pleti. S\u00fa\u010dasne stimuluje produkciu kolag\u00e9nu a poskytuje ochranu pred degrad\u00e1ciou kolag\u00e9nu. Kyselina hyalur\u00f3nov\u00e1 s ve\u013emi n\u00edzkou molekulovou hmotnos\u0165ou sa vyzna\u010duje vysokou absorpciou cez ko\u017eu, hlbokou hydrat\u00e1ciou, anti-aging a regenera\u010dn\u00fdm \u00fa\u010dinkom. Vitam\u00edn E udr\u017euje hydrat\u00e1ciu a pru\u017enos\u0165, bojuje proti starnutiu pleti. Pou\u017e\u00edvan\u00edm kr\u00e9mu sa st\u00e1va ple\u0165 viac chr\u00e1nen\u00e1 a odoln\u00e1 vo\u010di nepriazniv\u00fdm vplyvom a v\u010faka antioxidantom aj viac vit\u00e1lna s udr\u017ean\u00edm mladistv\u00e9ho vzh\u013eadu.<\/p>\n<p><strong>Aplik\u00e1cia a odpor\u00fa\u010dania:<\/strong><\/p>\n<p>V\u00fdrobok naneste pomocou prstov alebo aplik\u00e1tora na vy\u010disten\u00fa a tonizovan\u00fa ple\u0165. Nechajte plne vstreba\u0165. Odpor\u00fa\u010dame kombinova\u0165 s Poppy Clear me! \u010distiacim a odli\u010dovac\u00edm balzamom a Poppy Correct me! korek\u010dn\u00fdm liftingov\u00fdm s\u00e9rom.<\/p>\n<p><strong>\u00da\u010dinok:<\/strong>\u00a0hydrat\u00e1cia, optimaliz\u00e1cia vlahy, vyhladenie, vyplnenie, upokojenie<\/p>\n<p><strong>Konzistencia:<\/strong>\u00a0nemastn\u00e1 a nelepiv\u00e1 kr\u00e9mov\u00e1 konzistencia s r\u00fdchlou vstreb\u00e1vate\u013enos\u0165ou<\/p>\n<p><strong>V\u00f4\u0148a:<\/strong>\u00a0Charakteristick\u00e1 v\u00f4\u0148a obsiahnut\u00fdch zlo\u017eiek. Bez obsahu syntetickej parfum\u00e1cie.<\/p>\n<p><strong>Typ pleti:<\/strong>\u00a0v\u0161etky typy pleti vr\u00e1tane ve\u013emi citlivej, v\u0161etky vekov\u00e9 kateg\u00f3rie<\/p>\n<p><strong>INCI:<\/strong>\u00a0Helichrysum Italicum Flower Water, Caprylic\/Capric Triglyceride, Vitis Vinifera Seed Oil, Persea Gratissima Fruit Oil, Oryza Sativa Bran Oil, Glyceryl Stearate, Glycerin, Niacinamide, Cetyl Alcohol, Stearic Acid, Aqua\/Acetyl Hexapeptide-8, Caprylyl Glycol, Glycerin, Aqua, Palmitoyl Tripeptide-5, Papaver Somniferum Seed Oil, Sodium Hyaluronate, Gardenia Tahitensis Flower Extract, Citrus Aurantium Dulcis Peel Oil, Tocopheryl Acetate, Ethylhexylglycerin, Limonene, Linalool, Benzyl Benzoate<\/p>\n<p><strong>Obsah:<\/strong>\u00a050ml<\/p>\n","protected":false},"excerpt":{"rendered":"<p>&#8211;\u00a0\u00a0 \u00a0hydratuje a udr\u017eiava optim\u00e1lnu \u00farove\u0148 vlahy v pleti<br \/>\n&#8211;\u00a0\u00a0 \u00a0\u00fa\u010dinne bojuje proti vplyvom vo\u013en\u00fdch radik\u00e1lov a p\u00f4sob\u00ed proti starnutiu<br \/>\n&#8211;\u00a0\u00a0 \u00a0neupch\u00e1va p\u00f3ry a nezanech\u00e1va pocit mastnoty<br \/>\n&#8211;\u00a0\u00a0 \u00a0zjem\u0148uje a zlep\u0161uje elasticitu pleti, spoma\u013euje proces starnutia<br \/>\n&#8211;\u00a0\u00a0 \u00a0podporuje synt\u00e9zu kolag\u00e9nu a vypl\u0148uje jemn\u00e9 vr\u00e1sky<\/p>\n","protected":false},"featured_media":1302,"comment_status":"open","ping_status":"closed","template":"","meta":{"site-sidebar-layout":"default","site-content-layout":"","ast-site-content-layout":"default","site-content-style":"default","site-sidebar-style":"default","ast-global-header-display":"","ast-banner-title-visibility":"","ast-main-header-display":"","ast-hfb-above-header-display":"","ast-hfb-below-header-display":"","ast-hfb-mobile-header-display":"","site-post-title":"","ast-breadcrumbs-content":"","ast-featured-img":"","footer-sml-layout":"","theme-transparent-header-meta":"default","adv-header-id-meta":"","stick-header-meta":"","header-above-stick-meta":"","header-main-stick-meta":"","header-below-stick-meta":"","astra-migrate-meta-layouts":"set","ast-page-background-enabled":"default","ast-page-background-meta":{"desktop":{"background-color":"var(--ast-global-color-4)","background-image":"","background-repeat":"repeat","background-position":"center center","background-size":"auto","background-attachment":"scroll","background-type":"","background-media":"","overlay-type":"","overlay-color":"","overlay-opacity":"","overlay-gradient":""},"tablet":{"background-color":"","background-image":"","background-repeat":"repeat","background-position":"center center","background-size":"auto","background-attachment":"scroll","background-type":"","background-media":"","overlay-type":"","overlay-color":"","overlay-opacity":"","overlay-gradient":""},"mobile":{"background-color":"","background-image":"","background-repeat":"repeat","background-position":"center center","background-size":"auto","background-attachment":"scroll","background-type":"","background-media":"","overlay-type":"","overlay-color":"","overlay-opacity":"","overlay-gradient":""}},"ast-content-background-meta":{"desktop":{"background-color":"var(--ast-global-color-5)","background-image":"","background-repeat":"repeat","background-position":"center center","background-size":"auto","background-attachment":"scroll","background-type":"","background-media":"","overlay-type":"","overlay-color":"","overlay-opacity":"","overlay-gradient":""},"tablet":{"background-color":"var(--ast-global-color-5)","background-image":"","background-repeat":"repeat","background-position":"center center","background-size":"auto","background-attachment":"scroll","background-type":"","background-media":"","overlay-type":"","overlay-color":"","overlay-opacity":"","overlay-gradient":""},"mobile":{"background-color":"var(--ast-global-color-5)","background-image":"","background-repeat":"repeat","background-position":"center center","background-size":"auto","background-attachment":"scroll","background-type":"","background-media":"","overlay-type":"","overlay-color":"","overlay-opacity":"","overlay-gradient":""}}},"product_cat":[32],"product_tag":[],"class_list":{"0":"post-1301","1":"product","2":"type-product","3":"status-publish","4":"has-post-thumbnail","6":"product_cat-pletove-kremy","7":"desktop-align-center","8":"tablet-align-center","9":"mobile-align-center","11":"first","12":"instock","13":"taxable","14":"shipping-taxable","15":"purchasable","16":"product-type-simple"},"_links":{"self":[{"href":"https:\/\/mmtest1.top\/index.php?rest_route=\/wp\/v2\/product\/1301","targetHints":{"allow":["GET"]}}],"collection":[{"href":"https:\/\/mmtest1.top\/index.php?rest_route=\/wp\/v2\/product"}],"about":[{"href":"https:\/\/mmtest1.top\/index.php?rest_route=\/wp\/v2\/types\/product"}],"replies":[{"embeddable":true,"href":"https:\/\/mmtest1.top\/index.php?rest_route=%2Fwp%2Fv2%2Fcomments&post=1301"}],"wp:featuredmedia":[{"embeddable":true,"href":"https:\/\/mmtest1.top\/index.php?rest_route=\/wp\/v2\/media\/1302"}],"wp:attachment":[{"href":"https:\/\/mmtest1.top\/index.php?rest_route=%2Fwp%2Fv2%2Fmedia&parent=1301"}],"wp:term":[{"taxonomy":"product_cat","embeddable":true,"href":"https:\/\/mmtest1.top\/index.php?rest_route=%2Fwp%2Fv2%2Fproduct_cat&post=1301"},{"taxonomy":"product_tag","embeddable":true,"href":"https:\/\/mmtest1.top\/index.php?rest_route=%2Fwp%2Fv2%2Fproduct_tag&post=1301"}],"curies":[{"name":"wp","href":"https:\/\/api.w.org\/{rel}","templated":true}]}}