{"id":1296,"date":"2024-02-13T13:20:53","date_gmt":"2024-02-13T12:20:53","guid":{"rendered":"https:\/\/mmtest1.top\/?post_type=product&#038;p=1296"},"modified":"2024-02-13T13:20:53","modified_gmt":"2024-02-13T12:20:53","slug":"skraslujuci-bb-krem-s-spf-15-a-vitaminom-e-ebony","status":"publish","type":"product","link":"https:\/\/mmtest1.top\/?product=skraslujuci-bb-krem-s-spf-15-a-vitaminom-e-ebony","title":{"rendered":"SKR\u00c1\u0160\u013dUJ\u00daCI BB KR\u00c9M S SPF 15 A VITAM\u00cdNOM E &#8211; EBONY"},"content":{"rendered":"<p><strong>Skr\u00e1\u0161\u013euj\u00faci BB kr\u00e9m s SPF 15 a vitam\u00ednom E si z\u00edska tvoje srdce. Obsahuje cenn\u00e9 l\u00e1tky ako:<\/strong><br \/>\n&gt; \u010disto veg\u00e1nske, bezlepkov\u00e9 a bezlakt\u00f3zov\u00e9 zlo\u017eenie;<br \/>\n&gt; aloe vera \u0161\u0165ava p\u00f4sob\u00ed ako zvlh\u010dova\u010d a chr\u00e1ni ple\u0165 pred op\u00e4tovn\u00fdm vysu\u0161ovan\u00edm;<br \/>\n&gt; \u0161\u00edpkov\u00fd, hroznov\u00fd a frakcionovan\u00fd kokosov\u00fd olej, ktor\u00e9 vytv\u00e1raj\u00fa \u013eahk\u00fd z\u00e1klad v\u00fdrobku a obdar\u00favaj\u00fa ple\u0165 jemnos\u0165ou, hebkos\u0165ou a \u017eivinami;<br \/>\n&gt; kyselina hyalur\u00f3nov\u00e1 via\u017ee vlhkos\u0165 a blokuje stratu vlahy z buniek;<br \/>\n&gt; \u0161\u00edpkov\u00fd extrakt, ktor\u00fd bojuje proti prejavom starnutia a eliminuje toxick\u00fd vplyv prostredia;<br \/>\n&gt; miner\u00e1lny UV filter v podobe oxidu titani\u010dit\u00e9ho \u00fa\u010dinne chr\u00e1ni ple\u0165 pred \u0161kodliv\u00fdmi UV l\u00fa\u010dmi;<br \/>\n&gt; vitam\u00edn E ochra\u0148uje a umoc\u0148uje obranyschopnos\u0165 pleti.<\/p>\n<p><strong>Tri kr\u00e1sne farebn\u00e9 odtiene:<\/strong><br \/>\nAlabaster &#8211; na alabastrovo bielu a\u017e svetl\u00fa ple\u0165<br \/>\nIvory &#8211; na svetl\u00fa a\u017e stredne hned\u00fa ple\u0165<br \/>\nEbony &#8211; na stredne hned\u00fa a\u017e hned\u00fa ple\u0165<\/p>\n<p><strong>VLASTNOSTI<\/strong><br \/>\n&gt; bezlepkov\u00fd, veg\u00e1nsky, bezlakt\u00f3zov\u00fd<br \/>\nBez GMO, SLS a SLES, glykolov, silik\u00f3nov, ropn\u00fdch deriv\u00e1tov, \u017eivo\u010d\u00ed\u0161nych tukov, parab\u00e9nov a konzerva\u010dn\u00fdch l\u00e1tok, mikroplastov, syntetick\u00fdch farb\u00edv a parfum\u00e1cie.<\/p>\n<p><strong>OBSAH<\/strong><br \/>\n50ml<\/p>\n<div class=\"product_second_section\">\n<div class=\"container\">\n<div class=\"row product_desc_block\">\n<div class=\"product_desc_column col-md-12\">\n<div class=\"bottom_more_info_block pro_more_info p-t-1 p-b-1 \">\n<div class=\"product_info_tabs sttab_block mobile_tab  sttab_2 sttab_2_2 \">\n<div class=\"tab-content \">\n<div id=\"extra-4\" class=\"tab-pane active\" role=\"tabpanel\" aria-expanded=\"true\">\n<div class=\"tab-pane-body\">\n<section class=\"product-tab-details base_list_line medium_list\"><strong>V\u00d4\u0147A V\u00ddROBK<\/strong><strong>U<\/strong><br \/>\nProdukt nevtieravej v\u00f4ne s jemn\u00fdm n\u00e1dychom \u0161\u00edpkov\u00e9ho extraktu.<\/p>\n<p><strong>FARBA V\u00ddROBKU<\/strong><br \/>\nProdukt s charakteristick\u00fdm zafarben\u00edm v odtie\u0148och telovej farby.<\/p>\n<p><strong>KONZISTENCIA V\u00ddROBKU<\/strong><br \/>\nPr\u00edjemne \u013eahk\u00e1, nemastn\u00e1 a nelepiv\u00e1 konzistencia s r\u00fdchlou vstreb\u00e1vate\u013enos\u0165ou sa kr\u00e1sne vpije do pleti a vy\u010dar\u00ed jednotn\u00fd farebn\u00fd t\u00f3n.<\/p>\n<p><strong>KONZERVA\u010cN\u00dd SYST\u00c9M V\u00ddROBKU A DOBA POU\u017dITIA<\/strong><br \/>\nV\u00fdrobok je stabilizovan\u00fd a konzervovan\u00fd l\u00e1tkou vhodnou a uzn\u00e1vanou pre pr\u00edrodn\u00e9 a organick\u00e9 kozmetick\u00e9 produkty. Dbajte v\u0161ak na adekv\u00e1tnu hygienu a v\u00fdrobok aplikujte len \u010dist\u00fdmi a such\u00fdmi prstami, aby sa zamedzilo jeho zaneseniu.<br \/>\nPo otvoren\u00ed v\u00fdrobok odpor\u00fa\u010dame spotrebova\u0165 do 9 mesiacov.<\/p>\n<p><strong>OBAL V\u00ddROBKU A N\u00c1VRH NA RECYKL\u00c1CIU<\/strong><br \/>\nBezpe\u010dnos\u0165 spotrebite\u013ea je pre n\u00e1s prvorad\u00e1, preto, a tie\u017e pre zabezpe\u010denie komfortu pri pou\u017e\u00edvan\u00ed v\u00fdrobku, je samotn\u00fd v\u00fdrobok balen\u00fd v sklenenom obale s vhodn\u00fdm aplik\u00e1torom. Obal je vratn\u00fd v r\u00e1mci n\u00e1\u0161ho recykla\u010dn\u00e9ho programu.<br \/>\nProdukt je dod\u00e1van\u00fd v papierovej krabi\u010dke s vlo\u017een\u00fdm informa\u010dn\u00fdm let\u00e1\u010dikom, ktor\u00e9ho obsahom s\u00fa \u00fadaje o zlo\u017een\u00ed, aplik\u00e1cii a \u010fal\u0161ie z\u00e1konom stanoven\u00e9 inform\u00e1cie, ktor\u00e9 vzh\u013eadom na ve\u013ekos\u0165 produktu nie je mo\u017en\u00e9 umiestni\u0165 na obal priamo. Papierov\u00e1 krabi\u010dka je opatren\u00e1 eko-certifik\u00e1tmi FSC, CN, Green-e a Recycled Content a opatren\u00e1 papierovou etiketou potla\u010denou biologicky \u013eahko odb\u00farate\u013en\u00fdm farbivom. Obal v\u00fdrobku m\u00f4\u017eete po jeho spotrebovan\u00ed jednoducho skompostova\u0165, alebo vhodi\u0165 do modr\u00e9ho kontajnera ur\u010den\u00e9ho na zber papierov\u00e9ho trieden\u00e9ho odpadu.<br \/>\n\u010co znamenaj\u00fa jednotliv\u00e9 certifik\u00e1ty?<br \/>\n&gt;\u00a0<a href=\"https:\/\/fsc.org\/en\">FSC<\/a>\u00a0(Forest Stewardship Council) &#8211; Zaru\u010duje, \u017ee drevo pou\u017eit\u00e9 na v\u00fdrobu papiera bolo vy\u0165a\u017een\u00e9 zodpovedne s oh\u013eadom na trval\u00fa udr\u017eate\u013enos\u0165 lesa, \u017eivotn\u00e9 prostredie a miestnu komunitu.<br \/>\n&gt;\u00a0<a href=\"https:\/\/www.carbonneutral.com\/\">CN<\/a>\u00a0(Made Carbon Neutral) &#8211; Ozna\u010denie CN na\u010d\u00ed z\u00e1v\u00e4zok podporova\u0165 starostlivos\u0165 o na\u0161u kl\u00edmu a \u017eivotn\u00e9 prostredie prostredn\u00edctvom uhl\u00edkov\u00fdch kreditov alebo v\u00fdsadby plant\u00e1\u017e\u00ed, ktor\u00e9 s\u013eubuj\u00fa \u010fal\u0161ie zn\u00ed\u017eenie emisi\u00ed pod priamym doh\u013eadom nez\u00e1vislej in\u0161tit\u00facie.<br \/>\n&gt;\u00a0<a href=\"https:\/\/www.green-e.org\/\">Green-e<\/a>\u00a0&#8211; Pri v\u00fdrobe sa pou\u017e\u00edva v\u00fdhradne vetern\u00e1 energia \u0161etrn\u00e1 k na\u0161ej plan\u00e9te.<br \/>\n&gt;\u00a0<a href=\"https:\/\/www.scsglobalservices.com\/services\/recycled-content-certification\">Recyklovan\u00fd pomer\u00a0<\/a>(Recycled content) &#8211; Na v\u00fdrobu \u0161katuliek sa vyu\u017e\u00edva tak vysok\u00e9 percento recyklovan\u00e9ho materi\u00e1lu, ako sa len d\u00e1.<br \/>\n<img decoding=\"async\" src=\"https:\/\/www.soaphoria.sk\/img\/cms\/certifikaty-krabicky(1).jpg\" alt=\"certifikaty-krabicky.jpg\" width=\"166\" height=\"41\" \/><\/p>\n<p><strong>APLIK\u00c1CIA<\/strong><br \/>\nPrimeran\u00e9 mno\u017estvo v\u00fdrobku naneste na ple\u0165 pomocou prstov, aplik\u00e1tora \u010di kozmetick\u00e9ho \u0161tetca a rozotrite do stratena. Nechajte plne vstreba\u0165.<\/p>\n<p><strong>UPOZORNENIA<\/strong><br \/>\nUr\u010den\u00e9 na pou\u017eitie pod\u013ea potreby. Len na vonkaj\u0161ie pou\u017eitie. Uchov\u00e1vajte mimo dosahu det\u00ed. Skladujte na chladnom a suchom mieste, pri teplote do +30\u00b0C a nevystavujte priamemu slne\u010dn\u00e9mu \u017eiareniu a mrazu. Nepou\u017e\u00edva\u0165 na otvoren\u00e9 rany. Vyhnite sa oblasti o\u010d\u00ed. Pri zasiahnut\u00ed o\u010d\u00ed vyplachujte vla\u017enou vodou po dobu minim\u00e1lne 15 min\u00fat bez preru\u0161enia smerom od vn\u00fatorn\u00e9ho k\u00fatika k vonkaj\u0161iemu (v pr\u00edpade nosenia kontaktn\u00fdch \u0161o\u0161oviek ich odstr\u00e1ni\u0165 vopred). Ak d\u00f4jde k podr\u00e1\u017edeniu, vyh\u013eadajte lek\u00e1rsku pomoc.<br \/>\nPred prv\u00fdm pou\u017eit\u00edm sa odpor\u00fa\u010da previes\u0165 tzv. Patch test, t. j. aplikova\u0165 a otestova\u0165 kozmetick\u00fd pr\u00edpravok na jeho zn\u00e1\u0161anlivos\u0165 na malej pl\u00f4\u0161ke poko\u017eky, najlep\u0161ie na z\u00e1p\u00e4st\u00ed a po\u010dka\u0165 24h. Touto met\u00f3dou sa m\u00f4\u017ee pred\u00eds\u0165 n\u00e1stupu alergick\u00fdch reakci\u00ed a precitlivenosti na dan\u00fd v\u00fdrobok. Ak po aplik\u00e1cii sa prejav\u00ed alergick\u00e1 reakcia, povrch poko\u017eky zmyte vla\u017enou vodou. V\u00fdrobok okam\u017eite presta\u0148te pou\u017e\u00edva\u0165. Ak alergick\u00e1 reakcia pretrv\u00e1 po dlh\u0161iu dobu vyh\u013eadajte lek\u00e1rsku pomoc.<\/p>\n<p><strong>ZLO\u017dENIE<\/strong><br \/>\nAqua (voda), Aloe Barbadensis Leaf Juice (aloe vera)*, Caprylic\/Capric Triglyceride (frakcionovan\u00fd kokosov\u00fd olej), Vitis Vinifera Seed Oil (olej z hroznov\u00fdch jadier)*, Glyceryl Stearate (emulga\u010dn\u00e1 zlo\u017eka rastlinn\u00e9ho p\u00f4vodu), Rosa Moschata Seed Oil (\u0161\u00edpov\u00fd olej)*, Cetyl Alcohol (emulga\u010dn\u00e1 zlo\u017eka rastlinn\u00e9ho p\u00f4vodu), Stearic Acid (emulga\u010dn\u00e1 zlo\u017eka rastlinn\u00e9ho p\u00f4vodu), Titanium Dioxide (oxid titani\u010dit\u00fd bez nanofrakcie), Mica (miner\u00e1lny pigment), Sodium Hyaluronate (kyselina hyalur\u00f3nov\u00e1),\u00a0 Tocopheryl Acetate (antioxidant, Vitam\u00edn E), Ethylhexylglycerin (konzerva\u010dn\u00e1 zlo\u017eka), Rosa Moschata Seed Extract (\u0161\u00edpov\u00fd extrakt)*, ***Limonene, ***Linalool, ***Citronellol, ***Geraniol<br \/>\n*certifikovan\u00e1 organick\u00e1 zlo\u017eka<br \/>\n***vyskytuj\u00face sa prirodzene v esenci\u00e1lnych olejoch a pr\u00edrodn\u00fdch v\u00f4\u0148ach<\/p>\n<\/section>\n<\/div>\n<\/div>\n<\/div>\n<\/div>\n<\/div>\n<\/div>\n<\/div>\n<\/div>\n<\/div>\n<div class=\"product_third_section\">\n<div class=\"container\">\n<div id=\"crossselling_products_container\" class=\"crossselling_products_container block products_container\">\n<section class=\"products_section\">\n<div class=\"products_slider\">\n<div class=\"title_block flex_container title_align_0 title_style_1\"><\/div>\n<\/div>\n<\/section>\n<\/div>\n<\/div>\n<\/div>\n","protected":false},"excerpt":{"rendered":"<p>&gt; \u0161ikovn\u00fd t\u00f3novac\u00ed kr\u00e9mik navrhnut\u00fd pre v\u0161etky typy pleti, vr\u00e1tane citlivej a ve\u013emi krehkej bez oh\u013eadu na vek<br \/>\n&gt; vhodn\u00fd ako t\u00f3novac\u00ed denn\u00fd kr\u00e9m so \u0161irokospektr\u00e1lnou ochranou pred \u0161kodliv\u00fdmi UV l\u00fa\u010dmi (SPF 15 &#8211; stredn\u00e1 ochrana)<br \/>\n&gt; \u013eahk\u00e1, nemastn\u00e1 a nelepiv\u00e1 konzistencia s r\u00fdchlou vstreb\u00e1vate\u013enos\u0165ou<br \/>\n&gt; hydratuje, zvl\u00e1\u010d\u0148uje a zjednocuje farebn\u00fd t\u00f3n pleti, ktorej sa kr\u00e1sne prisp\u00f4sob\u00ed<br \/>\n&gt; nep\u00f4sob\u00ed komedog\u00e9nne a preto neupch\u00e1va p\u00f3ry<br \/>\n&gt; s obsahom vitam\u00ednu E, miner\u00e1lnych pigmentov (Soaphoria nepodporuje neleg\u00e1lnu a krut\u00fa detsk\u00fa pr\u00e1cu v \u017eiadnej forme, preto vyu\u017e\u00edva miner\u00e1lne pigmenty poch\u00e1dzaj\u00face z leg\u00e1lnej \u0165a\u017eby.) a miner\u00e1lneho UV filtra (bez nano frakcie)<br \/>\n&gt; regeneruje a zlep\u0161uje celkov\u00fd vzh\u013ead pleti a prispieva k udr\u017eaniu jej zdravo vyzeraj\u00faceho vzh\u013eadu<br \/>\n&gt; odtie\u0148 Ebony &#8211; na stredne hned\u00fa a\u017e hned\u00fa ple\u0165<\/p>\n","protected":false},"featured_media":1300,"comment_status":"open","ping_status":"closed","template":"","meta":{"site-sidebar-layout":"default","site-content-layout":"","ast-site-content-layout":"default","site-content-style":"default","site-sidebar-style":"default","ast-global-header-display":"","ast-banner-title-visibility":"","ast-main-header-display":"","ast-hfb-above-header-display":"","ast-hfb-below-header-display":"","ast-hfb-mobile-header-display":"","site-post-title":"","ast-breadcrumbs-content":"","ast-featured-img":"","footer-sml-layout":"","theme-transparent-header-meta":"default","adv-header-id-meta":"","stick-header-meta":"","header-above-stick-meta":"","header-main-stick-meta":"","header-below-stick-meta":"","astra-migrate-meta-layouts":"set","ast-page-background-enabled":"default","ast-page-background-meta":{"desktop":{"background-color":"var(--ast-global-color-4)","background-image":"","background-repeat":"repeat","background-position":"center center","background-size":"auto","background-attachment":"scroll","background-type":"","background-media":"","overlay-type":"","overlay-color":"","overlay-opacity":"","overlay-gradient":""},"tablet":{"background-color":"","background-image":"","background-repeat":"repeat","background-position":"center center","background-size":"auto","background-attachment":"scroll","background-type":"","background-media":"","overlay-type":"","overlay-color":"","overlay-opacity":"","overlay-gradient":""},"mobile":{"background-color":"","background-image":"","background-repeat":"repeat","background-position":"center center","background-size":"auto","background-attachment":"scroll","background-type":"","background-media":"","overlay-type":"","overlay-color":"","overlay-opacity":"","overlay-gradient":""}},"ast-content-background-meta":{"desktop":{"background-color":"var(--ast-global-color-5)","background-image":"","background-repeat":"repeat","background-position":"center center","background-size":"auto","background-attachment":"scroll","background-type":"","background-media":"","overlay-type":"","overlay-color":"","overlay-opacity":"","overlay-gradient":""},"tablet":{"background-color":"var(--ast-global-color-5)","background-image":"","background-repeat":"repeat","background-position":"center center","background-size":"auto","background-attachment":"scroll","background-type":"","background-media":"","overlay-type":"","overlay-color":"","overlay-opacity":"","overlay-gradient":""},"mobile":{"background-color":"var(--ast-global-color-5)","background-image":"","background-repeat":"repeat","background-position":"center center","background-size":"auto","background-attachment":"scroll","background-type":"","background-media":"","overlay-type":"","overlay-color":"","overlay-opacity":"","overlay-gradient":""}}},"product_cat":[32],"product_tag":[],"class_list":{"0":"post-1296","1":"product","2":"type-product","3":"status-publish","4":"has-post-thumbnail","6":"product_cat-pletove-kremy","7":"desktop-align-center","8":"tablet-align-center","9":"mobile-align-center","11":"first","12":"instock","13":"taxable","14":"shipping-taxable","15":"purchasable","16":"product-type-simple"},"_links":{"self":[{"href":"https:\/\/mmtest1.top\/index.php?rest_route=\/wp\/v2\/product\/1296","targetHints":{"allow":["GET"]}}],"collection":[{"href":"https:\/\/mmtest1.top\/index.php?rest_route=\/wp\/v2\/product"}],"about":[{"href":"https:\/\/mmtest1.top\/index.php?rest_route=\/wp\/v2\/types\/product"}],"replies":[{"embeddable":true,"href":"https:\/\/mmtest1.top\/index.php?rest_route=%2Fwp%2Fv2%2Fcomments&post=1296"}],"wp:featuredmedia":[{"embeddable":true,"href":"https:\/\/mmtest1.top\/index.php?rest_route=\/wp\/v2\/media\/1300"}],"wp:attachment":[{"href":"https:\/\/mmtest1.top\/index.php?rest_route=%2Fwp%2Fv2%2Fmedia&parent=1296"}],"wp:term":[{"taxonomy":"product_cat","embeddable":true,"href":"https:\/\/mmtest1.top\/index.php?rest_route=%2Fwp%2Fv2%2Fproduct_cat&post=1296"},{"taxonomy":"product_tag","embeddable":true,"href":"https:\/\/mmtest1.top\/index.php?rest_route=%2Fwp%2Fv2%2Fproduct_tag&post=1296"}],"curies":[{"name":"wp","href":"https:\/\/api.w.org\/{rel}","templated":true}]}}