{"id":1290,"date":"2024-02-13T13:04:47","date_gmt":"2024-02-13T12:04:47","guid":{"rendered":"https:\/\/mmtest1.top\/?post_type=product&#038;p=1290"},"modified":"2024-02-13T13:04:47","modified_gmt":"2024-02-13T12:04:47","slug":"antioxidacny-nocny-elixir-pletove-serum-cbd","status":"publish","type":"product","link":"https:\/\/mmtest1.top\/?product=antioxidacny-nocny-elixir-pletove-serum-cbd","title":{"rendered":"ANTIOXIDA\u010cN\u00dd NO\u010cN\u00dd ELIX\u00cdR (PLE\u0164OV\u00c9 S\u00c9RUM) CBD"},"content":{"rendered":"<p><strong>RIE\u0160ENIE NA PROBL\u00c9MY<\/strong>:\u00a0precitlivenos\u0165, suchos\u0165, \u0161upinatos\u0165, napnut\u00e1, podr\u00e1\u017eden\u00e1 ple\u0165, mdl\u00e1 a bez \u017eivota, ochabnut\u00e1 kv\u00f4li zn\u00ed\u017eenej elasticite, prejavy pred\u010dasn\u00e9ho starnutia<\/p>\n<p><strong>AKT\u00cdVNE L\u00c1TKY<\/strong>:\u00a0CBD, skval\u00e1n, bor\u00e1kov\u00fd olej, jojobov\u00fd olej, hroznov\u00fd olej, konopn\u00fd olej, vitam\u00edn A<\/p>\n<p><strong>APLIK\u00c1CIA<\/strong>:\u00a0Naneste primeran\u00e9 mno\u017estvo v\u00fdrobku na vy\u010disten\u00fa a tonizovan\u00fa ple\u0165 a nechajte plne vstreba\u0165. V\u00fdrobok sa vhodne kombinuje s ple\u0165ov\u00fdm denn\u00fdm alebo no\u010dn\u00fdm kr\u00e9mom. Elix\u00edr sa aplikuje ako posledn\u00fd krok.<\/p>\n<p><strong>ZLO\u017dENIE<\/strong>:\u00a0Borago Officinalis Seed Oil, Simmondsia Chinensis Seed Oil, Vitis Vinifera Seed Oil, Papaver Somniferum Seed Oil, Cannabis Sativa Seed Oil, Squalane, Calophyllum Inophyllum Seed Oil, Cannabidiol, Citrus Aurantium Bergamia Peel Oil, Oryza Sativa Bran Oil, Retinyl Palmitate, Helianthus Annuus Seed Oil, Tocopherol, Limonene, Linalool, Citral<\/p>\n<p><strong>OBSAH:<\/strong>\u00a050ml<\/p>\n","protected":false},"excerpt":{"rendered":"<p>Vyv\u00e1\u017een\u00fd olejov\u00fd elix\u00edr na ka\u017edodenn\u00fa cielen\u00fa starostlivos\u0165.\u00a0<strong>BOR\u00c1KOV\u00dd OLEJ<\/strong>\u00a0stimuluje a normalizuje bari\u00e9rov\u00e9 funkcie pleti.\u00a0<strong>SKVAL\u00c1N<\/strong>\u00a0 bojuje proti vo\u013en\u00fdm radik\u00e1lom a podporuje obnovu lipidovej vrstvy.<strong>\u00a0TAMANU OLEJ<\/strong>\u00a0upokojuje, vy\u017eivuje a via\u017ee vlhkos\u0165.\u00a0<strong>CBD<\/strong>\u00a0rehydratuje a posil\u0148uje obranyschopnos\u0165 pleti.\u00a0<strong>BERGAMOT<\/strong>\u00a0p\u00f4sob\u00ed priaznivo na podr\u00e1\u017edenie a celkov\u00fd diskomfort.<\/p>\n<p>50ml<\/p>\n<p><strong>100% PR\u00cdRODN\u00dd PRODUKT \/ VEGAN \/ CRUELTY FREE \/ LACTOSE FREE \/ GLUTEN FREE \u00a0<\/strong><\/p>\n","protected":false},"featured_media":1292,"comment_status":"open","ping_status":"closed","template":"","meta":{"site-sidebar-layout":"default","site-content-layout":"","ast-site-content-layout":"default","site-content-style":"default","site-sidebar-style":"default","ast-global-header-display":"","ast-banner-title-visibility":"","ast-main-header-display":"","ast-hfb-above-header-display":"","ast-hfb-below-header-display":"","ast-hfb-mobile-header-display":"","site-post-title":"","ast-breadcrumbs-content":"","ast-featured-img":"","footer-sml-layout":"","theme-transparent-header-meta":"default","adv-header-id-meta":"","stick-header-meta":"","header-above-stick-meta":"","header-main-stick-meta":"","header-below-stick-meta":"","astra-migrate-meta-layouts":"set","ast-page-background-enabled":"default","ast-page-background-meta":{"desktop":{"background-color":"var(--ast-global-color-4)","background-image":"","background-repeat":"repeat","background-position":"center center","background-size":"auto","background-attachment":"scroll","background-type":"","background-media":"","overlay-type":"","overlay-color":"","overlay-opacity":"","overlay-gradient":""},"tablet":{"background-color":"","background-image":"","background-repeat":"repeat","background-position":"center center","background-size":"auto","background-attachment":"scroll","background-type":"","background-media":"","overlay-type":"","overlay-color":"","overlay-opacity":"","overlay-gradient":""},"mobile":{"background-color":"","background-image":"","background-repeat":"repeat","background-position":"center center","background-size":"auto","background-attachment":"scroll","background-type":"","background-media":"","overlay-type":"","overlay-color":"","overlay-opacity":"","overlay-gradient":""}},"ast-content-background-meta":{"desktop":{"background-color":"var(--ast-global-color-5)","background-image":"","background-repeat":"repeat","background-position":"center center","background-size":"auto","background-attachment":"scroll","background-type":"","background-media":"","overlay-type":"","overlay-color":"","overlay-opacity":"","overlay-gradient":""},"tablet":{"background-color":"var(--ast-global-color-5)","background-image":"","background-repeat":"repeat","background-position":"center center","background-size":"auto","background-attachment":"scroll","background-type":"","background-media":"","overlay-type":"","overlay-color":"","overlay-opacity":"","overlay-gradient":""},"mobile":{"background-color":"var(--ast-global-color-5)","background-image":"","background-repeat":"repeat","background-position":"center center","background-size":"auto","background-attachment":"scroll","background-type":"","background-media":"","overlay-type":"","overlay-color":"","overlay-opacity":"","overlay-gradient":""}}},"product_cat":[33],"product_tag":[],"class_list":{"0":"post-1290","1":"product","2":"type-product","3":"status-publish","4":"has-post-thumbnail","6":"product_cat-pletove-sera-a-oleje","7":"desktop-align-center","8":"tablet-align-center","9":"mobile-align-center","11":"first","12":"instock","13":"taxable","14":"shipping-taxable","15":"purchasable","16":"product-type-simple"},"_links":{"self":[{"href":"https:\/\/mmtest1.top\/index.php?rest_route=\/wp\/v2\/product\/1290","targetHints":{"allow":["GET"]}}],"collection":[{"href":"https:\/\/mmtest1.top\/index.php?rest_route=\/wp\/v2\/product"}],"about":[{"href":"https:\/\/mmtest1.top\/index.php?rest_route=\/wp\/v2\/types\/product"}],"replies":[{"embeddable":true,"href":"https:\/\/mmtest1.top\/index.php?rest_route=%2Fwp%2Fv2%2Fcomments&post=1290"}],"wp:featuredmedia":[{"embeddable":true,"href":"https:\/\/mmtest1.top\/index.php?rest_route=\/wp\/v2\/media\/1292"}],"wp:attachment":[{"href":"https:\/\/mmtest1.top\/index.php?rest_route=%2Fwp%2Fv2%2Fmedia&parent=1290"}],"wp:term":[{"taxonomy":"product_cat","embeddable":true,"href":"https:\/\/mmtest1.top\/index.php?rest_route=%2Fwp%2Fv2%2Fproduct_cat&post=1290"},{"taxonomy":"product_tag","embeddable":true,"href":"https:\/\/mmtest1.top\/index.php?rest_route=%2Fwp%2Fv2%2Fproduct_tag&post=1290"}],"curies":[{"name":"wp","href":"https:\/\/api.w.org\/{rel}","templated":true}]}}