{"id":1286,"date":"2024-02-13T12:59:37","date_gmt":"2024-02-13T11:59:37","guid":{"rendered":"https:\/\/mmtest1.top\/?post_type=product&#038;p=1286"},"modified":"2024-02-13T12:59:37","modified_gmt":"2024-02-13T11:59:37","slug":"intenzivny-spevnujuci-denny-krem-cbd","status":"publish","type":"product","link":"https:\/\/mmtest1.top\/?product=intenzivny-spevnujuci-denny-krem-cbd","title":{"rendered":"INTENZ\u00cdVNY SPEV\u0147UJ\u00daCI DENN\u00dd KR\u00c9M CBD"},"content":{"rendered":"<p><strong>RIE\u0160ENIE NA PROBL\u00c9MY<\/strong>:\u00a0precitlivenos\u0165, suchos\u0165, \u0161upinatos\u0165, napnut\u00e1, podr\u00e1\u017eden\u00e1 ple\u0165, mdl\u00e1 a bez \u017eivota, ochabnut\u00e1 kv\u00f4li zn\u00ed\u017eenej elasticite, prejavy starnutia<\/p>\n<p><strong>AKT\u00cdVNE L\u00c1TKY<\/strong>:\u00a0CBD, Stoechiol, Magnesium Ascorbyl Phosphate, konopn\u00fd olej, konopn\u00fd hydrol\u00e1t<\/p>\n<p><strong>APLIK\u00c1CIA<\/strong>:\u00a0 Naneste primeran\u00e9 mno\u017estvo v\u00fdrobku na vy\u010disten\u00fa a tonizovan\u00fa ple\u0165 a nechajte plne vstreba\u0165.<\/p>\n<p><strong>ZLO\u017dENIE<\/strong>:\u00a0Cannabis Sativa Leaf Water, Glycerin, Caprylic\/Capric Triglyceride, Glyceryl Stearate, Vitis Vinifera Seed Oil, Sorbitan Olivate, Stearic Acid, Cetyl Alcohol, Cannabis Sativa Oil, Lavandula Stoechas Extract, Cannabidiol, Magnesium Ascorbyl Phosphate, Sodium Bicarbonate,Tocopheryl Acetate, Ascorbyl Palmitate, Ubiqinone, Ethylhexylglycerin<\/p>\n<p><strong>OBSAH:<\/strong>\u00a050ml<\/p>\n<p>&nbsp;<\/p>\n<p>&nbsp;<\/p>\n","protected":false},"excerpt":{"rendered":"<p>V\u00fddatn\u00fd ple\u0165ov\u00fd denn\u00fd kr\u00e9m pre dokonal\u00e9 spevnenie pleti.\u00a0<strong>KONOPN\u00dd OLEJ<\/strong>\u00a0perfektne zvlh\u010duje a zabra\u0148uje dehydrat\u00e1cii.\u00a0<strong>CBD<\/strong>\u00a0podporuje rehydrat\u00e1ciu, upokojuje, eliminuje za\u010dervenanie a posil\u0148uje obranyschopnos\u0165 pleti. Vyzna\u010duje sa aj anti-ageing \u00fa\u010dinkom.\u00a0<strong>VITAM\u00cdN C<\/strong>\u00a0\u00fa\u010dinne eliminuje prejavy vo\u013en\u00fdch radik\u00e1lov a chr\u00e1ni ple\u0165 pred po\u0161kodzuj\u00facimi vplyvmi.\u00a0<strong>STOECHIOL<\/strong>\u00a0obnovuje elasticitu pleti.<\/p>\n<p>50ml<\/p>\n","protected":false},"featured_media":1289,"comment_status":"open","ping_status":"closed","template":"","meta":{"site-sidebar-layout":"default","site-content-layout":"","ast-site-content-layout":"default","site-content-style":"default","site-sidebar-style":"default","ast-global-header-display":"","ast-banner-title-visibility":"","ast-main-header-display":"","ast-hfb-above-header-display":"","ast-hfb-below-header-display":"","ast-hfb-mobile-header-display":"","site-post-title":"","ast-breadcrumbs-content":"","ast-featured-img":"","footer-sml-layout":"","theme-transparent-header-meta":"default","adv-header-id-meta":"","stick-header-meta":"","header-above-stick-meta":"","header-main-stick-meta":"","header-below-stick-meta":"","astra-migrate-meta-layouts":"set","ast-page-background-enabled":"default","ast-page-background-meta":{"desktop":{"background-color":"var(--ast-global-color-4)","background-image":"","background-repeat":"repeat","background-position":"center center","background-size":"auto","background-attachment":"scroll","background-type":"","background-media":"","overlay-type":"","overlay-color":"","overlay-opacity":"","overlay-gradient":""},"tablet":{"background-color":"","background-image":"","background-repeat":"repeat","background-position":"center center","background-size":"auto","background-attachment":"scroll","background-type":"","background-media":"","overlay-type":"","overlay-color":"","overlay-opacity":"","overlay-gradient":""},"mobile":{"background-color":"","background-image":"","background-repeat":"repeat","background-position":"center center","background-size":"auto","background-attachment":"scroll","background-type":"","background-media":"","overlay-type":"","overlay-color":"","overlay-opacity":"","overlay-gradient":""}},"ast-content-background-meta":{"desktop":{"background-color":"var(--ast-global-color-5)","background-image":"","background-repeat":"repeat","background-position":"center center","background-size":"auto","background-attachment":"scroll","background-type":"","background-media":"","overlay-type":"","overlay-color":"","overlay-opacity":"","overlay-gradient":""},"tablet":{"background-color":"var(--ast-global-color-5)","background-image":"","background-repeat":"repeat","background-position":"center center","background-size":"auto","background-attachment":"scroll","background-type":"","background-media":"","overlay-type":"","overlay-color":"","overlay-opacity":"","overlay-gradient":""},"mobile":{"background-color":"var(--ast-global-color-5)","background-image":"","background-repeat":"repeat","background-position":"center center","background-size":"auto","background-attachment":"scroll","background-type":"","background-media":"","overlay-type":"","overlay-color":"","overlay-opacity":"","overlay-gradient":""}}},"product_cat":[32],"product_tag":[],"class_list":{"0":"post-1286","1":"product","2":"type-product","3":"status-publish","4":"has-post-thumbnail","6":"product_cat-pletove-kremy","7":"desktop-align-center","8":"tablet-align-center","9":"mobile-align-center","11":"first","12":"instock","13":"taxable","14":"shipping-taxable","15":"purchasable","16":"product-type-simple"},"_links":{"self":[{"href":"https:\/\/mmtest1.top\/index.php?rest_route=\/wp\/v2\/product\/1286","targetHints":{"allow":["GET"]}}],"collection":[{"href":"https:\/\/mmtest1.top\/index.php?rest_route=\/wp\/v2\/product"}],"about":[{"href":"https:\/\/mmtest1.top\/index.php?rest_route=\/wp\/v2\/types\/product"}],"replies":[{"embeddable":true,"href":"https:\/\/mmtest1.top\/index.php?rest_route=%2Fwp%2Fv2%2Fcomments&post=1286"}],"wp:featuredmedia":[{"embeddable":true,"href":"https:\/\/mmtest1.top\/index.php?rest_route=\/wp\/v2\/media\/1289"}],"wp:attachment":[{"href":"https:\/\/mmtest1.top\/index.php?rest_route=%2Fwp%2Fv2%2Fmedia&parent=1286"}],"wp:term":[{"taxonomy":"product_cat","embeddable":true,"href":"https:\/\/mmtest1.top\/index.php?rest_route=%2Fwp%2Fv2%2Fproduct_cat&post=1286"},{"taxonomy":"product_tag","embeddable":true,"href":"https:\/\/mmtest1.top\/index.php?rest_route=%2Fwp%2Fv2%2Fproduct_tag&post=1286"}],"curies":[{"name":"wp","href":"https:\/\/api.w.org\/{rel}","templated":true}]}}